{"id":12290,"date":"2024-07-14T21:51:08","date_gmt":"2024-07-14T20:51:08","guid":{"rendered":"https:\/\/meeplendice.net\/?page_id=12290"},"modified":"2024-07-14T23:09:14","modified_gmt":"2024-07-14T21:09:14","slug":"harmonies-2","status":"publish","type":"page","link":"https:\/\/meeplendice.net\/?page_id=12290","title":{"rendered":"Harmonies"},"content":{"rendered":"<div id=\"pl-12290\"  class=\"panel-layout\" ><div id=\"pg-12290-0\"  class=\"panel-grid panel-no-style\" ><div id=\"pgc-12290-0-0\"  class=\"panel-grid-cell\" ><div id=\"panel-12290-0-0-0\" class=\"so-panel widget widget_sow-editor panel-first-child panel-last-child\" data-index=\"0\" ><div\n\t\t\t\n\t\t\tclass=\"so-widget-sow-editor so-widget-sow-editor-base\"\n\t\t\t\n\t\t>\n<div class=\"siteorigin-widget-tinymce textwidget\">\n\t<p style=\"text-align: center;\"><strong>Nombre de joueurs :<\/strong><br \/>\n1 - 4<\/p>\n<\/div>\n<\/div><\/div><\/div><div id=\"pgc-12290-0-1\"  class=\"panel-grid-cell\" ><div id=\"panel-12290-0-1-0\" class=\"so-panel widget widget_sow-editor panel-first-child panel-last-child\" data-index=\"1\" ><div\n\t\t\t\n\t\t\tclass=\"so-widget-sow-editor so-widget-sow-editor-base\"\n\t\t\t\n\t\t>\n<div class=\"siteorigin-widget-tinymce textwidget\">\n\t<p style=\"text-align: center;\"><strong>Dur\u00e9e moyenne :<\/strong><br \/>\n30 min<\/p>\n<\/div>\n<\/div><\/div><\/div><div id=\"pgc-12290-0-2\"  class=\"panel-grid-cell\" ><div id=\"panel-12290-0-2-0\" class=\"so-panel widget widget_sow-editor panel-first-child panel-last-child\" data-index=\"2\" ><div\n\t\t\t\n\t\t\tclass=\"so-widget-sow-editor so-widget-sow-editor-base\"\n\t\t\t\n\t\t>\n<div class=\"siteorigin-widget-tinymce textwidget\">\n\t<p style=\"text-align: center;\"><strong>Age :<\/strong><br \/>\n10 ans et plus<\/p>\n<\/div>\n<\/div><\/div><\/div><\/div><div id=\"pg-12290-1\"  class=\"panel-grid panel-no-style\" ><div id=\"pgc-12290-1-0\"  class=\"panel-grid-cell\" ><div id=\"panel-12290-1-0-0\" class=\"so-panel widget widget_sow-editor panel-first-child panel-last-child\" data-index=\"3\" ><div\n\t\t\t\n\t\t\tclass=\"so-widget-sow-editor so-widget-sow-editor-base\"\n\t\t\t\n\t\t>\n<div class=\"siteorigin-widget-tinymce textwidget\">\n\t<p style=\"text-align: center;\"><strong>Auteur(s) :<br \/>\n<\/strong><span class=\"data-siloing\" title=\"D\u00e9couvrez tous ces jeux\" data-siloing=\"https:\/\/www.philibertnet.com\/fr\/recherche?feature=31&amp;feature_value=Johan Benvenuto\">Johan Benvenuto<\/span><\/p>\n<\/div>\n<\/div><\/div><\/div><div id=\"pgc-12290-1-1\"  class=\"panel-grid-cell\" ><div id=\"panel-12290-1-1-0\" class=\"so-panel widget widget_sow-editor panel-first-child panel-last-child\" data-index=\"4\" ><div\n\t\t\t\n\t\t\tclass=\"so-widget-sow-editor so-widget-sow-editor-base\"\n\t\t\t\n\t\t>\n<div class=\"siteorigin-widget-tinymce textwidget\">\n\t<p style=\"text-align: center;\"><strong>Illustrations :<\/strong><br \/>\n<span class=\"data-siloing\" title=\"D\u00e9couvrez tous ces jeux\" data-siloing=\"https:\/\/www.philibertnet.com\/fr\/recherche?feature=41&amp;feature_value=Ma\u00ebva da Silva\">Ma\u00ebva da Silva<\/span><\/p>\n<\/div>\n<\/div><\/div><\/div><div id=\"pgc-12290-1-2\"  class=\"panel-grid-cell\" ><div id=\"panel-12290-1-2-0\" class=\"so-panel widget widget_sow-editor panel-first-child panel-last-child\" data-index=\"5\" ><div\n\t\t\t\n\t\t\tclass=\"so-widget-sow-editor so-widget-sow-editor-base\"\n\t\t\t\n\t\t>\n<div class=\"siteorigin-widget-tinymce textwidget\">\n\t<p style=\"text-align: center;\"><strong>\u00c9dition :<\/strong><br \/>\n<span class=\"data-siloing\" data-siloing=\" https:\/\/www.philibertnet.com\/fr\/2213_gate-on-games \">Libellud<br \/>\n2024<br \/>\n<\/span><\/p>\n<\/div>\n<\/div><\/div><\/div><div id=\"pgc-12290-1-3\"  class=\"panel-grid-cell\" ><div id=\"panel-12290-1-3-0\" class=\"so-panel widget widget_sow-editor panel-first-child panel-last-child\" data-index=\"6\" ><div\n\t\t\t\n\t\t\tclass=\"so-widget-sow-editor so-widget-sow-editor-base\"\n\t\t\t\n\t\t>\n<div class=\"siteorigin-widget-tinymce textwidget\">\n\t<p style=\"text-align: center;\"><strong>Version :<\/strong><br \/>\nFran\u00e7aise<\/p>\n<\/div>\n<\/div><\/div><\/div><\/div><div id=\"pg-12290-2\"  class=\"panel-grid panel-no-style\" ><div id=\"pgc-12290-2-0\"  class=\"panel-grid-cell\" ><div id=\"panel-12290-2-0-0\" class=\"so-panel widget widget_sow-editor panel-first-child panel-last-child\" data-index=\"7\" ><div\n\t\t\t\n\t\t\tclass=\"so-widget-sow-editor so-widget-sow-editor-base\"\n\t\t\t\n\t\t>\n<div class=\"siteorigin-widget-tinymce textwidget\">\n\t<hr \/>\n<p>Dans <em>Harmonies<\/em>, construisez des paysages en pla\u00e7ant des jetons color\u00e9s.<br \/>\nTentez de cr\u00e9er les territoires d'animaux et de les pousser \u00e0 s'installer dans votre paysage !<\/p>\n<p>Combinez tactiquement paysages et animaux pour gagner le plus de points de victoire et remporter la partie.<\/p>\n<\/div>\n<\/div><\/div><\/div><\/div><div id=\"pg-12290-3\"  class=\"panel-grid panel-no-style\" ><div id=\"pgc-12290-3-0\"  class=\"panel-grid-cell\" ><div id=\"panel-12290-3-0-0\" class=\"so-panel widget widget_sow-editor panel-first-child panel-last-child\" data-index=\"8\" ><div\n\t\t\t\n\t\t\tclass=\"so-widget-sow-editor so-widget-sow-editor-base\"\n\t\t\t\n\t\t>\n<div class=\"siteorigin-widget-tinymce textwidget\">\n\t<hr \/>\n<h3 style=\"text-align: center;\">En vid\u00e9o<\/h3>\n<p><a href=\"https:\/\/www.youtube.com\/watch?v=fx2lD2FScoE&amp;t=203s&amp;ab_channel=Jevousexpliquelesr%C3%A8gles\" target=\"_blank\" rel=\"noopener\"><img loading=\"lazy\" decoding=\"async\" class=\"alignnone size-full wp-image-9090\" src=\"https:\/\/meeplendice.net\/wp-content\/uploads\/2022\/01\/Link_CJ_v2.png\" alt=\"\" width=\"200\" height=\"170\" \/><\/a><\/p>\n<\/div>\n<\/div><\/div><\/div><\/div><div id=\"pg-12290-4\"  class=\"panel-grid panel-no-style\" ><div id=\"pgc-12290-4-0\"  class=\"panel-grid-cell\" ><div id=\"panel-12290-4-0-0\" class=\"so-panel widget widget_sow-editor panel-first-child panel-last-child\" data-index=\"9\" ><div\n\t\t\t\n\t\t\tclass=\"so-widget-sow-editor so-widget-sow-editor-base\"\n\t\t\t\n\t\t>\n<div class=\"siteorigin-widget-tinymce textwidget\">\n\t<hr \/>\n<h3 style=\"text-align: center;\">Pour aller plus loin<\/h3>\n<\/div>\n<\/div><\/div><\/div><\/div><\/div>","protected":false},"excerpt":{"rendered":"<p>Nombre de joueurs : 1 &#8211; 4 Dur\u00e9e moyenne : 30 min Age : 10 ans et plus Auteur(s) : Johan Benvenuto Illustrations : Ma\u00ebva da Silva \u00c9dition : Libellud 2024 Version : Fran\u00e7aise<\/p>\n","protected":false},"author":2,"featured_media":12162,"parent":0,"menu_order":0,"comment_status":"closed","ping_status":"closed","template":"","meta":{"footnotes":""},"class_list":["post-12290","page","type-page","status-publish","has-post-thumbnail","hentry"],"acf":[],"rttpg_featured_image_url":{"full":["https:\/\/meeplendice.net\/wp-content\/uploads\/2024\/07\/Harmonies.png",350,350,false],"landscape":["https:\/\/meeplendice.net\/wp-content\/uploads\/2024\/07\/Harmonies.png",350,350,false],"portraits":["https:\/\/meeplendice.net\/wp-content\/uploads\/2024\/07\/Harmonies.png",350,350,false],"thumbnail":["https:\/\/meeplendice.net\/wp-content\/uploads\/2024\/07\/Harmonies-150x150.png",150,150,true],"medium":["https:\/\/meeplendice.net\/wp-content\/uploads\/2024\/07\/Harmonies-300x300.png",300,300,true],"large":["https:\/\/meeplendice.net\/wp-content\/uploads\/2024\/07\/Harmonies.png",350,350,false],"ug_big":["https:\/\/meeplendice.net\/wp-content\/uploads\/2024\/07\/Harmonies.png",350,350,false],"1536x1536":["https:\/\/meeplendice.net\/wp-content\/uploads\/2024\/07\/Harmonies.png",350,350,false],"2048x2048":["https:\/\/meeplendice.net\/wp-content\/uploads\/2024\/07\/Harmonies.png",350,350,false],"ashe-slider-grid-thumbnail":["https:\/\/meeplendice.net\/wp-content\/uploads\/2024\/07\/Harmonies.png",350,350,false],"ashe-full-thumbnail":["https:\/\/meeplendice.net\/wp-content\/uploads\/2024\/07\/Harmonies.png",350,350,false],"ashe-grid-thumbnail":["https:\/\/meeplendice.net\/wp-content\/uploads\/2024\/07\/Harmonies-350x330.png",350,330,true],"ashe-list-thumbnail":["https:\/\/meeplendice.net\/wp-content\/uploads\/2024\/07\/Harmonies-300x300.png",300,300,true],"ashe-single-navigation":["https:\/\/meeplendice.net\/wp-content\/uploads\/2024\/07\/Harmonies-75x75.png",75,75,true],"mailpoet_newsletter_max":["https:\/\/meeplendice.net\/wp-content\/uploads\/2024\/07\/Harmonies.png",350,350,false],"rpwe-thumbnail":["https:\/\/meeplendice.net\/wp-content\/uploads\/2024\/07\/Harmonies-45x45.png",45,45,true],"sow-carousel-default":["https:\/\/meeplendice.net\/wp-content\/uploads\/2024\/07\/Harmonies-272x182.png",272,182,true],"rt_custom":["https:\/\/meeplendice.net\/wp-content\/uploads\/2024\/07\/Harmonies.png",350,350,false]},"rttpg_author":{"display_name":"Karnby","author_link":"https:\/\/meeplendice.net\/?author=2"},"rttpg_comment":0,"rttpg_category":null,"rttpg_excerpt":"Nombre de joueurs : 1 - 4 Dur\u00e9e moyenne : 30 min Age : 10 ans et plus Auteur(s) : Johan Benvenuto Illustrations : Ma\u00ebva da Silva \u00c9dition : Libellud 2024 Version : Fran\u00e7aise","_links":{"self":[{"href":"https:\/\/meeplendice.net\/index.php?rest_route=\/wp\/v2\/pages\/12290","targetHints":{"allow":["GET"]}}],"collection":[{"href":"https:\/\/meeplendice.net\/index.php?rest_route=\/wp\/v2\/pages"}],"about":[{"href":"https:\/\/meeplendice.net\/index.php?rest_route=\/wp\/v2\/types\/page"}],"author":[{"embeddable":true,"href":"https:\/\/meeplendice.net\/index.php?rest_route=\/wp\/v2\/users\/2"}],"replies":[{"embeddable":true,"href":"https:\/\/meeplendice.net\/index.php?rest_route=%2Fwp%2Fv2%2Fcomments&post=12290"}],"version-history":[{"count":3,"href":"https:\/\/meeplendice.net\/index.php?rest_route=\/wp\/v2\/pages\/12290\/revisions"}],"predecessor-version":[{"id":12294,"href":"https:\/\/meeplendice.net\/index.php?rest_route=\/wp\/v2\/pages\/12290\/revisions\/12294"}],"wp:featuredmedia":[{"embeddable":true,"href":"https:\/\/meeplendice.net\/index.php?rest_route=\/wp\/v2\/media\/12162"}],"wp:attachment":[{"href":"https:\/\/meeplendice.net\/index.php?rest_route=%2Fwp%2Fv2%2Fmedia&parent=12290"}],"curies":[{"name":"wp","href":"https:\/\/api.w.org\/{rel}","templated":true}]}}