{"id":12302,"date":"2024-07-15T14:37:59","date_gmt":"2024-07-15T12:37:59","guid":{"rendered":"https:\/\/meeplendice.net\/?page_id=12302"},"modified":"2024-07-15T14:37:59","modified_gmt":"2024-07-15T12:37:59","slug":"la-baleine-blanche","status":"publish","type":"page","link":"https:\/\/meeplendice.net\/?page_id=12302","title":{"rendered":"La Baleine Blanche"},"content":{"rendered":"<p><em>La vie au bord de l&rsquo;oc\u00e9an est bien agr\u00e9able et nous pouvons nous exercer \u00e0 la navigation. Mais depuis peu, des rumeurs se propagent au sujet d&rsquo;un monstre qui s&rsquo;attaque \u00e0 ceux qui s&rsquo;aventurent en pleine mer.<\/em><\/p>\n<p>&nbsp;<\/p>\n<p style=\"text-align: justify;\"><span id=\"result_box\" class=\"\" lang=\"fr\"><span class=\"\">\u00a0<\/span><\/span><\/p>\n","protected":false},"excerpt":{"rendered":"<p>La vie au bord de l&rsquo;oc\u00e9an est bien agr\u00e9able et nous pouvons nous exercer \u00e0 la navigation. Mais depuis peu, des rumeurs se propagent au sujet d&rsquo;un monstre qui s&rsquo;attaque \u00e0 ceux qui s&rsquo;aventurent en pleine mer. &nbsp; \u00a0<\/p>\n","protected":false},"author":2,"featured_media":12300,"parent":7851,"menu_order":4,"comment_status":"closed","ping_status":"closed","template":"","meta":{"footnotes":""},"class_list":["post-12302","page","type-page","status-publish","has-post-thumbnail","hentry"],"acf":[],"rttpg_featured_image_url":{"full":["https:\/\/meeplendice.net\/wp-content\/uploads\/2024\/07\/Paleo_baleine.png",350,350,false],"landscape":["https:\/\/meeplendice.net\/wp-content\/uploads\/2024\/07\/Paleo_baleine.png",350,350,false],"portraits":["https:\/\/meeplendice.net\/wp-content\/uploads\/2024\/07\/Paleo_baleine.png",350,350,false],"thumbnail":["https:\/\/meeplendice.net\/wp-content\/uploads\/2024\/07\/Paleo_baleine-150x150.png",150,150,true],"medium":["https:\/\/meeplendice.net\/wp-content\/uploads\/2024\/07\/Paleo_baleine-300x300.png",300,300,true],"large":["https:\/\/meeplendice.net\/wp-content\/uploads\/2024\/07\/Paleo_baleine.png",350,350,false],"ug_big":["https:\/\/meeplendice.net\/wp-content\/uploads\/2024\/07\/Paleo_baleine.png",350,350,false],"1536x1536":["https:\/\/meeplendice.net\/wp-content\/uploads\/2024\/07\/Paleo_baleine.png",350,350,false],"2048x2048":["https:\/\/meeplendice.net\/wp-content\/uploads\/2024\/07\/Paleo_baleine.png",350,350,false],"ashe-slider-grid-thumbnail":["https:\/\/meeplendice.net\/wp-content\/uploads\/2024\/07\/Paleo_baleine.png",350,350,false],"ashe-full-thumbnail":["https:\/\/meeplendice.net\/wp-content\/uploads\/2024\/07\/Paleo_baleine.png",350,350,false],"ashe-grid-thumbnail":["https:\/\/meeplendice.net\/wp-content\/uploads\/2024\/07\/Paleo_baleine-350x330.png",350,330,true],"ashe-list-thumbnail":["https:\/\/meeplendice.net\/wp-content\/uploads\/2024\/07\/Paleo_baleine-300x300.png",300,300,true],"ashe-single-navigation":["https:\/\/meeplendice.net\/wp-content\/uploads\/2024\/07\/Paleo_baleine-75x75.png",75,75,true],"mailpoet_newsletter_max":["https:\/\/meeplendice.net\/wp-content\/uploads\/2024\/07\/Paleo_baleine.png",350,350,false],"rpwe-thumbnail":["https:\/\/meeplendice.net\/wp-content\/uploads\/2024\/07\/Paleo_baleine-45x45.png",45,45,true],"sow-carousel-default":["https:\/\/meeplendice.net\/wp-content\/uploads\/2024\/07\/Paleo_baleine-272x182.png",272,182,true],"rt_custom":["https:\/\/meeplendice.net\/wp-content\/uploads\/2024\/07\/Paleo_baleine.png",350,350,false]},"rttpg_author":{"display_name":"Karnby","author_link":"https:\/\/meeplendice.net\/?author=2"},"rttpg_comment":0,"rttpg_category":null,"rttpg_excerpt":"La vie au bord de l&rsquo;oc\u00e9an est bien agr\u00e9able et nous pouvons nous exercer \u00e0 la navigation. Mais depuis peu, des rumeurs se propagent au sujet d&rsquo;un monstre qui s&rsquo;attaque \u00e0 ceux qui s&rsquo;aventurent en pleine mer. &nbsp; \u00a0","_links":{"self":[{"href":"https:\/\/meeplendice.net\/index.php?rest_route=\/wp\/v2\/pages\/12302","targetHints":{"allow":["GET"]}}],"collection":[{"href":"https:\/\/meeplendice.net\/index.php?rest_route=\/wp\/v2\/pages"}],"about":[{"href":"https:\/\/meeplendice.net\/index.php?rest_route=\/wp\/v2\/types\/page"}],"author":[{"embeddable":true,"href":"https:\/\/meeplendice.net\/index.php?rest_route=\/wp\/v2\/users\/2"}],"replies":[{"embeddable":true,"href":"https:\/\/meeplendice.net\/index.php?rest_route=%2Fwp%2Fv2%2Fcomments&post=12302"}],"version-history":[{"count":1,"href":"https:\/\/meeplendice.net\/index.php?rest_route=\/wp\/v2\/pages\/12302\/revisions"}],"predecessor-version":[{"id":12303,"href":"https:\/\/meeplendice.net\/index.php?rest_route=\/wp\/v2\/pages\/12302\/revisions\/12303"}],"up":[{"embeddable":true,"href":"https:\/\/meeplendice.net\/index.php?rest_route=\/wp\/v2\/pages\/7851"}],"wp:featuredmedia":[{"embeddable":true,"href":"https:\/\/meeplendice.net\/index.php?rest_route=\/wp\/v2\/media\/12300"}],"wp:attachment":[{"href":"https:\/\/meeplendice.net\/index.php?rest_route=%2Fwp%2Fv2%2Fmedia&parent=12302"}],"curies":[{"name":"wp","href":"https:\/\/api.w.org\/{rel}","templated":true}]}}