{"id":12317,"date":"2024-07-15T16:38:34","date_gmt":"2024-07-15T14:38:34","guid":{"rendered":"https:\/\/meeplendice.net\/?page_id=12317"},"modified":"2025-12-02T17:42:52","modified_gmt":"2025-12-02T15:42:52","slug":"solstis-2","status":"publish","type":"page","link":"https:\/\/meeplendice.net\/?page_id=12317","title":{"rendered":"Solstis"},"content":{"rendered":"<div id=\"pl-12317\"  class=\"panel-layout\" ><div id=\"pg-12317-0\"  class=\"panel-grid panel-no-style\" ><div id=\"pgc-12317-0-0\"  class=\"panel-grid-cell\" ><div id=\"panel-12317-0-0-0\" class=\"so-panel widget widget_sow-editor panel-first-child panel-last-child\" data-index=\"0\" ><div\n\t\t\t\n\t\t\tclass=\"so-widget-sow-editor so-widget-sow-editor-base\"\n\t\t\t\n\t\t>\n<div class=\"siteorigin-widget-tinymce textwidget\">\n\t<p style=\"text-align: center;\"><strong>Nombre de joueurs :<\/strong><br \/>\n2 - 2<\/p>\n<\/div>\n<\/div><\/div><\/div><div id=\"pgc-12317-0-1\"  class=\"panel-grid-cell\" ><div id=\"panel-12317-0-1-0\" class=\"so-panel widget widget_sow-editor panel-first-child panel-last-child\" data-index=\"1\" ><div\n\t\t\t\n\t\t\tclass=\"so-widget-sow-editor so-widget-sow-editor-base\"\n\t\t\t\n\t\t>\n<div class=\"siteorigin-widget-tinymce textwidget\">\n\t<p style=\"text-align: center;\"><strong>Dur\u00e9e moyenne :<\/strong><br \/>\n15 min<\/p>\n<\/div>\n<\/div><\/div><\/div><div id=\"pgc-12317-0-2\"  class=\"panel-grid-cell\" ><div id=\"panel-12317-0-2-0\" class=\"so-panel widget widget_sow-editor panel-first-child panel-last-child\" data-index=\"2\" ><div\n\t\t\t\n\t\t\tclass=\"so-widget-sow-editor so-widget-sow-editor-base\"\n\t\t\t\n\t\t>\n<div class=\"siteorigin-widget-tinymce textwidget\">\n\t<p style=\"text-align: center;\"><strong>Age :<\/strong><br \/>\n8 ans et plus<\/p>\n<\/div>\n<\/div><\/div><\/div><\/div><div id=\"pg-12317-1\"  class=\"panel-grid panel-no-style\" ><div id=\"pgc-12317-1-0\"  class=\"panel-grid-cell\" ><div id=\"panel-12317-1-0-0\" class=\"so-panel widget widget_sow-editor panel-first-child panel-last-child\" data-index=\"3\" ><div\n\t\t\t\n\t\t\tclass=\"so-widget-sow-editor so-widget-sow-editor-base\"\n\t\t\t\n\t\t>\n<div class=\"siteorigin-widget-tinymce textwidget\">\n\t<p style=\"text-align: center;\"><strong>Auteur(s) :<br \/>\n<\/strong><span class=\"data-siloing\" title=\"D\u00e9couvrez tous ces jeux\" data-siloing=\"https:\/\/www.philibertnet.com\/fr\/recherche?feature=31&amp;feature_value=Corentin Lebrat\">Corentin Lebrat<\/span><br \/>\n<span class=\"data-siloing\" title=\"Voir tous les jeux\" data-siloing=\"https:\/\/www.philibertnet.com\/fr\/recherche?feature=31&amp;feature_value=Bruno Cathala\">Bruno Cathala<\/span><\/p>\n<\/div>\n<\/div><\/div><\/div><div id=\"pgc-12317-1-1\"  class=\"panel-grid-cell\" ><div id=\"panel-12317-1-1-0\" class=\"so-panel widget widget_sow-editor panel-first-child panel-last-child\" data-index=\"4\" ><div\n\t\t\t\n\t\t\tclass=\"so-widget-sow-editor so-widget-sow-editor-base\"\n\t\t\t\n\t\t>\n<div class=\"siteorigin-widget-tinymce textwidget\">\n\t<p style=\"text-align: center;\"><strong>Illustrations :<br \/>\n<\/strong><span class=\"data-siloing\" title=\"D\u00e9couvrez tous ces jeux\" data-siloing=\"https:\/\/www.philibertnet.com\/fr\/recherche?feature=41&amp;feature_value=Manny Trembley\">Manu Gorobe\u00ef<\/span><\/p>\n<\/div>\n<\/div><\/div><\/div><div id=\"pgc-12317-1-2\"  class=\"panel-grid-cell\" ><div id=\"panel-12317-1-2-0\" class=\"so-panel widget widget_sow-editor panel-first-child panel-last-child\" data-index=\"5\" ><div\n\t\t\t\n\t\t\tclass=\"so-widget-sow-editor so-widget-sow-editor-base\"\n\t\t\t\n\t\t>\n<div class=\"siteorigin-widget-tinymce textwidget\">\n\t<p style=\"text-align: center;\"><strong>\u00c9dition :<br \/>\n<\/strong><span class=\"data-siloing\" data-siloing=\" https:\/\/www.philibertnet.com\/fr\/1514_lucky-duck-games \">Lumberjacks Studio<\/span><strong><br \/>\n<\/strong>2024<\/p>\n<\/div>\n<\/div><\/div><\/div><div id=\"pgc-12317-1-3\"  class=\"panel-grid-cell\" ><div id=\"panel-12317-1-3-0\" class=\"so-panel widget widget_sow-editor panel-first-child panel-last-child\" data-index=\"6\" ><div\n\t\t\t\n\t\t\tclass=\"so-widget-sow-editor so-widget-sow-editor-base\"\n\t\t\t\n\t\t>\n<div class=\"siteorigin-widget-tinymce textwidget\">\n\t<p style=\"text-align: center;\"><strong>Version :<\/strong><br \/>\nFran\u00e7aise<\/p>\n<\/div>\n<\/div><\/div><\/div><\/div><div id=\"pg-12317-2\"  class=\"panel-grid panel-no-style\" ><div id=\"pgc-12317-2-0\"  class=\"panel-grid-cell\" ><div id=\"panel-12317-2-0-0\" class=\"so-panel widget widget_sow-editor panel-first-child panel-last-child\" data-index=\"7\" ><div\n\t\t\t\n\t\t\tclass=\"so-widget-sow-editor so-widget-sow-editor-base\"\n\t\t\t\n\t\t>\n<div class=\"siteorigin-widget-tinymce textwidget\">\n\t<hr \/>\n<p><em>En des temps tr\u00e8s anciens, le passage \u00e0 l'\u00e2ge adulte faisait l'objet d'un rite initiatique.<\/em><\/p>\n<p><em>Chaque ann\u00e9e, au moment o\u00f9 le jour est le plus long, chacun devait donc s'\u00e9lancer \u00e0 la d\u00e9couverte de la montagne voisine, aussi majestueuse qu'inqui\u00e9tante, pour aller y allumer des feux sur ses sommets.<\/em><\/p>\n<p><em>Et, qui sait, peut \u00eatre rencontrer les fac\u00e9tieux esprits de la montagne...<\/em><\/p>\n<p>Dans <em><span class=\"style-client-colored-text\">Solstis<\/span><\/em>, le but est de reconstituer un paysage en associant ses tuiles pour faire un maximum de points.<br \/>\n\u00c0 chaque tour, vous devrez s\u00e9lectionner une tuile de votre main et la placer au centre de la surface de jeu.<\/p>\n<p>Il existe plusieurs fa\u00e7on de marquer des points, qui sont \u00e9galement appel\u00e9s des \u00e9toiles :<br \/>\n- En parcourant la montagne et en assemblant le plus grand nombre de tuiles Paysage possible.<br \/>\n- En rencontrant les esprits de la for\u00eat. Chaque Esprit r\u00e9cup\u00e9r\u00e9 vous rapportera au moins 1 \u00e9toile \u2026 mais tentez d\u2019\u00e9viter l'Esprit Mal\u00e9fique.<br \/>\n- En allumant des feux sur les sommets des montagnes. Cr\u00e9ez un chemin de tuiles entre la vall\u00e9e et les foyers situ\u00e9s sur certains sommets.<\/p>\n<p>Il faudra faire attention \u00e0 ne pas laisser de tuiles \u00e0 l'adversaire tout en optimisant son paysage selon les choix de celui-ci. Aussi, cr\u00e9ez des carr\u00e9s de tuiles pour r\u00e9cup\u00e9rez des esprits qui vous aideront en cours ou en fin de partie.<\/p>\n<\/div>\n<\/div><\/div><\/div><\/div><div id=\"pg-12317-3\"  class=\"panel-grid panel-no-style\" ><div id=\"pgc-12317-3-0\"  class=\"panel-grid-cell\" ><div id=\"panel-12317-3-0-0\" class=\"so-panel widget widget_sow-editor panel-first-child panel-last-child\" data-index=\"8\" ><div\n\t\t\t\n\t\t\tclass=\"so-widget-sow-editor so-widget-sow-editor-base\"\n\t\t\t\n\t\t>\n<div class=\"siteorigin-widget-tinymce textwidget\">\n\t<hr \/>\n<h3 style=\"text-align: center;\">En vid\u00e9o<\/h3>\n<p><a href=\"https:\/\/www.youtube.com\/watch?v=-SBf4UiW2PI\" target=\"_blank\" rel=\"noopener\"><img loading=\"lazy\" decoding=\"async\" class=\"alignnone size-full wp-image-9090\" src=\"https:\/\/meeplendice.net\/wp-content\/uploads\/2022\/01\/Link_CJ_v2.png\" alt=\"\" width=\"200\" height=\"170\" \/><\/a><\/p>\n<\/div>\n<\/div><\/div><\/div><\/div><div id=\"pg-12317-4\"  class=\"panel-grid panel-no-style\" ><div id=\"pgc-12317-4-0\"  class=\"panel-grid-cell\" ><div id=\"panel-12317-4-0-0\" class=\"so-panel widget widget_sow-editor panel-first-child panel-last-child\" data-index=\"9\" ><div\n\t\t\t\n\t\t\tclass=\"so-widget-sow-editor so-widget-sow-editor-base\"\n\t\t\t\n\t\t>\n<div class=\"siteorigin-widget-tinymce textwidget\">\n\t<hr \/>\n<h3 style=\"text-align: center;\">Extension(s)<\/h3>\n<style type='text\/css' media='all'>#rt-tpg-container-3462937063 .read-more a{border-radius:px;}#rt-tpg-container-3462937063 .rt-img-holder img.rt-img-responsive,#rt-tpg-container-3462937063 .rt-img-holder,\n\t\t\t\t\t#rt-tpg-container-3462937063 .rt-post-overlay .post-img,\n\t\t\t\t\t#rt-tpg-container-3462937063 .post-sm .post-img,\n\t\t\t\t\t#rt-tpg-container-3462937063 .rt-post-grid .post-img,\n\t\t\t\t\t#rt-tpg-container-3462937063 .post-img img {border-radius:px;}#rt-tpg-container-3462937063 .layout9 .rt-holder h2.entry-title,\n\t\t\t\t\t#rt-tpg-container-3462937063 .layout9 .rt-holder h3.entry-title,\n\t\t\t\t\t#rt-tpg-container-3462937063 .layout9 .rt-holder h4.entry-title,\n\t\t\t\t\t#rt-tpg-container-3462937063 .layout9 .rt-holder h2.entry-title a,\n\t\t\t\t\t#rt-tpg-container-3462937063 .layout9 .rt-holder h3.entry-title a,\n\t\t\t\t\t#rt-tpg-container-3462937063 .layout9 .rt-holder h4.entry-title a,\n\t\t\t\t\t#rt-tpg-container-3462937063 .rt-holder .rt-woo-info h2 a,\n\t\t\t\t\t#rt-tpg-container-3462937063 .rt-holder .rt-woo-info h3 a,\n\t\t\t\t\t#rt-tpg-container-3462937063 .rt-holder .rt-woo-info h4 a,\n\t\t\t\t\t#rt-tpg-container-3462937063 .post-content .post-title,\n\t\t\t\t\t#rt-tpg-container-3462937063 .rt-post-grid .post-title,\n\t\t\t\t\t#rt-tpg-container-3462937063 .rt-post-grid .post-title a,\n\t\t\t\t\t#rt-tpg-container-3462937063 .post-content .post-title a,\n\t\t\t\t\t#rt-tpg-container-3462937063 .rt-holder .rt-woo-info h2,\n\t\t\t\t\t#rt-tpg-container-3462937063 .rt-holder .rt-woo-info h3,\n\t\t\t\t\t#rt-tpg-container-3462937063 .rt-holder .rt-woo-info h4{font-size:16px;line-height:26px;font-weight:normal;text-align:center;}#rt-tpg-container-3462937063 .post-grid-lg-style-1 .post-title,\n\t\t\t\t\t\t#rt-tpg-container-3462937063 .post-grid-lg-style-1 .post-title a,\n\t\t\t\t\t\t#rt-tpg-container-3462937063 .big-layout .post-title,\n\t\t\t\t\t\t#rt-tpg-container-3462937063 .big-layout .post-title a,\n\t\t\t\t\t\t#rt-tpg-container-3462937063 .post-grid-lg-style-1 .post-title,\n\t\t\t\t\t\t#rt-tpg-container-3462937063 .post-grid-lg-style-1 .post-title a {font-size:24px;line-height:34px;}<\/style><div class='rt-container-fluid rt-tpg-container tpg-shortcode-main-wrapper ' id='rt-tpg-container-3462937063'   data-layout='layout9' data-grid-style='masonry' data-desktop-col='3'  data-tab-col='2'  data-mobile-col='1' data-sc-id='13566'><div data-title='Loading ...' class='rt-row rt-content-loader   layout9 tpg-masonry '><div class=\"rt-col-md-4 rt-col-sm-6 rt-col-xs-12 masonry-grid-item rt-grid-item img_zoom_in\" data-id=\"13570\"><div class=\"rt-holder\"><div class='overlay'><a data-id='13570' class=' tpg-single-popup' href='https:\/\/meeplendice.net\/?page_id=13570'><img loading=\"lazy\" decoding=\"async\" width=\"350\" height=\"350\" src=\"https:\/\/meeplendice.net\/wp-content\/uploads\/2025\/12\/Solstis_Firefly_2.png\" class=\"rt-img-responsive \" alt=\"\" \/><\/a><\/div><div class='post-info'><h3 class=\"entry-title\"><a data-id=\"13570\" class=\" tpg-single-popup\" href=\"https:\/\/meeplendice.net\/?page_id=13570\">Firefly<\/a><\/h3><div class='post-meta-user '><\/div><\/div><\/div><\/div><\/div><div class='rt-pagination-wrap' data-total-pages='1' data-posts-per-page='3' data-type='pagination_ajax'  ><div class='rt-page-numbers'><\/div><\/div><\/div>\n<p>&nbsp;<\/p>\n<\/div>\n<\/div><\/div><\/div><\/div><div id=\"pg-12317-5\"  class=\"panel-grid panel-no-style\" ><div id=\"pgc-12317-5-0\"  class=\"panel-grid-cell\" ><div id=\"panel-12317-5-0-0\" class=\"so-panel widget widget_sow-editor panel-first-child panel-last-child\" data-index=\"10\" ><div\n\t\t\t\n\t\t\tclass=\"so-widget-sow-editor so-widget-sow-editor-base\"\n\t\t\t\n\t\t>\n<div class=\"siteorigin-widget-tinymce textwidget\">\n\t<hr \/>\n<h3 style=\"text-align: center;\">Pour aller plus loin<\/h3>\n<\/div>\n<\/div><\/div><\/div><\/div><\/div>","protected":false},"excerpt":{"rendered":"<p>Nombre de joueurs : 2 &#8211; 2 Dur\u00e9e moyenne : 15 min Age : 8 ans et plus Auteur(s) : Corentin Lebrat Bruno Cathala Illustrations : Manu Gorobe\u00ef \u00c9dition : Lumberjacks Studio 2024 Version : Fran\u00e7aise<\/p>\n","protected":false},"author":2,"featured_media":12186,"parent":0,"menu_order":0,"comment_status":"closed","ping_status":"closed","template":"","meta":{"footnotes":""},"class_list":["post-12317","page","type-page","status-publish","has-post-thumbnail","hentry"],"acf":[],"rttpg_featured_image_url":{"full":["https:\/\/meeplendice.net\/wp-content\/uploads\/2024\/07\/Solstis.png",350,350,false],"landscape":["https:\/\/meeplendice.net\/wp-content\/uploads\/2024\/07\/Solstis.png",350,350,false],"portraits":["https:\/\/meeplendice.net\/wp-content\/uploads\/2024\/07\/Solstis.png",350,350,false],"thumbnail":["https:\/\/meeplendice.net\/wp-content\/uploads\/2024\/07\/Solstis-150x150.png",150,150,true],"medium":["https:\/\/meeplendice.net\/wp-content\/uploads\/2024\/07\/Solstis-300x300.png",300,300,true],"large":["https:\/\/meeplendice.net\/wp-content\/uploads\/2024\/07\/Solstis.png",350,350,false],"ug_big":["https:\/\/meeplendice.net\/wp-content\/uploads\/2024\/07\/Solstis.png",350,350,false],"1536x1536":["https:\/\/meeplendice.net\/wp-content\/uploads\/2024\/07\/Solstis.png",350,350,false],"2048x2048":["https:\/\/meeplendice.net\/wp-content\/uploads\/2024\/07\/Solstis.png",350,350,false],"ashe-slider-grid-thumbnail":["https:\/\/meeplendice.net\/wp-content\/uploads\/2024\/07\/Solstis.png",350,350,false],"ashe-full-thumbnail":["https:\/\/meeplendice.net\/wp-content\/uploads\/2024\/07\/Solstis.png",350,350,false],"ashe-grid-thumbnail":["https:\/\/meeplendice.net\/wp-content\/uploads\/2024\/07\/Solstis-350x330.png",350,330,true],"ashe-list-thumbnail":["https:\/\/meeplendice.net\/wp-content\/uploads\/2024\/07\/Solstis-300x300.png",300,300,true],"ashe-single-navigation":["https:\/\/meeplendice.net\/wp-content\/uploads\/2024\/07\/Solstis-75x75.png",75,75,true],"mailpoet_newsletter_max":["https:\/\/meeplendice.net\/wp-content\/uploads\/2024\/07\/Solstis.png",350,350,false],"rpwe-thumbnail":["https:\/\/meeplendice.net\/wp-content\/uploads\/2024\/07\/Solstis-45x45.png",45,45,true],"sow-carousel-default":["https:\/\/meeplendice.net\/wp-content\/uploads\/2024\/07\/Solstis-272x182.png",272,182,true],"rt_custom":["https:\/\/meeplendice.net\/wp-content\/uploads\/2024\/07\/Solstis.png",350,350,false]},"rttpg_author":{"display_name":"Karnby","author_link":"https:\/\/meeplendice.net\/?author=2"},"rttpg_comment":0,"rttpg_category":null,"rttpg_excerpt":"Nombre de joueurs : 2 - 2 Dur\u00e9e moyenne : 15 min Age : 8 ans et plus Auteur(s) : Corentin Lebrat Bruno Cathala Illustrations : Manu Gorobe\u00ef \u00c9dition : Lumberjacks Studio 2024 Version : Fran\u00e7aise","_links":{"self":[{"href":"https:\/\/meeplendice.net\/index.php?rest_route=\/wp\/v2\/pages\/12317","targetHints":{"allow":["GET"]}}],"collection":[{"href":"https:\/\/meeplendice.net\/index.php?rest_route=\/wp\/v2\/pages"}],"about":[{"href":"https:\/\/meeplendice.net\/index.php?rest_route=\/wp\/v2\/types\/page"}],"author":[{"embeddable":true,"href":"https:\/\/meeplendice.net\/index.php?rest_route=\/wp\/v2\/users\/2"}],"replies":[{"embeddable":true,"href":"https:\/\/meeplendice.net\/index.php?rest_route=%2Fwp%2Fv2%2Fcomments&post=12317"}],"version-history":[{"count":4,"href":"https:\/\/meeplendice.net\/index.php?rest_route=\/wp\/v2\/pages\/12317\/revisions"}],"predecessor-version":[{"id":13575,"href":"https:\/\/meeplendice.net\/index.php?rest_route=\/wp\/v2\/pages\/12317\/revisions\/13575"}],"wp:featuredmedia":[{"embeddable":true,"href":"https:\/\/meeplendice.net\/index.php?rest_route=\/wp\/v2\/media\/12186"}],"wp:attachment":[{"href":"https:\/\/meeplendice.net\/index.php?rest_route=%2Fwp%2Fv2%2Fmedia&parent=12317"}],"curies":[{"name":"wp","href":"https:\/\/api.w.org\/{rel}","templated":true}]}}