{"id":12319,"date":"2024-07-15T16:41:02","date_gmt":"2024-07-15T14:41:02","guid":{"rendered":"https:\/\/meeplendice.net\/?page_id=12319"},"modified":"2024-07-22T11:22:56","modified_gmt":"2024-07-22T09:22:56","slug":"terraforming-mars-le-jeu-de-des","status":"publish","type":"page","link":"https:\/\/meeplendice.net\/?page_id=12319","title":{"rendered":"Terraforming Mars : le jeu de d\u00e9s"},"content":{"rendered":"<div id=\"pl-12319\"  class=\"panel-layout\" ><div id=\"pg-12319-0\"  class=\"panel-grid panel-no-style\" ><div id=\"pgc-12319-0-0\"  class=\"panel-grid-cell\" ><div id=\"panel-12319-0-0-0\" class=\"so-panel widget widget_sow-editor panel-first-child panel-last-child\" data-index=\"0\" ><div\n\t\t\t\n\t\t\tclass=\"so-widget-sow-editor so-widget-sow-editor-base\"\n\t\t\t\n\t\t>\n<div class=\"siteorigin-widget-tinymce textwidget\">\n\t<p style=\"text-align: center;\"><strong>Nombre de joueurs :<\/strong><br \/>\n1 - 4<\/p>\n<\/div>\n<\/div><\/div><\/div><div id=\"pgc-12319-0-1\"  class=\"panel-grid-cell\" ><div id=\"panel-12319-0-1-0\" class=\"so-panel widget widget_sow-editor panel-first-child panel-last-child\" data-index=\"1\" ><div\n\t\t\t\n\t\t\tclass=\"so-widget-sow-editor so-widget-sow-editor-base\"\n\t\t\t\n\t\t>\n<div class=\"siteorigin-widget-tinymce textwidget\">\n\t<p style=\"text-align: center;\"><strong>Dur\u00e9e moyenne :<\/strong><br \/>\n45 min<\/p>\n<\/div>\n<\/div><\/div><\/div><div id=\"pgc-12319-0-2\"  class=\"panel-grid-cell\" ><div id=\"panel-12319-0-2-0\" class=\"so-panel widget widget_sow-editor panel-first-child panel-last-child\" data-index=\"2\" ><div\n\t\t\t\n\t\t\tclass=\"so-widget-sow-editor so-widget-sow-editor-base\"\n\t\t\t\n\t\t>\n<div class=\"siteorigin-widget-tinymce textwidget\">\n\t<p style=\"text-align: center;\"><strong>Age :<\/strong><br \/>\n14 ans et plus<\/p>\n<\/div>\n<\/div><\/div><\/div><\/div><div id=\"pg-12319-1\"  class=\"panel-grid panel-no-style\" ><div id=\"pgc-12319-1-0\"  class=\"panel-grid-cell\" ><div id=\"panel-12319-1-0-0\" class=\"so-panel widget widget_sow-editor panel-first-child panel-last-child\" data-index=\"3\" ><div\n\t\t\t\n\t\t\tclass=\"so-widget-sow-editor so-widget-sow-editor-base\"\n\t\t\t\n\t\t>\n<div class=\"siteorigin-widget-tinymce textwidget\">\n\t<p style=\"text-align: center;\"><strong>Auteur(s) :<br \/>\n<\/strong><span class=\"data-siloing\" title=\"D\u00e9couvrez tous ces jeux\" data-siloing=\"https:\/\/www.philibertnet.com\/fr\/recherche?feature=31&amp;feature_value=Daniel Fryxelius \">Daniel Fryxelius<br \/>\n<\/span><span class=\"data-siloing\" title=\"Voir tous les jeux\" data-siloing=\"https:\/\/www.philibertnet.com\/fr\/recherche?feature=31&amp;feature_value=Jacob Fryxelius\">Jacob Fryxelius<\/span><\/p>\n<\/div>\n<\/div><\/div><\/div><div id=\"pgc-12319-1-1\"  class=\"panel-grid-cell\" ><div id=\"panel-12319-1-1-0\" class=\"so-panel widget widget_sow-editor panel-first-child panel-last-child\" data-index=\"4\" ><div\n\t\t\t\n\t\t\tclass=\"so-widget-sow-editor so-widget-sow-editor-base\"\n\t\t\t\n\t\t>\n<div class=\"siteorigin-widget-tinymce textwidget\">\n\t<p style=\"text-align: center;\"><strong>Illustrations :<br \/>\n<\/strong><span class=\"data-siloing\" title=\"D\u00e9couvrez tous ces jeux\" data-siloing=\"https:\/\/www.philibertnet.com\/fr\/recherche?feature=41&amp;feature_value=Manny Trembley\">Isaac Fryxelius<br \/>\n<\/span><\/p>\n<\/div>\n<\/div><\/div><\/div><div id=\"pgc-12319-1-2\"  class=\"panel-grid-cell\" ><div id=\"panel-12319-1-2-0\" class=\"so-panel widget widget_sow-editor panel-first-child panel-last-child\" data-index=\"5\" ><div\n\t\t\t\n\t\t\tclass=\"so-widget-sow-editor so-widget-sow-editor-base\"\n\t\t\t\n\t\t>\n<div class=\"siteorigin-widget-tinymce textwidget\">\n\t<p style=\"text-align: center;\"><strong>\u00c9dition :<br \/>\n<\/strong><span class=\"data-siloing\" data-siloing=\" https:\/\/www.philibertnet.com\/fr\/1514_lucky-duck-games \">Intrafin<\/span><strong><br \/>\n<\/strong>2023<\/p>\n<\/div>\n<\/div><\/div><\/div><div id=\"pgc-12319-1-3\"  class=\"panel-grid-cell\" ><div id=\"panel-12319-1-3-0\" class=\"so-panel widget widget_sow-editor panel-first-child panel-last-child\" data-index=\"6\" ><div\n\t\t\t\n\t\t\tclass=\"so-widget-sow-editor so-widget-sow-editor-base\"\n\t\t\t\n\t\t>\n<div class=\"siteorigin-widget-tinymce textwidget\">\n\t<p style=\"text-align: center;\"><strong>Version :<\/strong><br \/>\nFran\u00e7aise<\/p>\n<\/div>\n<\/div><\/div><\/div><\/div><div id=\"pg-12319-2\"  class=\"panel-grid panel-no-style\" ><div id=\"pgc-12319-2-0\"  class=\"panel-grid-cell\" ><div id=\"panel-12319-2-0-0\" class=\"so-panel widget widget_sow-editor panel-first-child panel-last-child\" data-index=\"7\" ><div\n\t\t\t\n\t\t\tclass=\"so-widget-sow-editor so-widget-sow-editor-base\"\n\t\t\t\n\t\t>\n<div class=\"siteorigin-widget-tinymce textwidget\">\n\t<hr \/>\n<p><em>Nous avons enfin \u00e9tabli des colonies sur Mars.<\/em><\/p>\n<p><em>Cependant, nous sommes maintenant confront\u00e9s \u00e0 un d\u00e9fi encore plus grand: donner vie \u00e0 la plan\u00e8te et fa\u00e7onner un nouveau foyer pour l'humanit\u00e9!<\/em><\/p>\n<p><em>Votre corporation sera-t-elle en mesure d'ouvrir la voie ?<\/em><\/p>\n<p>Bas\u00e9 sur le c\u00e9l\u00e8bre jeu de plateau <a href=\"https:\/\/meeplendice.net\/?page_id=3120\" target=\"_blank\" rel=\"noopener\"><em>Terraforming Mars<\/em><\/a>, <em>Terraforming Mars : le jeu de D\u00e9s<\/em> combine 60 d\u00e9s personnalis\u00e9s et 159 cartes uniques et un m\u00e9canisme plus accessible pour des parties plus rapides.<\/p>\n<p>Pour ce faire vous allez utiliser les d\u00e9s. Les d\u00e9s repr\u00e9sentent les ressources que les joueurs d\u00e9pensent pour acqu\u00e9rir des cartes et effectuer d'autres actions. Durant la partie vous augmentez votre production de d\u00e9s, vous terraformez et placez des villes et des tuiles de verdure sur le plateau et gagnez divers bonus. \u00c0 chaque tour, soit vous produisez de nouveaux d\u00e9s (Tour de Production), soit vous effectuez des actions (Tour d'Action).<br \/>\nChaque fois que vous terraformez Mars (augmentez l'oxyg\u00e8ne ou la temp\u00e9rature, ou placez une tuile oc\u00e9an), vous gagnez 2 points de victoire. Vous pouvez \u00e9galement gagner des PV en pla\u00e7ant des tuiles et des cartes \u00e0 jouer, ainsi qu'en remportant des r\u00e9compenses et des jalons.<\/p>\n<p>Le jeu se termine lorsque 2 des 3 param\u00e8tres globaux sont renseign\u00e9s (oxyg\u00e8ne\/temp\u00e9rature\/oc\u00e9an). Le joueur avec le plus de PV remporte la partie.<\/p>\n<\/div>\n<\/div><\/div><\/div><\/div><div id=\"pg-12319-3\"  class=\"panel-grid panel-no-style\" ><div id=\"pgc-12319-3-0\"  class=\"panel-grid-cell\" ><div id=\"panel-12319-3-0-0\" class=\"so-panel widget widget_sow-editor panel-first-child panel-last-child\" data-index=\"8\" ><div\n\t\t\t\n\t\t\tclass=\"so-widget-sow-editor so-widget-sow-editor-base\"\n\t\t\t\n\t\t>\n<div class=\"siteorigin-widget-tinymce textwidget\">\n\t<hr \/>\n<h3 style=\"text-align: center;\">En vid\u00e9o<\/h3>\n<p><a href=\"https:\/\/www.youtube.com\/embed\/jkKnddpeQPk\" target=\"_blank\" rel=\"noopener\"><img loading=\"lazy\" decoding=\"async\" class=\"alignnone size-full wp-image-9090\" src=\"https:\/\/meeplendice.net\/wp-content\/uploads\/2022\/01\/Link_CJ_v2.png\" alt=\"\" width=\"200\" height=\"170\" \/><\/a><\/p>\n<\/div>\n<\/div><\/div><\/div><\/div><div id=\"pg-12319-4\"  class=\"panel-grid panel-no-style\" ><div id=\"pgc-12319-4-0\"  class=\"panel-grid-cell\" ><div id=\"panel-12319-4-0-0\" class=\"so-panel widget widget_sow-editor panel-first-child panel-last-child\" data-index=\"9\" ><div\n\t\t\t\n\t\t\tclass=\"so-widget-sow-editor so-widget-sow-editor-base\"\n\t\t\t\n\t\t>\n<div class=\"siteorigin-widget-tinymce textwidget\">\n\t<hr \/>\n<h3 style=\"text-align: center;\">Extension(s)<\/h3>\n<style type='text\/css' media='all'>#rt-tpg-container-2149570239 .read-more a{border-radius:px;}#rt-tpg-container-2149570239 .rt-img-holder img.rt-img-responsive,#rt-tpg-container-2149570239 .rt-img-holder,\n\t\t\t\t\t#rt-tpg-container-2149570239 .rt-post-overlay .post-img,\n\t\t\t\t\t#rt-tpg-container-2149570239 .post-sm .post-img,\n\t\t\t\t\t#rt-tpg-container-2149570239 .rt-post-grid .post-img,\n\t\t\t\t\t#rt-tpg-container-2149570239 .post-img img {border-radius:px;}#rt-tpg-container-2149570239 .layout9 .rt-holder h2.entry-title,\n\t\t\t\t\t#rt-tpg-container-2149570239 .layout9 .rt-holder h3.entry-title,\n\t\t\t\t\t#rt-tpg-container-2149570239 .layout9 .rt-holder h4.entry-title,\n\t\t\t\t\t#rt-tpg-container-2149570239 .layout9 .rt-holder h2.entry-title a,\n\t\t\t\t\t#rt-tpg-container-2149570239 .layout9 .rt-holder h3.entry-title a,\n\t\t\t\t\t#rt-tpg-container-2149570239 .layout9 .rt-holder h4.entry-title a,\n\t\t\t\t\t#rt-tpg-container-2149570239 .rt-holder .rt-woo-info h2 a,\n\t\t\t\t\t#rt-tpg-container-2149570239 .rt-holder .rt-woo-info h3 a,\n\t\t\t\t\t#rt-tpg-container-2149570239 .rt-holder .rt-woo-info h4 a,\n\t\t\t\t\t#rt-tpg-container-2149570239 .post-content .post-title,\n\t\t\t\t\t#rt-tpg-container-2149570239 .rt-post-grid .post-title,\n\t\t\t\t\t#rt-tpg-container-2149570239 .rt-post-grid .post-title a,\n\t\t\t\t\t#rt-tpg-container-2149570239 .post-content .post-title a,\n\t\t\t\t\t#rt-tpg-container-2149570239 .rt-holder .rt-woo-info h2,\n\t\t\t\t\t#rt-tpg-container-2149570239 .rt-holder .rt-woo-info h3,\n\t\t\t\t\t#rt-tpg-container-2149570239 .rt-holder .rt-woo-info h4{font-size:16px;line-height:26px;font-weight:normal;text-align:center;}#rt-tpg-container-2149570239 .post-grid-lg-style-1 .post-title,\n\t\t\t\t\t\t#rt-tpg-container-2149570239 .post-grid-lg-style-1 .post-title a,\n\t\t\t\t\t\t#rt-tpg-container-2149570239 .big-layout .post-title,\n\t\t\t\t\t\t#rt-tpg-container-2149570239 .big-layout .post-title a,\n\t\t\t\t\t\t#rt-tpg-container-2149570239 .post-grid-lg-style-1 .post-title,\n\t\t\t\t\t\t#rt-tpg-container-2149570239 .post-grid-lg-style-1 .post-title a {font-size:24px;line-height:34px;}<\/style><div class='rt-container-fluid rt-tpg-container tpg-shortcode-main-wrapper ' id='rt-tpg-container-2149570239'   data-layout='layout9' data-grid-style='masonry' data-desktop-col='3'  data-tab-col='2'  data-mobile-col='1' data-sc-id='12356'><div data-title='Loading ...' class='rt-row rt-content-loader   layout9 tpg-masonry '><div class=\"rt-col-md-4 rt-col-sm-6 rt-col-xs-12 masonry-grid-item rt-grid-item img_zoom_in\" data-id=\"12354\"><div class=\"rt-holder\"><div class='overlay'><a data-id='12354' class=' tpg-single-popup' href='https:\/\/meeplendice.net\/?page_id=12354'><img loading=\"lazy\" decoding=\"async\" width=\"350\" height=\"350\" src=\"https:\/\/meeplendice.net\/wp-content\/uploads\/2024\/07\/Terraformingmars_Dice_Promo01.png\" class=\"rt-img-responsive \" alt=\"\" \/><\/a><\/div><div class='post-info'><h3 class=\"entry-title\"><a data-id=\"12354\" class=\" tpg-single-popup\" href=\"https:\/\/meeplendice.net\/?page_id=12354\">Promo Pack<\/a><\/h3><div class='post-meta-user '><\/div><\/div><\/div><\/div><div class=\"rt-col-md-4 rt-col-sm-6 rt-col-xs-12 masonry-grid-item rt-grid-item img_zoom_in\" data-id=\"13706\"><div class=\"rt-holder\"><div class='overlay'><a data-id='13706' class=' tpg-single-popup' href='https:\/\/meeplendice.net\/?page_id=13706'><img loading=\"lazy\" decoding=\"async\" width=\"350\" height=\"350\" src=\"https:\/\/meeplendice.net\/wp-content\/uploads\/2025\/12\/Terraformingmars_Dice_Missions.png\" class=\"rt-img-responsive \" alt=\"\" \/><\/a><\/div><div class='post-info'><h3 class=\"entry-title\"><a data-id=\"13706\" class=\" tpg-single-popup\" href=\"https:\/\/meeplendice.net\/?page_id=13706\">Missions<\/a><\/h3><div class='post-meta-user '><\/div><\/div><\/div><\/div><\/div><div class='rt-pagination-wrap' data-total-pages='1' data-posts-per-page='3' data-type='pagination_ajax'  ><div class='rt-page-numbers'><\/div><\/div><\/div>\n<\/div>\n<\/div><\/div><\/div><\/div><div id=\"pg-12319-5\"  class=\"panel-grid panel-no-style\" ><div id=\"pgc-12319-5-0\"  class=\"panel-grid-cell\" ><div id=\"panel-12319-5-0-0\" class=\"so-panel widget widget_sow-editor panel-first-child panel-last-child\" data-index=\"10\" ><div\n\t\t\t\n\t\t\tclass=\"so-widget-sow-editor so-widget-sow-editor-base\"\n\t\t\t\n\t\t>\n<div class=\"siteorigin-widget-tinymce textwidget\">\n\t<hr \/>\n<h3 style=\"text-align: center;\">Pour aller plus loin<\/h3>\n<\/div>\n<\/div><\/div><\/div><\/div><\/div>","protected":false},"excerpt":{"rendered":"<p>Nombre de joueurs : 1 &#8211; 4 Dur\u00e9e moyenne : 45 min Age : 14 ans et plus Auteur(s) : Daniel Fryxelius Jacob Fryxelius Illustrations : Isaac Fryxelius \u00c9dition : Intrafin 2023 Version : Fran\u00e7aise<\/p>\n","protected":false},"author":2,"featured_media":11870,"parent":0,"menu_order":0,"comment_status":"closed","ping_status":"closed","template":"","meta":{"footnotes":""},"class_list":["post-12319","page","type-page","status-publish","has-post-thumbnail","hentry"],"acf":[],"rttpg_featured_image_url":{"full":["https:\/\/meeplendice.net\/wp-content\/uploads\/2024\/03\/Terraformingmars_dice.png",350,350,false],"landscape":["https:\/\/meeplendice.net\/wp-content\/uploads\/2024\/03\/Terraformingmars_dice.png",350,350,false],"portraits":["https:\/\/meeplendice.net\/wp-content\/uploads\/2024\/03\/Terraformingmars_dice.png",350,350,false],"thumbnail":["https:\/\/meeplendice.net\/wp-content\/uploads\/2024\/03\/Terraformingmars_dice-150x150.png",150,150,true],"medium":["https:\/\/meeplendice.net\/wp-content\/uploads\/2024\/03\/Terraformingmars_dice-300x300.png",300,300,true],"large":["https:\/\/meeplendice.net\/wp-content\/uploads\/2024\/03\/Terraformingmars_dice.png",350,350,false],"ug_big":["https:\/\/meeplendice.net\/wp-content\/uploads\/2024\/03\/Terraformingmars_dice.png",350,350,false],"1536x1536":["https:\/\/meeplendice.net\/wp-content\/uploads\/2024\/03\/Terraformingmars_dice.png",350,350,false],"2048x2048":["https:\/\/meeplendice.net\/wp-content\/uploads\/2024\/03\/Terraformingmars_dice.png",350,350,false],"ashe-slider-grid-thumbnail":["https:\/\/meeplendice.net\/wp-content\/uploads\/2024\/03\/Terraformingmars_dice.png",350,350,false],"ashe-full-thumbnail":["https:\/\/meeplendice.net\/wp-content\/uploads\/2024\/03\/Terraformingmars_dice.png",350,350,false],"ashe-grid-thumbnail":["https:\/\/meeplendice.net\/wp-content\/uploads\/2024\/03\/Terraformingmars_dice-350x330.png",350,330,true],"ashe-list-thumbnail":["https:\/\/meeplendice.net\/wp-content\/uploads\/2024\/03\/Terraformingmars_dice-300x300.png",300,300,true],"ashe-single-navigation":["https:\/\/meeplendice.net\/wp-content\/uploads\/2024\/03\/Terraformingmars_dice-75x75.png",75,75,true],"mailpoet_newsletter_max":["https:\/\/meeplendice.net\/wp-content\/uploads\/2024\/03\/Terraformingmars_dice.png",350,350,false],"rpwe-thumbnail":["https:\/\/meeplendice.net\/wp-content\/uploads\/2024\/03\/Terraformingmars_dice-45x45.png",45,45,true],"sow-carousel-default":["https:\/\/meeplendice.net\/wp-content\/uploads\/2024\/03\/Terraformingmars_dice-272x182.png",272,182,true],"rt_custom":["https:\/\/meeplendice.net\/wp-content\/uploads\/2024\/03\/Terraformingmars_dice.png",350,350,false]},"rttpg_author":{"display_name":"Karnby","author_link":"https:\/\/meeplendice.net\/?author=2"},"rttpg_comment":0,"rttpg_category":null,"rttpg_excerpt":"Nombre de joueurs : 1 - 4 Dur\u00e9e moyenne : 45 min Age : 14 ans et plus Auteur(s) : Daniel Fryxelius Jacob Fryxelius Illustrations : Isaac Fryxelius \u00c9dition : Intrafin 2023 Version : Fran\u00e7aise","_links":{"self":[{"href":"https:\/\/meeplendice.net\/index.php?rest_route=\/wp\/v2\/pages\/12319","targetHints":{"allow":["GET"]}}],"collection":[{"href":"https:\/\/meeplendice.net\/index.php?rest_route=\/wp\/v2\/pages"}],"about":[{"href":"https:\/\/meeplendice.net\/index.php?rest_route=\/wp\/v2\/types\/page"}],"author":[{"embeddable":true,"href":"https:\/\/meeplendice.net\/index.php?rest_route=\/wp\/v2\/users\/2"}],"replies":[{"embeddable":true,"href":"https:\/\/meeplendice.net\/index.php?rest_route=%2Fwp%2Fv2%2Fcomments&post=12319"}],"version-history":[{"count":5,"href":"https:\/\/meeplendice.net\/index.php?rest_route=\/wp\/v2\/pages\/12319\/revisions"}],"predecessor-version":[{"id":12357,"href":"https:\/\/meeplendice.net\/index.php?rest_route=\/wp\/v2\/pages\/12319\/revisions\/12357"}],"wp:featuredmedia":[{"embeddable":true,"href":"https:\/\/meeplendice.net\/index.php?rest_route=\/wp\/v2\/media\/11870"}],"wp:attachment":[{"href":"https:\/\/meeplendice.net\/index.php?rest_route=%2Fwp%2Fv2%2Fmedia&parent=12319"}],"curies":[{"name":"wp","href":"https:\/\/api.w.org\/{rel}","templated":true}]}}