{"id":12321,"date":"2024-07-15T16:43:55","date_gmt":"2024-07-15T14:43:55","guid":{"rendered":"https:\/\/meeplendice.net\/?page_id=12321"},"modified":"2024-07-17T00:12:18","modified_gmt":"2024-07-16T22:12:18","slug":"harry-potter-stupefix","status":"publish","type":"page","link":"https:\/\/meeplendice.net\/?page_id=12321","title":{"rendered":"Stupefix !"},"content":{"rendered":"<div id=\"pl-12321\"  class=\"panel-layout\" ><div id=\"pg-12321-0\"  class=\"panel-grid panel-no-style\" ><div id=\"pgc-12321-0-0\"  class=\"panel-grid-cell\" ><div id=\"panel-12321-0-0-0\" class=\"so-panel widget widget_sow-editor panel-first-child panel-last-child\" data-index=\"0\" ><div\n\t\t\t\n\t\t\tclass=\"so-widget-sow-editor so-widget-sow-editor-base\"\n\t\t\t\n\t\t>\n<div class=\"siteorigin-widget-tinymce textwidget\">\n\t<p style=\"text-align: center;\"><strong>Nombre de joueurs :<\/strong><br \/>\n4 - 8<\/p>\n<\/div>\n<\/div><\/div><\/div><div id=\"pgc-12321-0-1\"  class=\"panel-grid-cell\" ><div id=\"panel-12321-0-1-0\" class=\"so-panel widget widget_sow-editor panel-first-child panel-last-child\" data-index=\"1\" ><div\n\t\t\t\n\t\t\tclass=\"so-widget-sow-editor so-widget-sow-editor-base\"\n\t\t\t\n\t\t>\n<div class=\"siteorigin-widget-tinymce textwidget\">\n\t<p style=\"text-align: center;\"><strong>Dur\u00e9e moyenne :<\/strong><br \/>\n30 min<\/p>\n<\/div>\n<\/div><\/div><\/div><div id=\"pgc-12321-0-2\"  class=\"panel-grid-cell\" ><div id=\"panel-12321-0-2-0\" class=\"so-panel widget widget_sow-editor panel-first-child panel-last-child\" data-index=\"2\" ><div\n\t\t\t\n\t\t\tclass=\"so-widget-sow-editor so-widget-sow-editor-base\"\n\t\t\t\n\t\t>\n<div class=\"siteorigin-widget-tinymce textwidget\">\n\t<p style=\"text-align: center;\"><strong>Age :<\/strong><br \/>\n8 ans et plus<\/p>\n<\/div>\n<\/div><\/div><\/div><\/div><div id=\"pg-12321-1\"  class=\"panel-grid panel-no-style\" ><div id=\"pgc-12321-1-0\"  class=\"panel-grid-cell\" ><div id=\"panel-12321-1-0-0\" class=\"so-panel widget widget_sow-editor panel-first-child panel-last-child\" data-index=\"3\" ><div\n\t\t\t\n\t\t\tclass=\"so-widget-sow-editor so-widget-sow-editor-base\"\n\t\t\t\n\t\t>\n<div class=\"siteorigin-widget-tinymce textwidget\">\n\t<p style=\"text-align: center;\"><strong>Auteur(s) :<br \/>\n<\/strong><span class=\"data-siloing\" title=\"D\u00e9couvrez tous ces jeux\" data-siloing=\"https:\/\/www.philibertnet.com\/fr\/recherche?feature=31&amp;feature_value=Ludovic Maublanc\">Ludovic Maublanc<\/span><\/p>\n<\/div>\n<\/div><\/div><\/div><div id=\"pgc-12321-1-1\"  class=\"panel-grid-cell\" ><div id=\"panel-12321-1-1-0\" class=\"so-panel widget widget_sow-editor panel-first-child panel-last-child\" data-index=\"4\" ><div\n\t\t\t\n\t\t\tclass=\"so-widget-sow-editor so-widget-sow-editor-base\"\n\t\t\t\n\t\t>\n<div class=\"siteorigin-widget-tinymce textwidget\">\n\t<p style=\"text-align: center;\"><strong>Illustrations :<br \/>\n<\/strong><span class=\"data-siloing\" title=\"D\u00e9couvrez tous ces jeux\" data-siloing=\"https:\/\/www.philibertnet.com\/fr\/recherche?feature=41&amp;feature_value=Manny Trembley\">n\/a<br \/>\n<\/span><\/p>\n<\/div>\n<\/div><\/div><\/div><div id=\"pgc-12321-1-2\"  class=\"panel-grid-cell\" ><div id=\"panel-12321-1-2-0\" class=\"so-panel widget widget_sow-editor panel-first-child panel-last-child\" data-index=\"5\" ><div\n\t\t\t\n\t\t\tclass=\"so-widget-sow-editor so-widget-sow-editor-base\"\n\t\t\t\n\t\t>\n<div class=\"siteorigin-widget-tinymce textwidget\">\n\t<p style=\"text-align: center;\"><strong>\u00c9dition :<br \/>\n<\/strong><span class=\"data-siloing\" data-siloing=\" https:\/\/www.philibertnet.com\/fr\/1514_lucky-duck-games \">Repos Production <\/span><strong><br \/>\n<\/strong>2022<\/p>\n<\/div>\n<\/div><\/div><\/div><div id=\"pgc-12321-1-3\"  class=\"panel-grid-cell\" ><div id=\"panel-12321-1-3-0\" class=\"so-panel widget widget_sow-editor panel-first-child panel-last-child\" data-index=\"6\" ><div\n\t\t\t\n\t\t\tclass=\"so-widget-sow-editor so-widget-sow-editor-base\"\n\t\t\t\n\t\t>\n<div class=\"siteorigin-widget-tinymce textwidget\">\n\t<p style=\"text-align: center;\"><strong>Version :<\/strong><br \/>\nFran\u00e7aise<\/p>\n<\/div>\n<\/div><\/div><\/div><\/div><div id=\"pg-12321-2\"  class=\"panel-grid panel-no-style\" ><div id=\"pgc-12321-2-0\"  class=\"panel-grid-cell\" ><div id=\"panel-12321-2-0-0\" class=\"so-panel widget widget_sow-editor panel-first-child panel-last-child\" data-index=\"7\" ><div\n\t\t\t\n\t\t\tclass=\"so-widget-sow-editor so-widget-sow-editor-base\"\n\t\t\t\n\t\t>\n<div class=\"siteorigin-widget-tinymce textwidget\">\n\t<hr \/>\n<p><em>Enfilez votre robe de sorcier et saisissez votre baguette ! Le moment que vous attendiez tant est arriv\u00e9 :\u00a0<\/em><\/p>\n<p><em>Bienvenue a Poudlard ! <\/em><\/p>\n<p><em>Gryffondor, Poufsouffle, Serdaigle ou Serpentard, portez fi\u00e8rement les couleurs de votre Maison et soyez \u00e0 la hauteur de sa r\u00e9putation.<\/em><\/p>\n<p>Dans <em>Stup\u00e9fix<\/em>, \u00e0 chacune des 8 manches, pr\u00e9parez un Sort et pointez votre baguette vers un de vos adversaires. Ensuite, tous en m\u00eame temps, lancez votre Sort\u2026 ou prot\u00e9gez-vous !<br \/>\nCar si vous \u00eates stup\u00e9fix\u00e9s, vous risquez de faire perdre des points \u00e0 votre Maison. Seuls les sorciers les plus avis\u00e9s pourront se partager les R\u00e9compenses de la manche et ainsi faire gagner des points \u00e0 leur Maison.<\/p>\n<p>La Maison qui obtient le plus de points \u00e0 la fin de la partie remporte la victoire.<\/p>\n<\/div>\n<\/div><\/div><\/div><\/div><div id=\"pg-12321-3\"  class=\"panel-grid panel-no-style\" ><div id=\"pgc-12321-3-0\"  class=\"panel-grid-cell\" ><div id=\"panel-12321-3-0-0\" class=\"so-panel widget widget_sow-editor panel-first-child panel-last-child\" data-index=\"8\" ><div\n\t\t\t\n\t\t\tclass=\"so-widget-sow-editor so-widget-sow-editor-base\"\n\t\t\t\n\t\t>\n<div class=\"siteorigin-widget-tinymce textwidget\">\n\t<hr \/>\n<h3 style=\"text-align: center;\">En vid\u00e9o<\/h3>\n<p><a href=\"https:\/\/www.youtube.com\/watch?v=hJqsMGw-81k&amp;ab_channel=ReposProduction\" target=\"_blank\" rel=\"noopener\"><img loading=\"lazy\" decoding=\"async\" class=\"alignnone size-full wp-image-9090\" src=\"https:\/\/meeplendice.net\/wp-content\/uploads\/2022\/01\/Link_CJ_v2.png\" alt=\"\" width=\"200\" height=\"170\" \/><\/a><\/p>\n<\/div>\n<\/div><\/div><\/div><\/div><div id=\"pg-12321-4\"  class=\"panel-grid panel-no-style\" ><div id=\"pgc-12321-4-0\"  class=\"panel-grid-cell\" ><div id=\"panel-12321-4-0-0\" class=\"so-panel widget widget_sow-editor panel-first-child panel-last-child\" data-index=\"9\" ><div\n\t\t\t\n\t\t\tclass=\"so-widget-sow-editor so-widget-sow-editor-base\"\n\t\t\t\n\t\t>\n<div class=\"siteorigin-widget-tinymce textwidget\">\n\t<hr \/>\n<h3 style=\"text-align: center;\">Pour aller plus loin<\/h3>\n<\/div>\n<\/div><\/div><\/div><\/div><\/div>","protected":false},"excerpt":{"rendered":"<p>Nombre de joueurs : 4 &#8211; 8 Dur\u00e9e moyenne : 30 min Age : 8 ans et plus Auteur(s) : Ludovic Maublanc Illustrations : n\/a \u00c9dition : Repos Production 2022 Version : Fran\u00e7aise<\/p>\n","protected":false},"author":2,"featured_media":12163,"parent":0,"menu_order":0,"comment_status":"closed","ping_status":"closed","template":"","meta":{"footnotes":""},"class_list":["post-12321","page","type-page","status-publish","has-post-thumbnail","hentry"],"acf":[],"rttpg_featured_image_url":{"full":["https:\/\/meeplendice.net\/wp-content\/uploads\/2024\/07\/HP_Stupefix.png",350,350,false],"landscape":["https:\/\/meeplendice.net\/wp-content\/uploads\/2024\/07\/HP_Stupefix.png",350,350,false],"portraits":["https:\/\/meeplendice.net\/wp-content\/uploads\/2024\/07\/HP_Stupefix.png",350,350,false],"thumbnail":["https:\/\/meeplendice.net\/wp-content\/uploads\/2024\/07\/HP_Stupefix-150x150.png",150,150,true],"medium":["https:\/\/meeplendice.net\/wp-content\/uploads\/2024\/07\/HP_Stupefix-300x300.png",300,300,true],"large":["https:\/\/meeplendice.net\/wp-content\/uploads\/2024\/07\/HP_Stupefix.png",350,350,false],"ug_big":["https:\/\/meeplendice.net\/wp-content\/uploads\/2024\/07\/HP_Stupefix.png",350,350,false],"1536x1536":["https:\/\/meeplendice.net\/wp-content\/uploads\/2024\/07\/HP_Stupefix.png",350,350,false],"2048x2048":["https:\/\/meeplendice.net\/wp-content\/uploads\/2024\/07\/HP_Stupefix.png",350,350,false],"ashe-slider-grid-thumbnail":["https:\/\/meeplendice.net\/wp-content\/uploads\/2024\/07\/HP_Stupefix.png",350,350,false],"ashe-full-thumbnail":["https:\/\/meeplendice.net\/wp-content\/uploads\/2024\/07\/HP_Stupefix.png",350,350,false],"ashe-grid-thumbnail":["https:\/\/meeplendice.net\/wp-content\/uploads\/2024\/07\/HP_Stupefix-350x330.png",350,330,true],"ashe-list-thumbnail":["https:\/\/meeplendice.net\/wp-content\/uploads\/2024\/07\/HP_Stupefix-300x300.png",300,300,true],"ashe-single-navigation":["https:\/\/meeplendice.net\/wp-content\/uploads\/2024\/07\/HP_Stupefix-75x75.png",75,75,true],"mailpoet_newsletter_max":["https:\/\/meeplendice.net\/wp-content\/uploads\/2024\/07\/HP_Stupefix.png",350,350,false],"rpwe-thumbnail":["https:\/\/meeplendice.net\/wp-content\/uploads\/2024\/07\/HP_Stupefix-45x45.png",45,45,true],"sow-carousel-default":["https:\/\/meeplendice.net\/wp-content\/uploads\/2024\/07\/HP_Stupefix-272x182.png",272,182,true],"rt_custom":["https:\/\/meeplendice.net\/wp-content\/uploads\/2024\/07\/HP_Stupefix.png",350,350,false]},"rttpg_author":{"display_name":"Karnby","author_link":"https:\/\/meeplendice.net\/?author=2"},"rttpg_comment":0,"rttpg_category":null,"rttpg_excerpt":"Nombre de joueurs : 4 - 8 Dur\u00e9e moyenne : 30 min Age : 8 ans et plus Auteur(s) : Ludovic Maublanc Illustrations : n\/a \u00c9dition : Repos Production 2022 Version : Fran\u00e7aise","_links":{"self":[{"href":"https:\/\/meeplendice.net\/index.php?rest_route=\/wp\/v2\/pages\/12321","targetHints":{"allow":["GET"]}}],"collection":[{"href":"https:\/\/meeplendice.net\/index.php?rest_route=\/wp\/v2\/pages"}],"about":[{"href":"https:\/\/meeplendice.net\/index.php?rest_route=\/wp\/v2\/types\/page"}],"author":[{"embeddable":true,"href":"https:\/\/meeplendice.net\/index.php?rest_route=\/wp\/v2\/users\/2"}],"replies":[{"embeddable":true,"href":"https:\/\/meeplendice.net\/index.php?rest_route=%2Fwp%2Fv2%2Fcomments&post=12321"}],"version-history":[{"count":4,"href":"https:\/\/meeplendice.net\/index.php?rest_route=\/wp\/v2\/pages\/12321\/revisions"}],"predecessor-version":[{"id":12348,"href":"https:\/\/meeplendice.net\/index.php?rest_route=\/wp\/v2\/pages\/12321\/revisions\/12348"}],"wp:featuredmedia":[{"embeddable":true,"href":"https:\/\/meeplendice.net\/index.php?rest_route=\/wp\/v2\/media\/12163"}],"wp:attachment":[{"href":"https:\/\/meeplendice.net\/index.php?rest_route=%2Fwp%2Fv2%2Fmedia&parent=12321"}],"curies":[{"name":"wp","href":"https:\/\/api.w.org\/{rel}","templated":true}]}}