{"id":12324,"date":"2024-07-15T16:44:47","date_gmt":"2024-07-15T14:44:47","guid":{"rendered":"https:\/\/meeplendice.net\/?page_id=12324"},"modified":"2024-07-22T11:33:02","modified_gmt":"2024-07-22T09:33:02","slug":"sea-salt-paper","status":"publish","type":"page","link":"https:\/\/meeplendice.net\/?page_id=12324","title":{"rendered":"Sea Salt &#038; Paper"},"content":{"rendered":"<div id=\"pl-12324\"  class=\"panel-layout\" ><div id=\"pg-12324-0\"  class=\"panel-grid panel-no-style\" ><div id=\"pgc-12324-0-0\"  class=\"panel-grid-cell\" ><div id=\"panel-12324-0-0-0\" class=\"so-panel widget widget_sow-editor panel-first-child panel-last-child\" data-index=\"0\" ><div\n\t\t\t\n\t\t\tclass=\"so-widget-sow-editor so-widget-sow-editor-base\"\n\t\t\t\n\t\t>\n<div class=\"siteorigin-widget-tinymce textwidget\">\n\t<p style=\"text-align: center;\"><strong>Nombre de joueurs :<\/strong><br \/>\n2 - 4<\/p>\n<\/div>\n<\/div><\/div><\/div><div id=\"pgc-12324-0-1\"  class=\"panel-grid-cell\" ><div id=\"panel-12324-0-1-0\" class=\"so-panel widget widget_sow-editor panel-first-child panel-last-child\" data-index=\"1\" ><div\n\t\t\t\n\t\t\tclass=\"so-widget-sow-editor so-widget-sow-editor-base\"\n\t\t\t\n\t\t>\n<div class=\"siteorigin-widget-tinymce textwidget\">\n\t<p style=\"text-align: center;\"><strong>Dur\u00e9e moyenne :<\/strong><br \/>\n30 min<\/p>\n<\/div>\n<\/div><\/div><\/div><div id=\"pgc-12324-0-2\"  class=\"panel-grid-cell\" ><div id=\"panel-12324-0-2-0\" class=\"so-panel widget widget_sow-editor panel-first-child panel-last-child\" data-index=\"2\" ><div\n\t\t\t\n\t\t\tclass=\"so-widget-sow-editor so-widget-sow-editor-base\"\n\t\t\t\n\t\t>\n<div class=\"siteorigin-widget-tinymce textwidget\">\n\t<p style=\"text-align: center;\"><strong>Age :<\/strong><br \/>\n8 ans et plus<\/p>\n<\/div>\n<\/div><\/div><\/div><\/div><div id=\"pg-12324-1\"  class=\"panel-grid panel-no-style\" ><div id=\"pgc-12324-1-0\"  class=\"panel-grid-cell\" ><div id=\"panel-12324-1-0-0\" class=\"so-panel widget widget_sow-editor panel-first-child panel-last-child\" data-index=\"3\" ><div\n\t\t\t\n\t\t\tclass=\"so-widget-sow-editor so-widget-sow-editor-base\"\n\t\t\t\n\t\t>\n<div class=\"siteorigin-widget-tinymce textwidget\">\n\t<p style=\"text-align: center;\"><strong>Auteur(s) :<br \/>\n<\/strong>Bruno Cathala<br \/>\nTh\u00e9o Rivi\u00e8re<\/p>\n<\/div>\n<\/div><\/div><\/div><div id=\"pgc-12324-1-1\"  class=\"panel-grid-cell\" ><div id=\"panel-12324-1-1-0\" class=\"so-panel widget widget_sow-editor panel-first-child panel-last-child\" data-index=\"4\" ><div\n\t\t\t\n\t\t\tclass=\"so-widget-sow-editor so-widget-sow-editor-base\"\n\t\t\t\n\t\t>\n<div class=\"siteorigin-widget-tinymce textwidget\">\n\t<p style=\"text-align: center;\"><strong>Illustrations :<\/strong><br \/>\nPierre-Yves Gallard<br \/>\nLucien Derainne<\/p>\n<\/div>\n<\/div><\/div><\/div><div id=\"pgc-12324-1-2\"  class=\"panel-grid-cell\" ><div id=\"panel-12324-1-2-0\" class=\"so-panel widget widget_sow-editor panel-first-child panel-last-child\" data-index=\"5\" ><div\n\t\t\t\n\t\t\tclass=\"so-widget-sow-editor so-widget-sow-editor-base\"\n\t\t\t\n\t\t>\n<div class=\"siteorigin-widget-tinymce textwidget\">\n\t<p style=\"text-align: center;\"><strong>\u00c9dition :<\/strong><br \/>\n<span class=\"data-siloing\" data-siloing=\" https:\/\/www.philibertnet.com\/fr\/2326_legion-distribution \">Bombyx<\/span><br \/>\n2022<\/p>\n<\/div>\n<\/div><\/div><\/div><div id=\"pgc-12324-1-3\"  class=\"panel-grid-cell\" ><div id=\"panel-12324-1-3-0\" class=\"so-panel widget widget_sow-editor panel-first-child panel-last-child\" data-index=\"6\" ><div\n\t\t\t\n\t\t\tclass=\"so-widget-sow-editor so-widget-sow-editor-base\"\n\t\t\t\n\t\t>\n<div class=\"siteorigin-widget-tinymce textwidget\">\n\t<p style=\"text-align: center;\"><strong>Version :<\/strong><br \/>\nFran\u00e7aise<\/p>\n<\/div>\n<\/div><\/div><\/div><\/div><div id=\"pg-12324-2\"  class=\"panel-grid panel-no-style\" ><div id=\"pgc-12324-2-0\"  class=\"panel-grid-cell\" ><div id=\"panel-12324-2-0-0\" class=\"so-panel widget widget_sow-editor panel-first-child panel-last-child\" data-index=\"7\" ><div\n\t\t\t\n\t\t\tclass=\"so-widget-sow-editor so-widget-sow-editor-base\"\n\t\t\t\n\t\t>\n<div class=\"siteorigin-widget-tinymce textwidget\">\n\t<hr \/>\n<p><em>Cr\u00e9ez un oc\u00e9an de papiers pli\u00e9s. Constituez votre main, jouez vos effets, prenez l'initiative de stopper la manche. <\/em><br \/>\n<em>Pour tenter d'optimiser vos points, oserez-vous accorder aux autres un dernier tour ?<\/em><\/p>\n<p><em><span class=\"style-client-colored-text\">Sea Salt &amp; Paper<\/span><\/em> est simple : Constituez votre main, posez des cartes pour leur effet et d\u00e9cidez si vous mettez fin \u00e0 la manche. Mais vous devez choisir : stopper imm\u00e9diatement la manche ou laisser aux autres un tour suppl\u00e9mentaire pour tenter de creuser l\u2019\u00e9cart. C\u2019est un risque \u00e0 prendre\u2026<\/p>\n<\/div>\n<\/div><\/div><\/div><\/div><div id=\"pg-12324-3\"  class=\"panel-grid panel-no-style\" ><div id=\"pgc-12324-3-0\"  class=\"panel-grid-cell\" ><div id=\"panel-12324-3-0-0\" class=\"so-panel widget widget_sow-editor panel-first-child panel-last-child\" data-index=\"8\" ><div\n\t\t\t\n\t\t\tclass=\"so-widget-sow-editor so-widget-sow-editor-base\"\n\t\t\t\n\t\t>\n<div class=\"siteorigin-widget-tinymce textwidget\">\n\t<hr \/>\n<h3 style=\"text-align: center;\">En vid\u00e9o<\/h3>\n<p><a href=\"https:\/\/www.youtube.com\/watch?v=dPJggXzNfcc&amp;ab_channel=Bombyx%C3%89ditions\" target=\"_blank\" rel=\"noopener\"><img loading=\"lazy\" decoding=\"async\" class=\"alignnone size-full wp-image-9090\" src=\"https:\/\/meeplendice.net\/wp-content\/uploads\/2022\/01\/Link_CJ_v2.png\" alt=\"\" width=\"200\" height=\"170\" \/><\/a><\/p>\n<\/div>\n<\/div><\/div><\/div><\/div><div id=\"pg-12324-4\"  class=\"panel-grid panel-no-style\" ><div id=\"pgc-12324-4-0\"  class=\"panel-grid-cell\" ><div id=\"panel-12324-4-0-0\" class=\"so-panel widget widget_sow-editor panel-first-child panel-last-child\" data-index=\"9\" ><div\n\t\t\t\n\t\t\tclass=\"so-widget-sow-editor so-widget-sow-editor-base\"\n\t\t\t\n\t\t>\n<div class=\"siteorigin-widget-tinymce textwidget\">\n\t<hr \/>\n<h3 style=\"text-align: center;\">Extension(s)<\/h3>\n<style type='text\/css' media='all'>#rt-tpg-container-2523750879 .read-more a{border-radius:px;}#rt-tpg-container-2523750879 .rt-img-holder img.rt-img-responsive,#rt-tpg-container-2523750879 .rt-img-holder,\n\t\t\t\t\t#rt-tpg-container-2523750879 .rt-post-overlay .post-img,\n\t\t\t\t\t#rt-tpg-container-2523750879 .post-sm .post-img,\n\t\t\t\t\t#rt-tpg-container-2523750879 .rt-post-grid .post-img,\n\t\t\t\t\t#rt-tpg-container-2523750879 .post-img img {border-radius:px;}#rt-tpg-container-2523750879 .layout9 .rt-holder h2.entry-title,\n\t\t\t\t\t#rt-tpg-container-2523750879 .layout9 .rt-holder h3.entry-title,\n\t\t\t\t\t#rt-tpg-container-2523750879 .layout9 .rt-holder h4.entry-title,\n\t\t\t\t\t#rt-tpg-container-2523750879 .layout9 .rt-holder h2.entry-title a,\n\t\t\t\t\t#rt-tpg-container-2523750879 .layout9 .rt-holder h3.entry-title a,\n\t\t\t\t\t#rt-tpg-container-2523750879 .layout9 .rt-holder h4.entry-title a,\n\t\t\t\t\t#rt-tpg-container-2523750879 .rt-holder .rt-woo-info h2 a,\n\t\t\t\t\t#rt-tpg-container-2523750879 .rt-holder .rt-woo-info h3 a,\n\t\t\t\t\t#rt-tpg-container-2523750879 .rt-holder .rt-woo-info h4 a,\n\t\t\t\t\t#rt-tpg-container-2523750879 .post-content .post-title,\n\t\t\t\t\t#rt-tpg-container-2523750879 .rt-post-grid .post-title,\n\t\t\t\t\t#rt-tpg-container-2523750879 .rt-post-grid .post-title a,\n\t\t\t\t\t#rt-tpg-container-2523750879 .post-content .post-title a,\n\t\t\t\t\t#rt-tpg-container-2523750879 .rt-holder .rt-woo-info h2,\n\t\t\t\t\t#rt-tpg-container-2523750879 .rt-holder .rt-woo-info h3,\n\t\t\t\t\t#rt-tpg-container-2523750879 .rt-holder .rt-woo-info h4{font-size:16px;line-height:26px;font-weight:normal;text-align:center;}#rt-tpg-container-2523750879 .post-grid-lg-style-1 .post-title,\n\t\t\t\t\t\t#rt-tpg-container-2523750879 .post-grid-lg-style-1 .post-title a,\n\t\t\t\t\t\t#rt-tpg-container-2523750879 .big-layout .post-title,\n\t\t\t\t\t\t#rt-tpg-container-2523750879 .big-layout .post-title a,\n\t\t\t\t\t\t#rt-tpg-container-2523750879 .post-grid-lg-style-1 .post-title,\n\t\t\t\t\t\t#rt-tpg-container-2523750879 .post-grid-lg-style-1 .post-title a {font-size:24px;line-height:34px;}<\/style><div class='rt-container-fluid rt-tpg-container tpg-shortcode-main-wrapper ' id='rt-tpg-container-2523750879'   data-layout='layout9' data-grid-style='masonry' data-desktop-col='3'  data-tab-col='2'  data-mobile-col='1' data-sc-id='12361'><div data-title='Loading ...' class='rt-row rt-content-loader   layout9 tpg-masonry '><div class=\"rt-col-md-4 rt-col-sm-6 rt-col-xs-12 masonry-grid-item rt-grid-item img_zoom_in\" data-id=\"12359\"><div class=\"rt-holder\"><div class='overlay'><a data-id='12359' class=' tpg-single-popup' href='https:\/\/meeplendice.net\/?page_id=12359'><img loading=\"lazy\" decoding=\"async\" width=\"350\" height=\"350\" src=\"https:\/\/meeplendice.net\/wp-content\/uploads\/2024\/07\/SSP_ExtraSalt.png\" class=\"rt-img-responsive \" alt=\"\" \/><\/a><\/div><div class='post-info'><h3 class=\"entry-title\"><a data-id=\"12359\" class=\" tpg-single-popup\" href=\"https:\/\/meeplendice.net\/?page_id=12359\">Extra Salt<\/a><\/h3><div class='post-meta-user '><\/div><\/div><\/div><\/div><div class=\"rt-col-md-4 rt-col-sm-6 rt-col-xs-12 masonry-grid-item rt-grid-item img_zoom_in\" data-id=\"13659\"><div class=\"rt-holder\"><div class='overlay'><a data-id='13659' class=' tpg-single-popup' href='https:\/\/meeplendice.net\/?page_id=13659'><img loading=\"lazy\" decoding=\"async\" width=\"350\" height=\"350\" src=\"https:\/\/meeplendice.net\/wp-content\/uploads\/2025\/12\/SSP_ExtraPepper.png\" class=\"rt-img-responsive \" alt=\"\" \/><\/a><\/div><div class='post-info'><h3 class=\"entry-title\"><a data-id=\"13659\" class=\" tpg-single-popup\" href=\"https:\/\/meeplendice.net\/?page_id=13659\">Extra Pepper<\/a><\/h3><div class='post-meta-user '><\/div><\/div><\/div><\/div><\/div><div class='rt-pagination-wrap' data-total-pages='1' data-posts-per-page='3' data-type='pagination_ajax'  ><div class='rt-page-numbers'><\/div><\/div><\/div>\n<\/div>\n<\/div><\/div><\/div><\/div><div id=\"pg-12324-5\"  class=\"panel-grid panel-no-style\" ><div id=\"pgc-12324-5-0\"  class=\"panel-grid-cell\" ><div id=\"panel-12324-5-0-0\" class=\"so-panel widget widget_sow-editor panel-first-child panel-last-child\" data-index=\"10\" ><div\n\t\t\t\n\t\t\tclass=\"so-widget-sow-editor so-widget-sow-editor-base\"\n\t\t\t\n\t\t>\n<div class=\"siteorigin-widget-tinymce textwidget\">\n\t<hr \/>\n<h3 style=\"text-align: center;\">Pour aller plus loin<\/h3>\n<\/div>\n<\/div><\/div><\/div><\/div><\/div>","protected":false},"excerpt":{"rendered":"<p>Nombre de joueurs : 2 &#8211; 4 Dur\u00e9e moyenne : 30 min Age : 8 ans et plus Auteur(s) : Bruno Cathala Th\u00e9o Rivi\u00e8re Illustrations : Pierre-Yves Gallard Lucien Derainne \u00c9dition : Bombyx 2022 Version : Fran\u00e7aise<\/p>\n","protected":false},"author":2,"featured_media":12182,"parent":0,"menu_order":0,"comment_status":"closed","ping_status":"closed","template":"","meta":{"footnotes":""},"class_list":["post-12324","page","type-page","status-publish","has-post-thumbnail","hentry"],"acf":[],"rttpg_featured_image_url":{"full":["https:\/\/meeplendice.net\/wp-content\/uploads\/2024\/07\/SSP.png",350,350,false],"landscape":["https:\/\/meeplendice.net\/wp-content\/uploads\/2024\/07\/SSP.png",350,350,false],"portraits":["https:\/\/meeplendice.net\/wp-content\/uploads\/2024\/07\/SSP.png",350,350,false],"thumbnail":["https:\/\/meeplendice.net\/wp-content\/uploads\/2024\/07\/SSP-150x150.png",150,150,true],"medium":["https:\/\/meeplendice.net\/wp-content\/uploads\/2024\/07\/SSP-300x300.png",300,300,true],"large":["https:\/\/meeplendice.net\/wp-content\/uploads\/2024\/07\/SSP.png",350,350,false],"ug_big":["https:\/\/meeplendice.net\/wp-content\/uploads\/2024\/07\/SSP.png",350,350,false],"1536x1536":["https:\/\/meeplendice.net\/wp-content\/uploads\/2024\/07\/SSP.png",350,350,false],"2048x2048":["https:\/\/meeplendice.net\/wp-content\/uploads\/2024\/07\/SSP.png",350,350,false],"ashe-slider-grid-thumbnail":["https:\/\/meeplendice.net\/wp-content\/uploads\/2024\/07\/SSP.png",350,350,false],"ashe-full-thumbnail":["https:\/\/meeplendice.net\/wp-content\/uploads\/2024\/07\/SSP.png",350,350,false],"ashe-grid-thumbnail":["https:\/\/meeplendice.net\/wp-content\/uploads\/2024\/07\/SSP-350x330.png",350,330,true],"ashe-list-thumbnail":["https:\/\/meeplendice.net\/wp-content\/uploads\/2024\/07\/SSP-300x300.png",300,300,true],"ashe-single-navigation":["https:\/\/meeplendice.net\/wp-content\/uploads\/2024\/07\/SSP-75x75.png",75,75,true],"mailpoet_newsletter_max":["https:\/\/meeplendice.net\/wp-content\/uploads\/2024\/07\/SSP.png",350,350,false],"rpwe-thumbnail":["https:\/\/meeplendice.net\/wp-content\/uploads\/2024\/07\/SSP-45x45.png",45,45,true],"sow-carousel-default":["https:\/\/meeplendice.net\/wp-content\/uploads\/2024\/07\/SSP-272x182.png",272,182,true],"rt_custom":["https:\/\/meeplendice.net\/wp-content\/uploads\/2024\/07\/SSP.png",350,350,false]},"rttpg_author":{"display_name":"Karnby","author_link":"https:\/\/meeplendice.net\/?author=2"},"rttpg_comment":0,"rttpg_category":null,"rttpg_excerpt":"Nombre de joueurs : 2 - 4 Dur\u00e9e moyenne : 30 min Age : 8 ans et plus Auteur(s) : Bruno Cathala Th\u00e9o Rivi\u00e8re Illustrations : Pierre-Yves Gallard Lucien Derainne \u00c9dition : Bombyx 2022 Version : Fran\u00e7aise","_links":{"self":[{"href":"https:\/\/meeplendice.net\/index.php?rest_route=\/wp\/v2\/pages\/12324","targetHints":{"allow":["GET"]}}],"collection":[{"href":"https:\/\/meeplendice.net\/index.php?rest_route=\/wp\/v2\/pages"}],"about":[{"href":"https:\/\/meeplendice.net\/index.php?rest_route=\/wp\/v2\/types\/page"}],"author":[{"embeddable":true,"href":"https:\/\/meeplendice.net\/index.php?rest_route=\/wp\/v2\/users\/2"}],"replies":[{"embeddable":true,"href":"https:\/\/meeplendice.net\/index.php?rest_route=%2Fwp%2Fv2%2Fcomments&post=12324"}],"version-history":[{"count":3,"href":"https:\/\/meeplendice.net\/index.php?rest_route=\/wp\/v2\/pages\/12324\/revisions"}],"predecessor-version":[{"id":12362,"href":"https:\/\/meeplendice.net\/index.php?rest_route=\/wp\/v2\/pages\/12324\/revisions\/12362"}],"wp:featuredmedia":[{"embeddable":true,"href":"https:\/\/meeplendice.net\/index.php?rest_route=\/wp\/v2\/media\/12182"}],"wp:attachment":[{"href":"https:\/\/meeplendice.net\/index.php?rest_route=%2Fwp%2Fv2%2Fmedia&parent=12324"}],"curies":[{"name":"wp","href":"https:\/\/api.w.org\/{rel}","templated":true}]}}