{"id":12327,"date":"2024-07-15T16:45:26","date_gmt":"2024-07-15T14:45:26","guid":{"rendered":"https:\/\/meeplendice.net\/?page_id=12327"},"modified":"2024-07-16T12:02:12","modified_gmt":"2024-07-16T10:02:12","slug":"pixies-2","status":"publish","type":"page","link":"https:\/\/meeplendice.net\/?page_id=12327","title":{"rendered":"Pixies"},"content":{"rendered":"<div id=\"pl-12327\"  class=\"panel-layout\" ><div id=\"pg-12327-0\"  class=\"panel-grid panel-no-style\" ><div id=\"pgc-12327-0-0\"  class=\"panel-grid-cell\" ><div id=\"panel-12327-0-0-0\" class=\"so-panel widget widget_sow-editor panel-first-child panel-last-child\" data-index=\"0\" ><div\n\t\t\t\n\t\t\tclass=\"so-widget-sow-editor so-widget-sow-editor-base\"\n\t\t\t\n\t\t>\n<div class=\"siteorigin-widget-tinymce textwidget\">\n\t<p style=\"text-align: center;\"><strong>Nombre de joueurs :<\/strong><br \/>\n2 - 5<\/p>\n<\/div>\n<\/div><\/div><\/div><div id=\"pgc-12327-0-1\"  class=\"panel-grid-cell\" ><div id=\"panel-12327-0-1-0\" class=\"so-panel widget widget_sow-editor panel-first-child panel-last-child\" data-index=\"1\" ><div\n\t\t\t\n\t\t\tclass=\"so-widget-sow-editor so-widget-sow-editor-base\"\n\t\t\t\n\t\t>\n<div class=\"siteorigin-widget-tinymce textwidget\">\n\t<p style=\"text-align: center;\"><strong>Dur\u00e9e moyenne :<\/strong><br \/>\n30 min<\/p>\n<\/div>\n<\/div><\/div><\/div><div id=\"pgc-12327-0-2\"  class=\"panel-grid-cell\" ><div id=\"panel-12327-0-2-0\" class=\"so-panel widget widget_sow-editor panel-first-child panel-last-child\" data-index=\"2\" ><div\n\t\t\t\n\t\t\tclass=\"so-widget-sow-editor so-widget-sow-editor-base\"\n\t\t\t\n\t\t>\n<div class=\"siteorigin-widget-tinymce textwidget\">\n\t<p style=\"text-align: center;\"><strong>Age :<\/strong><br \/>\n8 ans et plus<\/p>\n<\/div>\n<\/div><\/div><\/div><\/div><div id=\"pg-12327-1\"  class=\"panel-grid panel-no-style\" ><div id=\"pgc-12327-1-0\"  class=\"panel-grid-cell\" ><div id=\"panel-12327-1-0-0\" class=\"so-panel widget widget_sow-editor panel-first-child panel-last-child\" data-index=\"3\" ><div\n\t\t\t\n\t\t\tclass=\"so-widget-sow-editor so-widget-sow-editor-base\"\n\t\t\t\n\t\t>\n<div class=\"siteorigin-widget-tinymce textwidget\">\n\t<p style=\"text-align: center;\"><strong>Auteur(s) :<br \/>\n<\/strong><span class=\"data-siloing\" title=\"D\u00e9couvrez tous ces jeux\" data-siloing=\"https:\/\/www.philibertnet.com\/fr\/recherche?feature=31&amp;feature_value=Johannes Goupy\">Johannes Goupy<\/span><\/p>\n<\/div>\n<\/div><\/div><\/div><div id=\"pgc-12327-1-1\"  class=\"panel-grid-cell\" ><div id=\"panel-12327-1-1-0\" class=\"so-panel widget widget_sow-editor panel-first-child panel-last-child\" data-index=\"4\" ><div\n\t\t\t\n\t\t\tclass=\"so-widget-sow-editor so-widget-sow-editor-base\"\n\t\t\t\n\t\t>\n<div class=\"siteorigin-widget-tinymce textwidget\">\n\t<p style=\"text-align: center;\"><strong>Illustrations :<\/strong><br \/>\n<span class=\"data-siloing\" title=\"D\u00e9couvrez tous ces jeux\" data-siloing=\"https:\/\/www.philibertnet.com\/fr\/recherche?feature=41&amp;feature_value=Sylvain Trabut\">Sylvain Trabut<\/span><\/p>\n<\/div>\n<\/div><\/div><\/div><div id=\"pgc-12327-1-2\"  class=\"panel-grid-cell\" ><div id=\"panel-12327-1-2-0\" class=\"so-panel widget widget_sow-editor panel-first-child panel-last-child\" data-index=\"5\" ><div\n\t\t\t\n\t\t\tclass=\"so-widget-sow-editor so-widget-sow-editor-base\"\n\t\t\t\n\t\t>\n<div class=\"siteorigin-widget-tinymce textwidget\">\n\t<p style=\"text-align: center;\"><strong>\u00c9dition :<\/strong><br \/>\n<span class=\"data-siloing\" data-siloing=\"\n\n                                                            https:\/\/www.philibertnet.com\/fr\/616_bombyx\n\n                            \">Bombyx<\/span><br \/>\n2024<\/p>\n<\/div>\n<\/div><\/div><\/div><div id=\"pgc-12327-1-3\"  class=\"panel-grid-cell\" ><div id=\"panel-12327-1-3-0\" class=\"so-panel widget widget_sow-editor panel-first-child panel-last-child\" data-index=\"6\" ><div\n\t\t\t\n\t\t\tclass=\"so-widget-sow-editor so-widget-sow-editor-base\"\n\t\t\t\n\t\t>\n<div class=\"siteorigin-widget-tinymce textwidget\">\n\t<p style=\"text-align: center;\"><strong>Version :<\/strong><br \/>\nFran\u00e7aise<\/p>\n<\/div>\n<\/div><\/div><\/div><\/div><div id=\"pg-12327-2\"  class=\"panel-grid panel-no-style\" ><div id=\"pgc-12327-2-0\"  class=\"panel-grid-cell\" ><div id=\"panel-12327-2-0-0\" class=\"so-panel widget widget_sow-editor panel-first-child panel-last-child\" data-index=\"7\" ><div\n\t\t\t\n\t\t\tclass=\"so-widget-sow-editor so-widget-sow-editor-base\"\n\t\t\t\n\t\t>\n<div class=\"siteorigin-widget-tinymce textwidget\">\n\t<hr \/>\n<p><em>Quand passent les saisons, surgissent les \u00eatres de nature. Choisissez une carte, placez-la selon son chiffre. Deux cartes superpos\u00e9es vous rapportent des points, ainsi qe votre plus grande zone de couleur.<\/em><\/p>\n<p>Dans <em><span class=\"style-client-colored-text\">Pixies<\/span><\/em>, traversez les saisons \u00e0 la rencontre d\u2019\u00eatres surgis d\u2019une fleur ou abrit\u00e9s au creux des arbres.<\/p>\n<p>Pour gagner, vous devez cumuler le plus de points \u00e0 l\u2019issue des 3 manches, en pla\u00e7ant astucieusement vos cartes dans votre aire de jeu.<br \/>\nElles peuvent vous rapporter des points en fonction de leur chiffre, de leur couleur et des symboles (spirales ou croix) indiqu\u00e9s dessus.<\/p>\n<p>\u00c0 votre tour, parmi les cartes r\u00e9v\u00e9l\u00e9es, choisissez-en une, mais attention \u00e0 celles que vous laissez aux autres ! Placez-la dans votre aire de jeu selon son chiffre.<br \/>\nLes cartes plac\u00e9es l\u2019une sur l\u2019autre sont valid\u00e9es et rapportent des points en fin de manche ainsi que votre plus grande zone de couleur et vos spirales.<\/p>\n<p>C'est simple ! Mais vous verrez que les autres joueurs ne seront pas avares de mauvais conseils\u2026<\/p>\n<\/div>\n<\/div><\/div><\/div><\/div><div id=\"pg-12327-3\"  class=\"panel-grid panel-no-style\" ><div id=\"pgc-12327-3-0\"  class=\"panel-grid-cell\" ><div id=\"panel-12327-3-0-0\" class=\"so-panel widget widget_sow-editor panel-first-child panel-last-child\" data-index=\"8\" ><div\n\t\t\t\n\t\t\tclass=\"so-widget-sow-editor so-widget-sow-editor-base\"\n\t\t\t\n\t\t>\n<div class=\"siteorigin-widget-tinymce textwidget\">\n\t<hr \/>\n<h3 style=\"text-align: center;\">En vid\u00e9o<\/h3>\n<p><a href=\"https:\/\/www.youtube.com\/watch?v=59t4NlZKEcM\" target=\"_blank\" rel=\"noopener\"><img loading=\"lazy\" decoding=\"async\" class=\"alignnone size-full wp-image-9090\" src=\"https:\/\/meeplendice.net\/wp-content\/uploads\/2022\/01\/Link_CJ_v2.png\" alt=\"\" width=\"200\" height=\"170\" \/><\/a><\/p>\n<\/div>\n<\/div><\/div><\/div><\/div><div id=\"pg-12327-4\"  class=\"panel-grid panel-no-style\" ><div id=\"pgc-12327-4-0\"  class=\"panel-grid-cell\" ><div id=\"panel-12327-4-0-0\" class=\"so-panel widget widget_sow-editor panel-first-child panel-last-child\" data-index=\"9\" ><div\n\t\t\t\n\t\t\tclass=\"so-widget-sow-editor so-widget-sow-editor-base\"\n\t\t\t\n\t\t>\n<div class=\"siteorigin-widget-tinymce textwidget\">\n\t<hr \/>\n<h3 style=\"text-align: center;\">Pour aller plus loin<\/h3>\n<\/div>\n<\/div><\/div><\/div><\/div><\/div>","protected":false},"excerpt":{"rendered":"<p>Nombre de joueurs : 2 &#8211; 5 Dur\u00e9e moyenne : 30 min Age : 8 ans et plus Auteur(s) : Johannes Goupy Illustrations : Sylvain Trabut \u00c9dition : Bombyx 2024 Version : Fran\u00e7aise<\/p>\n","protected":false},"author":2,"featured_media":12183,"parent":0,"menu_order":0,"comment_status":"closed","ping_status":"closed","template":"","meta":{"footnotes":""},"class_list":["post-12327","page","type-page","status-publish","has-post-thumbnail","hentry"],"acf":[],"rttpg_featured_image_url":{"full":["https:\/\/meeplendice.net\/wp-content\/uploads\/2024\/07\/Pixies.png",350,350,false],"landscape":["https:\/\/meeplendice.net\/wp-content\/uploads\/2024\/07\/Pixies.png",350,350,false],"portraits":["https:\/\/meeplendice.net\/wp-content\/uploads\/2024\/07\/Pixies.png",350,350,false],"thumbnail":["https:\/\/meeplendice.net\/wp-content\/uploads\/2024\/07\/Pixies-150x150.png",150,150,true],"medium":["https:\/\/meeplendice.net\/wp-content\/uploads\/2024\/07\/Pixies-300x300.png",300,300,true],"large":["https:\/\/meeplendice.net\/wp-content\/uploads\/2024\/07\/Pixies.png",350,350,false],"ug_big":["https:\/\/meeplendice.net\/wp-content\/uploads\/2024\/07\/Pixies.png",350,350,false],"1536x1536":["https:\/\/meeplendice.net\/wp-content\/uploads\/2024\/07\/Pixies.png",350,350,false],"2048x2048":["https:\/\/meeplendice.net\/wp-content\/uploads\/2024\/07\/Pixies.png",350,350,false],"ashe-slider-grid-thumbnail":["https:\/\/meeplendice.net\/wp-content\/uploads\/2024\/07\/Pixies.png",350,350,false],"ashe-full-thumbnail":["https:\/\/meeplendice.net\/wp-content\/uploads\/2024\/07\/Pixies.png",350,350,false],"ashe-grid-thumbnail":["https:\/\/meeplendice.net\/wp-content\/uploads\/2024\/07\/Pixies-350x330.png",350,330,true],"ashe-list-thumbnail":["https:\/\/meeplendice.net\/wp-content\/uploads\/2024\/07\/Pixies-300x300.png",300,300,true],"ashe-single-navigation":["https:\/\/meeplendice.net\/wp-content\/uploads\/2024\/07\/Pixies-75x75.png",75,75,true],"mailpoet_newsletter_max":["https:\/\/meeplendice.net\/wp-content\/uploads\/2024\/07\/Pixies.png",350,350,false],"rpwe-thumbnail":["https:\/\/meeplendice.net\/wp-content\/uploads\/2024\/07\/Pixies-45x45.png",45,45,true],"sow-carousel-default":["https:\/\/meeplendice.net\/wp-content\/uploads\/2024\/07\/Pixies-272x182.png",272,182,true],"rt_custom":["https:\/\/meeplendice.net\/wp-content\/uploads\/2024\/07\/Pixies.png",350,350,false]},"rttpg_author":{"display_name":"Karnby","author_link":"https:\/\/meeplendice.net\/?author=2"},"rttpg_comment":0,"rttpg_category":null,"rttpg_excerpt":"Nombre de joueurs : 2 - 5 Dur\u00e9e moyenne : 30 min Age : 8 ans et plus Auteur(s) : Johannes Goupy Illustrations : Sylvain Trabut \u00c9dition : Bombyx 2024 Version : Fran\u00e7aise","_links":{"self":[{"href":"https:\/\/meeplendice.net\/index.php?rest_route=\/wp\/v2\/pages\/12327","targetHints":{"allow":["GET"]}}],"collection":[{"href":"https:\/\/meeplendice.net\/index.php?rest_route=\/wp\/v2\/pages"}],"about":[{"href":"https:\/\/meeplendice.net\/index.php?rest_route=\/wp\/v2\/types\/page"}],"author":[{"embeddable":true,"href":"https:\/\/meeplendice.net\/index.php?rest_route=\/wp\/v2\/users\/2"}],"replies":[{"embeddable":true,"href":"https:\/\/meeplendice.net\/index.php?rest_route=%2Fwp%2Fv2%2Fcomments&post=12327"}],"version-history":[{"count":4,"href":"https:\/\/meeplendice.net\/index.php?rest_route=\/wp\/v2\/pages\/12327\/revisions"}],"predecessor-version":[{"id":12335,"href":"https:\/\/meeplendice.net\/index.php?rest_route=\/wp\/v2\/pages\/12327\/revisions\/12335"}],"wp:featuredmedia":[{"embeddable":true,"href":"https:\/\/meeplendice.net\/index.php?rest_route=\/wp\/v2\/media\/12183"}],"wp:attachment":[{"href":"https:\/\/meeplendice.net\/index.php?rest_route=%2Fwp%2Fv2%2Fmedia&parent=12327"}],"curies":[{"name":"wp","href":"https:\/\/api.w.org\/{rel}","templated":true}]}}