{"id":12329,"date":"2024-07-15T16:53:51","date_gmt":"2024-07-15T14:53:51","guid":{"rendered":"https:\/\/meeplendice.net\/?page_id=12329"},"modified":"2024-07-16T23:52:53","modified_gmt":"2024-07-16T21:52:53","slug":"monsieur-carrousel","status":"publish","type":"page","link":"https:\/\/meeplendice.net\/?page_id=12329","title":{"rendered":"Monsieur Carrousel"},"content":{"rendered":"<div id=\"pl-12329\"  class=\"panel-layout\" ><div id=\"pg-12329-0\"  class=\"panel-grid panel-no-style\" ><div id=\"pgc-12329-0-0\"  class=\"panel-grid-cell\" ><div id=\"panel-12329-0-0-0\" class=\"so-panel widget widget_sow-editor panel-first-child panel-last-child\" data-index=\"0\" ><div\n\t\t\t\n\t\t\tclass=\"so-widget-sow-editor so-widget-sow-editor-base\"\n\t\t\t\n\t\t>\n<div class=\"siteorigin-widget-tinymce textwidget\">\n\t<p style=\"text-align: center;\"><strong>Nombre de joueurs :<\/strong><br \/>\n1 - 6<\/p>\n<\/div>\n<\/div><\/div><\/div><div id=\"pgc-12329-0-1\"  class=\"panel-grid-cell\" ><div id=\"panel-12329-0-1-0\" class=\"so-panel widget widget_sow-editor panel-first-child panel-last-child\" data-index=\"1\" ><div\n\t\t\t\n\t\t\tclass=\"so-widget-sow-editor so-widget-sow-editor-base\"\n\t\t\t\n\t\t>\n<div class=\"siteorigin-widget-tinymce textwidget\">\n\t<p style=\"text-align: center;\"><strong>Dur\u00e9e moyenne :<\/strong><br \/>\n15 min<\/p>\n<\/div>\n<\/div><\/div><\/div><div id=\"pgc-12329-0-2\"  class=\"panel-grid-cell\" ><div id=\"panel-12329-0-2-0\" class=\"so-panel widget widget_sow-editor panel-first-child panel-last-child\" data-index=\"2\" ><div\n\t\t\t\n\t\t\tclass=\"so-widget-sow-editor so-widget-sow-editor-base\"\n\t\t\t\n\t\t>\n<div class=\"siteorigin-widget-tinymce textwidget\">\n\t<p style=\"text-align: center;\"><strong>Age :<\/strong><br \/>\n4 ans et plus<\/p>\n<\/div>\n<\/div><\/div><\/div><\/div><div id=\"pg-12329-1\"  class=\"panel-grid panel-no-style\" ><div id=\"pgc-12329-1-0\"  class=\"panel-grid-cell\" ><div id=\"panel-12329-1-0-0\" class=\"so-panel widget widget_sow-editor panel-first-child panel-last-child\" data-index=\"3\" ><div\n\t\t\t\n\t\t\tclass=\"so-widget-sow-editor so-widget-sow-editor-base\"\n\t\t\t\n\t\t>\n<div class=\"siteorigin-widget-tinymce textwidget\">\n\t<p style=\"text-align: center;\"><strong>Auteur(s) :<br \/>\n<\/strong><span class=\"data-siloing\" title=\"D\u00e9couvrez tous ces jeux\" data-siloing=\"https:\/\/www.philibertnet.com\/fr\/recherche?feature=31&amp;feature_value=Sara Zarian\">Sara Zarian<\/span><\/p>\n<\/div>\n<\/div><\/div><\/div><div id=\"pgc-12329-1-1\"  class=\"panel-grid-cell\" ><div id=\"panel-12329-1-1-0\" class=\"so-panel widget widget_sow-editor panel-first-child panel-last-child\" data-index=\"4\" ><div\n\t\t\t\n\t\t\tclass=\"so-widget-sow-editor so-widget-sow-editor-base\"\n\t\t\t\n\t\t>\n<div class=\"siteorigin-widget-tinymce textwidget\">\n\t<p style=\"text-align: center;\"><strong>Illustrations :<br \/>\n<\/strong><span class=\"data-siloing\" title=\"D\u00e9couvrez tous ces jeux\" data-siloing=\"https:\/\/www.philibertnet.com\/fr\/recherche?feature=41&amp;feature_value=Manny Trembley\">Apolline Etienne<\/span><\/p>\n<\/div>\n<\/div><\/div><\/div><div id=\"pgc-12329-1-2\"  class=\"panel-grid-cell\" ><div id=\"panel-12329-1-2-0\" class=\"so-panel widget widget_sow-editor panel-first-child panel-last-child\" data-index=\"5\" ><div\n\t\t\t\n\t\t\tclass=\"so-widget-sow-editor so-widget-sow-editor-base\"\n\t\t\t\n\t\t>\n<div class=\"siteorigin-widget-tinymce textwidget\">\n\t<p style=\"text-align: center;\"><strong>\u00c9dition :<br \/>\n<\/strong><span class=\"data-siloing\" data-siloing=\" https:\/\/www.philibertnet.com\/fr\/1514_lucky-duck-games \">Loki<\/span><strong><br \/>\n<\/strong>2019<\/p>\n<\/div>\n<\/div><\/div><\/div><div id=\"pgc-12329-1-3\"  class=\"panel-grid-cell\" ><div id=\"panel-12329-1-3-0\" class=\"so-panel widget widget_sow-editor panel-first-child panel-last-child\" data-index=\"6\" ><div\n\t\t\t\n\t\t\tclass=\"so-widget-sow-editor so-widget-sow-editor-base\"\n\t\t\t\n\t\t>\n<div class=\"siteorigin-widget-tinymce textwidget\">\n\t<p style=\"text-align: center;\"><strong>Version :<\/strong><br \/>\nFran\u00e7aise<\/p>\n<\/div>\n<\/div><\/div><\/div><\/div><div id=\"pg-12329-2\"  class=\"panel-grid panel-no-style\" ><div id=\"pgc-12329-2-0\"  class=\"panel-grid-cell\" ><div id=\"panel-12329-2-0-0\" class=\"so-panel widget widget_sow-editor panel-first-child panel-last-child\" data-index=\"7\" ><div\n\t\t\t\n\t\t\tclass=\"so-widget-sow-editor so-widget-sow-editor-base\"\n\t\t\t\n\t\t>\n<div class=\"siteorigin-widget-tinymce textwidget\">\n\t<hr \/>\n<p><em>Barbes \u00e0 papa, grande roue, p\u00eache aux canards... la f\u00eate foraine bat son plein.<\/em><br \/>\n<em>Et une attraction attire tout particuli\u00e8rement l'attention des enfants : le Carrousel !<\/em><\/p>\n<p><em>Tous veulent faire un tour sur ce fabuleux man\u00e8ge, mais Monsieur Carrousel regarde vers le ciel... de gros nuages commencent \u00e0 cacher le soleil. Esp\u00e9rons que tous pourront monter sur le man\u00e8ge avant que la pluie ne tombe et qu'il ne soit oblig\u00e9 de fermer l'attraction !<\/em><\/p>\n<p><em>Monsieur Carrousel<\/em> est un jeu coop\u00e9ratif o\u00f9 vous allez devoir faire monter tous les enfants sur le man\u00e8ge avant que la pluie ne tombe et que Monsieur Carrousel ne ferme son attraction. Tu vas placer les enfants \u00e0 l\u2019aide du d\u00e9. Il faudra bien retenir sur quels si\u00e8ges les enfants sont install\u00e9s : Monsieur Carrousel te le demandera au cours de la partie ! Si tu r\u00e9ponds correctement, le soleil brillera mais si tu te trompes, \u00e7a fera tomber la pluie !<br \/>\nTout au long de la partie, tu tourneras le man\u00e8ge ! Si tu r\u00e9ussis \u00e0 installer tous les enfants sur le man\u00e8ge avant que les gouttes de pluie soient tomb\u00e9es : c\u2019est gagn\u00e9 !<\/p>\n<\/div>\n<\/div><\/div><\/div><\/div><div id=\"pg-12329-3\"  class=\"panel-grid panel-no-style\" ><div id=\"pgc-12329-3-0\"  class=\"panel-grid-cell\" ><div id=\"panel-12329-3-0-0\" class=\"so-panel widget widget_sow-editor panel-first-child panel-last-child\" data-index=\"8\" ><div\n\t\t\t\n\t\t\tclass=\"so-widget-sow-editor so-widget-sow-editor-base\"\n\t\t\t\n\t\t>\n<div class=\"siteorigin-widget-tinymce textwidget\">\n\t<hr \/>\n<h3 style=\"text-align: center;\">En vid\u00e9o<\/h3>\n<p><a href=\"https:\/\/www.youtube.com\/watch?v=8rSpxKO-fSg\" target=\"_blank\" rel=\"noopener\"><img loading=\"lazy\" decoding=\"async\" class=\"alignnone size-full wp-image-9090\" src=\"https:\/\/meeplendice.net\/wp-content\/uploads\/2022\/01\/Link_CJ_v2.png\" alt=\"\" width=\"200\" height=\"170\" \/><\/a><\/p>\n<\/div>\n<\/div><\/div><\/div><\/div><div id=\"pg-12329-4\"  class=\"panel-grid panel-no-style\" ><div id=\"pgc-12329-4-0\"  class=\"panel-grid-cell\" ><div id=\"panel-12329-4-0-0\" class=\"so-panel widget widget_sow-editor panel-first-child panel-last-child\" data-index=\"9\" ><div\n\t\t\t\n\t\t\tclass=\"so-widget-sow-editor so-widget-sow-editor-base\"\n\t\t\t\n\t\t>\n<div class=\"siteorigin-widget-tinymce textwidget\">\n\t<hr \/>\n<h3 style=\"text-align: center;\">Pour aller plus loin<\/h3>\n<\/div>\n<\/div><\/div><\/div><\/div><\/div>","protected":false},"excerpt":{"rendered":"<p>Nombre de joueurs : 1 &#8211; 6 Dur\u00e9e moyenne : 15 min Age : 4 ans et plus Auteur(s) : Sara Zarian Illustrations : Apolline Etienne \u00c9dition : Loki 2019 Version : Fran\u00e7aise<\/p>\n","protected":false},"author":2,"featured_media":12160,"parent":0,"menu_order":0,"comment_status":"closed","ping_status":"closed","template":"","meta":{"footnotes":""},"class_list":["post-12329","page","type-page","status-publish","has-post-thumbnail","hentry"],"acf":[],"rttpg_featured_image_url":{"full":["https:\/\/meeplendice.net\/wp-content\/uploads\/2024\/07\/Monsieur_Carrousel.png",350,350,false],"landscape":["https:\/\/meeplendice.net\/wp-content\/uploads\/2024\/07\/Monsieur_Carrousel.png",350,350,false],"portraits":["https:\/\/meeplendice.net\/wp-content\/uploads\/2024\/07\/Monsieur_Carrousel.png",350,350,false],"thumbnail":["https:\/\/meeplendice.net\/wp-content\/uploads\/2024\/07\/Monsieur_Carrousel-150x150.png",150,150,true],"medium":["https:\/\/meeplendice.net\/wp-content\/uploads\/2024\/07\/Monsieur_Carrousel-300x300.png",300,300,true],"large":["https:\/\/meeplendice.net\/wp-content\/uploads\/2024\/07\/Monsieur_Carrousel.png",350,350,false],"ug_big":["https:\/\/meeplendice.net\/wp-content\/uploads\/2024\/07\/Monsieur_Carrousel.png",350,350,false],"1536x1536":["https:\/\/meeplendice.net\/wp-content\/uploads\/2024\/07\/Monsieur_Carrousel.png",350,350,false],"2048x2048":["https:\/\/meeplendice.net\/wp-content\/uploads\/2024\/07\/Monsieur_Carrousel.png",350,350,false],"ashe-slider-grid-thumbnail":["https:\/\/meeplendice.net\/wp-content\/uploads\/2024\/07\/Monsieur_Carrousel.png",350,350,false],"ashe-full-thumbnail":["https:\/\/meeplendice.net\/wp-content\/uploads\/2024\/07\/Monsieur_Carrousel.png",350,350,false],"ashe-grid-thumbnail":["https:\/\/meeplendice.net\/wp-content\/uploads\/2024\/07\/Monsieur_Carrousel-350x330.png",350,330,true],"ashe-list-thumbnail":["https:\/\/meeplendice.net\/wp-content\/uploads\/2024\/07\/Monsieur_Carrousel-300x300.png",300,300,true],"ashe-single-navigation":["https:\/\/meeplendice.net\/wp-content\/uploads\/2024\/07\/Monsieur_Carrousel-75x75.png",75,75,true],"mailpoet_newsletter_max":["https:\/\/meeplendice.net\/wp-content\/uploads\/2024\/07\/Monsieur_Carrousel.png",350,350,false],"rpwe-thumbnail":["https:\/\/meeplendice.net\/wp-content\/uploads\/2024\/07\/Monsieur_Carrousel-45x45.png",45,45,true],"sow-carousel-default":["https:\/\/meeplendice.net\/wp-content\/uploads\/2024\/07\/Monsieur_Carrousel-272x182.png",272,182,true],"rt_custom":["https:\/\/meeplendice.net\/wp-content\/uploads\/2024\/07\/Monsieur_Carrousel.png",350,350,false]},"rttpg_author":{"display_name":"Karnby","author_link":"https:\/\/meeplendice.net\/?author=2"},"rttpg_comment":0,"rttpg_category":null,"rttpg_excerpt":"Nombre de joueurs : 1 - 6 Dur\u00e9e moyenne : 15 min Age : 4 ans et plus Auteur(s) : Sara Zarian Illustrations : Apolline Etienne \u00c9dition : Loki 2019 Version : Fran\u00e7aise","_links":{"self":[{"href":"https:\/\/meeplendice.net\/index.php?rest_route=\/wp\/v2\/pages\/12329","targetHints":{"allow":["GET"]}}],"collection":[{"href":"https:\/\/meeplendice.net\/index.php?rest_route=\/wp\/v2\/pages"}],"about":[{"href":"https:\/\/meeplendice.net\/index.php?rest_route=\/wp\/v2\/types\/page"}],"author":[{"embeddable":true,"href":"https:\/\/meeplendice.net\/index.php?rest_route=\/wp\/v2\/users\/2"}],"replies":[{"embeddable":true,"href":"https:\/\/meeplendice.net\/index.php?rest_route=%2Fwp%2Fv2%2Fcomments&post=12329"}],"version-history":[{"count":2,"href":"https:\/\/meeplendice.net\/index.php?rest_route=\/wp\/v2\/pages\/12329\/revisions"}],"predecessor-version":[{"id":12342,"href":"https:\/\/meeplendice.net\/index.php?rest_route=\/wp\/v2\/pages\/12329\/revisions\/12342"}],"wp:featuredmedia":[{"embeddable":true,"href":"https:\/\/meeplendice.net\/index.php?rest_route=\/wp\/v2\/media\/12160"}],"wp:attachment":[{"href":"https:\/\/meeplendice.net\/index.php?rest_route=%2Fwp%2Fv2%2Fmedia&parent=12329"}],"curies":[{"name":"wp","href":"https:\/\/api.w.org\/{rel}","templated":true}]}}