{"id":12367,"date":"2024-07-22T12:27:52","date_gmt":"2024-07-22T10:27:52","guid":{"rendered":"https:\/\/meeplendice.net\/?page_id=12367"},"modified":"2024-07-22T12:27:52","modified_gmt":"2024-07-22T10:27:52","slug":"babbey-kux","status":"publish","type":"page","link":"https:\/\/meeplendice.net\/?page_id=12367","title":{"rendered":"Babbey &#038; Kux"},"content":{"rendered":"<p><span class=\"HwtZe\" lang=\"fr\"><span class=\"jCAhz ChMk0b\"><span class=\"ryNqvb\">Kuxcoatl de l&rsquo;artiste Tom Babbey de Dragons of the Red Moon a \u00e9t\u00e9 recr\u00e9\u00e9 dans le style de Dodos Riding Dinos.<\/span><\/span> <span class=\"jCAhz ChMk0b\"><span class=\"ryNqvb\">Cette extension contient une figurine en plastique, un meeple en bois et sa carte Dino Rider.<\/span><\/span><\/span><\/p>\n<p style=\"text-align: justify;\"><span id=\"result_box\" class=\"\" lang=\"fr\"><span class=\"\">\u00a0<\/span><\/span><\/p>\n","protected":false},"excerpt":{"rendered":"<p>Kuxcoatl de l&rsquo;artiste Tom Babbey de Dragons of the Red Moon a \u00e9t\u00e9 recr\u00e9\u00e9 dans le style de Dodos Riding Dinos. Cette extension contient une figurine en plastique, un meeple en bois et sa carte Dino Rider. \u00a0<\/p>\n","protected":false},"author":2,"featured_media":12369,"parent":9842,"menu_order":2,"comment_status":"closed","ping_status":"closed","template":"","meta":{"footnotes":""},"class_list":["post-12367","page","type-page","status-publish","has-post-thumbnail","hentry"],"acf":[],"rttpg_featured_image_url":{"full":["https:\/\/meeplendice.net\/wp-content\/uploads\/2024\/07\/DRD_BabbeyKux.jpg",350,350,false],"landscape":["https:\/\/meeplendice.net\/wp-content\/uploads\/2024\/07\/DRD_BabbeyKux.jpg",350,350,false],"portraits":["https:\/\/meeplendice.net\/wp-content\/uploads\/2024\/07\/DRD_BabbeyKux.jpg",350,350,false],"thumbnail":["https:\/\/meeplendice.net\/wp-content\/uploads\/2024\/07\/DRD_BabbeyKux-150x150.jpg",150,150,true],"medium":["https:\/\/meeplendice.net\/wp-content\/uploads\/2024\/07\/DRD_BabbeyKux-300x300.jpg",300,300,true],"large":["https:\/\/meeplendice.net\/wp-content\/uploads\/2024\/07\/DRD_BabbeyKux.jpg",350,350,false],"ug_big":["https:\/\/meeplendice.net\/wp-content\/uploads\/2024\/07\/DRD_BabbeyKux.jpg",350,350,false],"1536x1536":["https:\/\/meeplendice.net\/wp-content\/uploads\/2024\/07\/DRD_BabbeyKux.jpg",350,350,false],"2048x2048":["https:\/\/meeplendice.net\/wp-content\/uploads\/2024\/07\/DRD_BabbeyKux.jpg",350,350,false],"ashe-slider-grid-thumbnail":["https:\/\/meeplendice.net\/wp-content\/uploads\/2024\/07\/DRD_BabbeyKux.jpg",350,350,false],"ashe-full-thumbnail":["https:\/\/meeplendice.net\/wp-content\/uploads\/2024\/07\/DRD_BabbeyKux.jpg",350,350,false],"ashe-grid-thumbnail":["https:\/\/meeplendice.net\/wp-content\/uploads\/2024\/07\/DRD_BabbeyKux-350x330.jpg",350,330,true],"ashe-list-thumbnail":["https:\/\/meeplendice.net\/wp-content\/uploads\/2024\/07\/DRD_BabbeyKux-300x300.jpg",300,300,true],"ashe-single-navigation":["https:\/\/meeplendice.net\/wp-content\/uploads\/2024\/07\/DRD_BabbeyKux-75x75.jpg",75,75,true],"mailpoet_newsletter_max":["https:\/\/meeplendice.net\/wp-content\/uploads\/2024\/07\/DRD_BabbeyKux.jpg",350,350,false],"rpwe-thumbnail":["https:\/\/meeplendice.net\/wp-content\/uploads\/2024\/07\/DRD_BabbeyKux-45x45.jpg",45,45,true],"sow-carousel-default":["https:\/\/meeplendice.net\/wp-content\/uploads\/2024\/07\/DRD_BabbeyKux-272x182.jpg",272,182,true],"rt_custom":["https:\/\/meeplendice.net\/wp-content\/uploads\/2024\/07\/DRD_BabbeyKux.jpg",350,350,false]},"rttpg_author":{"display_name":"Karnby","author_link":"https:\/\/meeplendice.net\/?author=2"},"rttpg_comment":0,"rttpg_category":null,"rttpg_excerpt":"Kuxcoatl de l&rsquo;artiste Tom Babbey de Dragons of the Red Moon a \u00e9t\u00e9 recr\u00e9\u00e9 dans le style de Dodos Riding Dinos. Cette extension contient une figurine en plastique, un meeple en bois et sa carte Dino Rider. \u00a0","_links":{"self":[{"href":"https:\/\/meeplendice.net\/index.php?rest_route=\/wp\/v2\/pages\/12367","targetHints":{"allow":["GET"]}}],"collection":[{"href":"https:\/\/meeplendice.net\/index.php?rest_route=\/wp\/v2\/pages"}],"about":[{"href":"https:\/\/meeplendice.net\/index.php?rest_route=\/wp\/v2\/types\/page"}],"author":[{"embeddable":true,"href":"https:\/\/meeplendice.net\/index.php?rest_route=\/wp\/v2\/users\/2"}],"replies":[{"embeddable":true,"href":"https:\/\/meeplendice.net\/index.php?rest_route=%2Fwp%2Fv2%2Fcomments&post=12367"}],"version-history":[{"count":1,"href":"https:\/\/meeplendice.net\/index.php?rest_route=\/wp\/v2\/pages\/12367\/revisions"}],"predecessor-version":[{"id":12370,"href":"https:\/\/meeplendice.net\/index.php?rest_route=\/wp\/v2\/pages\/12367\/revisions\/12370"}],"up":[{"embeddable":true,"href":"https:\/\/meeplendice.net\/index.php?rest_route=\/wp\/v2\/pages\/9842"}],"wp:featuredmedia":[{"embeddable":true,"href":"https:\/\/meeplendice.net\/index.php?rest_route=\/wp\/v2\/media\/12369"}],"wp:attachment":[{"href":"https:\/\/meeplendice.net\/index.php?rest_route=%2Fwp%2Fv2%2Fmedia&parent=12367"}],"curies":[{"name":"wp","href":"https:\/\/api.w.org\/{rel}","templated":true}]}}