{"id":12371,"date":"2024-07-22T12:29:53","date_gmt":"2024-07-22T10:29:53","guid":{"rendered":"https:\/\/meeplendice.net\/?page_id=12371"},"modified":"2024-07-22T12:29:53","modified_gmt":"2024-07-22T10:29:53","slug":"servit-aureus","status":"publish","type":"page","link":"https:\/\/meeplendice.net\/?page_id=12371","title":{"rendered":"Servit &#038; Aureus"},"content":{"rendered":"<p><span class=\"HwtZe\" lang=\"fr\"><span class=\"jCAhz ChMk0b\"><span class=\"ryNqvb\">Aureus Fulgen de Dragonbond rejoint la course dans Dodos Riding Dinos. <\/span><\/span><span class=\"jCAhz ChMk0b\"><span class=\"ryNqvb\">Sa Majest\u00e9 Radieuse vous permet d&rsquo;\u00e9changer votre main de cartes avec un autre joueur si vous n&rsquo;\u00eates pas en t\u00eate.<\/span><\/span><\/span><\/p>\n","protected":false},"excerpt":{"rendered":"<p>Aureus Fulgen de Dragonbond rejoint la course dans Dodos Riding Dinos. Sa Majest\u00e9 Radieuse vous permet d&rsquo;\u00e9changer votre main de cartes avec un autre joueur si vous n&rsquo;\u00eates pas en t\u00eate.<\/p>\n","protected":false},"author":2,"featured_media":12368,"parent":9842,"menu_order":3,"comment_status":"closed","ping_status":"closed","template":"","meta":{"footnotes":""},"class_list":["post-12371","page","type-page","status-publish","has-post-thumbnail","hentry"],"acf":[],"rttpg_featured_image_url":{"full":["https:\/\/meeplendice.net\/wp-content\/uploads\/2024\/07\/DRD_ServitAureus.png",350,350,false],"landscape":["https:\/\/meeplendice.net\/wp-content\/uploads\/2024\/07\/DRD_ServitAureus.png",350,350,false],"portraits":["https:\/\/meeplendice.net\/wp-content\/uploads\/2024\/07\/DRD_ServitAureus.png",350,350,false],"thumbnail":["https:\/\/meeplendice.net\/wp-content\/uploads\/2024\/07\/DRD_ServitAureus-150x150.png",150,150,true],"medium":["https:\/\/meeplendice.net\/wp-content\/uploads\/2024\/07\/DRD_ServitAureus-300x300.png",300,300,true],"large":["https:\/\/meeplendice.net\/wp-content\/uploads\/2024\/07\/DRD_ServitAureus.png",350,350,false],"ug_big":["https:\/\/meeplendice.net\/wp-content\/uploads\/2024\/07\/DRD_ServitAureus.png",350,350,false],"1536x1536":["https:\/\/meeplendice.net\/wp-content\/uploads\/2024\/07\/DRD_ServitAureus.png",350,350,false],"2048x2048":["https:\/\/meeplendice.net\/wp-content\/uploads\/2024\/07\/DRD_ServitAureus.png",350,350,false],"ashe-slider-grid-thumbnail":["https:\/\/meeplendice.net\/wp-content\/uploads\/2024\/07\/DRD_ServitAureus.png",350,350,false],"ashe-full-thumbnail":["https:\/\/meeplendice.net\/wp-content\/uploads\/2024\/07\/DRD_ServitAureus.png",350,350,false],"ashe-grid-thumbnail":["https:\/\/meeplendice.net\/wp-content\/uploads\/2024\/07\/DRD_ServitAureus-350x330.png",350,330,true],"ashe-list-thumbnail":["https:\/\/meeplendice.net\/wp-content\/uploads\/2024\/07\/DRD_ServitAureus-300x300.png",300,300,true],"ashe-single-navigation":["https:\/\/meeplendice.net\/wp-content\/uploads\/2024\/07\/DRD_ServitAureus-75x75.png",75,75,true],"mailpoet_newsletter_max":["https:\/\/meeplendice.net\/wp-content\/uploads\/2024\/07\/DRD_ServitAureus.png",350,350,false],"rpwe-thumbnail":["https:\/\/meeplendice.net\/wp-content\/uploads\/2024\/07\/DRD_ServitAureus-45x45.png",45,45,true],"sow-carousel-default":["https:\/\/meeplendice.net\/wp-content\/uploads\/2024\/07\/DRD_ServitAureus-272x182.png",272,182,true],"rt_custom":["https:\/\/meeplendice.net\/wp-content\/uploads\/2024\/07\/DRD_ServitAureus.png",350,350,false]},"rttpg_author":{"display_name":"Karnby","author_link":"https:\/\/meeplendice.net\/?author=2"},"rttpg_comment":0,"rttpg_category":null,"rttpg_excerpt":"Aureus Fulgen de Dragonbond rejoint la course dans Dodos Riding Dinos. Sa Majest\u00e9 Radieuse vous permet d&rsquo;\u00e9changer votre main de cartes avec un autre joueur si vous n&rsquo;\u00eates pas en t\u00eate.","_links":{"self":[{"href":"https:\/\/meeplendice.net\/index.php?rest_route=\/wp\/v2\/pages\/12371","targetHints":{"allow":["GET"]}}],"collection":[{"href":"https:\/\/meeplendice.net\/index.php?rest_route=\/wp\/v2\/pages"}],"about":[{"href":"https:\/\/meeplendice.net\/index.php?rest_route=\/wp\/v2\/types\/page"}],"author":[{"embeddable":true,"href":"https:\/\/meeplendice.net\/index.php?rest_route=\/wp\/v2\/users\/2"}],"replies":[{"embeddable":true,"href":"https:\/\/meeplendice.net\/index.php?rest_route=%2Fwp%2Fv2%2Fcomments&post=12371"}],"version-history":[{"count":1,"href":"https:\/\/meeplendice.net\/index.php?rest_route=\/wp\/v2\/pages\/12371\/revisions"}],"predecessor-version":[{"id":12372,"href":"https:\/\/meeplendice.net\/index.php?rest_route=\/wp\/v2\/pages\/12371\/revisions\/12372"}],"up":[{"embeddable":true,"href":"https:\/\/meeplendice.net\/index.php?rest_route=\/wp\/v2\/pages\/9842"}],"wp:featuredmedia":[{"embeddable":true,"href":"https:\/\/meeplendice.net\/index.php?rest_route=\/wp\/v2\/media\/12368"}],"wp:attachment":[{"href":"https:\/\/meeplendice.net\/index.php?rest_route=%2Fwp%2Fv2%2Fmedia&parent=12371"}],"curies":[{"name":"wp","href":"https:\/\/api.w.org\/{rel}","templated":true}]}}