{"id":12378,"date":"2024-07-22T13:08:00","date_gmt":"2024-07-22T11:08:00","guid":{"rendered":"https:\/\/meeplendice.net\/?page_id=12378"},"modified":"2024-07-22T13:10:32","modified_gmt":"2024-07-22T11:10:32","slug":"mecha-chicken-dinosaur-2","status":"publish","type":"page","link":"https:\/\/meeplendice.net\/?page_id=12378","title":{"rendered":"Avian Trilogy Crossover"},"content":{"rendered":"<p><span class=\"HwtZe\" lang=\"fr\"><span class=\"jCAhz ChMk0b\"><span class=\"ryNqvb\">Avec ce pack crossover ultime, les v\u00e9ritables amateurs de la trilogie initiale Avian Archipelago d\u00e9couvriront une toute nouvelle sensation dans leurs jeux Creature Kingdoms pr\u00e9f\u00e9r\u00e9s !<\/span><\/span><\/span><\/p>\n<p><span class=\"HwtZe\" lang=\"fr\"> <span class=\"jCAhz ChMk0b\"><span class=\"ryNqvb\">Lib\u00e9rez des dinosaures pour se promener sur l&rsquo;\u00eele Kiwi ou ajoutez de la dext\u00e9rit\u00e9 au jeu avec les coureurs Dodino. <\/span><\/span><span class=\"jCAhz ChMk0b\"><span class=\"ryNqvb\">Jouez avec les chefs de poulet pour construire des unit\u00e9s sp\u00e9ciales dans Dodos Riding Dinos ou Kiwi Chow Down.<br \/>\n<\/span><\/span><span class=\"jCAhz ChMk0b\"><span class=\"ryNqvb\">Empilez le coureur de t\u00eate avec du kiwi sur Dodos Riding Dinos. <\/span><\/span><span class=\"jCAhz ChMk0b\"><span class=\"ryNqvb\">D\u00e9ployez des unit\u00e9s de dinosaures dans War for Chicken Island qui deviennent plus puissantes.<br \/>\n<\/span><\/span><span class=\"jCAhz ChMk0b\"><span class=\"ryNqvb\">Encouragez la col\u00e8re dans Dodos Riding Dinos avec des personnages de poulet. <\/span><\/span><span class=\"jCAhz ChMk0b\"><span class=\"ryNqvb\">Essayez les chefs kiwis d&rsquo;utiliser leurs comp\u00e9tences de pouss\u00e9e ou de construire en dehors de votre territoire dans War for Chicken Island.<br \/>\n<\/span><\/span><span class=\"jCAhz ChMk0b\"><span class=\"ryNqvb\">Ou lib\u00e9rez simplement la folie et la puissance dans vos jeux avec Cluckthulhu, Yolk-Sototh, Aureus Fulmer et Kuxcoatl.<\/span><\/span><\/span><\/p>\n","protected":false},"excerpt":{"rendered":"<p>Avec ce pack crossover ultime, les v\u00e9ritables amateurs de la trilogie initiale Avian Archipelago d\u00e9couvriront une toute nouvelle sensation dans leurs jeux Creature Kingdoms pr\u00e9f\u00e9r\u00e9s ! Lib\u00e9rez des dinosaures pour se promener sur l&rsquo;\u00eele Kiwi ou ajoutez de la dext\u00e9rit\u00e9 au jeu avec les coureurs Dodino. Jouez avec les chefs de poulet pour construire des unit\u00e9s sp\u00e9ciales dans Dodos Riding Dinos ou Kiwi Chow Down. Empilez le coureur de t\u00eate avec du kiwi sur Dodos Riding Dinos. D\u00e9ployez des unit\u00e9s de dinosaures dans War for Chicken Island qui deviennent plus puissantes. Encouragez la col\u00e8re dans Dodos Riding Dinos avec des personnages de poulet. Essayez les chefs kiwis d&rsquo;utiliser leurs comp\u00e9tences de pouss\u00e9e ou de construire en dehors de votre territoire dans War for Chicken Island. Ou lib\u00e9rez simplement la folie et la puissance dans vos jeux avec Cluckthulhu, Yolk-Sototh, Aureus Fulmer et Kuxcoatl.<\/p>\n","protected":false},"author":2,"featured_media":12381,"parent":0,"menu_order":8,"comment_status":"closed","ping_status":"closed","template":"","meta":{"footnotes":""},"class_list":["post-12378","page","type-page","status-publish","has-post-thumbnail","hentry"],"acf":[],"rttpg_featured_image_url":{"full":["https:\/\/meeplendice.net\/wp-content\/uploads\/2024\/07\/CK_Avian.png",350,350,false],"landscape":["https:\/\/meeplendice.net\/wp-content\/uploads\/2024\/07\/CK_Avian.png",350,350,false],"portraits":["https:\/\/meeplendice.net\/wp-content\/uploads\/2024\/07\/CK_Avian.png",350,350,false],"thumbnail":["https:\/\/meeplendice.net\/wp-content\/uploads\/2024\/07\/CK_Avian-150x150.png",150,150,true],"medium":["https:\/\/meeplendice.net\/wp-content\/uploads\/2024\/07\/CK_Avian-300x300.png",300,300,true],"large":["https:\/\/meeplendice.net\/wp-content\/uploads\/2024\/07\/CK_Avian.png",350,350,false],"ug_big":["https:\/\/meeplendice.net\/wp-content\/uploads\/2024\/07\/CK_Avian.png",350,350,false],"1536x1536":["https:\/\/meeplendice.net\/wp-content\/uploads\/2024\/07\/CK_Avian.png",350,350,false],"2048x2048":["https:\/\/meeplendice.net\/wp-content\/uploads\/2024\/07\/CK_Avian.png",350,350,false],"ashe-slider-grid-thumbnail":["https:\/\/meeplendice.net\/wp-content\/uploads\/2024\/07\/CK_Avian.png",350,350,false],"ashe-full-thumbnail":["https:\/\/meeplendice.net\/wp-content\/uploads\/2024\/07\/CK_Avian.png",350,350,false],"ashe-grid-thumbnail":["https:\/\/meeplendice.net\/wp-content\/uploads\/2024\/07\/CK_Avian-350x330.png",350,330,true],"ashe-list-thumbnail":["https:\/\/meeplendice.net\/wp-content\/uploads\/2024\/07\/CK_Avian-300x300.png",300,300,true],"ashe-single-navigation":["https:\/\/meeplendice.net\/wp-content\/uploads\/2024\/07\/CK_Avian-75x75.png",75,75,true],"mailpoet_newsletter_max":["https:\/\/meeplendice.net\/wp-content\/uploads\/2024\/07\/CK_Avian.png",350,350,false],"rpwe-thumbnail":["https:\/\/meeplendice.net\/wp-content\/uploads\/2024\/07\/CK_Avian-45x45.png",45,45,true],"sow-carousel-default":["https:\/\/meeplendice.net\/wp-content\/uploads\/2024\/07\/CK_Avian-272x182.png",272,182,true],"rt_custom":["https:\/\/meeplendice.net\/wp-content\/uploads\/2024\/07\/CK_Avian.png",350,350,false]},"rttpg_author":{"display_name":"Karnby","author_link":"https:\/\/meeplendice.net\/?author=2"},"rttpg_comment":0,"rttpg_category":null,"rttpg_excerpt":"Avec ce pack crossover ultime, les v\u00e9ritables amateurs de la trilogie initiale Avian Archipelago d\u00e9couvriront une toute nouvelle sensation dans leurs jeux Creature Kingdoms pr\u00e9f\u00e9r\u00e9s ! Lib\u00e9rez des dinosaures pour se promener sur l&rsquo;\u00eele Kiwi ou ajoutez de la dext\u00e9rit\u00e9 au jeu avec les coureurs Dodino. Jouez avec les chefs de poulet pour construire des\u2026","_links":{"self":[{"href":"https:\/\/meeplendice.net\/index.php?rest_route=\/wp\/v2\/pages\/12378","targetHints":{"allow":["GET"]}}],"collection":[{"href":"https:\/\/meeplendice.net\/index.php?rest_route=\/wp\/v2\/pages"}],"about":[{"href":"https:\/\/meeplendice.net\/index.php?rest_route=\/wp\/v2\/types\/page"}],"author":[{"embeddable":true,"href":"https:\/\/meeplendice.net\/index.php?rest_route=\/wp\/v2\/users\/2"}],"replies":[{"embeddable":true,"href":"https:\/\/meeplendice.net\/index.php?rest_route=%2Fwp%2Fv2%2Fcomments&post=12378"}],"version-history":[{"count":4,"href":"https:\/\/meeplendice.net\/index.php?rest_route=\/wp\/v2\/pages\/12378\/revisions"}],"predecessor-version":[{"id":12383,"href":"https:\/\/meeplendice.net\/index.php?rest_route=\/wp\/v2\/pages\/12378\/revisions\/12383"}],"wp:featuredmedia":[{"embeddable":true,"href":"https:\/\/meeplendice.net\/index.php?rest_route=\/wp\/v2\/media\/12381"}],"wp:attachment":[{"href":"https:\/\/meeplendice.net\/index.php?rest_route=%2Fwp%2Fv2%2Fmedia&parent=12378"}],"curies":[{"name":"wp","href":"https:\/\/api.w.org\/{rel}","templated":true}]}}