{"id":12386,"date":"2024-07-22T13:12:23","date_gmt":"2024-07-22T11:12:23","guid":{"rendered":"https:\/\/meeplendice.net\/?page_id=12386"},"modified":"2024-07-22T13:12:23","modified_gmt":"2024-07-22T11:12:23","slug":"mayhem-crossover","status":"publish","type":"page","link":"https:\/\/meeplendice.net\/?page_id=12386","title":{"rendered":"Mayhem Crossover"},"content":{"rendered":"<p><span class=\"HwtZe\" lang=\"fr\"><span class=\"jCAhz ChMk0b\"><span class=\"ryNqvb\">Trois figurines promotionnelles et leurs cartes de personnage qui peuvent \u00eatre ajout\u00e9es \u00e0 l&rsquo;un ou l&rsquo;autre des jeux Creature Kingdoms\u00a0:<\/span><\/span><\/span><\/p>\n<ul>\n<li>War for Chicken Island<\/li>\n<li>Dodos Riding Dinos and Dino Dash<\/li>\n<li>Kiwi Chow Down<\/li>\n<li>Party Panda Pirates!<\/li>\n<\/ul>\n","protected":false},"excerpt":{"rendered":"<p>Trois figurines promotionnelles et leurs cartes de personnage qui peuvent \u00eatre ajout\u00e9es \u00e0 l&rsquo;un ou l&rsquo;autre des jeux Creature Kingdoms\u00a0: War for Chicken Island Dodos Riding Dinos and Dino Dash Kiwi Chow Down Party Panda Pirates!<\/p>\n","protected":false},"author":2,"featured_media":12380,"parent":0,"menu_order":9,"comment_status":"closed","ping_status":"closed","template":"","meta":{"footnotes":""},"class_list":["post-12386","page","type-page","status-publish","has-post-thumbnail","hentry"],"acf":[],"rttpg_featured_image_url":{"full":["https:\/\/meeplendice.net\/wp-content\/uploads\/2024\/07\/CK_Mayhem.png",350,350,false],"landscape":["https:\/\/meeplendice.net\/wp-content\/uploads\/2024\/07\/CK_Mayhem.png",350,350,false],"portraits":["https:\/\/meeplendice.net\/wp-content\/uploads\/2024\/07\/CK_Mayhem.png",350,350,false],"thumbnail":["https:\/\/meeplendice.net\/wp-content\/uploads\/2024\/07\/CK_Mayhem-150x150.png",150,150,true],"medium":["https:\/\/meeplendice.net\/wp-content\/uploads\/2024\/07\/CK_Mayhem-300x300.png",300,300,true],"large":["https:\/\/meeplendice.net\/wp-content\/uploads\/2024\/07\/CK_Mayhem.png",350,350,false],"ug_big":["https:\/\/meeplendice.net\/wp-content\/uploads\/2024\/07\/CK_Mayhem.png",350,350,false],"1536x1536":["https:\/\/meeplendice.net\/wp-content\/uploads\/2024\/07\/CK_Mayhem.png",350,350,false],"2048x2048":["https:\/\/meeplendice.net\/wp-content\/uploads\/2024\/07\/CK_Mayhem.png",350,350,false],"ashe-slider-grid-thumbnail":["https:\/\/meeplendice.net\/wp-content\/uploads\/2024\/07\/CK_Mayhem.png",350,350,false],"ashe-full-thumbnail":["https:\/\/meeplendice.net\/wp-content\/uploads\/2024\/07\/CK_Mayhem.png",350,350,false],"ashe-grid-thumbnail":["https:\/\/meeplendice.net\/wp-content\/uploads\/2024\/07\/CK_Mayhem-350x330.png",350,330,true],"ashe-list-thumbnail":["https:\/\/meeplendice.net\/wp-content\/uploads\/2024\/07\/CK_Mayhem-300x300.png",300,300,true],"ashe-single-navigation":["https:\/\/meeplendice.net\/wp-content\/uploads\/2024\/07\/CK_Mayhem-75x75.png",75,75,true],"mailpoet_newsletter_max":["https:\/\/meeplendice.net\/wp-content\/uploads\/2024\/07\/CK_Mayhem.png",350,350,false],"rpwe-thumbnail":["https:\/\/meeplendice.net\/wp-content\/uploads\/2024\/07\/CK_Mayhem-45x45.png",45,45,true],"sow-carousel-default":["https:\/\/meeplendice.net\/wp-content\/uploads\/2024\/07\/CK_Mayhem-272x182.png",272,182,true],"rt_custom":["https:\/\/meeplendice.net\/wp-content\/uploads\/2024\/07\/CK_Mayhem.png",350,350,false]},"rttpg_author":{"display_name":"Karnby","author_link":"https:\/\/meeplendice.net\/?author=2"},"rttpg_comment":0,"rttpg_category":null,"rttpg_excerpt":"Trois figurines promotionnelles et leurs cartes de personnage qui peuvent \u00eatre ajout\u00e9es \u00e0 l&rsquo;un ou l&rsquo;autre des jeux Creature Kingdoms\u00a0: War for Chicken Island Dodos Riding Dinos and Dino Dash Kiwi Chow Down Party Panda Pirates!","_links":{"self":[{"href":"https:\/\/meeplendice.net\/index.php?rest_route=\/wp\/v2\/pages\/12386","targetHints":{"allow":["GET"]}}],"collection":[{"href":"https:\/\/meeplendice.net\/index.php?rest_route=\/wp\/v2\/pages"}],"about":[{"href":"https:\/\/meeplendice.net\/index.php?rest_route=\/wp\/v2\/types\/page"}],"author":[{"embeddable":true,"href":"https:\/\/meeplendice.net\/index.php?rest_route=\/wp\/v2\/users\/2"}],"replies":[{"embeddable":true,"href":"https:\/\/meeplendice.net\/index.php?rest_route=%2Fwp%2Fv2%2Fcomments&post=12386"}],"version-history":[{"count":1,"href":"https:\/\/meeplendice.net\/index.php?rest_route=\/wp\/v2\/pages\/12386\/revisions"}],"predecessor-version":[{"id":12387,"href":"https:\/\/meeplendice.net\/index.php?rest_route=\/wp\/v2\/pages\/12386\/revisions\/12387"}],"wp:featuredmedia":[{"embeddable":true,"href":"https:\/\/meeplendice.net\/index.php?rest_route=\/wp\/v2\/media\/12380"}],"wp:attachment":[{"href":"https:\/\/meeplendice.net\/index.php?rest_route=%2Fwp%2Fv2%2Fmedia&parent=12386"}],"curies":[{"name":"wp","href":"https:\/\/api.w.org\/{rel}","templated":true}]}}