{"id":12427,"date":"2024-07-25T15:36:09","date_gmt":"2024-07-25T13:36:09","guid":{"rendered":"https:\/\/meeplendice.net\/?page_id=12427"},"modified":"2024-07-25T15:36:09","modified_gmt":"2024-07-25T13:36:09","slug":"felonie","status":"publish","type":"page","link":"https:\/\/meeplendice.net\/?page_id=12427","title":{"rendered":"F\u00e9lonie"},"content":{"rendered":"<p><em>Les batailles ne sont pas toujours gagn\u00e9es dans l&rsquo;affrontement de vastes arm\u00e9es ou aux pieds des remparts de ch\u00e2teaux imprenable. Dans certains cas, des tactiques plus subtiles&#8230; voir mortelles sont utilis\u00e9es.<br \/>\nQu&rsquo;il s\u2019agisse de faux trait\u00e9s, d&#8217;empoisonner l&rsquo;eau des puits, d&rsquo;assassinats ou d&rsquo;infiltrations : beaucoup de choses peuvent se produire dans l&rsquo;ombre pour jeter l&rsquo;ennemi dans le d\u00e9sarroi avant m\u00eame le d\u00e9but d&rsquo;une grande bataille.<br \/>\n<\/em><\/p>\n<p>Dans <em>Champ d&rsquo;Honneur : F\u00e9lonie<\/em>, vous avez la possibilit\u00e9 d&rsquo;utiliser des unit\u00e9s sp\u00e9ciales capables d&rsquo;entraver ou de g\u00eaner les tentatives adverses pour mobiliser efficacement ses forces.<\/p>\n<p>Saurez-vous ma\u00eetriser l&rsquo;art du subterfuge pour arriver \u00e0 vos fins ?<\/p>\n","protected":false},"excerpt":{"rendered":"<p>Les batailles ne sont pas toujours gagn\u00e9es dans l&rsquo;affrontement de vastes arm\u00e9es ou aux pieds des remparts de ch\u00e2teaux imprenable. Dans certains cas, des tactiques plus subtiles&#8230; voir mortelles sont utilis\u00e9es. Qu&rsquo;il s\u2019agisse de faux trait\u00e9s, d&#8217;empoisonner l&rsquo;eau des puits, d&rsquo;assassinats ou d&rsquo;infiltrations : beaucoup de choses peuvent se produire dans l&rsquo;ombre pour jeter l&rsquo;ennemi dans le d\u00e9sarroi avant m\u00eame le d\u00e9but d&rsquo;une grande bataille. Dans Champ d&rsquo;Honneur : F\u00e9lonie, vous avez la possibilit\u00e9 d&rsquo;utiliser des unit\u00e9s sp\u00e9ciales capables d&rsquo;entraver ou de g\u00eaner les tentatives adverses pour mobiliser efficacement ses forces. Saurez-vous ma\u00eetriser l&rsquo;art du subterfuge pour arriver \u00e0 vos fins ?<\/p>\n","protected":false},"author":2,"featured_media":12195,"parent":9860,"menu_order":3,"comment_status":"closed","ping_status":"closed","template":"","meta":{"footnotes":""},"class_list":["post-12427","page","type-page","status-publish","has-post-thumbnail","hentry"],"acf":[],"rttpg_featured_image_url":{"full":["https:\/\/meeplendice.net\/wp-content\/uploads\/2024\/07\/CH_Felonie.png",350,350,false],"landscape":["https:\/\/meeplendice.net\/wp-content\/uploads\/2024\/07\/CH_Felonie.png",350,350,false],"portraits":["https:\/\/meeplendice.net\/wp-content\/uploads\/2024\/07\/CH_Felonie.png",350,350,false],"thumbnail":["https:\/\/meeplendice.net\/wp-content\/uploads\/2024\/07\/CH_Felonie-150x150.png",150,150,true],"medium":["https:\/\/meeplendice.net\/wp-content\/uploads\/2024\/07\/CH_Felonie-300x300.png",300,300,true],"large":["https:\/\/meeplendice.net\/wp-content\/uploads\/2024\/07\/CH_Felonie.png",350,350,false],"ug_big":["https:\/\/meeplendice.net\/wp-content\/uploads\/2024\/07\/CH_Felonie.png",350,350,false],"1536x1536":["https:\/\/meeplendice.net\/wp-content\/uploads\/2024\/07\/CH_Felonie.png",350,350,false],"2048x2048":["https:\/\/meeplendice.net\/wp-content\/uploads\/2024\/07\/CH_Felonie.png",350,350,false],"ashe-slider-grid-thumbnail":["https:\/\/meeplendice.net\/wp-content\/uploads\/2024\/07\/CH_Felonie.png",350,350,false],"ashe-full-thumbnail":["https:\/\/meeplendice.net\/wp-content\/uploads\/2024\/07\/CH_Felonie.png",350,350,false],"ashe-grid-thumbnail":["https:\/\/meeplendice.net\/wp-content\/uploads\/2024\/07\/CH_Felonie-350x330.png",350,330,true],"ashe-list-thumbnail":["https:\/\/meeplendice.net\/wp-content\/uploads\/2024\/07\/CH_Felonie-300x300.png",300,300,true],"ashe-single-navigation":["https:\/\/meeplendice.net\/wp-content\/uploads\/2024\/07\/CH_Felonie-75x75.png",75,75,true],"mailpoet_newsletter_max":["https:\/\/meeplendice.net\/wp-content\/uploads\/2024\/07\/CH_Felonie.png",350,350,false],"rpwe-thumbnail":["https:\/\/meeplendice.net\/wp-content\/uploads\/2024\/07\/CH_Felonie-45x45.png",45,45,true],"sow-carousel-default":["https:\/\/meeplendice.net\/wp-content\/uploads\/2024\/07\/CH_Felonie-272x182.png",272,182,true],"rt_custom":["https:\/\/meeplendice.net\/wp-content\/uploads\/2024\/07\/CH_Felonie.png",350,350,false]},"rttpg_author":{"display_name":"Karnby","author_link":"https:\/\/meeplendice.net\/?author=2"},"rttpg_comment":0,"rttpg_category":null,"rttpg_excerpt":"Les batailles ne sont pas toujours gagn\u00e9es dans l&rsquo;affrontement de vastes arm\u00e9es ou aux pieds des remparts de ch\u00e2teaux imprenable. Dans certains cas, des tactiques plus subtiles&#8230; voir mortelles sont utilis\u00e9es. Qu&rsquo;il s\u2019agisse de faux trait\u00e9s, d&#8217;empoisonner l&rsquo;eau des puits, d&rsquo;assassinats ou d&rsquo;infiltrations : beaucoup de choses peuvent se produire dans l&rsquo;ombre pour jeter l&rsquo;ennemi\u2026","_links":{"self":[{"href":"https:\/\/meeplendice.net\/index.php?rest_route=\/wp\/v2\/pages\/12427","targetHints":{"allow":["GET"]}}],"collection":[{"href":"https:\/\/meeplendice.net\/index.php?rest_route=\/wp\/v2\/pages"}],"about":[{"href":"https:\/\/meeplendice.net\/index.php?rest_route=\/wp\/v2\/types\/page"}],"author":[{"embeddable":true,"href":"https:\/\/meeplendice.net\/index.php?rest_route=\/wp\/v2\/users\/2"}],"replies":[{"embeddable":true,"href":"https:\/\/meeplendice.net\/index.php?rest_route=%2Fwp%2Fv2%2Fcomments&post=12427"}],"version-history":[{"count":1,"href":"https:\/\/meeplendice.net\/index.php?rest_route=\/wp\/v2\/pages\/12427\/revisions"}],"predecessor-version":[{"id":12428,"href":"https:\/\/meeplendice.net\/index.php?rest_route=\/wp\/v2\/pages\/12427\/revisions\/12428"}],"up":[{"embeddable":true,"href":"https:\/\/meeplendice.net\/index.php?rest_route=\/wp\/v2\/pages\/9860"}],"wp:featuredmedia":[{"embeddable":true,"href":"https:\/\/meeplendice.net\/index.php?rest_route=\/wp\/v2\/media\/12195"}],"wp:attachment":[{"href":"https:\/\/meeplendice.net\/index.php?rest_route=%2Fwp%2Fv2%2Fmedia&parent=12427"}],"curies":[{"name":"wp","href":"https:\/\/api.w.org\/{rel}","templated":true}]}}