{"id":12429,"date":"2024-07-25T15:46:47","date_gmt":"2024-07-25T13:46:47","guid":{"rendered":"https:\/\/meeplendice.net\/?page_id=12429"},"modified":"2024-07-25T15:46:47","modified_gmt":"2024-07-25T13:46:47","slug":"glory","status":"publish","type":"page","link":"https:\/\/meeplendice.net\/?page_id=12429","title":{"rendered":"Glory"},"content":{"rendered":"<div><em>Votre vitrail sera-t-il un v\u00e9ritable chef-d\u2019\u0153uvre ?<\/em><\/div>\n<div><\/div>\n<div>Bon retour dans la c\u00e9l\u00e8bre Sagrada Familia avec <em>Sagrada : Glory<\/em>, la 3eme et derni\u00e8re des extensions Les Grandes Fa\u00e7ades.<br \/>\nCette extension apporte des modules qui permettent de ressentir le frisson de la comp\u00e9tition et de la rivalit\u00e9 : ajoutez-les tous ou choisissez-en un en particulier pour pimenter votre m\u00e9tier d&rsquo;artiste !<\/div>\n<div><\/div>\n<div>Les cartes <strong>Pr\u00e9curseur<\/strong> r\u00e9compensent le premier joueur \u00e0 remplir un objectif. Choisissez <strong>des d\u00e9s Discorde<\/strong> en respectant leurs contraires de placement, gagnez en renomm\u00e9e gr\u00e2ce au module <strong>Ornement<\/strong> et surpassez vos adversaires gr\u00e2ce aux Objectifs Rivalit\u00e9.<\/div>\n","protected":false},"excerpt":{"rendered":"<p>Votre vitrail sera-t-il un v\u00e9ritable chef-d\u2019\u0153uvre ? Bon retour dans la c\u00e9l\u00e8bre Sagrada Familia avec Sagrada : Glory, la 3eme et derni\u00e8re des extensions Les Grandes Fa\u00e7ades. Cette extension apporte des modules qui permettent de ressentir le frisson de la comp\u00e9tition et de la rivalit\u00e9 : ajoutez-les tous ou choisissez-en un en particulier pour pimenter votre m\u00e9tier d&rsquo;artiste ! Les cartes Pr\u00e9curseur r\u00e9compensent le premier joueur \u00e0 remplir un objectif. Choisissez des d\u00e9s Discorde en respectant leurs contraires de placement, gagnez en renomm\u00e9e gr\u00e2ce au module Ornement et surpassez vos adversaires gr\u00e2ce aux Objectifs Rivalit\u00e9.<\/p>\n","protected":false},"author":2,"featured_media":12194,"parent":4458,"menu_order":4,"comment_status":"closed","ping_status":"closed","template":"","meta":{"footnotes":""},"class_list":["post-12429","page","type-page","status-publish","has-post-thumbnail","hentry"],"acf":[],"rttpg_featured_image_url":{"full":["https:\/\/meeplendice.net\/wp-content\/uploads\/2024\/07\/Sagrada_Glory.png",350,350,false],"landscape":["https:\/\/meeplendice.net\/wp-content\/uploads\/2024\/07\/Sagrada_Glory.png",350,350,false],"portraits":["https:\/\/meeplendice.net\/wp-content\/uploads\/2024\/07\/Sagrada_Glory.png",350,350,false],"thumbnail":["https:\/\/meeplendice.net\/wp-content\/uploads\/2024\/07\/Sagrada_Glory-150x150.png",150,150,true],"medium":["https:\/\/meeplendice.net\/wp-content\/uploads\/2024\/07\/Sagrada_Glory-300x300.png",300,300,true],"large":["https:\/\/meeplendice.net\/wp-content\/uploads\/2024\/07\/Sagrada_Glory.png",350,350,false],"ug_big":["https:\/\/meeplendice.net\/wp-content\/uploads\/2024\/07\/Sagrada_Glory.png",350,350,false],"1536x1536":["https:\/\/meeplendice.net\/wp-content\/uploads\/2024\/07\/Sagrada_Glory.png",350,350,false],"2048x2048":["https:\/\/meeplendice.net\/wp-content\/uploads\/2024\/07\/Sagrada_Glory.png",350,350,false],"ashe-slider-grid-thumbnail":["https:\/\/meeplendice.net\/wp-content\/uploads\/2024\/07\/Sagrada_Glory.png",350,350,false],"ashe-full-thumbnail":["https:\/\/meeplendice.net\/wp-content\/uploads\/2024\/07\/Sagrada_Glory.png",350,350,false],"ashe-grid-thumbnail":["https:\/\/meeplendice.net\/wp-content\/uploads\/2024\/07\/Sagrada_Glory-350x330.png",350,330,true],"ashe-list-thumbnail":["https:\/\/meeplendice.net\/wp-content\/uploads\/2024\/07\/Sagrada_Glory-300x300.png",300,300,true],"ashe-single-navigation":["https:\/\/meeplendice.net\/wp-content\/uploads\/2024\/07\/Sagrada_Glory-75x75.png",75,75,true],"mailpoet_newsletter_max":["https:\/\/meeplendice.net\/wp-content\/uploads\/2024\/07\/Sagrada_Glory.png",350,350,false],"rpwe-thumbnail":["https:\/\/meeplendice.net\/wp-content\/uploads\/2024\/07\/Sagrada_Glory-45x45.png",45,45,true],"sow-carousel-default":["https:\/\/meeplendice.net\/wp-content\/uploads\/2024\/07\/Sagrada_Glory-272x182.png",272,182,true],"rt_custom":["https:\/\/meeplendice.net\/wp-content\/uploads\/2024\/07\/Sagrada_Glory.png",350,350,false]},"rttpg_author":{"display_name":"Karnby","author_link":"https:\/\/meeplendice.net\/?author=2"},"rttpg_comment":0,"rttpg_category":null,"rttpg_excerpt":"Votre vitrail sera-t-il un v\u00e9ritable chef-d\u2019\u0153uvre ? Bon retour dans la c\u00e9l\u00e8bre Sagrada Familia avec Sagrada : Glory, la 3eme et derni\u00e8re des extensions Les Grandes Fa\u00e7ades. Cette extension apporte des modules qui permettent de ressentir le frisson de la comp\u00e9tition et de la rivalit\u00e9 : ajoutez-les tous ou choisissez-en un en particulier pour pimenter\u2026","_links":{"self":[{"href":"https:\/\/meeplendice.net\/index.php?rest_route=\/wp\/v2\/pages\/12429","targetHints":{"allow":["GET"]}}],"collection":[{"href":"https:\/\/meeplendice.net\/index.php?rest_route=\/wp\/v2\/pages"}],"about":[{"href":"https:\/\/meeplendice.net\/index.php?rest_route=\/wp\/v2\/types\/page"}],"author":[{"embeddable":true,"href":"https:\/\/meeplendice.net\/index.php?rest_route=\/wp\/v2\/users\/2"}],"replies":[{"embeddable":true,"href":"https:\/\/meeplendice.net\/index.php?rest_route=%2Fwp%2Fv2%2Fcomments&post=12429"}],"version-history":[{"count":1,"href":"https:\/\/meeplendice.net\/index.php?rest_route=\/wp\/v2\/pages\/12429\/revisions"}],"predecessor-version":[{"id":12430,"href":"https:\/\/meeplendice.net\/index.php?rest_route=\/wp\/v2\/pages\/12429\/revisions\/12430"}],"up":[{"embeddable":true,"href":"https:\/\/meeplendice.net\/index.php?rest_route=\/wp\/v2\/pages\/4458"}],"wp:featuredmedia":[{"embeddable":true,"href":"https:\/\/meeplendice.net\/index.php?rest_route=\/wp\/v2\/media\/12194"}],"wp:attachment":[{"href":"https:\/\/meeplendice.net\/index.php?rest_route=%2Fwp%2Fv2%2Fmedia&parent=12429"}],"curies":[{"name":"wp","href":"https:\/\/api.w.org\/{rel}","templated":true}]}}