{"id":12437,"date":"2024-07-25T16:39:42","date_gmt":"2024-07-25T14:39:42","guid":{"rendered":"https:\/\/meeplendice.net\/?page_id=12437"},"modified":"2024-07-26T14:52:22","modified_gmt":"2024-07-26T12:52:22","slug":"summoner-wars-seconde-edition","status":"publish","type":"page","link":"https:\/\/meeplendice.net\/?page_id=12437","title":{"rendered":"Summoner Wars Seconde Edition"},"content":{"rendered":"<div id=\"pl-12437\"  class=\"panel-layout\" ><div id=\"pg-12437-0\"  class=\"panel-grid panel-no-style\" ><div id=\"pgc-12437-0-0\"  class=\"panel-grid-cell\" ><div id=\"panel-12437-0-0-0\" class=\"so-panel widget widget_sow-editor panel-first-child panel-last-child\" data-index=\"0\" ><div\n\t\t\t\n\t\t\tclass=\"so-widget-sow-editor so-widget-sow-editor-base\"\n\t\t\t\n\t\t>\n<div class=\"siteorigin-widget-tinymce textwidget\">\n\t<p style=\"text-align: center;\"><strong>Nombre de joueurs :<\/strong><br \/>\n2 - 2<\/p>\n<\/div>\n<\/div><\/div><\/div><div id=\"pgc-12437-0-1\"  class=\"panel-grid-cell\" ><div id=\"panel-12437-0-1-0\" class=\"so-panel widget widget_sow-editor panel-first-child panel-last-child\" data-index=\"1\" ><div\n\t\t\t\n\t\t\tclass=\"so-widget-sow-editor so-widget-sow-editor-base\"\n\t\t\t\n\t\t>\n<div class=\"siteorigin-widget-tinymce textwidget\">\n\t<p style=\"text-align: center;\"><strong>Dur\u00e9e moyenne :<\/strong><br \/>\n45 min<\/p>\n<\/div>\n<\/div><\/div><\/div><div id=\"pgc-12437-0-2\"  class=\"panel-grid-cell\" ><div id=\"panel-12437-0-2-0\" class=\"so-panel widget widget_sow-editor panel-first-child panel-last-child\" data-index=\"2\" ><div\n\t\t\t\n\t\t\tclass=\"so-widget-sow-editor so-widget-sow-editor-base\"\n\t\t\t\n\t\t>\n<div class=\"siteorigin-widget-tinymce textwidget\">\n\t<p style=\"text-align: center;\"><strong>Age :<\/strong><br \/>\n8 ans et plus<\/p>\n<\/div>\n<\/div><\/div><\/div><\/div><div id=\"pg-12437-1\"  class=\"panel-grid panel-no-style\" ><div id=\"pgc-12437-1-0\"  class=\"panel-grid-cell\" ><div id=\"panel-12437-1-0-0\" class=\"so-panel widget widget_sow-editor panel-first-child panel-last-child\" data-index=\"3\" ><div\n\t\t\t\n\t\t\tclass=\"so-widget-sow-editor so-widget-sow-editor-base\"\n\t\t\t\n\t\t>\n<div class=\"siteorigin-widget-tinymce textwidget\">\n\t<p style=\"text-align: center;\"><strong>Auteur(s) :<br \/>\n<\/strong>Colby Dauch<br \/>\nJ. Arthur Ellis<\/p>\n<\/div>\n<\/div><\/div><\/div><div id=\"pgc-12437-1-1\"  class=\"panel-grid-cell\" ><div id=\"panel-12437-1-1-0\" class=\"so-panel widget widget_sow-editor panel-first-child panel-last-child\" data-index=\"4\" ><div\n\t\t\t\n\t\t\tclass=\"so-widget-sow-editor so-widget-sow-editor-base\"\n\t\t\t\n\t\t>\n<div class=\"siteorigin-widget-tinymce textwidget\">\n\t<p style=\"text-align: center;\"><strong>Illustrations :<br \/>\n<\/strong>Martin Abel<br \/>\nMadison Johnson<\/p>\n<\/div>\n<\/div><\/div><\/div><div id=\"pgc-12437-1-2\"  class=\"panel-grid-cell\" ><div id=\"panel-12437-1-2-0\" class=\"so-panel widget widget_sow-editor panel-first-child panel-last-child\" data-index=\"5\" ><div\n\t\t\t\n\t\t\tclass=\"so-widget-sow-editor so-widget-sow-editor-base\"\n\t\t\t\n\t\t>\n<div class=\"siteorigin-widget-tinymce textwidget\">\n\t<p style=\"text-align: center;\"><strong>\u00c9dition :<\/strong><br \/>\nMatagot<br \/>\n2021<\/p>\n<\/div>\n<\/div><\/div><\/div><div id=\"pgc-12437-1-3\"  class=\"panel-grid-cell\" ><div id=\"panel-12437-1-3-0\" class=\"so-panel widget widget_sow-editor panel-first-child panel-last-child\" data-index=\"6\" ><div\n\t\t\t\n\t\t\tclass=\"so-widget-sow-editor so-widget-sow-editor-base\"\n\t\t\t\n\t\t>\n<div class=\"siteorigin-widget-tinymce textwidget\">\n\t<p style=\"text-align: center;\"><strong>Version :<\/strong><br \/>\nFran\u00e7aise<\/p>\n<\/div>\n<\/div><\/div><\/div><\/div><div id=\"pg-12437-2\"  class=\"panel-grid panel-no-style\" ><div id=\"pgc-12437-2-0\"  class=\"panel-grid-cell\" ><div id=\"panel-12437-2-0-0\" class=\"so-panel widget widget_sow-editor panel-first-child panel-last-child\" data-index=\"7\" ><div\n\t\t\t\n\t\t\tclass=\"so-widget-sow-editor so-widget-sow-editor-base\"\n\t\t\t\n\t\t>\n<div class=\"siteorigin-widget-tinymce textwidget\">\n\t<hr \/>\n<p><em>Ret-Talus, le seigneur du Royaume D\u00e9chu, fut le premier \u00e0 trouver une Pierre d'invocations. La pierre conf\u00e9ra son pouvoir \u00e0 cet \u00eatre au c\u0153ur sombre, lui permettant ainsi de devenir le premier Invocateur. Pendant un mill\u00e9naire, le r\u00e8gne de Ret-Talus fut incontest\u00e9 et ses invocations ravag\u00e8rent le monde d'Itharia. La pierre \u00e9tait si puissante que m\u00eame l'assembl\u00e9e des arm\u00e9es d'Itharia ne parvint \u00e0 vaincre Ret-Talus.<\/em><\/p>\n<p><em>Ce n'est que lorsque Dane Lightbringer d\u00e9couvrit une deuxi\u00e8me Pierre d'invocations que le r\u00e8gne de Ret-Talus fut enfin mis \u00e0 l'\u00e9preuve. La d\u00e9couverte de cette deuxi\u00e8me pierre redonna espoir aux peuples d'Itharia, car non seulement devenait-il possible de contrer les forces de Ret-Talus, mais la Pierre d'invocations n'\u00e9tait donc pas unique. L'existance d'une deuxi\u00e8me pierre confirmait en quelque sorte l'existence de plusieurs pierres. Chaque faction d'Itharia se mit alors \u00e0 la recherche de Pierres d'invocations.<\/em><\/p>\n<p><em>Plusieurs pierres furent d\u00e9couvertes et de nombreux Invocateurs firent leur apparition. Malheureusement, les Invocateurs des diff\u00e9rentes factions d'Itharia se laiss\u00e8rent emporter par leurs vieilles rivalit\u00e9s et leur d\u00e9sir d'obtenir plus de Pierres d'invocation. C'est ainsi que ce qui, \u00e0 l'origine, marquait le d\u00e9sir de s'unir contre un ennemi commun d\u00e9clencha... La Guerre des Invocateurs <\/em><em>!<\/em><\/p>\n<p><em>Summoner Wars<\/em> est un jeu de cartes strat\u00e9gique qui prend place sur un champ de bataille inspir\u00e9 de l'univers fantasy et dans lequel vous incarnez un puissant invocateur.<br \/>\nFaites montre de vos prouesses tactiques en invoquant des unit\u00e9s gr\u00e2ce \u00e0 vos portails, en d\u00e9jouant les plans de votre adversaire et en \u00e9limant l'invocateur ennemis.<br \/>\nAvec d'innombrables types d'unit\u00e9s, une grande vari\u00e9t\u00e9 de sorts et de capacit\u00e9s ainsi que la possibilit\u00e9 de construire vos propres paquets, ce jeu ne cessera de vous divertir, partie apr\u00e8s partie.<\/p>\n<\/div>\n<\/div><\/div><\/div><\/div><div id=\"pg-12437-3\"  class=\"panel-grid panel-no-style\" ><div id=\"pgc-12437-3-0\"  class=\"panel-grid-cell\" ><div id=\"panel-12437-3-0-0\" class=\"so-panel widget widget_sow-editor panel-first-child panel-last-child\" data-index=\"8\" ><div\n\t\t\t\n\t\t\tclass=\"so-widget-sow-editor so-widget-sow-editor-base\"\n\t\t\t\n\t\t>\n<div class=\"siteorigin-widget-tinymce textwidget\">\n\t<hr \/>\n<h3 style=\"text-align: center;\">En vid\u00e9o<\/h3>\n<p><a href=\"https:\/\/www.youtube.com\/watch?v=M_Vn4VVQ49c&amp;ab_channel=EditionsMatagot\" target=\"_blank\" rel=\"noopener\"><img loading=\"lazy\" decoding=\"async\" class=\"alignnone size-full wp-image-9090\" src=\"https:\/\/meeplendice.net\/wp-content\/uploads\/2022\/01\/Link_CJ_v2.png\" alt=\"\" width=\"200\" height=\"170\" \/><\/a><\/p>\n<\/div>\n<\/div><\/div><\/div><\/div><div id=\"pg-12437-4\"  class=\"panel-grid panel-no-style\" ><div id=\"pgc-12437-4-0\"  class=\"panel-grid-cell\" ><div id=\"panel-12437-4-0-0\" class=\"so-panel widget widget_sow-editor panel-first-child panel-last-child\" data-index=\"9\" ><div\n\t\t\t\n\t\t\tclass=\"so-widget-sow-editor so-widget-sow-editor-base\"\n\t\t\t\n\t\t>\n<div class=\"siteorigin-widget-tinymce textwidget\">\n\t<hr \/>\n<h3 style=\"text-align: center;\">Extension(s)<\/h3>\n<style type='text\/css' media='all'>#rt-tpg-container-1452501198 .read-more a{border-radius:px;}#rt-tpg-container-1452501198 .rt-img-holder img.rt-img-responsive,#rt-tpg-container-1452501198 .rt-img-holder,\n\t\t\t\t\t#rt-tpg-container-1452501198 .rt-post-overlay .post-img,\n\t\t\t\t\t#rt-tpg-container-1452501198 .post-sm .post-img,\n\t\t\t\t\t#rt-tpg-container-1452501198 .rt-post-grid .post-img,\n\t\t\t\t\t#rt-tpg-container-1452501198 .post-img img {border-radius:px;}#rt-tpg-container-1452501198 .layout9 .rt-holder h2.entry-title,\n\t\t\t\t\t#rt-tpg-container-1452501198 .layout9 .rt-holder h3.entry-title,\n\t\t\t\t\t#rt-tpg-container-1452501198 .layout9 .rt-holder h4.entry-title,\n\t\t\t\t\t#rt-tpg-container-1452501198 .layout9 .rt-holder h2.entry-title a,\n\t\t\t\t\t#rt-tpg-container-1452501198 .layout9 .rt-holder h3.entry-title a,\n\t\t\t\t\t#rt-tpg-container-1452501198 .layout9 .rt-holder h4.entry-title a,\n\t\t\t\t\t#rt-tpg-container-1452501198 .rt-holder .rt-woo-info h2 a,\n\t\t\t\t\t#rt-tpg-container-1452501198 .rt-holder .rt-woo-info h3 a,\n\t\t\t\t\t#rt-tpg-container-1452501198 .rt-holder .rt-woo-info h4 a,\n\t\t\t\t\t#rt-tpg-container-1452501198 .post-content .post-title,\n\t\t\t\t\t#rt-tpg-container-1452501198 .rt-post-grid .post-title,\n\t\t\t\t\t#rt-tpg-container-1452501198 .rt-post-grid .post-title a,\n\t\t\t\t\t#rt-tpg-container-1452501198 .post-content .post-title a,\n\t\t\t\t\t#rt-tpg-container-1452501198 .rt-holder .rt-woo-info h2,\n\t\t\t\t\t#rt-tpg-container-1452501198 .rt-holder .rt-woo-info h3,\n\t\t\t\t\t#rt-tpg-container-1452501198 .rt-holder .rt-woo-info h4{font-size:16px;line-height:26px;font-weight:normal;text-align:center;}#rt-tpg-container-1452501198 .post-grid-lg-style-1 .post-title,\n\t\t\t\t\t\t#rt-tpg-container-1452501198 .post-grid-lg-style-1 .post-title a,\n\t\t\t\t\t\t#rt-tpg-container-1452501198 .big-layout .post-title,\n\t\t\t\t\t\t#rt-tpg-container-1452501198 .big-layout .post-title a,\n\t\t\t\t\t\t#rt-tpg-container-1452501198 .post-grid-lg-style-1 .post-title,\n\t\t\t\t\t\t#rt-tpg-container-1452501198 .post-grid-lg-style-1 .post-title a {font-size:24px;line-height:34px;}<\/style><div class='rt-container-fluid rt-tpg-container tpg-shortcode-main-wrapper ' id='rt-tpg-container-1452501198'   data-layout='layout9' data-grid-style='masonry' data-desktop-col='3'  data-tab-col='2'  data-mobile-col='1' data-sc-id='12491'><div data-title='Loading ...' class='rt-row rt-content-loader   layout9 tpg-masonry '><div class=\"rt-col-md-4 rt-col-sm-6 rt-col-xs-12 masonry-grid-item rt-grid-item img_zoom_in\" data-id=\"12466\"><div class=\"rt-holder\"><div class='overlay'><a data-id='12466' class=' tpg-single-popup' href='https:\/\/meeplendice.net\/?page_id=12466'><img loading=\"lazy\" decoding=\"async\" width=\"350\" height=\"350\" src=\"https:\/\/meeplendice.net\/wp-content\/uploads\/2024\/07\/SW_v2_OrcsvsElfes.png\" class=\"rt-img-responsive \" alt=\"\" \/><\/a><\/div><div class='post-info'><h3 class=\"entry-title\"><a data-id=\"12466\" class=\" tpg-single-popup\" href=\"https:\/\/meeplendice.net\/?page_id=12466\">Starter Set : Orcs de la Toundra vs Elfes du Ph\u00e9nix<\/a><\/h3><div class='post-meta-user '><\/div><\/div><\/div><\/div><div class=\"rt-col-md-4 rt-col-sm-6 rt-col-xs-12 masonry-grid-item rt-grid-item img_zoom_in\" data-id=\"12474\"><div class=\"rt-holder\"><div class='overlay'><a data-id='12474' class=' tpg-single-popup' href='https:\/\/meeplendice.net\/?page_id=12474'><img loading=\"lazy\" decoding=\"async\" width=\"350\" height=\"350\" src=\"https:\/\/meeplendice.net\/wp-content\/uploads\/2024\/07\/SW_v2_Masterset.png\" class=\"rt-img-responsive \" alt=\"\" \/><\/a><\/div><div class='post-info'><h3 class=\"entry-title\"><a data-id=\"12474\" class=\" tpg-single-popup\" href=\"https:\/\/meeplendice.net\/?page_id=12474\">Master Set<\/a><\/h3><div class='post-meta-user '><\/div><\/div><\/div><\/div><div class=\"rt-col-md-4 rt-col-sm-6 rt-col-xs-12 masonry-grid-item rt-grid-item img_zoom_in\" data-id=\"12476\"><div class=\"rt-holder\"><div class='overlay'><a data-id='12476' class=' tpg-single-popup' href='https:\/\/meeplendice.net\/?page_id=12476'><img loading=\"lazy\" decoding=\"async\" width=\"350\" height=\"350\" src=\"https:\/\/meeplendice.net\/wp-content\/uploads\/2024\/07\/SW_v2_Cycle01.png\" class=\"rt-img-responsive \" alt=\"\" \/><\/a><\/div><div class='post-info'><h3 class=\"entry-title\"><a data-id=\"12476\" class=\" tpg-single-popup\" href=\"https:\/\/meeplendice.net\/?page_id=12476\">Le Cycle De La Lune Violette (1er Cycle)<\/a><\/h3><div class='post-meta-user '><\/div><\/div><\/div><\/div><\/div><div class='rt-pagination-wrap' data-total-pages='3' data-posts-per-page='3' data-type='pagination_ajax'  ><div class='rt-page-numbers'><\/div><\/div><\/div>\n<\/div>\n<\/div><\/div><\/div><\/div><div id=\"pg-12437-5\"  class=\"panel-grid panel-no-style\" ><div id=\"pgc-12437-5-0\"  class=\"panel-grid-cell\" ><div id=\"panel-12437-5-0-0\" class=\"so-panel widget widget_sow-editor panel-first-child panel-last-child\" data-index=\"10\" ><div\n\t\t\t\n\t\t\tclass=\"so-widget-sow-editor so-widget-sow-editor-base\"\n\t\t\t\n\t\t>\n<div class=\"siteorigin-widget-tinymce textwidget\">\n\t<hr \/>\n<h3 style=\"text-align: center;\">Pour aller plus loin<\/h3>\n<\/div>\n<\/div><\/div><\/div><\/div><\/div>","protected":false},"excerpt":{"rendered":"<p>Nombre de joueurs : 2 &#8211; 2 Dur\u00e9e moyenne : 45 min Age : 8 ans et plus Auteur(s) : Colby Dauch J. Arthur Ellis Illustrations : Martin Abel Madison Johnson \u00c9dition : Matagot 2021 Version : Fran\u00e7aise<\/p>\n","protected":false},"author":2,"featured_media":12390,"parent":0,"menu_order":0,"comment_status":"closed","ping_status":"closed","template":"","meta":{"footnotes":""},"class_list":["post-12437","page","type-page","status-publish","has-post-thumbnail","hentry"],"acf":[],"rttpg_featured_image_url":{"full":["https:\/\/meeplendice.net\/wp-content\/uploads\/2024\/07\/Summoner_wars_MS_v2.png",350,350,false],"landscape":["https:\/\/meeplendice.net\/wp-content\/uploads\/2024\/07\/Summoner_wars_MS_v2.png",350,350,false],"portraits":["https:\/\/meeplendice.net\/wp-content\/uploads\/2024\/07\/Summoner_wars_MS_v2.png",350,350,false],"thumbnail":["https:\/\/meeplendice.net\/wp-content\/uploads\/2024\/07\/Summoner_wars_MS_v2-150x150.png",150,150,true],"medium":["https:\/\/meeplendice.net\/wp-content\/uploads\/2024\/07\/Summoner_wars_MS_v2-300x300.png",300,300,true],"large":["https:\/\/meeplendice.net\/wp-content\/uploads\/2024\/07\/Summoner_wars_MS_v2.png",350,350,false],"ug_big":["https:\/\/meeplendice.net\/wp-content\/uploads\/2024\/07\/Summoner_wars_MS_v2.png",350,350,false],"1536x1536":["https:\/\/meeplendice.net\/wp-content\/uploads\/2024\/07\/Summoner_wars_MS_v2.png",350,350,false],"2048x2048":["https:\/\/meeplendice.net\/wp-content\/uploads\/2024\/07\/Summoner_wars_MS_v2.png",350,350,false],"ashe-slider-grid-thumbnail":["https:\/\/meeplendice.net\/wp-content\/uploads\/2024\/07\/Summoner_wars_MS_v2.png",350,350,false],"ashe-full-thumbnail":["https:\/\/meeplendice.net\/wp-content\/uploads\/2024\/07\/Summoner_wars_MS_v2.png",350,350,false],"ashe-grid-thumbnail":["https:\/\/meeplendice.net\/wp-content\/uploads\/2024\/07\/Summoner_wars_MS_v2-350x330.png",350,330,true],"ashe-list-thumbnail":["https:\/\/meeplendice.net\/wp-content\/uploads\/2024\/07\/Summoner_wars_MS_v2-300x300.png",300,300,true],"ashe-single-navigation":["https:\/\/meeplendice.net\/wp-content\/uploads\/2024\/07\/Summoner_wars_MS_v2-75x75.png",75,75,true],"mailpoet_newsletter_max":["https:\/\/meeplendice.net\/wp-content\/uploads\/2024\/07\/Summoner_wars_MS_v2.png",350,350,false],"rpwe-thumbnail":["https:\/\/meeplendice.net\/wp-content\/uploads\/2024\/07\/Summoner_wars_MS_v2-45x45.png",45,45,true],"sow-carousel-default":["https:\/\/meeplendice.net\/wp-content\/uploads\/2024\/07\/Summoner_wars_MS_v2-272x182.png",272,182,true],"rt_custom":["https:\/\/meeplendice.net\/wp-content\/uploads\/2024\/07\/Summoner_wars_MS_v2.png",350,350,false]},"rttpg_author":{"display_name":"Karnby","author_link":"https:\/\/meeplendice.net\/?author=2"},"rttpg_comment":0,"rttpg_category":null,"rttpg_excerpt":"Nombre de joueurs : 2 - 2 Dur\u00e9e moyenne : 45 min Age : 8 ans et plus Auteur(s) : Colby Dauch J. Arthur Ellis Illustrations : Martin Abel Madison Johnson \u00c9dition : Matagot 2021 Version : Fran\u00e7aise","_links":{"self":[{"href":"https:\/\/meeplendice.net\/index.php?rest_route=\/wp\/v2\/pages\/12437","targetHints":{"allow":["GET"]}}],"collection":[{"href":"https:\/\/meeplendice.net\/index.php?rest_route=\/wp\/v2\/pages"}],"about":[{"href":"https:\/\/meeplendice.net\/index.php?rest_route=\/wp\/v2\/types\/page"}],"author":[{"embeddable":true,"href":"https:\/\/meeplendice.net\/index.php?rest_route=\/wp\/v2\/users\/2"}],"replies":[{"embeddable":true,"href":"https:\/\/meeplendice.net\/index.php?rest_route=%2Fwp%2Fv2%2Fcomments&post=12437"}],"version-history":[{"count":6,"href":"https:\/\/meeplendice.net\/index.php?rest_route=\/wp\/v2\/pages\/12437\/revisions"}],"predecessor-version":[{"id":12492,"href":"https:\/\/meeplendice.net\/index.php?rest_route=\/wp\/v2\/pages\/12437\/revisions\/12492"}],"wp:featuredmedia":[{"embeddable":true,"href":"https:\/\/meeplendice.net\/index.php?rest_route=\/wp\/v2\/media\/12390"}],"wp:attachment":[{"href":"https:\/\/meeplendice.net\/index.php?rest_route=%2Fwp%2Fv2%2Fmedia&parent=12437"}],"curies":[{"name":"wp","href":"https:\/\/api.w.org\/{rel}","templated":true}]}}