{"id":12466,"date":"2024-07-26T14:06:38","date_gmt":"2024-07-26T12:06:38","guid":{"rendered":"https:\/\/meeplendice.net\/?page_id=12466"},"modified":"2024-07-26T14:06:57","modified_gmt":"2024-07-26T12:06:57","slug":"orcs-de-la-toundra-vs-elfes-du-phenix","status":"publish","type":"page","link":"https:\/\/meeplendice.net\/?page_id=12466","title":{"rendered":"Starter Set : Orcs de la Toundra vs Elfes du Ph\u00e9nix"},"content":{"rendered":"<p>Prenez part \u00e0 la guerre sans fin d&rsquo;Itharia !<\/p>\n<p>Commencez l&rsquo;aventure <em>Summoner Wars<\/em> avec les Efles du Ph\u00e9nix contre les Orcs de la Toundra gr\u00e2ce \u00e0 ce starter set !<\/p>\n<p>Dans cette boite, vous aurez tout le mat\u00e9riel n\u00e9cessaire pour bien d\u00e9marrer.<br \/>\nJouerez-vous les Elfes du Ph\u00e9nix, pour ex\u00e9cuter leurs plans avec une sinistre pr\u00e9cision ? Ou choisirez-vous les Orcs de la Toundra, qui utilisent leur volont\u00e9 inflexible pour temp\u00e9rer leur f\u00e9rocit\u00e9 ?<\/p>\n<p>&nbsp;<\/p>\n<p style=\"text-align: justify;\"><span id=\"result_box\" class=\"\" lang=\"fr\"><span class=\"\">\u00a0<\/span><\/span><\/p>\n","protected":false},"excerpt":{"rendered":"<p>Prenez part \u00e0 la guerre sans fin d&rsquo;Itharia ! Commencez l&rsquo;aventure Summoner Wars avec les Efles du Ph\u00e9nix contre les Orcs de la Toundra gr\u00e2ce \u00e0 ce starter set ! Dans cette boite, vous aurez tout le mat\u00e9riel n\u00e9cessaire pour bien d\u00e9marrer. Jouerez-vous les Elfes du Ph\u00e9nix, pour ex\u00e9cuter leurs plans avec une sinistre pr\u00e9cision ? Ou choisirez-vous les Orcs de la Toundra, qui utilisent leur volont\u00e9 inflexible pour temp\u00e9rer leur f\u00e9rocit\u00e9 ? &nbsp; \u00a0<\/p>\n","protected":false},"author":2,"featured_media":12464,"parent":12437,"menu_order":1,"comment_status":"closed","ping_status":"closed","template":"","meta":{"footnotes":""},"class_list":["post-12466","page","type-page","status-publish","has-post-thumbnail","hentry"],"acf":[],"rttpg_featured_image_url":{"full":["https:\/\/meeplendice.net\/wp-content\/uploads\/2024\/07\/SW_v2_OrcsvsElfes.png",350,350,false],"landscape":["https:\/\/meeplendice.net\/wp-content\/uploads\/2024\/07\/SW_v2_OrcsvsElfes.png",350,350,false],"portraits":["https:\/\/meeplendice.net\/wp-content\/uploads\/2024\/07\/SW_v2_OrcsvsElfes.png",350,350,false],"thumbnail":["https:\/\/meeplendice.net\/wp-content\/uploads\/2024\/07\/SW_v2_OrcsvsElfes-150x150.png",150,150,true],"medium":["https:\/\/meeplendice.net\/wp-content\/uploads\/2024\/07\/SW_v2_OrcsvsElfes-300x300.png",300,300,true],"large":["https:\/\/meeplendice.net\/wp-content\/uploads\/2024\/07\/SW_v2_OrcsvsElfes.png",350,350,false],"ug_big":["https:\/\/meeplendice.net\/wp-content\/uploads\/2024\/07\/SW_v2_OrcsvsElfes.png",350,350,false],"1536x1536":["https:\/\/meeplendice.net\/wp-content\/uploads\/2024\/07\/SW_v2_OrcsvsElfes.png",350,350,false],"2048x2048":["https:\/\/meeplendice.net\/wp-content\/uploads\/2024\/07\/SW_v2_OrcsvsElfes.png",350,350,false],"ashe-slider-grid-thumbnail":["https:\/\/meeplendice.net\/wp-content\/uploads\/2024\/07\/SW_v2_OrcsvsElfes.png",350,350,false],"ashe-full-thumbnail":["https:\/\/meeplendice.net\/wp-content\/uploads\/2024\/07\/SW_v2_OrcsvsElfes.png",350,350,false],"ashe-grid-thumbnail":["https:\/\/meeplendice.net\/wp-content\/uploads\/2024\/07\/SW_v2_OrcsvsElfes-350x330.png",350,330,true],"ashe-list-thumbnail":["https:\/\/meeplendice.net\/wp-content\/uploads\/2024\/07\/SW_v2_OrcsvsElfes-300x300.png",300,300,true],"ashe-single-navigation":["https:\/\/meeplendice.net\/wp-content\/uploads\/2024\/07\/SW_v2_OrcsvsElfes-75x75.png",75,75,true],"mailpoet_newsletter_max":["https:\/\/meeplendice.net\/wp-content\/uploads\/2024\/07\/SW_v2_OrcsvsElfes.png",350,350,false],"rpwe-thumbnail":["https:\/\/meeplendice.net\/wp-content\/uploads\/2024\/07\/SW_v2_OrcsvsElfes-45x45.png",45,45,true],"sow-carousel-default":["https:\/\/meeplendice.net\/wp-content\/uploads\/2024\/07\/SW_v2_OrcsvsElfes-272x182.png",272,182,true],"rt_custom":["https:\/\/meeplendice.net\/wp-content\/uploads\/2024\/07\/SW_v2_OrcsvsElfes.png",350,350,false]},"rttpg_author":{"display_name":"Karnby","author_link":"https:\/\/meeplendice.net\/?author=2"},"rttpg_comment":0,"rttpg_category":null,"rttpg_excerpt":"Prenez part \u00e0 la guerre sans fin d&rsquo;Itharia ! Commencez l&rsquo;aventure Summoner Wars avec les Efles du Ph\u00e9nix contre les Orcs de la Toundra gr\u00e2ce \u00e0 ce starter set ! Dans cette boite, vous aurez tout le mat\u00e9riel n\u00e9cessaire pour bien d\u00e9marrer. Jouerez-vous les Elfes du Ph\u00e9nix, pour ex\u00e9cuter leurs plans avec une sinistre pr\u00e9cision\u2026","_links":{"self":[{"href":"https:\/\/meeplendice.net\/index.php?rest_route=\/wp\/v2\/pages\/12466","targetHints":{"allow":["GET"]}}],"collection":[{"href":"https:\/\/meeplendice.net\/index.php?rest_route=\/wp\/v2\/pages"}],"about":[{"href":"https:\/\/meeplendice.net\/index.php?rest_route=\/wp\/v2\/types\/page"}],"author":[{"embeddable":true,"href":"https:\/\/meeplendice.net\/index.php?rest_route=\/wp\/v2\/users\/2"}],"replies":[{"embeddable":true,"href":"https:\/\/meeplendice.net\/index.php?rest_route=%2Fwp%2Fv2%2Fcomments&post=12466"}],"version-history":[{"count":2,"href":"https:\/\/meeplendice.net\/index.php?rest_route=\/wp\/v2\/pages\/12466\/revisions"}],"predecessor-version":[{"id":12473,"href":"https:\/\/meeplendice.net\/index.php?rest_route=\/wp\/v2\/pages\/12466\/revisions\/12473"}],"up":[{"embeddable":true,"href":"https:\/\/meeplendice.net\/index.php?rest_route=\/wp\/v2\/pages\/12437"}],"wp:featuredmedia":[{"embeddable":true,"href":"https:\/\/meeplendice.net\/index.php?rest_route=\/wp\/v2\/media\/12464"}],"wp:attachment":[{"href":"https:\/\/meeplendice.net\/index.php?rest_route=%2Fwp%2Fv2%2Fmedia&parent=12466"}],"curies":[{"name":"wp","href":"https:\/\/api.w.org\/{rel}","templated":true}]}}