{"id":12474,"date":"2024-07-26T14:29:00","date_gmt":"2024-07-26T12:29:00","guid":{"rendered":"https:\/\/meeplendice.net\/?page_id=12474"},"modified":"2024-07-26T14:29:00","modified_gmt":"2024-07-26T12:29:00","slug":"master-set","status":"publish","type":"page","link":"https:\/\/meeplendice.net\/?page_id=12474","title":{"rendered":"Master Set"},"content":{"rendered":"<p>Prenez part \u00e0 la guerre sans fin d&rsquo;Itharia !<\/p>\n<p><em>Summoner Wars<\/em>\u00a0est un jeu de cartes strat\u00e9gique qui prend place sur un champ de bataille inspir\u00e9 de l&rsquo;univers fantasy et dans lequel vous incarnez un puissant invocateur.<br \/>\nFaites montre de vos prouesses tactiques en invoquant des unit\u00e9s gr\u00e2ce \u00e0 vos portails, en d\u00e9jouant les plans de votre adversaire et en \u00e9limant l&rsquo;invocateur ennemis.<br \/>\nAvec d&rsquo;innombrables types d&rsquo;unit\u00e9s, une grande vari\u00e9t\u00e9 de sorts et de capacit\u00e9s ainsi que la possibilit\u00e9 de construire vos propres paquets, ce jeu ne cessera de vous divertir, partie apr\u00e8s partie.<\/p>\n<p>Ce Master Set contient 6 invocateurs, ainsi que toutes les unit\u00e9s et tous les sorts de leurs factions respectives, un champs de bataille et des d\u00e9s personnalis\u00e9s pour vous permettre de mener \u00e0 bien le combat.<br \/>\nAfin de cr\u00e9er l&rsquo;arm\u00e9e la plus puissante, n&rsquo;h\u00e9sitez pas \u00e0 personnaliser votre paquet de cartes en m\u00e9langeant les unit\u00e9s des diff\u00e9rentes factions de cette boite ou d&rsquo;autre extensions !<\/p>\n<p>Factions : Avangardes, Elfes de la Savane, Brisesprits, Gobelins des Cavernes, Royaume D\u00e9chu, Givrenains<\/p>\n<p>&nbsp;<\/p>\n<p style=\"text-align: justify;\"><span id=\"result_box\" class=\"\" lang=\"fr\"><span class=\"\">\u00a0<\/span><\/span><\/p>\n","protected":false},"excerpt":{"rendered":"<p>Prenez part \u00e0 la guerre sans fin d&rsquo;Itharia ! Summoner Wars\u00a0est un jeu de cartes strat\u00e9gique qui prend place sur un champ de bataille inspir\u00e9 de l&rsquo;univers fantasy et dans lequel vous incarnez un puissant invocateur. Faites montre de vos prouesses tactiques en invoquant des unit\u00e9s gr\u00e2ce \u00e0 vos portails, en d\u00e9jouant les plans de votre adversaire et en \u00e9limant l&rsquo;invocateur ennemis. Avec d&rsquo;innombrables types d&rsquo;unit\u00e9s, une grande vari\u00e9t\u00e9 de sorts et de capacit\u00e9s ainsi que la possibilit\u00e9 de construire vos propres paquets, ce jeu ne cessera de vous divertir, partie apr\u00e8s partie. Ce Master Set contient 6 invocateurs, ainsi que toutes les unit\u00e9s et tous les sorts de leurs factions respectives, un champs de bataille et des d\u00e9s personnalis\u00e9s pour vous permettre de mener \u00e0 bien le combat. Afin de cr\u00e9er l&rsquo;arm\u00e9e la plus puissante, n&rsquo;h\u00e9sitez pas \u00e0 personnaliser votre paquet de cartes en m\u00e9langeant les unit\u00e9s des diff\u00e9rentes factions de cette boite ou d&rsquo;autre extensions ! Factions : Avangardes, Elfes de la Savane, Brisesprits, Gobelins des Cavernes, Royaume D\u00e9chu, Givrenains &nbsp; \u00a0<\/p>\n","protected":false},"author":2,"featured_media":12458,"parent":12437,"menu_order":2,"comment_status":"closed","ping_status":"closed","template":"","meta":{"footnotes":""},"class_list":["post-12474","page","type-page","status-publish","has-post-thumbnail","hentry"],"acf":[],"rttpg_featured_image_url":{"full":["https:\/\/meeplendice.net\/wp-content\/uploads\/2024\/07\/SW_v2_Masterset.png",350,350,false],"landscape":["https:\/\/meeplendice.net\/wp-content\/uploads\/2024\/07\/SW_v2_Masterset.png",350,350,false],"portraits":["https:\/\/meeplendice.net\/wp-content\/uploads\/2024\/07\/SW_v2_Masterset.png",350,350,false],"thumbnail":["https:\/\/meeplendice.net\/wp-content\/uploads\/2024\/07\/SW_v2_Masterset-150x150.png",150,150,true],"medium":["https:\/\/meeplendice.net\/wp-content\/uploads\/2024\/07\/SW_v2_Masterset-300x300.png",300,300,true],"large":["https:\/\/meeplendice.net\/wp-content\/uploads\/2024\/07\/SW_v2_Masterset.png",350,350,false],"ug_big":["https:\/\/meeplendice.net\/wp-content\/uploads\/2024\/07\/SW_v2_Masterset.png",350,350,false],"1536x1536":["https:\/\/meeplendice.net\/wp-content\/uploads\/2024\/07\/SW_v2_Masterset.png",350,350,false],"2048x2048":["https:\/\/meeplendice.net\/wp-content\/uploads\/2024\/07\/SW_v2_Masterset.png",350,350,false],"ashe-slider-grid-thumbnail":["https:\/\/meeplendice.net\/wp-content\/uploads\/2024\/07\/SW_v2_Masterset.png",350,350,false],"ashe-full-thumbnail":["https:\/\/meeplendice.net\/wp-content\/uploads\/2024\/07\/SW_v2_Masterset.png",350,350,false],"ashe-grid-thumbnail":["https:\/\/meeplendice.net\/wp-content\/uploads\/2024\/07\/SW_v2_Masterset-350x330.png",350,330,true],"ashe-list-thumbnail":["https:\/\/meeplendice.net\/wp-content\/uploads\/2024\/07\/SW_v2_Masterset-300x300.png",300,300,true],"ashe-single-navigation":["https:\/\/meeplendice.net\/wp-content\/uploads\/2024\/07\/SW_v2_Masterset-75x75.png",75,75,true],"mailpoet_newsletter_max":["https:\/\/meeplendice.net\/wp-content\/uploads\/2024\/07\/SW_v2_Masterset.png",350,350,false],"rpwe-thumbnail":["https:\/\/meeplendice.net\/wp-content\/uploads\/2024\/07\/SW_v2_Masterset-45x45.png",45,45,true],"sow-carousel-default":["https:\/\/meeplendice.net\/wp-content\/uploads\/2024\/07\/SW_v2_Masterset-272x182.png",272,182,true],"rt_custom":["https:\/\/meeplendice.net\/wp-content\/uploads\/2024\/07\/SW_v2_Masterset.png",350,350,false]},"rttpg_author":{"display_name":"Karnby","author_link":"https:\/\/meeplendice.net\/?author=2"},"rttpg_comment":0,"rttpg_category":null,"rttpg_excerpt":"Prenez part \u00e0 la guerre sans fin d&rsquo;Itharia ! Summoner Wars\u00a0est un jeu de cartes strat\u00e9gique qui prend place sur un champ de bataille inspir\u00e9 de l&rsquo;univers fantasy et dans lequel vous incarnez un puissant invocateur. Faites montre de vos prouesses tactiques en invoquant des unit\u00e9s gr\u00e2ce \u00e0 vos portails, en d\u00e9jouant les plans de\u2026","_links":{"self":[{"href":"https:\/\/meeplendice.net\/index.php?rest_route=\/wp\/v2\/pages\/12474","targetHints":{"allow":["GET"]}}],"collection":[{"href":"https:\/\/meeplendice.net\/index.php?rest_route=\/wp\/v2\/pages"}],"about":[{"href":"https:\/\/meeplendice.net\/index.php?rest_route=\/wp\/v2\/types\/page"}],"author":[{"embeddable":true,"href":"https:\/\/meeplendice.net\/index.php?rest_route=\/wp\/v2\/users\/2"}],"replies":[{"embeddable":true,"href":"https:\/\/meeplendice.net\/index.php?rest_route=%2Fwp%2Fv2%2Fcomments&post=12474"}],"version-history":[{"count":1,"href":"https:\/\/meeplendice.net\/index.php?rest_route=\/wp\/v2\/pages\/12474\/revisions"}],"predecessor-version":[{"id":12475,"href":"https:\/\/meeplendice.net\/index.php?rest_route=\/wp\/v2\/pages\/12474\/revisions\/12475"}],"up":[{"embeddable":true,"href":"https:\/\/meeplendice.net\/index.php?rest_route=\/wp\/v2\/pages\/12437"}],"wp:featuredmedia":[{"embeddable":true,"href":"https:\/\/meeplendice.net\/index.php?rest_route=\/wp\/v2\/media\/12458"}],"wp:attachment":[{"href":"https:\/\/meeplendice.net\/index.php?rest_route=%2Fwp%2Fv2%2Fmedia&parent=12474"}],"curies":[{"name":"wp","href":"https:\/\/api.w.org\/{rel}","templated":true}]}}