{"id":12478,"date":"2024-07-26T14:43:23","date_gmt":"2024-07-26T12:43:23","guid":{"rendered":"https:\/\/meeplendice.net\/?page_id=12478"},"modified":"2024-07-26T14:43:23","modified_gmt":"2024-07-26T12:43:23","slug":"aviens-lanceciels","status":"publish","type":"page","link":"https:\/\/meeplendice.net\/?page_id=12478","title":{"rendered":"Aviens Lanceciels"},"content":{"rendered":"<div>Les Aviens Lanceciels sont un groupe de guerriers volants, capables de survoler leurs ennemis et de se regrouper en formations parfaites. Dirig\u00e9s par Ava, aucun ennemi n&rsquo;est \u00e0 l&rsquo;abri des attaques a\u00e9riennes des Aviens. Lancez des portes a\u00e9riennes et bombardez vos ennemis en piqu\u00e9 avant qu&rsquo;ils ne sachent ce qui les a frapp\u00e9s.<\/div>\n<div><\/div>\n<div>Il s&rsquo;agit d&rsquo;un tout nouveau deck de faction pr\u00eat \u00e0 jouer ! Les unit\u00e9s peuvent \u00eatre utilis\u00e9es pour construire le deck ultime de la faction.<\/div>\n<p>&nbsp;<\/p>\n<p style=\"text-align: justify;\"><span id=\"result_box\" class=\"\" lang=\"fr\"><span class=\"\">\u00a0<\/span><\/span><\/p>\n","protected":false},"excerpt":{"rendered":"<p>Les Aviens Lanceciels sont un groupe de guerriers volants, capables de survoler leurs ennemis et de se regrouper en formations parfaites. Dirig\u00e9s par Ava, aucun ennemi n&rsquo;est \u00e0 l&rsquo;abri des attaques a\u00e9riennes des Aviens. Lancez des portes a\u00e9riennes et bombardez vos ennemis en piqu\u00e9 avant qu&rsquo;ils ne sachent ce qui les a frapp\u00e9s. Il s&rsquo;agit d&rsquo;un tout nouveau deck de faction pr\u00eat \u00e0 jouer ! Les unit\u00e9s peuvent \u00eatre utilis\u00e9es pour construire le deck ultime de la faction. &nbsp; \u00a0<\/p>\n","protected":false},"author":2,"featured_media":12463,"parent":12437,"menu_order":4,"comment_status":"closed","ping_status":"closed","template":"","meta":{"footnotes":""},"class_list":["post-12478","page","type-page","status-publish","has-post-thumbnail","hentry"],"acf":[],"rttpg_featured_image_url":{"full":["https:\/\/meeplendice.net\/wp-content\/uploads\/2024\/07\/SW_v2_Aviens.png",350,350,false],"landscape":["https:\/\/meeplendice.net\/wp-content\/uploads\/2024\/07\/SW_v2_Aviens.png",350,350,false],"portraits":["https:\/\/meeplendice.net\/wp-content\/uploads\/2024\/07\/SW_v2_Aviens.png",350,350,false],"thumbnail":["https:\/\/meeplendice.net\/wp-content\/uploads\/2024\/07\/SW_v2_Aviens-150x150.png",150,150,true],"medium":["https:\/\/meeplendice.net\/wp-content\/uploads\/2024\/07\/SW_v2_Aviens-300x300.png",300,300,true],"large":["https:\/\/meeplendice.net\/wp-content\/uploads\/2024\/07\/SW_v2_Aviens.png",350,350,false],"ug_big":["https:\/\/meeplendice.net\/wp-content\/uploads\/2024\/07\/SW_v2_Aviens.png",350,350,false],"1536x1536":["https:\/\/meeplendice.net\/wp-content\/uploads\/2024\/07\/SW_v2_Aviens.png",350,350,false],"2048x2048":["https:\/\/meeplendice.net\/wp-content\/uploads\/2024\/07\/SW_v2_Aviens.png",350,350,false],"ashe-slider-grid-thumbnail":["https:\/\/meeplendice.net\/wp-content\/uploads\/2024\/07\/SW_v2_Aviens.png",350,350,false],"ashe-full-thumbnail":["https:\/\/meeplendice.net\/wp-content\/uploads\/2024\/07\/SW_v2_Aviens.png",350,350,false],"ashe-grid-thumbnail":["https:\/\/meeplendice.net\/wp-content\/uploads\/2024\/07\/SW_v2_Aviens-350x330.png",350,330,true],"ashe-list-thumbnail":["https:\/\/meeplendice.net\/wp-content\/uploads\/2024\/07\/SW_v2_Aviens-300x300.png",300,300,true],"ashe-single-navigation":["https:\/\/meeplendice.net\/wp-content\/uploads\/2024\/07\/SW_v2_Aviens-75x75.png",75,75,true],"mailpoet_newsletter_max":["https:\/\/meeplendice.net\/wp-content\/uploads\/2024\/07\/SW_v2_Aviens.png",350,350,false],"rpwe-thumbnail":["https:\/\/meeplendice.net\/wp-content\/uploads\/2024\/07\/SW_v2_Aviens-45x45.png",45,45,true],"sow-carousel-default":["https:\/\/meeplendice.net\/wp-content\/uploads\/2024\/07\/SW_v2_Aviens-272x182.png",272,182,true],"rt_custom":["https:\/\/meeplendice.net\/wp-content\/uploads\/2024\/07\/SW_v2_Aviens.png",350,350,false]},"rttpg_author":{"display_name":"Karnby","author_link":"https:\/\/meeplendice.net\/?author=2"},"rttpg_comment":0,"rttpg_category":null,"rttpg_excerpt":"Les Aviens Lanceciels sont un groupe de guerriers volants, capables de survoler leurs ennemis et de se regrouper en formations parfaites. Dirig\u00e9s par Ava, aucun ennemi n&rsquo;est \u00e0 l&rsquo;abri des attaques a\u00e9riennes des Aviens. Lancez des portes a\u00e9riennes et bombardez vos ennemis en piqu\u00e9 avant qu&rsquo;ils ne sachent ce qui les a frapp\u00e9s. Il s&rsquo;agit\u2026","_links":{"self":[{"href":"https:\/\/meeplendice.net\/index.php?rest_route=\/wp\/v2\/pages\/12478","targetHints":{"allow":["GET"]}}],"collection":[{"href":"https:\/\/meeplendice.net\/index.php?rest_route=\/wp\/v2\/pages"}],"about":[{"href":"https:\/\/meeplendice.net\/index.php?rest_route=\/wp\/v2\/types\/page"}],"author":[{"embeddable":true,"href":"https:\/\/meeplendice.net\/index.php?rest_route=\/wp\/v2\/users\/2"}],"replies":[{"embeddable":true,"href":"https:\/\/meeplendice.net\/index.php?rest_route=%2Fwp%2Fv2%2Fcomments&post=12478"}],"version-history":[{"count":1,"href":"https:\/\/meeplendice.net\/index.php?rest_route=\/wp\/v2\/pages\/12478\/revisions"}],"predecessor-version":[{"id":12482,"href":"https:\/\/meeplendice.net\/index.php?rest_route=\/wp\/v2\/pages\/12478\/revisions\/12482"}],"up":[{"embeddable":true,"href":"https:\/\/meeplendice.net\/index.php?rest_route=\/wp\/v2\/pages\/12437"}],"wp:featuredmedia":[{"embeddable":true,"href":"https:\/\/meeplendice.net\/index.php?rest_route=\/wp\/v2\/media\/12463"}],"wp:attachment":[{"href":"https:\/\/meeplendice.net\/index.php?rest_route=%2Fwp%2Fv2%2Fmedia&parent=12478"}],"curies":[{"name":"wp","href":"https:\/\/api.w.org\/{rel}","templated":true}]}}