{"id":12483,"date":"2024-07-26T14:44:34","date_gmt":"2024-07-26T12:44:34","guid":{"rendered":"https:\/\/meeplendice.net\/?page_id=12483"},"modified":"2024-07-26T14:44:34","modified_gmt":"2024-07-26T12:44:34","slug":"longmanteaux","status":"publish","type":"page","link":"https:\/\/meeplendice.net\/?page_id=12483","title":{"rendered":"Longmanteaux"},"content":{"rendered":"<div>Les Longmanteaux sont une bande de combattants et de bandits rus\u00e9s, pr\u00eats \u00e0 se faufiler sur le champ de bataille et \u00e0 lancer des attaques calcul\u00e9es avec leurs inventions m\u00e9caniques et leurs armes avanc\u00e9es. Les Longmanteaux sont dirig\u00e9s par Vlox, qui a la capacit\u00e9 de copier les capacit\u00e9s de n&rsquo;importe quel autre alli\u00e9, s&rsquo;adaptant ainsi \u00e0 toutes les situations.<\/div>\n<div><\/div>\n<div>Il s&rsquo;agit d&rsquo;un tout nouveau deck de faction pr\u00eat \u00e0 jouer ! Les unit\u00e9s peuvent \u00eatre utilis\u00e9es pour construire le deck ultime de la faction.<\/div>\n<p>&nbsp;<\/p>\n<p style=\"text-align: justify;\"><span id=\"result_box\" class=\"\" lang=\"fr\"><span class=\"\">\u00a0<\/span><\/span><\/p>\n","protected":false},"excerpt":{"rendered":"<p>Les Longmanteaux sont une bande de combattants et de bandits rus\u00e9s, pr\u00eats \u00e0 se faufiler sur le champ de bataille et \u00e0 lancer des attaques calcul\u00e9es avec leurs inventions m\u00e9caniques et leurs armes avanc\u00e9es. Les Longmanteaux sont dirig\u00e9s par Vlox, qui a la capacit\u00e9 de copier les capacit\u00e9s de n&rsquo;importe quel autre alli\u00e9, s&rsquo;adaptant ainsi \u00e0 toutes les situations. Il s&rsquo;agit d&rsquo;un tout nouveau deck de faction pr\u00eat \u00e0 jouer ! Les unit\u00e9s peuvent \u00eatre utilis\u00e9es pour construire le deck ultime de la faction. &nbsp; \u00a0<\/p>\n","protected":false},"author":2,"featured_media":12462,"parent":12437,"menu_order":5,"comment_status":"closed","ping_status":"closed","template":"","meta":{"footnotes":""},"class_list":["post-12483","page","type-page","status-publish","has-post-thumbnail","hentry"],"acf":[],"rttpg_featured_image_url":{"full":["https:\/\/meeplendice.net\/wp-content\/uploads\/2024\/07\/SW_v2_Longmanteaux.png",350,350,false],"landscape":["https:\/\/meeplendice.net\/wp-content\/uploads\/2024\/07\/SW_v2_Longmanteaux.png",350,350,false],"portraits":["https:\/\/meeplendice.net\/wp-content\/uploads\/2024\/07\/SW_v2_Longmanteaux.png",350,350,false],"thumbnail":["https:\/\/meeplendice.net\/wp-content\/uploads\/2024\/07\/SW_v2_Longmanteaux-150x150.png",150,150,true],"medium":["https:\/\/meeplendice.net\/wp-content\/uploads\/2024\/07\/SW_v2_Longmanteaux-300x300.png",300,300,true],"large":["https:\/\/meeplendice.net\/wp-content\/uploads\/2024\/07\/SW_v2_Longmanteaux.png",350,350,false],"ug_big":["https:\/\/meeplendice.net\/wp-content\/uploads\/2024\/07\/SW_v2_Longmanteaux.png",350,350,false],"1536x1536":["https:\/\/meeplendice.net\/wp-content\/uploads\/2024\/07\/SW_v2_Longmanteaux.png",350,350,false],"2048x2048":["https:\/\/meeplendice.net\/wp-content\/uploads\/2024\/07\/SW_v2_Longmanteaux.png",350,350,false],"ashe-slider-grid-thumbnail":["https:\/\/meeplendice.net\/wp-content\/uploads\/2024\/07\/SW_v2_Longmanteaux.png",350,350,false],"ashe-full-thumbnail":["https:\/\/meeplendice.net\/wp-content\/uploads\/2024\/07\/SW_v2_Longmanteaux.png",350,350,false],"ashe-grid-thumbnail":["https:\/\/meeplendice.net\/wp-content\/uploads\/2024\/07\/SW_v2_Longmanteaux-350x330.png",350,330,true],"ashe-list-thumbnail":["https:\/\/meeplendice.net\/wp-content\/uploads\/2024\/07\/SW_v2_Longmanteaux-300x300.png",300,300,true],"ashe-single-navigation":["https:\/\/meeplendice.net\/wp-content\/uploads\/2024\/07\/SW_v2_Longmanteaux-75x75.png",75,75,true],"mailpoet_newsletter_max":["https:\/\/meeplendice.net\/wp-content\/uploads\/2024\/07\/SW_v2_Longmanteaux.png",350,350,false],"rpwe-thumbnail":["https:\/\/meeplendice.net\/wp-content\/uploads\/2024\/07\/SW_v2_Longmanteaux-45x45.png",45,45,true],"sow-carousel-default":["https:\/\/meeplendice.net\/wp-content\/uploads\/2024\/07\/SW_v2_Longmanteaux-272x182.png",272,182,true],"rt_custom":["https:\/\/meeplendice.net\/wp-content\/uploads\/2024\/07\/SW_v2_Longmanteaux.png",350,350,false]},"rttpg_author":{"display_name":"Karnby","author_link":"https:\/\/meeplendice.net\/?author=2"},"rttpg_comment":0,"rttpg_category":null,"rttpg_excerpt":"Les Longmanteaux sont une bande de combattants et de bandits rus\u00e9s, pr\u00eats \u00e0 se faufiler sur le champ de bataille et \u00e0 lancer des attaques calcul\u00e9es avec leurs inventions m\u00e9caniques et leurs armes avanc\u00e9es. Les Longmanteaux sont dirig\u00e9s par Vlox, qui a la capacit\u00e9 de copier les capacit\u00e9s de n&rsquo;importe quel autre alli\u00e9, s&rsquo;adaptant ainsi\u2026","_links":{"self":[{"href":"https:\/\/meeplendice.net\/index.php?rest_route=\/wp\/v2\/pages\/12483","targetHints":{"allow":["GET"]}}],"collection":[{"href":"https:\/\/meeplendice.net\/index.php?rest_route=\/wp\/v2\/pages"}],"about":[{"href":"https:\/\/meeplendice.net\/index.php?rest_route=\/wp\/v2\/types\/page"}],"author":[{"embeddable":true,"href":"https:\/\/meeplendice.net\/index.php?rest_route=\/wp\/v2\/users\/2"}],"replies":[{"embeddable":true,"href":"https:\/\/meeplendice.net\/index.php?rest_route=%2Fwp%2Fv2%2Fcomments&post=12483"}],"version-history":[{"count":1,"href":"https:\/\/meeplendice.net\/index.php?rest_route=\/wp\/v2\/pages\/12483\/revisions"}],"predecessor-version":[{"id":12484,"href":"https:\/\/meeplendice.net\/index.php?rest_route=\/wp\/v2\/pages\/12483\/revisions\/12484"}],"up":[{"embeddable":true,"href":"https:\/\/meeplendice.net\/index.php?rest_route=\/wp\/v2\/pages\/12437"}],"wp:featuredmedia":[{"embeddable":true,"href":"https:\/\/meeplendice.net\/index.php?rest_route=\/wp\/v2\/media\/12462"}],"wp:attachment":[{"href":"https:\/\/meeplendice.net\/index.php?rest_route=%2Fwp%2Fv2%2Fmedia&parent=12483"}],"curies":[{"name":"wp","href":"https:\/\/api.w.org\/{rel}","templated":true}]}}