{"id":12487,"date":"2024-07-26T14:47:54","date_gmt":"2024-07-26T12:47:54","guid":{"rendered":"https:\/\/meeplendice.net\/?page_id=12487"},"modified":"2024-07-26T14:47:54","modified_gmt":"2024-07-26T12:47:54","slug":"champinains","status":"publish","type":"page","link":"https:\/\/meeplendice.net\/?page_id=12487","title":{"rendered":"Champinains"},"content":{"rendered":"<div>Cultivez votre colonie de guerriers spores avec les Champinains ! Entretenez le cycle de croissance et de d\u00e9clin pour submerger l&rsquo;invocateur ennemi avec une cha\u00eene sans fin de combattants fongiques ! Kuldak est la pi\u00e8ce ma\u00eetresse de la colonie fongique, transformant la mort en croissance pour ses alli\u00e9s proches.<\/div>\n<div><\/div>\n<div>Il s&rsquo;agit d&rsquo;un tout nouveau deck de faction pr\u00eat \u00e0 jouer ! Les unit\u00e9s peuvent \u00eatre utilis\u00e9es pour construire le deck ultime de la faction.<\/div>\n<p>&nbsp;<\/p>\n<p style=\"text-align: justify;\"><span id=\"result_box\" class=\"\" lang=\"fr\"><span class=\"\">\u00a0<\/span><\/span><\/p>\n","protected":false},"excerpt":{"rendered":"<p>Cultivez votre colonie de guerriers spores avec les Champinains ! Entretenez le cycle de croissance et de d\u00e9clin pour submerger l&rsquo;invocateur ennemi avec une cha\u00eene sans fin de combattants fongiques ! Kuldak est la pi\u00e8ce ma\u00eetresse de la colonie fongique, transformant la mort en croissance pour ses alli\u00e9s proches. Il s&rsquo;agit d&rsquo;un tout nouveau deck de faction pr\u00eat \u00e0 jouer ! Les unit\u00e9s peuvent \u00eatre utilis\u00e9es pour construire le deck ultime de la faction. &nbsp; \u00a0<\/p>\n","protected":false},"author":2,"featured_media":12460,"parent":12437,"menu_order":7,"comment_status":"closed","ping_status":"closed","template":"","meta":{"footnotes":""},"class_list":["post-12487","page","type-page","status-publish","has-post-thumbnail","hentry"],"acf":[],"rttpg_featured_image_url":{"full":["https:\/\/meeplendice.net\/wp-content\/uploads\/2024\/07\/SW_v2_Champinains.png",350,350,false],"landscape":["https:\/\/meeplendice.net\/wp-content\/uploads\/2024\/07\/SW_v2_Champinains.png",350,350,false],"portraits":["https:\/\/meeplendice.net\/wp-content\/uploads\/2024\/07\/SW_v2_Champinains.png",350,350,false],"thumbnail":["https:\/\/meeplendice.net\/wp-content\/uploads\/2024\/07\/SW_v2_Champinains-150x150.png",150,150,true],"medium":["https:\/\/meeplendice.net\/wp-content\/uploads\/2024\/07\/SW_v2_Champinains-300x300.png",300,300,true],"large":["https:\/\/meeplendice.net\/wp-content\/uploads\/2024\/07\/SW_v2_Champinains.png",350,350,false],"ug_big":["https:\/\/meeplendice.net\/wp-content\/uploads\/2024\/07\/SW_v2_Champinains.png",350,350,false],"1536x1536":["https:\/\/meeplendice.net\/wp-content\/uploads\/2024\/07\/SW_v2_Champinains.png",350,350,false],"2048x2048":["https:\/\/meeplendice.net\/wp-content\/uploads\/2024\/07\/SW_v2_Champinains.png",350,350,false],"ashe-slider-grid-thumbnail":["https:\/\/meeplendice.net\/wp-content\/uploads\/2024\/07\/SW_v2_Champinains.png",350,350,false],"ashe-full-thumbnail":["https:\/\/meeplendice.net\/wp-content\/uploads\/2024\/07\/SW_v2_Champinains.png",350,350,false],"ashe-grid-thumbnail":["https:\/\/meeplendice.net\/wp-content\/uploads\/2024\/07\/SW_v2_Champinains-350x330.png",350,330,true],"ashe-list-thumbnail":["https:\/\/meeplendice.net\/wp-content\/uploads\/2024\/07\/SW_v2_Champinains-300x300.png",300,300,true],"ashe-single-navigation":["https:\/\/meeplendice.net\/wp-content\/uploads\/2024\/07\/SW_v2_Champinains-75x75.png",75,75,true],"mailpoet_newsletter_max":["https:\/\/meeplendice.net\/wp-content\/uploads\/2024\/07\/SW_v2_Champinains.png",350,350,false],"rpwe-thumbnail":["https:\/\/meeplendice.net\/wp-content\/uploads\/2024\/07\/SW_v2_Champinains-45x45.png",45,45,true],"sow-carousel-default":["https:\/\/meeplendice.net\/wp-content\/uploads\/2024\/07\/SW_v2_Champinains-272x182.png",272,182,true],"rt_custom":["https:\/\/meeplendice.net\/wp-content\/uploads\/2024\/07\/SW_v2_Champinains.png",350,350,false]},"rttpg_author":{"display_name":"Karnby","author_link":"https:\/\/meeplendice.net\/?author=2"},"rttpg_comment":0,"rttpg_category":null,"rttpg_excerpt":"Cultivez votre colonie de guerriers spores avec les Champinains ! Entretenez le cycle de croissance et de d\u00e9clin pour submerger l&rsquo;invocateur ennemi avec une cha\u00eene sans fin de combattants fongiques ! Kuldak est la pi\u00e8ce ma\u00eetresse de la colonie fongique, transformant la mort en croissance pour ses alli\u00e9s proches. Il s&rsquo;agit d&rsquo;un tout nouveau deck\u2026","_links":{"self":[{"href":"https:\/\/meeplendice.net\/index.php?rest_route=\/wp\/v2\/pages\/12487","targetHints":{"allow":["GET"]}}],"collection":[{"href":"https:\/\/meeplendice.net\/index.php?rest_route=\/wp\/v2\/pages"}],"about":[{"href":"https:\/\/meeplendice.net\/index.php?rest_route=\/wp\/v2\/types\/page"}],"author":[{"embeddable":true,"href":"https:\/\/meeplendice.net\/index.php?rest_route=\/wp\/v2\/users\/2"}],"replies":[{"embeddable":true,"href":"https:\/\/meeplendice.net\/index.php?rest_route=%2Fwp%2Fv2%2Fcomments&post=12487"}],"version-history":[{"count":1,"href":"https:\/\/meeplendice.net\/index.php?rest_route=\/wp\/v2\/pages\/12487\/revisions"}],"predecessor-version":[{"id":12488,"href":"https:\/\/meeplendice.net\/index.php?rest_route=\/wp\/v2\/pages\/12487\/revisions\/12488"}],"up":[{"embeddable":true,"href":"https:\/\/meeplendice.net\/index.php?rest_route=\/wp\/v2\/pages\/12437"}],"wp:featuredmedia":[{"embeddable":true,"href":"https:\/\/meeplendice.net\/index.php?rest_route=\/wp\/v2\/media\/12460"}],"wp:attachment":[{"href":"https:\/\/meeplendice.net\/index.php?rest_route=%2Fwp%2Fv2%2Fmedia&parent=12487"}],"curies":[{"name":"wp","href":"https:\/\/api.w.org\/{rel}","templated":true}]}}