{"id":12489,"date":"2024-07-26T14:49:31","date_gmt":"2024-07-26T12:49:31","guid":{"rendered":"https:\/\/meeplendice.net\/?page_id=12489"},"modified":"2024-09-02T15:47:19","modified_gmt":"2024-09-02T13:47:19","slug":"pack-de-mise-a-jour-01","status":"publish","type":"page","link":"https:\/\/meeplendice.net\/?page_id=12489","title":{"rendered":"Pack de Mise \u00e0 Jour #01"},"content":{"rendered":"<div>\n<p>Le pack de mise \u00e0 jour pour Summoner Wars vous permet d&rsquo;am\u00e9liorer votre exp\u00e9rience comp\u00e9titive. En voici le contenu.<\/p>\n<ul>\n<li>Les mises \u00e0 jour officielles saisonni\u00e8res : mettez \u00e0 jour vos cartes avec les derni\u00e8res versions, corrig\u00e9es ou \u00e9quilibr\u00e9es.<\/li>\n<li>Des mercenaires neutres : Ces mercenaires sont des champions pouvant \u00eatre rajout\u00e9s dans toutes les factions. Apportez plus de flexibilit\u00e9 \u00e0 vos paquets pour dominer votre adversaire.<\/li>\n<\/ul>\n<\/div>\n<p>&nbsp;<\/p>\n<p style=\"text-align: justify;\"><span id=\"result_box\" class=\"\" lang=\"fr\"><span class=\"\">\u00a0<\/span><\/span><\/p>\n","protected":false},"excerpt":{"rendered":"<p>Le pack de mise \u00e0 jour pour Summoner Wars vous permet d&rsquo;am\u00e9liorer votre exp\u00e9rience comp\u00e9titive. En voici le contenu. Les mises \u00e0 jour officielles saisonni\u00e8res : mettez \u00e0 jour vos cartes avec les derni\u00e8res versions, corrig\u00e9es ou \u00e9quilibr\u00e9es. Des mercenaires neutres : Ces mercenaires sont des champions pouvant \u00eatre rajout\u00e9s dans toutes les factions. Apportez plus de flexibilit\u00e9 \u00e0 vos paquets pour dominer votre adversaire. &nbsp; \u00a0<\/p>\n","protected":false},"author":2,"featured_media":12465,"parent":12437,"menu_order":8,"comment_status":"closed","ping_status":"closed","template":"","meta":{"footnotes":""},"class_list":["post-12489","page","type-page","status-publish","has-post-thumbnail","hentry"],"acf":[],"rttpg_featured_image_url":{"full":["https:\/\/meeplendice.net\/wp-content\/uploads\/2024\/07\/SW_v2_Update01.png",350,350,false],"landscape":["https:\/\/meeplendice.net\/wp-content\/uploads\/2024\/07\/SW_v2_Update01.png",350,350,false],"portraits":["https:\/\/meeplendice.net\/wp-content\/uploads\/2024\/07\/SW_v2_Update01.png",350,350,false],"thumbnail":["https:\/\/meeplendice.net\/wp-content\/uploads\/2024\/07\/SW_v2_Update01-150x150.png",150,150,true],"medium":["https:\/\/meeplendice.net\/wp-content\/uploads\/2024\/07\/SW_v2_Update01-300x300.png",300,300,true],"large":["https:\/\/meeplendice.net\/wp-content\/uploads\/2024\/07\/SW_v2_Update01.png",350,350,false],"ug_big":["https:\/\/meeplendice.net\/wp-content\/uploads\/2024\/07\/SW_v2_Update01.png",350,350,false],"1536x1536":["https:\/\/meeplendice.net\/wp-content\/uploads\/2024\/07\/SW_v2_Update01.png",350,350,false],"2048x2048":["https:\/\/meeplendice.net\/wp-content\/uploads\/2024\/07\/SW_v2_Update01.png",350,350,false],"ashe-slider-grid-thumbnail":["https:\/\/meeplendice.net\/wp-content\/uploads\/2024\/07\/SW_v2_Update01.png",350,350,false],"ashe-full-thumbnail":["https:\/\/meeplendice.net\/wp-content\/uploads\/2024\/07\/SW_v2_Update01.png",350,350,false],"ashe-grid-thumbnail":["https:\/\/meeplendice.net\/wp-content\/uploads\/2024\/07\/SW_v2_Update01-350x330.png",350,330,true],"ashe-list-thumbnail":["https:\/\/meeplendice.net\/wp-content\/uploads\/2024\/07\/SW_v2_Update01-300x300.png",300,300,true],"ashe-single-navigation":["https:\/\/meeplendice.net\/wp-content\/uploads\/2024\/07\/SW_v2_Update01-75x75.png",75,75,true],"mailpoet_newsletter_max":["https:\/\/meeplendice.net\/wp-content\/uploads\/2024\/07\/SW_v2_Update01.png",350,350,false],"rpwe-thumbnail":["https:\/\/meeplendice.net\/wp-content\/uploads\/2024\/07\/SW_v2_Update01-45x45.png",45,45,true],"sow-carousel-default":["https:\/\/meeplendice.net\/wp-content\/uploads\/2024\/07\/SW_v2_Update01-272x182.png",272,182,true],"rt_custom":["https:\/\/meeplendice.net\/wp-content\/uploads\/2024\/07\/SW_v2_Update01.png",350,350,false]},"rttpg_author":{"display_name":"Karnby","author_link":"https:\/\/meeplendice.net\/?author=2"},"rttpg_comment":0,"rttpg_category":null,"rttpg_excerpt":"Le pack de mise \u00e0 jour pour Summoner Wars vous permet d&rsquo;am\u00e9liorer votre exp\u00e9rience comp\u00e9titive. En voici le contenu. Les mises \u00e0 jour officielles saisonni\u00e8res : mettez \u00e0 jour vos cartes avec les derni\u00e8res versions, corrig\u00e9es ou \u00e9quilibr\u00e9es. Des mercenaires neutres : Ces mercenaires sont des champions pouvant \u00eatre rajout\u00e9s dans toutes les factions. Apportez\u2026","_links":{"self":[{"href":"https:\/\/meeplendice.net\/index.php?rest_route=\/wp\/v2\/pages\/12489","targetHints":{"allow":["GET"]}}],"collection":[{"href":"https:\/\/meeplendice.net\/index.php?rest_route=\/wp\/v2\/pages"}],"about":[{"href":"https:\/\/meeplendice.net\/index.php?rest_route=\/wp\/v2\/types\/page"}],"author":[{"embeddable":true,"href":"https:\/\/meeplendice.net\/index.php?rest_route=\/wp\/v2\/users\/2"}],"replies":[{"embeddable":true,"href":"https:\/\/meeplendice.net\/index.php?rest_route=%2Fwp%2Fv2%2Fcomments&post=12489"}],"version-history":[{"count":2,"href":"https:\/\/meeplendice.net\/index.php?rest_route=\/wp\/v2\/pages\/12489\/revisions"}],"predecessor-version":[{"id":12606,"href":"https:\/\/meeplendice.net\/index.php?rest_route=\/wp\/v2\/pages\/12489\/revisions\/12606"}],"up":[{"embeddable":true,"href":"https:\/\/meeplendice.net\/index.php?rest_route=\/wp\/v2\/pages\/12437"}],"wp:featuredmedia":[{"embeddable":true,"href":"https:\/\/meeplendice.net\/index.php?rest_route=\/wp\/v2\/media\/12465"}],"wp:attachment":[{"href":"https:\/\/meeplendice.net\/index.php?rest_route=%2Fwp%2Fv2%2Fmedia&parent=12489"}],"curies":[{"name":"wp","href":"https:\/\/api.w.org\/{rel}","templated":true}]}}