{"id":12494,"date":"2024-07-29T11:16:20","date_gmt":"2024-07-29T09:16:20","guid":{"rendered":"https:\/\/meeplendice.net\/?page_id=12494"},"modified":"2024-07-29T11:16:20","modified_gmt":"2024-07-29T09:16:20","slug":"les-loups-dans-lombre","status":"publish","type":"page","link":"https:\/\/meeplendice.net\/?page_id=12494","title":{"rendered":"Les Loups dans l&rsquo;Ombre"},"content":{"rendered":"<p>Cette extension propose un nouveau type d&rsquo;animal : les loups, amicaux mais timides, qui pr\u00e9f\u00e8rent rester cach\u00e9s. Ils sortent de l&rsquo;ombre \u00e0 la fin du jeu et valent alors beaucoup de points lorsqu&rsquo;ils forment une Triqueta.<br \/>\nCependant, un animal de chacune des autres esp\u00e8ces se cache \u00e9galement dans l&rsquo;ombre. La collecte des pi\u00e8ces de l&rsquo;ombre n&rsquo;est donc jamais sans risque.<\/p>\n<p>En prime, <em>Les Loups de L&rsquo;Ombre<\/em>, propose une variante passionnante pour 2 joueurs.<span id=\"result_box\" class=\"\" lang=\"fr\"><span class=\"\">\u00a0<\/span><\/span><\/p>\n","protected":false},"excerpt":{"rendered":"<p>Cette extension propose un nouveau type d&rsquo;animal : les loups, amicaux mais timides, qui pr\u00e9f\u00e8rent rester cach\u00e9s. Ils sortent de l&rsquo;ombre \u00e0 la fin du jeu et valent alors beaucoup de points lorsqu&rsquo;ils forment une Triqueta. Cependant, un animal de chacune des autres esp\u00e8ces se cache \u00e9galement dans l&rsquo;ombre. La collecte des pi\u00e8ces de l&rsquo;ombre n&rsquo;est donc jamais sans risque. En prime, Les Loups de L&rsquo;Ombre, propose une variante passionnante pour 2 joueurs.\u00a0<\/p>\n","protected":false},"author":2,"featured_media":12495,"parent":12285,"menu_order":1,"comment_status":"closed","ping_status":"closed","template":"","meta":{"footnotes":""},"class_list":["post-12494","page","type-page","status-publish","has-post-thumbnail","hentry"],"acf":[],"rttpg_featured_image_url":{"full":["https:\/\/meeplendice.net\/wp-content\/uploads\/2024\/07\/Triqueta_Loups.png",350,350,false],"landscape":["https:\/\/meeplendice.net\/wp-content\/uploads\/2024\/07\/Triqueta_Loups.png",350,350,false],"portraits":["https:\/\/meeplendice.net\/wp-content\/uploads\/2024\/07\/Triqueta_Loups.png",350,350,false],"thumbnail":["https:\/\/meeplendice.net\/wp-content\/uploads\/2024\/07\/Triqueta_Loups-150x150.png",150,150,true],"medium":["https:\/\/meeplendice.net\/wp-content\/uploads\/2024\/07\/Triqueta_Loups-300x300.png",300,300,true],"large":["https:\/\/meeplendice.net\/wp-content\/uploads\/2024\/07\/Triqueta_Loups.png",350,350,false],"ug_big":["https:\/\/meeplendice.net\/wp-content\/uploads\/2024\/07\/Triqueta_Loups.png",350,350,false],"1536x1536":["https:\/\/meeplendice.net\/wp-content\/uploads\/2024\/07\/Triqueta_Loups.png",350,350,false],"2048x2048":["https:\/\/meeplendice.net\/wp-content\/uploads\/2024\/07\/Triqueta_Loups.png",350,350,false],"ashe-slider-grid-thumbnail":["https:\/\/meeplendice.net\/wp-content\/uploads\/2024\/07\/Triqueta_Loups.png",350,350,false],"ashe-full-thumbnail":["https:\/\/meeplendice.net\/wp-content\/uploads\/2024\/07\/Triqueta_Loups.png",350,350,false],"ashe-grid-thumbnail":["https:\/\/meeplendice.net\/wp-content\/uploads\/2024\/07\/Triqueta_Loups-350x330.png",350,330,true],"ashe-list-thumbnail":["https:\/\/meeplendice.net\/wp-content\/uploads\/2024\/07\/Triqueta_Loups-300x300.png",300,300,true],"ashe-single-navigation":["https:\/\/meeplendice.net\/wp-content\/uploads\/2024\/07\/Triqueta_Loups-75x75.png",75,75,true],"mailpoet_newsletter_max":["https:\/\/meeplendice.net\/wp-content\/uploads\/2024\/07\/Triqueta_Loups.png",350,350,false],"rpwe-thumbnail":["https:\/\/meeplendice.net\/wp-content\/uploads\/2024\/07\/Triqueta_Loups-45x45.png",45,45,true],"sow-carousel-default":["https:\/\/meeplendice.net\/wp-content\/uploads\/2024\/07\/Triqueta_Loups-272x182.png",272,182,true],"rt_custom":["https:\/\/meeplendice.net\/wp-content\/uploads\/2024\/07\/Triqueta_Loups.png",350,350,false]},"rttpg_author":{"display_name":"Karnby","author_link":"https:\/\/meeplendice.net\/?author=2"},"rttpg_comment":0,"rttpg_category":null,"rttpg_excerpt":"Cette extension propose un nouveau type d&rsquo;animal : les loups, amicaux mais timides, qui pr\u00e9f\u00e8rent rester cach\u00e9s. Ils sortent de l&rsquo;ombre \u00e0 la fin du jeu et valent alors beaucoup de points lorsqu&rsquo;ils forment une Triqueta. Cependant, un animal de chacune des autres esp\u00e8ces se cache \u00e9galement dans l&rsquo;ombre. La collecte des pi\u00e8ces de l&rsquo;ombre\u2026","_links":{"self":[{"href":"https:\/\/meeplendice.net\/index.php?rest_route=\/wp\/v2\/pages\/12494","targetHints":{"allow":["GET"]}}],"collection":[{"href":"https:\/\/meeplendice.net\/index.php?rest_route=\/wp\/v2\/pages"}],"about":[{"href":"https:\/\/meeplendice.net\/index.php?rest_route=\/wp\/v2\/types\/page"}],"author":[{"embeddable":true,"href":"https:\/\/meeplendice.net\/index.php?rest_route=\/wp\/v2\/users\/2"}],"replies":[{"embeddable":true,"href":"https:\/\/meeplendice.net\/index.php?rest_route=%2Fwp%2Fv2%2Fcomments&post=12494"}],"version-history":[{"count":1,"href":"https:\/\/meeplendice.net\/index.php?rest_route=\/wp\/v2\/pages\/12494\/revisions"}],"predecessor-version":[{"id":12496,"href":"https:\/\/meeplendice.net\/index.php?rest_route=\/wp\/v2\/pages\/12494\/revisions\/12496"}],"up":[{"embeddable":true,"href":"https:\/\/meeplendice.net\/index.php?rest_route=\/wp\/v2\/pages\/12285"}],"wp:featuredmedia":[{"embeddable":true,"href":"https:\/\/meeplendice.net\/index.php?rest_route=\/wp\/v2\/media\/12495"}],"wp:attachment":[{"href":"https:\/\/meeplendice.net\/index.php?rest_route=%2Fwp%2Fv2%2Fmedia&parent=12494"}],"curies":[{"name":"wp","href":"https:\/\/api.w.org\/{rel}","templated":true}]}}