{"id":12503,"date":"2024-07-29T14:09:20","date_gmt":"2024-07-29T12:09:20","guid":{"rendered":"https:\/\/meeplendice.net\/?page_id=12503"},"modified":"2024-07-29T14:09:20","modified_gmt":"2024-07-29T12:09:20","slug":"cot-cot-conquete","status":"publish","type":"page","link":"https:\/\/meeplendice.net\/?page_id=12503","title":{"rendered":"Cot-Cot Conqu\u00eate !"},"content":{"rendered":"<div id=\"pl-12503\"  class=\"panel-layout\" ><div id=\"pg-12503-0\"  class=\"panel-grid panel-no-style\" ><div id=\"pgc-12503-0-0\"  class=\"panel-grid-cell\" ><div id=\"panel-12503-0-0-0\" class=\"so-panel widget widget_sow-editor panel-first-child panel-last-child\" data-index=\"0\" ><div\n\t\t\t\n\t\t\tclass=\"so-widget-sow-editor so-widget-sow-editor-base\"\n\t\t\t\n\t\t>\n<div class=\"siteorigin-widget-tinymce textwidget\">\n\t<p style=\"text-align: center;\"><strong>Nombre de joueurs :<\/strong><br \/>\n2 - 4<\/p>\n<\/div>\n<\/div><\/div><\/div><div id=\"pgc-12503-0-1\"  class=\"panel-grid-cell\" ><div id=\"panel-12503-0-1-0\" class=\"so-panel widget widget_sow-editor panel-first-child panel-last-child\" data-index=\"1\" ><div\n\t\t\t\n\t\t\tclass=\"so-widget-sow-editor so-widget-sow-editor-base\"\n\t\t\t\n\t\t>\n<div class=\"siteorigin-widget-tinymce textwidget\">\n\t<p style=\"text-align: center;\"><strong>Dur\u00e9e moyenne :<\/strong><br \/>\n20 min<\/p>\n<\/div>\n<\/div><\/div><\/div><div id=\"pgc-12503-0-2\"  class=\"panel-grid-cell\" ><div id=\"panel-12503-0-2-0\" class=\"so-panel widget widget_sow-editor panel-first-child panel-last-child\" data-index=\"2\" ><div\n\t\t\t\n\t\t\tclass=\"so-widget-sow-editor so-widget-sow-editor-base\"\n\t\t\t\n\t\t>\n<div class=\"siteorigin-widget-tinymce textwidget\">\n\t<p style=\"text-align: center;\"><strong>Age :<\/strong><br \/>\n8 ans et plus<\/p>\n<\/div>\n<\/div><\/div><\/div><\/div><div id=\"pg-12503-1\"  class=\"panel-grid panel-no-style\" ><div id=\"pgc-12503-1-0\"  class=\"panel-grid-cell\" ><div id=\"panel-12503-1-0-0\" class=\"so-panel widget widget_sow-editor panel-first-child panel-last-child\" data-index=\"3\" ><div\n\t\t\t\n\t\t\tclass=\"so-widget-sow-editor so-widget-sow-editor-base\"\n\t\t\t\n\t\t>\n<div class=\"siteorigin-widget-tinymce textwidget\">\n\t<p style=\"text-align: center;\"><strong>Auteur(s) :<br \/>\n<\/strong>Alejandro Pazar\u00e1n<\/p>\n<\/div>\n<\/div><\/div><\/div><div id=\"pgc-12503-1-1\"  class=\"panel-grid-cell\" ><div id=\"panel-12503-1-1-0\" class=\"so-panel widget widget_sow-editor panel-first-child panel-last-child\" data-index=\"4\" ><div\n\t\t\t\n\t\t\tclass=\"so-widget-sow-editor so-widget-sow-editor-base\"\n\t\t\t\n\t\t>\n<div class=\"siteorigin-widget-tinymce textwidget\">\n\t<p style=\"text-align: center;\"><strong>Illustrations :<\/strong><br \/>\nIvan Escalante (Gnomosapiens)<\/p>\n<\/div>\n<\/div><\/div><\/div><div id=\"pgc-12503-1-2\"  class=\"panel-grid-cell\" ><div id=\"panel-12503-1-2-0\" class=\"so-panel widget widget_sow-editor panel-first-child panel-last-child\" data-index=\"5\" ><div\n\t\t\t\n\t\t\tclass=\"so-widget-sow-editor so-widget-sow-editor-base\"\n\t\t\t\n\t\t>\n<div class=\"siteorigin-widget-tinymce textwidget\">\n\t<p style=\"text-align: center;\"><strong>\u00c9dition :<\/strong><br \/>\n<span class=\"data-siloing\" data-siloing=\"\n\n                                                            https:\/\/www.philibertnet.com\/fr\/1514_lucky-duck-games\n\n                            \">Lucky Duck Games<br \/>\n<\/span>2023<\/p>\n<\/div>\n<\/div><\/div><\/div><div id=\"pgc-12503-1-3\"  class=\"panel-grid-cell\" ><div id=\"panel-12503-1-3-0\" class=\"so-panel widget widget_sow-editor panel-first-child panel-last-child\" data-index=\"6\" ><div\n\t\t\t\n\t\t\tclass=\"so-widget-sow-editor so-widget-sow-editor-base\"\n\t\t\t\n\t\t>\n<div class=\"siteorigin-widget-tinymce textwidget\">\n\t<p style=\"text-align: center;\"><strong>Version :<\/strong><br \/>\nFran\u00e7aise<\/p>\n<\/div>\n<\/div><\/div><\/div><\/div><div id=\"pg-12503-2\"  class=\"panel-grid panel-no-style\" ><div id=\"pgc-12503-2-0\"  class=\"panel-grid-cell\" ><div id=\"panel-12503-2-0-0\" class=\"so-panel widget widget_sow-editor panel-first-child panel-last-child\" data-index=\"7\" ><div\n\t\t\t\n\t\t\tclass=\"so-widget-sow-editor so-widget-sow-editor-base\"\n\t\t\t\n\t\t>\n<div class=\"siteorigin-widget-tinymce textwidget\">\n\t<hr \/>\n<p><em>Recrutez une arm\u00e9e de poulets guerriers et sorciers, positionnez vos troupes de fa\u00e7on strat\u00e9gique et \u00e9crasez vos adversaires.<\/em><br \/>\n<em>Un seul poulailler pourra conqu\u00e9rir tous les autres : le v\u00f4tre !<\/em><\/p>\n<p>Dans <em><span class=\"style-client-colored-text\">Cot-cot Conqu\u00eate<\/span><\/em>, vous recrutez une arm\u00e9e de poulets et les mettez en formation pour vaincre les troupes des autres g\u00e9n\u00e9raux et conqu\u00e9rir leurs poulaillers.<\/p>\n<p>Chaque joueur commence la partie avec une grille d\u2019arm\u00e9e vide et une r\u00e9serve de recrues. \u00c0 tour de r\u00f4le, s\u00e9lectionnez une carte Recrue de votre r\u00e9serve et disposez la sur votre grille, de mani\u00e8re \u00e0 former des groupes de poulets guerriers et sorciers. Ces groupes d\u00e9terminent vos capacit\u00e9s offensives et d\u00e9fensives. Plus vous avez de poulets du m\u00eame type align\u00e9s, plus votre force de combat est \u00e9lev\u00e9e.<\/p>\n<p>Une fois que toutes les recrues sont en place, affrontez-vous en utilisant vos poulets pour lancer des attaques physiques et magiques. L\u2019objectif est de r\u00e9duire les points de sant\u00e9 de vos adversaires \u00e0 z\u00e9ro. Les batailles sont intenses, et requi\u00e8rent parfois une strat\u00e9gie minutieuse pour \u00e9quilibrer votre attaque et votre d\u00e9fense !<\/p>\n<p>Parviendrez-vous \u00e0 devenir le ma\u00eetre incontest\u00e9 des poulaillers en menant votre arm\u00e9e de poulets \u00e0 la victoire ?<\/p>\n<\/div>\n<\/div><\/div><\/div><\/div><div id=\"pg-12503-3\"  class=\"panel-grid panel-no-style\" ><div id=\"pgc-12503-3-0\"  class=\"panel-grid-cell\" ><div id=\"panel-12503-3-0-0\" class=\"so-panel widget widget_sow-editor panel-first-child panel-last-child\" data-index=\"8\" ><div\n\t\t\t\n\t\t\tclass=\"so-widget-sow-editor so-widget-sow-editor-base\"\n\t\t\t\n\t\t>\n<div class=\"siteorigin-widget-tinymce textwidget\">\n\t<hr \/>\n<h3 style=\"text-align: center;\">En vid\u00e9o<\/h3>\n<\/div>\n<\/div><\/div><\/div><\/div><div id=\"pg-12503-4\"  class=\"panel-grid panel-no-style\" ><div id=\"pgc-12503-4-0\"  class=\"panel-grid-cell\" ><div id=\"panel-12503-4-0-0\" class=\"so-panel widget widget_sow-editor panel-first-child panel-last-child\" data-index=\"9\" ><div\n\t\t\t\n\t\t\tclass=\"so-widget-sow-editor so-widget-sow-editor-base\"\n\t\t\t\n\t\t>\n<div class=\"siteorigin-widget-tinymce textwidget\">\n\t<hr \/>\n<h3 style=\"text-align: center;\">Pour aller plus loin<\/h3>\n<\/div>\n<\/div><\/div><\/div><\/div><\/div>","protected":false},"excerpt":{"rendered":"<p>Nombre de joueurs : 2 &#8211; 4 Dur\u00e9e moyenne : 20 min Age : 8 ans et plus Auteur(s) : Alejandro Pazar\u00e1n Illustrations : Ivan Escalante (Gnomosapiens) \u00c9dition : Lucky Duck Games 2023 Version : Fran\u00e7aise<\/p>\n","protected":false},"author":2,"featured_media":12499,"parent":0,"menu_order":0,"comment_status":"closed","ping_status":"closed","template":"","meta":{"footnotes":""},"class_list":["post-12503","page","type-page","status-publish","has-post-thumbnail","hentry"],"acf":[],"rttpg_featured_image_url":{"full":["https:\/\/meeplendice.net\/wp-content\/uploads\/2024\/07\/Cot-Cot_Conquete.png",350,350,false],"landscape":["https:\/\/meeplendice.net\/wp-content\/uploads\/2024\/07\/Cot-Cot_Conquete.png",350,350,false],"portraits":["https:\/\/meeplendice.net\/wp-content\/uploads\/2024\/07\/Cot-Cot_Conquete.png",350,350,false],"thumbnail":["https:\/\/meeplendice.net\/wp-content\/uploads\/2024\/07\/Cot-Cot_Conquete-150x150.png",150,150,true],"medium":["https:\/\/meeplendice.net\/wp-content\/uploads\/2024\/07\/Cot-Cot_Conquete-300x300.png",300,300,true],"large":["https:\/\/meeplendice.net\/wp-content\/uploads\/2024\/07\/Cot-Cot_Conquete.png",350,350,false],"ug_big":["https:\/\/meeplendice.net\/wp-content\/uploads\/2024\/07\/Cot-Cot_Conquete.png",350,350,false],"1536x1536":["https:\/\/meeplendice.net\/wp-content\/uploads\/2024\/07\/Cot-Cot_Conquete.png",350,350,false],"2048x2048":["https:\/\/meeplendice.net\/wp-content\/uploads\/2024\/07\/Cot-Cot_Conquete.png",350,350,false],"ashe-slider-grid-thumbnail":["https:\/\/meeplendice.net\/wp-content\/uploads\/2024\/07\/Cot-Cot_Conquete.png",350,350,false],"ashe-full-thumbnail":["https:\/\/meeplendice.net\/wp-content\/uploads\/2024\/07\/Cot-Cot_Conquete.png",350,350,false],"ashe-grid-thumbnail":["https:\/\/meeplendice.net\/wp-content\/uploads\/2024\/07\/Cot-Cot_Conquete-350x330.png",350,330,true],"ashe-list-thumbnail":["https:\/\/meeplendice.net\/wp-content\/uploads\/2024\/07\/Cot-Cot_Conquete-300x300.png",300,300,true],"ashe-single-navigation":["https:\/\/meeplendice.net\/wp-content\/uploads\/2024\/07\/Cot-Cot_Conquete-75x75.png",75,75,true],"mailpoet_newsletter_max":["https:\/\/meeplendice.net\/wp-content\/uploads\/2024\/07\/Cot-Cot_Conquete.png",350,350,false],"rpwe-thumbnail":["https:\/\/meeplendice.net\/wp-content\/uploads\/2024\/07\/Cot-Cot_Conquete-45x45.png",45,45,true],"sow-carousel-default":["https:\/\/meeplendice.net\/wp-content\/uploads\/2024\/07\/Cot-Cot_Conquete-272x182.png",272,182,true],"rt_custom":["https:\/\/meeplendice.net\/wp-content\/uploads\/2024\/07\/Cot-Cot_Conquete.png",350,350,false]},"rttpg_author":{"display_name":"Karnby","author_link":"https:\/\/meeplendice.net\/?author=2"},"rttpg_comment":0,"rttpg_category":null,"rttpg_excerpt":"Nombre de joueurs : 2 - 4 Dur\u00e9e moyenne : 20 min Age : 8 ans et plus Auteur(s) : Alejandro Pazar\u00e1n Illustrations : Ivan Escalante (Gnomosapiens) \u00c9dition : Lucky Duck Games 2023 Version : Fran\u00e7aise","_links":{"self":[{"href":"https:\/\/meeplendice.net\/index.php?rest_route=\/wp\/v2\/pages\/12503","targetHints":{"allow":["GET"]}}],"collection":[{"href":"https:\/\/meeplendice.net\/index.php?rest_route=\/wp\/v2\/pages"}],"about":[{"href":"https:\/\/meeplendice.net\/index.php?rest_route=\/wp\/v2\/types\/page"}],"author":[{"embeddable":true,"href":"https:\/\/meeplendice.net\/index.php?rest_route=\/wp\/v2\/users\/2"}],"replies":[{"embeddable":true,"href":"https:\/\/meeplendice.net\/index.php?rest_route=%2Fwp%2Fv2%2Fcomments&post=12503"}],"version-history":[{"count":1,"href":"https:\/\/meeplendice.net\/index.php?rest_route=\/wp\/v2\/pages\/12503\/revisions"}],"predecessor-version":[{"id":12505,"href":"https:\/\/meeplendice.net\/index.php?rest_route=\/wp\/v2\/pages\/12503\/revisions\/12505"}],"wp:featuredmedia":[{"embeddable":true,"href":"https:\/\/meeplendice.net\/index.php?rest_route=\/wp\/v2\/media\/12499"}],"wp:attachment":[{"href":"https:\/\/meeplendice.net\/index.php?rest_route=%2Fwp%2Fv2%2Fmedia&parent=12503"}],"curies":[{"name":"wp","href":"https:\/\/api.w.org\/{rel}","templated":true}]}}