{"id":12507,"date":"2024-07-29T14:19:12","date_gmt":"2024-07-29T12:19:12","guid":{"rendered":"https:\/\/meeplendice.net\/?page_id=12507"},"modified":"2024-07-29T14:19:12","modified_gmt":"2024-07-29T12:19:12","slug":"les-architectes-damytis","status":"publish","type":"page","link":"https:\/\/meeplendice.net\/?page_id=12507","title":{"rendered":"Les Architectes d&rsquo;Amytis"},"content":{"rendered":"<div id=\"pl-12507\"  class=\"panel-layout\" ><div id=\"pg-12507-0\"  class=\"panel-grid panel-no-style\" ><div id=\"pgc-12507-0-0\"  class=\"panel-grid-cell\" ><div id=\"panel-12507-0-0-0\" class=\"so-panel widget widget_sow-editor panel-first-child panel-last-child\" data-index=\"0\" ><div\n\t\t\t\n\t\t\tclass=\"so-widget-sow-editor so-widget-sow-editor-base\"\n\t\t\t\n\t\t>\n<div class=\"siteorigin-widget-tinymce textwidget\">\n\t<p style=\"text-align: center;\"><strong>Nombre de joueurs :<\/strong><br \/>\n2 - 2<\/p>\n<\/div>\n<\/div><\/div><\/div><div id=\"pgc-12507-0-1\"  class=\"panel-grid-cell\" ><div id=\"panel-12507-0-1-0\" class=\"so-panel widget widget_sow-editor panel-first-child panel-last-child\" data-index=\"1\" ><div\n\t\t\t\n\t\t\tclass=\"so-widget-sow-editor so-widget-sow-editor-base\"\n\t\t\t\n\t\t>\n<div class=\"siteorigin-widget-tinymce textwidget\">\n\t<p style=\"text-align: center;\"><strong>Dur\u00e9e moyenne :<\/strong><br \/>\n30 min<\/p>\n<\/div>\n<\/div><\/div><\/div><div id=\"pgc-12507-0-2\"  class=\"panel-grid-cell\" ><div id=\"panel-12507-0-2-0\" class=\"so-panel widget widget_sow-editor panel-first-child panel-last-child\" data-index=\"2\" ><div\n\t\t\t\n\t\t\tclass=\"so-widget-sow-editor so-widget-sow-editor-base\"\n\t\t\t\n\t\t>\n<div class=\"siteorigin-widget-tinymce textwidget\">\n\t<p style=\"text-align: center;\"><strong>Age :<\/strong><br \/>\n10 ans et plus<\/p>\n<\/div>\n<\/div><\/div><\/div><\/div><div id=\"pg-12507-1\"  class=\"panel-grid panel-no-style\" ><div id=\"pgc-12507-1-0\"  class=\"panel-grid-cell\" ><div id=\"panel-12507-1-0-0\" class=\"so-panel widget widget_sow-editor panel-first-child panel-last-child\" data-index=\"3\" ><div\n\t\t\t\n\t\t\tclass=\"so-widget-sow-editor so-widget-sow-editor-base\"\n\t\t\t\n\t\t>\n<div class=\"siteorigin-widget-tinymce textwidget\">\n\t<p style=\"text-align: center;\"><strong>Auteur(s) :<br \/>\n<\/strong>J\u00e9r\u00e9my Ducret<br \/>\nRomaric Galonnier<\/p>\n<\/div>\n<\/div><\/div><\/div><div id=\"pgc-12507-1-1\"  class=\"panel-grid-cell\" ><div id=\"panel-12507-1-1-0\" class=\"so-panel widget widget_sow-editor panel-first-child panel-last-child\" data-index=\"4\" ><div\n\t\t\t\n\t\t\tclass=\"so-widget-sow-editor so-widget-sow-editor-base\"\n\t\t\t\n\t\t>\n<div class=\"siteorigin-widget-tinymce textwidget\">\n\t<p style=\"text-align: center;\"><strong>Illustrations :<br \/>\n<\/strong>Agn\u00e8s Ripoche<\/p>\n<\/div>\n<\/div><\/div><\/div><div id=\"pgc-12507-1-2\"  class=\"panel-grid-cell\" ><div id=\"panel-12507-1-2-0\" class=\"so-panel widget widget_sow-editor panel-first-child panel-last-child\" data-index=\"5\" ><div\n\t\t\t\n\t\t\tclass=\"so-widget-sow-editor so-widget-sow-editor-base\"\n\t\t\t\n\t\t>\n<div class=\"siteorigin-widget-tinymce textwidget\">\n\t<p style=\"text-align: center;\"><strong>\u00c9dition :<\/strong><br \/>\n<span class=\"data-siloing\" data-siloing=\" https:\/\/www.philibertnet.com\/fr\/1514_lucky-duck-games \">La Boite de Jeu<br \/>\n<\/span>2024<\/p>\n<\/div>\n<\/div><\/div><\/div><div id=\"pgc-12507-1-3\"  class=\"panel-grid-cell\" ><div id=\"panel-12507-1-3-0\" class=\"so-panel widget widget_sow-editor panel-first-child panel-last-child\" data-index=\"6\" ><div\n\t\t\t\n\t\t\tclass=\"so-widget-sow-editor so-widget-sow-editor-base\"\n\t\t\t\n\t\t>\n<div class=\"siteorigin-widget-tinymce textwidget\">\n\t<p style=\"text-align: center;\"><strong>Version :<\/strong><br \/>\nFran\u00e7aise<\/p>\n<\/div>\n<\/div><\/div><\/div><\/div><div id=\"pg-12507-2\"  class=\"panel-grid panel-no-style\" ><div id=\"pgc-12507-2-0\"  class=\"panel-grid-cell\" ><div id=\"panel-12507-2-0-0\" class=\"so-panel widget widget_sow-editor panel-first-child panel-last-child\" data-index=\"7\" ><div\n\t\t\t\n\t\t\tclass=\"so-widget-sow-editor so-widget-sow-editor-base\"\n\t\t\t\n\t\t>\n<div class=\"siteorigin-widget-tinymce textwidget\">\n\t<hr \/>\n<p><em>En tant qu'Architecte au service du Roi de Babylone, vous avez pour mission de b\u00e2tir la plus harmonieuse Cit\u00e9 pour la Reine Amytis !<br \/>\nTh\u00e9\u00e2tres, Palais, Jardins suspendus... rien n'est trop beau pour la Reine <\/em><em>!<\/em><\/p>\n<p>Placez ces B\u00e2timents sur votre plateau Cit\u00e9 afin de cr\u00e9er le meilleur agencement possible. Empilez vos tuiles pour cr\u00e9er de la hauteur, harmonisez les couleurs de vos plans.<br \/>\nChoisirez-vous le scoring imm\u00e9diat des b\u00e2timents, celui \u00e0 long terme des Projets du Roi en suivant ses dispositions color\u00e9es, ou de vous attirer ses Faveurs en alignant vos architectes ? \u00c0 chaque m\u00e9thode son Prestige !<\/p>\n<\/div>\n<\/div><\/div><\/div><\/div><div id=\"pg-12507-3\"  class=\"panel-grid panel-no-style\" ><div id=\"pgc-12507-3-0\"  class=\"panel-grid-cell\" ><div id=\"panel-12507-3-0-0\" class=\"so-panel widget widget_sow-editor panel-first-child panel-last-child\" data-index=\"8\" ><div\n\t\t\t\n\t\t\tclass=\"so-widget-sow-editor so-widget-sow-editor-base\"\n\t\t\t\n\t\t>\n<div class=\"siteorigin-widget-tinymce textwidget\">\n\t<hr \/>\n<h3 style=\"text-align: center;\">En vid\u00e9o<\/h3>\n<\/div>\n<\/div><\/div><\/div><\/div><div id=\"pg-12507-4\"  class=\"panel-grid panel-no-style\" ><div id=\"pgc-12507-4-0\"  class=\"panel-grid-cell\" ><div id=\"panel-12507-4-0-0\" class=\"so-panel widget widget_sow-editor panel-first-child panel-last-child\" data-index=\"9\" ><div\n\t\t\t\n\t\t\tclass=\"so-widget-sow-editor so-widget-sow-editor-base\"\n\t\t\t\n\t\t>\n<div class=\"siteorigin-widget-tinymce textwidget\">\n\t<hr \/>\n<h3 style=\"text-align: center;\">Pour aller plus loin<\/h3>\n<\/div>\n<\/div><\/div><\/div><\/div><\/div>","protected":false},"excerpt":{"rendered":"<p>Nombre de joueurs : 2 &#8211; 2 Dur\u00e9e moyenne : 30 min Age : 10 ans et plus Auteur(s) : J\u00e9r\u00e9my Ducret Romaric Galonnier Illustrations : Agn\u00e8s Ripoche \u00c9dition : La Boite de Jeu 2024 Version : Fran\u00e7aise<\/p>\n","protected":false},"author":2,"featured_media":12502,"parent":0,"menu_order":0,"comment_status":"closed","ping_status":"closed","template":"","meta":{"footnotes":""},"class_list":["post-12507","page","type-page","status-publish","has-post-thumbnail","hentry"],"acf":[],"rttpg_featured_image_url":{"full":["https:\/\/meeplendice.net\/wp-content\/uploads\/2024\/07\/Architectes_Amytis.png",350,350,false],"landscape":["https:\/\/meeplendice.net\/wp-content\/uploads\/2024\/07\/Architectes_Amytis.png",350,350,false],"portraits":["https:\/\/meeplendice.net\/wp-content\/uploads\/2024\/07\/Architectes_Amytis.png",350,350,false],"thumbnail":["https:\/\/meeplendice.net\/wp-content\/uploads\/2024\/07\/Architectes_Amytis-150x150.png",150,150,true],"medium":["https:\/\/meeplendice.net\/wp-content\/uploads\/2024\/07\/Architectes_Amytis-300x300.png",300,300,true],"large":["https:\/\/meeplendice.net\/wp-content\/uploads\/2024\/07\/Architectes_Amytis.png",350,350,false],"ug_big":["https:\/\/meeplendice.net\/wp-content\/uploads\/2024\/07\/Architectes_Amytis.png",350,350,false],"1536x1536":["https:\/\/meeplendice.net\/wp-content\/uploads\/2024\/07\/Architectes_Amytis.png",350,350,false],"2048x2048":["https:\/\/meeplendice.net\/wp-content\/uploads\/2024\/07\/Architectes_Amytis.png",350,350,false],"ashe-slider-grid-thumbnail":["https:\/\/meeplendice.net\/wp-content\/uploads\/2024\/07\/Architectes_Amytis.png",350,350,false],"ashe-full-thumbnail":["https:\/\/meeplendice.net\/wp-content\/uploads\/2024\/07\/Architectes_Amytis.png",350,350,false],"ashe-grid-thumbnail":["https:\/\/meeplendice.net\/wp-content\/uploads\/2024\/07\/Architectes_Amytis-350x330.png",350,330,true],"ashe-list-thumbnail":["https:\/\/meeplendice.net\/wp-content\/uploads\/2024\/07\/Architectes_Amytis-300x300.png",300,300,true],"ashe-single-navigation":["https:\/\/meeplendice.net\/wp-content\/uploads\/2024\/07\/Architectes_Amytis-75x75.png",75,75,true],"mailpoet_newsletter_max":["https:\/\/meeplendice.net\/wp-content\/uploads\/2024\/07\/Architectes_Amytis.png",350,350,false],"rpwe-thumbnail":["https:\/\/meeplendice.net\/wp-content\/uploads\/2024\/07\/Architectes_Amytis-45x45.png",45,45,true],"sow-carousel-default":["https:\/\/meeplendice.net\/wp-content\/uploads\/2024\/07\/Architectes_Amytis-272x182.png",272,182,true],"rt_custom":["https:\/\/meeplendice.net\/wp-content\/uploads\/2024\/07\/Architectes_Amytis.png",350,350,false]},"rttpg_author":{"display_name":"Karnby","author_link":"https:\/\/meeplendice.net\/?author=2"},"rttpg_comment":0,"rttpg_category":null,"rttpg_excerpt":"Nombre de joueurs : 2 - 2 Dur\u00e9e moyenne : 30 min Age : 10 ans et plus Auteur(s) : J\u00e9r\u00e9my Ducret Romaric Galonnier Illustrations : Agn\u00e8s Ripoche \u00c9dition : La Boite de Jeu 2024 Version : Fran\u00e7aise","_links":{"self":[{"href":"https:\/\/meeplendice.net\/index.php?rest_route=\/wp\/v2\/pages\/12507","targetHints":{"allow":["GET"]}}],"collection":[{"href":"https:\/\/meeplendice.net\/index.php?rest_route=\/wp\/v2\/pages"}],"about":[{"href":"https:\/\/meeplendice.net\/index.php?rest_route=\/wp\/v2\/types\/page"}],"author":[{"embeddable":true,"href":"https:\/\/meeplendice.net\/index.php?rest_route=\/wp\/v2\/users\/2"}],"replies":[{"embeddable":true,"href":"https:\/\/meeplendice.net\/index.php?rest_route=%2Fwp%2Fv2%2Fcomments&post=12507"}],"version-history":[{"count":1,"href":"https:\/\/meeplendice.net\/index.php?rest_route=\/wp\/v2\/pages\/12507\/revisions"}],"predecessor-version":[{"id":12508,"href":"https:\/\/meeplendice.net\/index.php?rest_route=\/wp\/v2\/pages\/12507\/revisions\/12508"}],"wp:featuredmedia":[{"embeddable":true,"href":"https:\/\/meeplendice.net\/index.php?rest_route=\/wp\/v2\/media\/12502"}],"wp:attachment":[{"href":"https:\/\/meeplendice.net\/index.php?rest_route=%2Fwp%2Fv2%2Fmedia&parent=12507"}],"curies":[{"name":"wp","href":"https:\/\/api.w.org\/{rel}","templated":true}]}}