{"id":12511,"date":"2024-07-29T14:22:23","date_gmt":"2024-07-29T12:22:23","guid":{"rendered":"https:\/\/meeplendice.net\/?page_id=12511"},"modified":"2024-07-29T14:31:44","modified_gmt":"2024-07-29T12:31:44","slug":"open-season","status":"publish","type":"page","link":"https:\/\/meeplendice.net\/?page_id=12511","title":{"rendered":"Open Season"},"content":{"rendered":"<div id=\"pl-12511\"  class=\"panel-layout\" ><div id=\"pg-12511-0\"  class=\"panel-grid panel-no-style\" ><div id=\"pgc-12511-0-0\"  class=\"panel-grid-cell\" ><div id=\"panel-12511-0-0-0\" class=\"so-panel widget widget_sow-editor panel-first-child panel-last-child\" data-index=\"0\" ><div\n\t\t\t\n\t\t\tclass=\"so-widget-sow-editor so-widget-sow-editor-base\"\n\t\t\t\n\t\t>\n<div class=\"siteorigin-widget-tinymce textwidget\">\n\t<p style=\"text-align: center;\"><strong>Nombre de joueurs :<\/strong><br \/>\n2 - 4<\/p>\n<\/div>\n<\/div><\/div><\/div><div id=\"pgc-12511-0-1\"  class=\"panel-grid-cell\" ><div id=\"panel-12511-0-1-0\" class=\"so-panel widget widget_sow-editor panel-first-child panel-last-child\" data-index=\"1\" ><div\n\t\t\t\n\t\t\tclass=\"so-widget-sow-editor so-widget-sow-editor-base\"\n\t\t\t\n\t\t>\n<div class=\"siteorigin-widget-tinymce textwidget\">\n\t<p style=\"text-align: center;\"><strong>Dur\u00e9e moyenne :<\/strong><br \/>\n45 min<\/p>\n<\/div>\n<\/div><\/div><\/div><div id=\"pgc-12511-0-2\"  class=\"panel-grid-cell\" ><div id=\"panel-12511-0-2-0\" class=\"so-panel widget widget_sow-editor panel-first-child panel-last-child\" data-index=\"2\" ><div\n\t\t\t\n\t\t\tclass=\"so-widget-sow-editor so-widget-sow-editor-base\"\n\t\t\t\n\t\t>\n<div class=\"siteorigin-widget-tinymce textwidget\">\n\t<p style=\"text-align: center;\"><strong>Age :<\/strong><br \/>\n10 ans et plus<\/p>\n<\/div>\n<\/div><\/div><\/div><\/div><div id=\"pg-12511-1\"  class=\"panel-grid panel-no-style\" ><div id=\"pgc-12511-1-0\"  class=\"panel-grid-cell\" ><div id=\"panel-12511-1-0-0\" class=\"so-panel widget widget_sow-editor panel-first-child panel-last-child\" data-index=\"3\" ><div\n\t\t\t\n\t\t\tclass=\"so-widget-sow-editor so-widget-sow-editor-base\"\n\t\t\t\n\t\t>\n<div class=\"siteorigin-widget-tinymce textwidget\">\n\t<p style=\"text-align: center;\"><strong>Auteur(s) :<br \/>\n<\/strong><span class=\"data-siloing\" title=\"D\u00e9couvrez tous ces jeux\" data-siloing=\"https:\/\/www.philibertnet.com\/fr\/recherche?feature=31&amp;feature_value=Romain Lisciandro\">Romain Lisciandro<br \/>\n<\/span><span class=\"data-siloing\" title=\"Voir tous les jeux\" data-siloing=\"https:\/\/www.philibertnet.com\/fr\/recherche?feature=31&amp;feature_value=Am\u00e9lie Assi\u00e9\">Am\u00e9lie Assi\u00e9<\/span><\/p>\n<\/div>\n<\/div><\/div><\/div><div id=\"pgc-12511-1-1\"  class=\"panel-grid-cell\" ><div id=\"panel-12511-1-1-0\" class=\"so-panel widget widget_sow-editor panel-first-child panel-last-child\" data-index=\"4\" ><div\n\t\t\t\n\t\t\tclass=\"so-widget-sow-editor so-widget-sow-editor-base\"\n\t\t\t\n\t\t>\n<div class=\"siteorigin-widget-tinymce textwidget\">\n\t<p style=\"text-align: center;\"><strong>Illustrations :<br \/>\n<\/strong><span class=\"data-siloing\" title=\"D\u00e9couvrez tous ces jeux\" data-siloing=\"https:\/\/www.philibertnet.com\/fr\/recherche?feature=41&amp;feature_value=Djib\">Djib<\/span><\/p>\n<\/div>\n<\/div><\/div><\/div><div id=\"pgc-12511-1-2\"  class=\"panel-grid-cell\" ><div id=\"panel-12511-1-2-0\" class=\"so-panel widget widget_sow-editor panel-first-child panel-last-child\" data-index=\"5\" ><div\n\t\t\t\n\t\t\tclass=\"so-widget-sow-editor so-widget-sow-editor-base\"\n\t\t\t\n\t\t>\n<div class=\"siteorigin-widget-tinymce textwidget\">\n\t<p style=\"text-align: center;\"><strong>\u00c9dition :<\/strong><br \/>\n<span class=\"data-siloing\" data-siloing=\" https:\/\/www.philibertnet.com\/fr\/1514_lucky-duck-games \">Sit Down<br \/>\n<\/span>2024<\/p>\n<\/div>\n<\/div><\/div><\/div><div id=\"pgc-12511-1-3\"  class=\"panel-grid-cell\" ><div id=\"panel-12511-1-3-0\" class=\"so-panel widget widget_sow-editor panel-first-child panel-last-child\" data-index=\"6\" ><div\n\t\t\t\n\t\t\tclass=\"so-widget-sow-editor so-widget-sow-editor-base\"\n\t\t\t\n\t\t>\n<div class=\"siteorigin-widget-tinymce textwidget\">\n\t<p style=\"text-align: center;\"><strong>Version :<\/strong><br \/>\nFran\u00e7aise<\/p>\n<\/div>\n<\/div><\/div><\/div><\/div><div id=\"pg-12511-2\"  class=\"panel-grid panel-no-style\" ><div id=\"pgc-12511-2-0\"  class=\"panel-grid-cell\" ><div id=\"panel-12511-2-0-0\" class=\"so-panel widget widget_sow-editor panel-first-child panel-last-child\" data-index=\"7\" ><div\n\t\t\t\n\t\t\tclass=\"so-widget-sow-editor so-widget-sow-editor-base\"\n\t\t\t\n\t\t>\n<div class=\"siteorigin-widget-tinymce textwidget\">\n\t<hr \/>\n<p><em>A force, vous en avez eu marre. Marre de voir ces hordes de h\u00e9ros malotrus saccager votre donjon d\u00e9cor\u00e9 avec go\u00fbt et raffinement. Alors vous vous \u00eates par\u00e9 de vos plus beaux habits et vous \u00eates mis en t\u00eate de compl\u00e9ter votre salle des troph\u00e9es, avec savoir-faire et m\u00e9ticulosit\u00e9.<\/em><\/p>\n<p><em>Aujourd'hui, les seigneurs de donjon des quatre continents reconnaissent avec fair play que vous disposez de la plus grande et la plus belle collection d'aventuriers \u00e9manant de peuples divers et vari\u00e9s, agenc\u00e9e avec \u00e9l\u00e9gance dans un cadre propice \u00e0 la m\u00e9ditation.<\/em><\/p>\n<p><em>Seuls les h\u00e9ros ne se pressent gu\u00e8re pour vernir l\u2019admirer...<\/em><\/p>\n<p>Dans <em><span class=\"style-client-colored-text\">Open Season<\/span><\/em>, votre objectif est de r\u00e9unir la plus grande et la plus belle collection d'aventuriers \u00e9manant de peuples divers et vari\u00e9s, et de les agencer avec \u00e9l\u00e9gance sur le mur de votre salon.<\/p>\n<p>\u00c0 chaque tour, vous choisissez une carte de votre main \u00e0 placer sur votre plateau et une autre \u00e0 mettre de c\u00f4t\u00e9 pour de futurs tours. Ces cartes peuvent repr\u00e9senter des h\u00e9ros de diff\u00e9rents peuples et doivent \u00eatre agenc\u00e9es strat\u00e9giquement pour maximiser les points de victoire. Lorsqu\u2019une de vos cartes empil\u00e9es correspond \u00e0 l\u2019une des cartes de votre mur, vous activez des actions sp\u00e9ciales et obtenez des points de victoire... Ou en perdez !<\/p>\n<p>Ajustez continuellement votre strat\u00e9gie pour optimiser votre collection de troph\u00e9es et anticiper les mouvements des autres joueurs. La cl\u00e9 de ce jeu\u00a0 de collection est de planifier soigneusement o\u00f9 et quand placer chaque carte, afin de tirer le meilleur parti des combinaisons et des effets de jeu.<\/p>\n<p>Saurez-vous cr\u00e9er la plus grande et la plus belle collection d'aventuriers pour d\u00e9corer votre salon ?<\/p>\n<\/div>\n<\/div><\/div><\/div><\/div><div id=\"pg-12511-3\"  class=\"panel-grid panel-no-style\" ><div id=\"pgc-12511-3-0\"  class=\"panel-grid-cell\" ><div id=\"panel-12511-3-0-0\" class=\"so-panel widget widget_sow-editor panel-first-child panel-last-child\" data-index=\"8\" ><div\n\t\t\t\n\t\t\tclass=\"so-widget-sow-editor so-widget-sow-editor-base\"\n\t\t\t\n\t\t>\n<div class=\"siteorigin-widget-tinymce textwidget\">\n\t<hr \/>\n<h3 style=\"text-align: center;\">En vid\u00e9o<\/h3>\n<p><a href=\"https:\/\/www.youtube.com\/watch?v=OE3-j-Sb7yo&amp;ab_channel=SitDown%21\" target=\"_blank\" rel=\"noopener\"><img loading=\"lazy\" decoding=\"async\" class=\"alignnone size-full wp-image-9090\" src=\"https:\/\/meeplendice.net\/wp-content\/uploads\/2022\/01\/Link_CJ_v2.png\" alt=\"\" width=\"200\" height=\"170\" \/><\/a><\/p>\n<\/div>\n<\/div><\/div><\/div><\/div><div id=\"pg-12511-4\"  class=\"panel-grid panel-no-style\" ><div id=\"pgc-12511-4-0\"  class=\"panel-grid-cell\" ><div id=\"panel-12511-4-0-0\" class=\"so-panel widget widget_sow-editor panel-first-child panel-last-child\" data-index=\"9\" ><div\n\t\t\t\n\t\t\tclass=\"so-widget-sow-editor so-widget-sow-editor-base\"\n\t\t\t\n\t\t>\n<div class=\"siteorigin-widget-tinymce textwidget\">\n\t<hr \/>\n<h3 style=\"text-align: center;\">Pour aller plus loin<\/h3>\n<\/div>\n<\/div><\/div><\/div><\/div><\/div>","protected":false},"excerpt":{"rendered":"<p>Nombre de joueurs : 2 &#8211; 4 Dur\u00e9e moyenne : 45 min Age : 10 ans et plus Auteur(s) : Romain Lisciandro Am\u00e9lie Assi\u00e9 Illustrations : Djib \u00c9dition : Sit Down 2024 Version : Fran\u00e7aise<\/p>\n","protected":false},"author":2,"featured_media":12501,"parent":0,"menu_order":0,"comment_status":"closed","ping_status":"closed","template":"","meta":{"footnotes":""},"class_list":["post-12511","page","type-page","status-publish","has-post-thumbnail","hentry"],"acf":[],"rttpg_featured_image_url":{"full":["https:\/\/meeplendice.net\/wp-content\/uploads\/2024\/07\/Open_Season.png",350,350,false],"landscape":["https:\/\/meeplendice.net\/wp-content\/uploads\/2024\/07\/Open_Season.png",350,350,false],"portraits":["https:\/\/meeplendice.net\/wp-content\/uploads\/2024\/07\/Open_Season.png",350,350,false],"thumbnail":["https:\/\/meeplendice.net\/wp-content\/uploads\/2024\/07\/Open_Season-150x150.png",150,150,true],"medium":["https:\/\/meeplendice.net\/wp-content\/uploads\/2024\/07\/Open_Season-300x300.png",300,300,true],"large":["https:\/\/meeplendice.net\/wp-content\/uploads\/2024\/07\/Open_Season.png",350,350,false],"ug_big":["https:\/\/meeplendice.net\/wp-content\/uploads\/2024\/07\/Open_Season.png",350,350,false],"1536x1536":["https:\/\/meeplendice.net\/wp-content\/uploads\/2024\/07\/Open_Season.png",350,350,false],"2048x2048":["https:\/\/meeplendice.net\/wp-content\/uploads\/2024\/07\/Open_Season.png",350,350,false],"ashe-slider-grid-thumbnail":["https:\/\/meeplendice.net\/wp-content\/uploads\/2024\/07\/Open_Season.png",350,350,false],"ashe-full-thumbnail":["https:\/\/meeplendice.net\/wp-content\/uploads\/2024\/07\/Open_Season.png",350,350,false],"ashe-grid-thumbnail":["https:\/\/meeplendice.net\/wp-content\/uploads\/2024\/07\/Open_Season-350x330.png",350,330,true],"ashe-list-thumbnail":["https:\/\/meeplendice.net\/wp-content\/uploads\/2024\/07\/Open_Season-300x300.png",300,300,true],"ashe-single-navigation":["https:\/\/meeplendice.net\/wp-content\/uploads\/2024\/07\/Open_Season-75x75.png",75,75,true],"mailpoet_newsletter_max":["https:\/\/meeplendice.net\/wp-content\/uploads\/2024\/07\/Open_Season.png",350,350,false],"rpwe-thumbnail":["https:\/\/meeplendice.net\/wp-content\/uploads\/2024\/07\/Open_Season-45x45.png",45,45,true],"sow-carousel-default":["https:\/\/meeplendice.net\/wp-content\/uploads\/2024\/07\/Open_Season-272x182.png",272,182,true],"rt_custom":["https:\/\/meeplendice.net\/wp-content\/uploads\/2024\/07\/Open_Season.png",350,350,false]},"rttpg_author":{"display_name":"Karnby","author_link":"https:\/\/meeplendice.net\/?author=2"},"rttpg_comment":0,"rttpg_category":null,"rttpg_excerpt":"Nombre de joueurs : 2 - 4 Dur\u00e9e moyenne : 45 min Age : 10 ans et plus Auteur(s) : Romain Lisciandro Am\u00e9lie Assi\u00e9 Illustrations : Djib \u00c9dition : Sit Down 2024 Version : Fran\u00e7aise","_links":{"self":[{"href":"https:\/\/meeplendice.net\/index.php?rest_route=\/wp\/v2\/pages\/12511","targetHints":{"allow":["GET"]}}],"collection":[{"href":"https:\/\/meeplendice.net\/index.php?rest_route=\/wp\/v2\/pages"}],"about":[{"href":"https:\/\/meeplendice.net\/index.php?rest_route=\/wp\/v2\/types\/page"}],"author":[{"embeddable":true,"href":"https:\/\/meeplendice.net\/index.php?rest_route=\/wp\/v2\/users\/2"}],"replies":[{"embeddable":true,"href":"https:\/\/meeplendice.net\/index.php?rest_route=%2Fwp%2Fv2%2Fcomments&post=12511"}],"version-history":[{"count":5,"href":"https:\/\/meeplendice.net\/index.php?rest_route=\/wp\/v2\/pages\/12511\/revisions"}],"predecessor-version":[{"id":12516,"href":"https:\/\/meeplendice.net\/index.php?rest_route=\/wp\/v2\/pages\/12511\/revisions\/12516"}],"wp:featuredmedia":[{"embeddable":true,"href":"https:\/\/meeplendice.net\/index.php?rest_route=\/wp\/v2\/media\/12501"}],"wp:attachment":[{"href":"https:\/\/meeplendice.net\/index.php?rest_route=%2Fwp%2Fv2%2Fmedia&parent=12511"}],"curies":[{"name":"wp","href":"https:\/\/api.w.org\/{rel}","templated":true}]}}