{"id":12518,"date":"2024-07-29T14:41:26","date_gmt":"2024-07-29T12:41:26","guid":{"rendered":"https:\/\/meeplendice.net\/?page_id=12518"},"modified":"2024-07-29T14:45:47","modified_gmt":"2024-07-29T12:45:47","slug":"khiva-2","status":"publish","type":"page","link":"https:\/\/meeplendice.net\/?page_id=12518","title":{"rendered":"Khiva"},"content":{"rendered":"<div id=\"pl-12518\"  class=\"panel-layout\" ><div id=\"pg-12518-0\"  class=\"panel-grid panel-no-style\" ><div id=\"pgc-12518-0-0\"  class=\"panel-grid-cell\" ><div id=\"panel-12518-0-0-0\" class=\"so-panel widget widget_sow-editor panel-first-child panel-last-child\" data-index=\"0\" ><div\n\t\t\t\n\t\t\tclass=\"so-widget-sow-editor so-widget-sow-editor-base\"\n\t\t\t\n\t\t>\n<div class=\"siteorigin-widget-tinymce textwidget\">\n\t<p style=\"text-align: center;\"><strong>Nombre de joueurs :<\/strong><br \/>\n2 - 5<\/p>\n<\/div>\n<\/div><\/div><\/div><div id=\"pgc-12518-0-1\"  class=\"panel-grid-cell\" ><div id=\"panel-12518-0-1-0\" class=\"so-panel widget widget_sow-editor panel-first-child panel-last-child\" data-index=\"1\" ><div\n\t\t\t\n\t\t\tclass=\"so-widget-sow-editor so-widget-sow-editor-base\"\n\t\t\t\n\t\t>\n<div class=\"siteorigin-widget-tinymce textwidget\">\n\t<p style=\"text-align: center;\"><strong>Dur\u00e9e moyenne :<\/strong><br \/>\n30 min<\/p>\n<\/div>\n<\/div><\/div><\/div><div id=\"pgc-12518-0-2\"  class=\"panel-grid-cell\" ><div id=\"panel-12518-0-2-0\" class=\"so-panel widget widget_sow-editor panel-first-child panel-last-child\" data-index=\"2\" ><div\n\t\t\t\n\t\t\tclass=\"so-widget-sow-editor so-widget-sow-editor-base\"\n\t\t\t\n\t\t>\n<div class=\"siteorigin-widget-tinymce textwidget\">\n\t<p style=\"text-align: center;\"><strong>Age :<\/strong><br \/>\n8 ans et plus<\/p>\n<\/div>\n<\/div><\/div><\/div><\/div><div id=\"pg-12518-1\"  class=\"panel-grid panel-no-style\" ><div id=\"pgc-12518-1-0\"  class=\"panel-grid-cell\" ><div id=\"panel-12518-1-0-0\" class=\"so-panel widget widget_sow-editor panel-first-child panel-last-child\" data-index=\"3\" ><div\n\t\t\t\n\t\t\tclass=\"so-widget-sow-editor so-widget-sow-editor-base\"\n\t\t\t\n\t\t>\n<div class=\"siteorigin-widget-tinymce textwidget\">\n\t<p style=\"text-align: center;\"><strong>Auteur(s) :<br \/>\n<\/strong><span class=\"data-siloing\" title=\"D\u00e9couvrez tous ces jeux\" data-siloing=\"https:\/\/www.philibertnet.com\/fr\/recherche?feature=31&amp;feature_value=Guillaumes Scholz\">Guillaumes Scholz<\/span><br \/>\n<span class=\"data-siloing\" title=\"Voir tous les jeux\" data-siloing=\"https:\/\/www.philibertnet.com\/fr\/recherche?feature=31&amp;feature_value=Johannes Goupy\">Johannes Goupy<\/span><\/p>\n<\/div>\n<\/div><\/div><\/div><div id=\"pgc-12518-1-1\"  class=\"panel-grid-cell\" ><div id=\"panel-12518-1-1-0\" class=\"so-panel widget widget_sow-editor panel-first-child panel-last-child\" data-index=\"4\" ><div\n\t\t\t\n\t\t\tclass=\"so-widget-sow-editor so-widget-sow-editor-base\"\n\t\t\t\n\t\t>\n<div class=\"siteorigin-widget-tinymce textwidget\">\n\t<p style=\"text-align: center;\"><strong>Illustrations :<br \/>\n<\/strong><span class=\"data-siloing\" title=\"D\u00e9couvrez tous ces jeux\" data-siloing=\"https:\/\/www.philibertnet.com\/fr\/recherche?feature=41&amp;feature_value=Djib\">Camille Chaussy<br \/>\n<\/span><\/p>\n<\/div>\n<\/div><\/div><\/div><div id=\"pgc-12518-1-2\"  class=\"panel-grid-cell\" ><div id=\"panel-12518-1-2-0\" class=\"so-panel widget widget_sow-editor panel-first-child panel-last-child\" data-index=\"5\" ><div\n\t\t\t\n\t\t\tclass=\"so-widget-sow-editor so-widget-sow-editor-base\"\n\t\t\t\n\t\t>\n<div class=\"siteorigin-widget-tinymce textwidget\">\n\t<p style=\"text-align: center;\"><strong>\u00c9dition :<\/strong><br \/>\n<span class=\"data-siloing\" data-siloing=\" https:\/\/www.philibertnet.com\/fr\/1514_lucky-duck-games \">The Flying Games<br \/>\n<\/span>2024<\/p>\n<\/div>\n<\/div><\/div><\/div><div id=\"pgc-12518-1-3\"  class=\"panel-grid-cell\" ><div id=\"panel-12518-1-3-0\" class=\"so-panel widget widget_sow-editor panel-first-child panel-last-child\" data-index=\"6\" ><div\n\t\t\t\n\t\t\tclass=\"so-widget-sow-editor so-widget-sow-editor-base\"\n\t\t\t\n\t\t>\n<div class=\"siteorigin-widget-tinymce textwidget\">\n\t<p style=\"text-align: center;\"><strong>Version :<\/strong><br \/>\nFran\u00e7aise<\/p>\n<\/div>\n<\/div><\/div><\/div><\/div><div id=\"pg-12518-2\"  class=\"panel-grid panel-no-style\" ><div id=\"pgc-12518-2-0\"  class=\"panel-grid-cell\" ><div id=\"panel-12518-2-0-0\" class=\"so-panel widget widget_sow-editor panel-first-child panel-last-child\" data-index=\"7\" ><div\n\t\t\t\n\t\t\tclass=\"so-widget-sow-editor so-widget-sow-editor-base\"\n\t\t\t\n\t\t>\n<div class=\"siteorigin-widget-tinymce textwidget\">\n\t<hr \/>\n<p><em>Depuis des temps imm\u00e9moriaux, un flot continu de caravanes, charg\u00e9es de richesses venues de l'Est du monde connu, traversent le d\u00e9sert.<br \/>\nFond\u00e9 sur une oasis, Khiva, petit \u00e9crin au c\u0153ur du d\u00e9sert, accueille les Marchands les plus avis\u00e9s venus depuis leurs lointaines contr\u00e9es pour acqu\u00e9rir de formidables richesses. Faite appel \u00e0 votre sens des affaires et essayez d'attirer les plus riches caravanes afin d'asseoir votre r\u00e9putation et de devenir le Prince des Marchands.<\/em><\/p>\n<p><em>Bienvenue \u00e0 Khiva !<\/em><\/p>\n<p>Dans <em><span class=\"style-client-colored-text\">Khiva<\/span><\/em>, lors de chacune des manches, vous allez chercher \u00e0 attirer les chameaux vers votre plateau Personnel. Le but est de r\u00e9cup\u00e9rer un maximum de jetons Th\u00e9i\u00e8re que ces chameaux transportent sur leur dos. Pour se faire, vous allez les convaincre en jouant simultan\u00e9ment vos cartes D\u00e9placement. Ces cartes vont permettre de d\u00e9placer un chameau. Les joueurs placent devant eux 1 carte face cach\u00e9e qu'ils vont jouer pour ce tour et une carte qu'ils passent \u00e0 leur voisin de gauche pour les tours suivants. Les joueurs d\u00e9couvrent leur carte simultan\u00e9ment. Chaque joueur d\u00e9place le chameau de la couleur qu'il a jou\u00e9 dans la direction de son Chemin.<\/p>\n<p>Si 2 joueurs ont jou\u00e9 une carte de m\u00eame couleur, celui qui a jou\u00e9 la plus petite valeur d\u00e9place le chameau et r\u00e9cup\u00e8re la richesse indiqu\u00e9e. L'autre joueur re\u00e7oit 1 gemme en compensation. Les cartes jou\u00e9es sont mises de c\u00f4t\u00e9 mais toujours visibles de tous. Plus on avance et plus on disposera d'informations sur les cartes encore pr\u00e9sentes dans le jeu. La partie prend fin d\u00e8s qu'une des ressources est \u00e9puis\u00e9e.<br \/>\nLe vainqueur est celui qui aura cumul\u00e9 le plus de richesses.<\/p>\n<\/div>\n<\/div><\/div><\/div><\/div><div id=\"pg-12518-3\"  class=\"panel-grid panel-no-style\" ><div id=\"pgc-12518-3-0\"  class=\"panel-grid-cell\" ><div id=\"panel-12518-3-0-0\" class=\"so-panel widget widget_sow-editor panel-first-child panel-last-child\" data-index=\"8\" ><div\n\t\t\t\n\t\t\tclass=\"so-widget-sow-editor so-widget-sow-editor-base\"\n\t\t\t\n\t\t>\n<div class=\"siteorigin-widget-tinymce textwidget\">\n\t<hr \/>\n<h3 style=\"text-align: center;\">En vid\u00e9o<\/h3>\n<p><a href=\"https:\/\/www.youtube.com\/watch?v=XengDKb_yTY&amp;ab_channel=RenardLudique\" target=\"_blank\" rel=\"noopener\"><img loading=\"lazy\" decoding=\"async\" class=\"alignnone size-full wp-image-9090\" src=\"https:\/\/meeplendice.net\/wp-content\/uploads\/2022\/01\/Link_CJ_v2.png\" alt=\"\" width=\"200\" height=\"170\" \/><\/a><\/p>\n<\/div>\n<\/div><\/div><\/div><\/div><div id=\"pg-12518-4\"  class=\"panel-grid panel-no-style\" ><div id=\"pgc-12518-4-0\"  class=\"panel-grid-cell\" ><div id=\"panel-12518-4-0-0\" class=\"so-panel widget widget_sow-editor panel-first-child panel-last-child\" data-index=\"9\" ><div\n\t\t\t\n\t\t\tclass=\"so-widget-sow-editor so-widget-sow-editor-base\"\n\t\t\t\n\t\t>\n<div class=\"siteorigin-widget-tinymce textwidget\">\n\t<hr \/>\n<h3 style=\"text-align: center;\">Pour aller plus loin<\/h3>\n<\/div>\n<\/div><\/div><\/div><\/div><\/div>","protected":false},"excerpt":{"rendered":"<p>Nombre de joueurs : 2 &#8211; 5 Dur\u00e9e moyenne : 30 min Age : 8 ans et plus Auteur(s) : Guillaumes Scholz Johannes Goupy Illustrations : Camille Chaussy \u00c9dition : The Flying Games 2024 Version : Fran\u00e7aise<\/p>\n","protected":false},"author":2,"featured_media":12500,"parent":0,"menu_order":0,"comment_status":"closed","ping_status":"closed","template":"","meta":{"footnotes":""},"class_list":["post-12518","page","type-page","status-publish","has-post-thumbnail","hentry"],"acf":[],"rttpg_featured_image_url":{"full":["https:\/\/meeplendice.net\/wp-content\/uploads\/2024\/07\/Khiva.png",350,350,false],"landscape":["https:\/\/meeplendice.net\/wp-content\/uploads\/2024\/07\/Khiva.png",350,350,false],"portraits":["https:\/\/meeplendice.net\/wp-content\/uploads\/2024\/07\/Khiva.png",350,350,false],"thumbnail":["https:\/\/meeplendice.net\/wp-content\/uploads\/2024\/07\/Khiva-150x150.png",150,150,true],"medium":["https:\/\/meeplendice.net\/wp-content\/uploads\/2024\/07\/Khiva-300x300.png",300,300,true],"large":["https:\/\/meeplendice.net\/wp-content\/uploads\/2024\/07\/Khiva.png",350,350,false],"ug_big":["https:\/\/meeplendice.net\/wp-content\/uploads\/2024\/07\/Khiva.png",350,350,false],"1536x1536":["https:\/\/meeplendice.net\/wp-content\/uploads\/2024\/07\/Khiva.png",350,350,false],"2048x2048":["https:\/\/meeplendice.net\/wp-content\/uploads\/2024\/07\/Khiva.png",350,350,false],"ashe-slider-grid-thumbnail":["https:\/\/meeplendice.net\/wp-content\/uploads\/2024\/07\/Khiva.png",350,350,false],"ashe-full-thumbnail":["https:\/\/meeplendice.net\/wp-content\/uploads\/2024\/07\/Khiva.png",350,350,false],"ashe-grid-thumbnail":["https:\/\/meeplendice.net\/wp-content\/uploads\/2024\/07\/Khiva-350x330.png",350,330,true],"ashe-list-thumbnail":["https:\/\/meeplendice.net\/wp-content\/uploads\/2024\/07\/Khiva-300x300.png",300,300,true],"ashe-single-navigation":["https:\/\/meeplendice.net\/wp-content\/uploads\/2024\/07\/Khiva-75x75.png",75,75,true],"mailpoet_newsletter_max":["https:\/\/meeplendice.net\/wp-content\/uploads\/2024\/07\/Khiva.png",350,350,false],"rpwe-thumbnail":["https:\/\/meeplendice.net\/wp-content\/uploads\/2024\/07\/Khiva-45x45.png",45,45,true],"sow-carousel-default":["https:\/\/meeplendice.net\/wp-content\/uploads\/2024\/07\/Khiva-272x182.png",272,182,true],"rt_custom":["https:\/\/meeplendice.net\/wp-content\/uploads\/2024\/07\/Khiva.png",350,350,false]},"rttpg_author":{"display_name":"Karnby","author_link":"https:\/\/meeplendice.net\/?author=2"},"rttpg_comment":0,"rttpg_category":null,"rttpg_excerpt":"Nombre de joueurs : 2 - 5 Dur\u00e9e moyenne : 30 min Age : 8 ans et plus Auteur(s) : Guillaumes Scholz Johannes Goupy Illustrations : Camille Chaussy \u00c9dition : The Flying Games 2024 Version : Fran\u00e7aise","_links":{"self":[{"href":"https:\/\/meeplendice.net\/index.php?rest_route=\/wp\/v2\/pages\/12518","targetHints":{"allow":["GET"]}}],"collection":[{"href":"https:\/\/meeplendice.net\/index.php?rest_route=\/wp\/v2\/pages"}],"about":[{"href":"https:\/\/meeplendice.net\/index.php?rest_route=\/wp\/v2\/types\/page"}],"author":[{"embeddable":true,"href":"https:\/\/meeplendice.net\/index.php?rest_route=\/wp\/v2\/users\/2"}],"replies":[{"embeddable":true,"href":"https:\/\/meeplendice.net\/index.php?rest_route=%2Fwp%2Fv2%2Fcomments&post=12518"}],"version-history":[{"count":3,"href":"https:\/\/meeplendice.net\/index.php?rest_route=\/wp\/v2\/pages\/12518\/revisions"}],"predecessor-version":[{"id":12521,"href":"https:\/\/meeplendice.net\/index.php?rest_route=\/wp\/v2\/pages\/12518\/revisions\/12521"}],"wp:featuredmedia":[{"embeddable":true,"href":"https:\/\/meeplendice.net\/index.php?rest_route=\/wp\/v2\/media\/12500"}],"wp:attachment":[{"href":"https:\/\/meeplendice.net\/index.php?rest_route=%2Fwp%2Fv2%2Fmedia&parent=12518"}],"curies":[{"name":"wp","href":"https:\/\/api.w.org\/{rel}","templated":true}]}}