{"id":12548,"date":"2024-07-29T15:29:57","date_gmt":"2024-07-29T13:29:57","guid":{"rendered":"https:\/\/meeplendice.net\/?page_id=12548"},"modified":"2024-07-29T15:30:08","modified_gmt":"2024-07-29T13:30:08","slug":"01-as-de-la-gachette-vs-samourai","status":"publish","type":"page","link":"https:\/\/meeplendice.net\/?page_id=12548","title":{"rendered":"01 &#8211; As de la g\u00e2chette vs Samoura\u00ef"},"content":{"rendered":"<p>Dans cette premi\u00e8re boite vous incarnerez l&rsquo;As de la g\u00e2chette ou le Samoura\u00ef dans un combat \u00e9pique !<\/p>\n<ul>\n<li>L&rsquo;as de la g\u00e2chette a perdu sa famille dans des circonstances tragiques. Elle consacre d\u00e9sormais sa vie \u00e0 la poursuite infernale de tous les \u00eatres vils et corrompus de ce monde. Chaque fois qu&rsquo;elle recharge dextrement ses deux pistolets, elle se rapproche un peu plus de la vengeance. Et elle sera impitoyable.<\/li>\n<li>Le Samoura\u00ef est pouss\u00e9 par une perp\u00e9tuelle qu\u00eate d&rsquo;honneur. Il ne recule devant rien pour chasser de sa vue tous ceux qui ne sont pas dignes. Il appose la marque de la honte \u00e0 tous ceux qui se montrent petits, mesquins et insignifiants. En fin de compte, tout ce qui est inf\u00e2me et doit \u00eatre pass\u00e9 au fil de l&rsquo;\u00e9p\u00e9e, m\u00eame si cela implique de se donner la mort.<\/li>\n<\/ul>\n","protected":false},"excerpt":{"rendered":"<p>Dans cette premi\u00e8re boite vous incarnerez l&rsquo;As de la g\u00e2chette ou le Samoura\u00ef dans un combat \u00e9pique ! L&rsquo;as de la g\u00e2chette a perdu sa famille dans des circonstances tragiques. Elle consacre d\u00e9sormais sa vie \u00e0 la poursuite infernale de tous les \u00eatres vils et corrompus de ce monde. Chaque fois qu&rsquo;elle recharge dextrement ses deux pistolets, elle se rapproche un peu plus de la vengeance. Et elle sera impitoyable. Le Samoura\u00ef est pouss\u00e9 par une perp\u00e9tuelle qu\u00eate d&rsquo;honneur. Il ne recule devant rien pour chasser de sa vue tous ceux qui ne sont pas dignes. Il appose la marque de la honte \u00e0 tous ceux qui se montrent petits, mesquins et insignifiants. En fin de compte, tout ce qui est inf\u00e2me et doit \u00eatre pass\u00e9 au fil de l&rsquo;\u00e9p\u00e9e, m\u00eame si cela implique de se donner la mort.<\/p>\n","protected":false},"author":2,"featured_media":12532,"parent":12523,"menu_order":5,"comment_status":"closed","ping_status":"closed","template":"","meta":{"footnotes":""},"class_list":["post-12548","page","type-page","status-publish","has-post-thumbnail","hentry"],"acf":[],"rttpg_featured_image_url":{"full":["https:\/\/meeplendice.net\/wp-content\/uploads\/2024\/07\/DT_S2_01.png",350,350,false],"landscape":["https:\/\/meeplendice.net\/wp-content\/uploads\/2024\/07\/DT_S2_01.png",350,350,false],"portraits":["https:\/\/meeplendice.net\/wp-content\/uploads\/2024\/07\/DT_S2_01.png",350,350,false],"thumbnail":["https:\/\/meeplendice.net\/wp-content\/uploads\/2024\/07\/DT_S2_01-150x150.png",150,150,true],"medium":["https:\/\/meeplendice.net\/wp-content\/uploads\/2024\/07\/DT_S2_01-300x300.png",300,300,true],"large":["https:\/\/meeplendice.net\/wp-content\/uploads\/2024\/07\/DT_S2_01.png",350,350,false],"ug_big":["https:\/\/meeplendice.net\/wp-content\/uploads\/2024\/07\/DT_S2_01.png",350,350,false],"1536x1536":["https:\/\/meeplendice.net\/wp-content\/uploads\/2024\/07\/DT_S2_01.png",350,350,false],"2048x2048":["https:\/\/meeplendice.net\/wp-content\/uploads\/2024\/07\/DT_S2_01.png",350,350,false],"ashe-slider-grid-thumbnail":["https:\/\/meeplendice.net\/wp-content\/uploads\/2024\/07\/DT_S2_01.png",350,350,false],"ashe-full-thumbnail":["https:\/\/meeplendice.net\/wp-content\/uploads\/2024\/07\/DT_S2_01.png",350,350,false],"ashe-grid-thumbnail":["https:\/\/meeplendice.net\/wp-content\/uploads\/2024\/07\/DT_S2_01-350x330.png",350,330,true],"ashe-list-thumbnail":["https:\/\/meeplendice.net\/wp-content\/uploads\/2024\/07\/DT_S2_01-300x300.png",300,300,true],"ashe-single-navigation":["https:\/\/meeplendice.net\/wp-content\/uploads\/2024\/07\/DT_S2_01-75x75.png",75,75,true],"mailpoet_newsletter_max":["https:\/\/meeplendice.net\/wp-content\/uploads\/2024\/07\/DT_S2_01.png",350,350,false],"rpwe-thumbnail":["https:\/\/meeplendice.net\/wp-content\/uploads\/2024\/07\/DT_S2_01-45x45.png",45,45,true],"sow-carousel-default":["https:\/\/meeplendice.net\/wp-content\/uploads\/2024\/07\/DT_S2_01-272x182.png",272,182,true],"rt_custom":["https:\/\/meeplendice.net\/wp-content\/uploads\/2024\/07\/DT_S2_01.png",350,350,false]},"rttpg_author":{"display_name":"Karnby","author_link":"https:\/\/meeplendice.net\/?author=2"},"rttpg_comment":0,"rttpg_category":null,"rttpg_excerpt":"Dans cette premi\u00e8re boite vous incarnerez l&rsquo;As de la g\u00e2chette ou le Samoura\u00ef dans un combat \u00e9pique ! L&rsquo;as de la g\u00e2chette a perdu sa famille dans des circonstances tragiques. Elle consacre d\u00e9sormais sa vie \u00e0 la poursuite infernale de tous les \u00eatres vils et corrompus de ce monde. Chaque fois qu&rsquo;elle recharge dextrement ses\u2026","_links":{"self":[{"href":"https:\/\/meeplendice.net\/index.php?rest_route=\/wp\/v2\/pages\/12548","targetHints":{"allow":["GET"]}}],"collection":[{"href":"https:\/\/meeplendice.net\/index.php?rest_route=\/wp\/v2\/pages"}],"about":[{"href":"https:\/\/meeplendice.net\/index.php?rest_route=\/wp\/v2\/types\/page"}],"author":[{"embeddable":true,"href":"https:\/\/meeplendice.net\/index.php?rest_route=\/wp\/v2\/users\/2"}],"replies":[{"embeddable":true,"href":"https:\/\/meeplendice.net\/index.php?rest_route=%2Fwp%2Fv2%2Fcomments&post=12548"}],"version-history":[{"count":1,"href":"https:\/\/meeplendice.net\/index.php?rest_route=\/wp\/v2\/pages\/12548\/revisions"}],"predecessor-version":[{"id":12550,"href":"https:\/\/meeplendice.net\/index.php?rest_route=\/wp\/v2\/pages\/12548\/revisions\/12550"}],"up":[{"embeddable":true,"href":"https:\/\/meeplendice.net\/index.php?rest_route=\/wp\/v2\/pages\/12523"}],"wp:featuredmedia":[{"embeddable":true,"href":"https:\/\/meeplendice.net\/index.php?rest_route=\/wp\/v2\/media\/12532"}],"wp:attachment":[{"href":"https:\/\/meeplendice.net\/index.php?rest_route=%2Fwp%2Fv2%2Fmedia&parent=12548"}],"curies":[{"name":"wp","href":"https:\/\/api.w.org\/{rel}","templated":true}]}}