{"id":12590,"date":"2024-09-02T12:18:21","date_gmt":"2024-09-02T10:18:21","guid":{"rendered":"https:\/\/meeplendice.net\/?page_id=12590"},"modified":"2024-10-01T16:06:51","modified_gmt":"2024-10-01T14:06:51","slug":"captain-marvel-vs-black-panther-vs-dr-strange-vs-black-widow","status":"publish","type":"page","link":"https:\/\/meeplendice.net\/?page_id=12590","title":{"rendered":"Captain Marvel vs Black Panther vs Dr Strange vs Black Widow"},"content":{"rendered":"<p>Dans cette boite vous incarnerez Captain Marvel, Black Panther, Dr Strange ou Black Widow dans un combat \u00e9pique !<\/p>\n<ul>\n<li>Aussi volatile que les supernovas qui parcourent l&rsquo;univers, Captain Marvel diffuse son \u00e9clat o\u00f9 qu&rsquo;elle aille. Ses explosions binaires \u00e9galisent les chances en faisant appel au pouvoir du cosmos. Ceux qui s&rsquo;opposent \u00e0 elle trembleront devant sa lueur cosmique, qui ne manquera pas de les remettre dans le droit chemin.<\/li>\n<li>Black Panther frappe vite, absorbe les chocs et se bat avec honneur ! Ses ennemis y r\u00e9fl\u00e9chiront \u00e0 deux fois avant de lui infliger de petites quantit\u00e9s de d\u00e9g\u00e2ts, car chaque coup subi le renforce. Vous pensez l&rsquo;avoir enfin touch\u00e9 ? C&rsquo;est sans compter sur son armure en vibranium, qui r\u00e9duit votre attaque \u00e0 une simple chiquenaude.<\/li>\n<li>L&rsquo;am\u00e9lioration de son livre de sortil\u00e8ges est primordiale pour le Sorcier supr\u00eame, et ses pr\u00e9monitions lui octroient un contr\u00f4le \u00e0 nul autre pareil. Lorsque le besoin se fait sentir, Doctor Strange peut aller chercher de l&rsquo;aide en remontant le temps afin de trouver une meilleure fa\u00e7on de remport\u00e9 la victoire.<\/li>\n<li>Nimb\u00e9e de myst\u00e8re, Black Widow fait bon usage de son entrainement top secret dans la Chambre rouge afin d&rsquo;\u00e9tablir son plan, et elle deviens de plus en plus dangereuse au fil du temps. Prenez garde : pendant qu&rsquo;elle ourdit votre chute, sa bombe \u00e0 retardement \u00e9met un inqui\u00e9tant tic-tac.<\/li>\n<\/ul>\n<p style=\"text-align: justify;\"><span id=\"result_box\" class=\"\" lang=\"fr\"><span class=\"\">\u00a0<\/span><\/span><\/p>\n","protected":false},"excerpt":{"rendered":"<p>Dans cette boite vous incarnerez Captain Marvel, Black Panther, Dr Strange ou Black Widow dans un combat \u00e9pique ! Aussi volatile que les supernovas qui parcourent l&rsquo;univers, Captain Marvel diffuse son \u00e9clat o\u00f9 qu&rsquo;elle aille. Ses explosions binaires \u00e9galisent les chances en faisant appel au pouvoir du cosmos. Ceux qui s&rsquo;opposent \u00e0 elle trembleront devant sa lueur cosmique, qui ne manquera pas de les remettre dans le droit chemin. Black Panther frappe vite, absorbe les chocs et se bat avec honneur ! Ses ennemis y r\u00e9fl\u00e9chiront \u00e0 deux fois avant de lui infliger de petites quantit\u00e9s de d\u00e9g\u00e2ts, car chaque coup subi le renforce. Vous pensez l&rsquo;avoir enfin touch\u00e9 ? C&rsquo;est sans compter sur son armure en vibranium, qui r\u00e9duit votre attaque \u00e0 une simple chiquenaude. L&rsquo;am\u00e9lioration de son livre de sortil\u00e8ges est primordiale pour le Sorcier supr\u00eame, et ses pr\u00e9monitions lui octroient un contr\u00f4le \u00e0 nul autre pareil. Lorsque le besoin se fait sentir, Doctor Strange peut aller chercher de l&rsquo;aide en remontant le temps afin de trouver une meilleure fa\u00e7on de remport\u00e9 la victoire. Nimb\u00e9e de myst\u00e8re, Black Widow fait bon usage de son entrainement top secret dans la Chambre rouge afin d&rsquo;\u00e9tablir son plan, et elle deviens de plus en plus dangereuse au fil du temps. Prenez garde : pendant qu&rsquo;elle ourdit votre chute, sa bombe \u00e0 retardement \u00e9met un inqui\u00e9tant tic-tac. \u00a0<\/p>\n","protected":false},"author":2,"featured_media":12647,"parent":12583,"menu_order":1,"comment_status":"closed","ping_status":"closed","template":"","meta":{"footnotes":""},"class_list":["post-12590","page","type-page","status-publish","has-post-thumbnail","hentry"],"acf":[],"rttpg_featured_image_url":{"full":["https:\/\/meeplendice.net\/wp-content\/uploads\/2024\/10\/DTM_CMPDRSBW_2.png",350,350,false],"landscape":["https:\/\/meeplendice.net\/wp-content\/uploads\/2024\/10\/DTM_CMPDRSBW_2.png",350,350,false],"portraits":["https:\/\/meeplendice.net\/wp-content\/uploads\/2024\/10\/DTM_CMPDRSBW_2.png",350,350,false],"thumbnail":["https:\/\/meeplendice.net\/wp-content\/uploads\/2024\/10\/DTM_CMPDRSBW_2-150x150.png",150,150,true],"medium":["https:\/\/meeplendice.net\/wp-content\/uploads\/2024\/10\/DTM_CMPDRSBW_2-300x300.png",300,300,true],"large":["https:\/\/meeplendice.net\/wp-content\/uploads\/2024\/10\/DTM_CMPDRSBW_2.png",350,350,false],"ug_big":["https:\/\/meeplendice.net\/wp-content\/uploads\/2024\/10\/DTM_CMPDRSBW_2.png",350,350,false],"1536x1536":["https:\/\/meeplendice.net\/wp-content\/uploads\/2024\/10\/DTM_CMPDRSBW_2.png",350,350,false],"2048x2048":["https:\/\/meeplendice.net\/wp-content\/uploads\/2024\/10\/DTM_CMPDRSBW_2.png",350,350,false],"ashe-slider-grid-thumbnail":["https:\/\/meeplendice.net\/wp-content\/uploads\/2024\/10\/DTM_CMPDRSBW_2.png",350,350,false],"ashe-full-thumbnail":["https:\/\/meeplendice.net\/wp-content\/uploads\/2024\/10\/DTM_CMPDRSBW_2.png",350,350,false],"ashe-grid-thumbnail":["https:\/\/meeplendice.net\/wp-content\/uploads\/2024\/10\/DTM_CMPDRSBW_2-350x330.png",350,330,true],"ashe-list-thumbnail":["https:\/\/meeplendice.net\/wp-content\/uploads\/2024\/10\/DTM_CMPDRSBW_2-300x300.png",300,300,true],"ashe-single-navigation":["https:\/\/meeplendice.net\/wp-content\/uploads\/2024\/10\/DTM_CMPDRSBW_2-75x75.png",75,75,true],"mailpoet_newsletter_max":["https:\/\/meeplendice.net\/wp-content\/uploads\/2024\/10\/DTM_CMPDRSBW_2.png",350,350,false],"rpwe-thumbnail":["https:\/\/meeplendice.net\/wp-content\/uploads\/2024\/10\/DTM_CMPDRSBW_2-45x45.png",45,45,true],"sow-carousel-default":["https:\/\/meeplendice.net\/wp-content\/uploads\/2024\/10\/DTM_CMPDRSBW_2-272x182.png",272,182,true],"rt_custom":["https:\/\/meeplendice.net\/wp-content\/uploads\/2024\/10\/DTM_CMPDRSBW_2.png",350,350,false]},"rttpg_author":{"display_name":"Karnby","author_link":"https:\/\/meeplendice.net\/?author=2"},"rttpg_comment":0,"rttpg_category":null,"rttpg_excerpt":"Dans cette boite vous incarnerez Captain Marvel, Black Panther, Dr Strange ou Black Widow dans un combat \u00e9pique ! Aussi volatile que les supernovas qui parcourent l&rsquo;univers, Captain Marvel diffuse son \u00e9clat o\u00f9 qu&rsquo;elle aille. Ses explosions binaires \u00e9galisent les chances en faisant appel au pouvoir du cosmos. Ceux qui s&rsquo;opposent \u00e0 elle trembleront devant\u2026","_links":{"self":[{"href":"https:\/\/meeplendice.net\/index.php?rest_route=\/wp\/v2\/pages\/12590","targetHints":{"allow":["GET"]}}],"collection":[{"href":"https:\/\/meeplendice.net\/index.php?rest_route=\/wp\/v2\/pages"}],"about":[{"href":"https:\/\/meeplendice.net\/index.php?rest_route=\/wp\/v2\/types\/page"}],"author":[{"embeddable":true,"href":"https:\/\/meeplendice.net\/index.php?rest_route=\/wp\/v2\/users\/2"}],"replies":[{"embeddable":true,"href":"https:\/\/meeplendice.net\/index.php?rest_route=%2Fwp%2Fv2%2Fcomments&post=12590"}],"version-history":[{"count":1,"href":"https:\/\/meeplendice.net\/index.php?rest_route=\/wp\/v2\/pages\/12590\/revisions"}],"predecessor-version":[{"id":12591,"href":"https:\/\/meeplendice.net\/index.php?rest_route=\/wp\/v2\/pages\/12590\/revisions\/12591"}],"up":[{"embeddable":true,"href":"https:\/\/meeplendice.net\/index.php?rest_route=\/wp\/v2\/pages\/12583"}],"wp:featuredmedia":[{"embeddable":true,"href":"https:\/\/meeplendice.net\/index.php?rest_route=\/wp\/v2\/media\/12647"}],"wp:attachment":[{"href":"https:\/\/meeplendice.net\/index.php?rest_route=%2Fwp%2Fv2%2Fmedia&parent=12590"}],"curies":[{"name":"wp","href":"https:\/\/api.w.org\/{rel}","templated":true}]}}