{"id":12594,"date":"2024-09-02T12:32:32","date_gmt":"2024-09-02T10:32:32","guid":{"rendered":"https:\/\/meeplendice.net\/?page_id=12594"},"modified":"2024-10-01T16:07:01","modified_gmt":"2024-10-01T14:07:01","slug":"scarlet-witch-vs-thor-vs-loki-vs-spiderman-miles-morales","status":"publish","type":"page","link":"https:\/\/meeplendice.net\/?page_id=12594","title":{"rendered":"Scarlet Witch vs Thor vs Loki vs Spiderman Miles Morales"},"content":{"rendered":"<p>Dans cette boite vous incarnerez Scarlet Witch, Thor, Loki ou Spiderman Miles Morales dans un combat \u00e9pique !<\/p>\n<ul>\n<li>Scarlet Witch est pass\u00e9e ma\u00eetre dans l&rsquo;art de manipuler les possibles. La magicienne est pr\u00eate \u00e0 soumettre ses adversaires en leur faisant vivre leurs pires cauchemars dans une r\u00e9alit\u00e9 alternative. Lorsqu&rsquo;elle conjure des sortil\u00e8ges qui d\u00e9fient les lois de la nature, la puissance de sa magie du chaos cr\u00e9pite entre ses doigts.<\/li>\n<li>Les attaques de Thor vibrent d&rsquo;une puissance qu lui permet d&rsquo;atteindre de nouveaux sommets et de p\u00e9n\u00e9trer n&rsquo;importe quelles d\u00e9fenses. Lorsqu&rsquo;il referme le poing sur Mj\u00f6llnir, son marteau l\u00e9gendaire, le dieu du Tonnerre peut invoquer une temp\u00eate dont les \u00e9clairs terrasseront tous ses ennemis.<\/li>\n<li>Loki, le dieu de la Malice, se d\u00e9lecte de toutes les formes de tromperie et prend plaisir \u00e0 se dissimuler parmi ses illusions. Confondant ses ennemis d&rsquo;une main de ma\u00eetre, il saura vous subjuguer. Prenez garde \u00e0 son sourire et \u00e0 ses cadeaux poliment offerts, car son sac \u00e0 malice pourrait se retourner contre vous.<\/li>\n<li>Miles Morales a beau \u00eatre petit, ses combos d&rsquo;attaques sont grandioses. Contrairement \u00e0 ses homologues, il est capable de devenir invisible. Ce pouvoir peut s\u2019av\u00e9rer tr\u00e8s pratique pour booster ses capacit\u00e9s d\u00e9fensives ou surprendre ses adversaires et leur infliger des d\u00e9g\u00e2ts suppl\u00e9mentaires. En repoussant les limites de ses r\u00e9flexes d&rsquo;araign\u00e9e et en pi\u00e9geant ses ennemis gr\u00e2ce \u00e0 ses lance-toiles, il fait respecter la loi !<\/li>\n<\/ul>\n","protected":false},"excerpt":{"rendered":"<p>Dans cette boite vous incarnerez Scarlet Witch, Thor, Loki ou Spiderman Miles Morales dans un combat \u00e9pique ! Scarlet Witch est pass\u00e9e ma\u00eetre dans l&rsquo;art de manipuler les possibles. La magicienne est pr\u00eate \u00e0 soumettre ses adversaires en leur faisant vivre leurs pires cauchemars dans une r\u00e9alit\u00e9 alternative. Lorsqu&rsquo;elle conjure des sortil\u00e8ges qui d\u00e9fient les lois de la nature, la puissance de sa magie du chaos cr\u00e9pite entre ses doigts. Les attaques de Thor vibrent d&rsquo;une puissance qu lui permet d&rsquo;atteindre de nouveaux sommets et de p\u00e9n\u00e9trer n&rsquo;importe quelles d\u00e9fenses. Lorsqu&rsquo;il referme le poing sur Mj\u00f6llnir, son marteau l\u00e9gendaire, le dieu du Tonnerre peut invoquer une temp\u00eate dont les \u00e9clairs terrasseront tous ses ennemis. Loki, le dieu de la Malice, se d\u00e9lecte de toutes les formes de tromperie et prend plaisir \u00e0 se dissimuler parmi ses illusions. Confondant ses ennemis d&rsquo;une main de ma\u00eetre, il saura vous subjuguer. Prenez garde \u00e0 son sourire et \u00e0 ses cadeaux poliment offerts, car son sac \u00e0 malice pourrait se retourner contre vous. Miles Morales a beau \u00eatre petit, ses combos d&rsquo;attaques sont grandioses. Contrairement \u00e0 ses homologues, il est capable de devenir invisible. Ce pouvoir peut s\u2019av\u00e9rer tr\u00e8s pratique pour booster ses capacit\u00e9s d\u00e9fensives ou surprendre ses adversaires et leur infliger des d\u00e9g\u00e2ts suppl\u00e9mentaires. En repoussant les limites de ses r\u00e9flexes d&rsquo;araign\u00e9e et en pi\u00e9geant ses ennemis gr\u00e2ce \u00e0 ses lance-toiles, il fait respecter la loi !<\/p>\n","protected":false},"author":2,"featured_media":12646,"parent":12583,"menu_order":2,"comment_status":"closed","ping_status":"closed","template":"","meta":{"footnotes":""},"class_list":["post-12594","page","type-page","status-publish","has-post-thumbnail","hentry"],"acf":[],"rttpg_featured_image_url":{"full":["https:\/\/meeplendice.net\/wp-content\/uploads\/2024\/10\/DTM_STLS_2.png",350,350,false],"landscape":["https:\/\/meeplendice.net\/wp-content\/uploads\/2024\/10\/DTM_STLS_2.png",350,350,false],"portraits":["https:\/\/meeplendice.net\/wp-content\/uploads\/2024\/10\/DTM_STLS_2.png",350,350,false],"thumbnail":["https:\/\/meeplendice.net\/wp-content\/uploads\/2024\/10\/DTM_STLS_2-150x150.png",150,150,true],"medium":["https:\/\/meeplendice.net\/wp-content\/uploads\/2024\/10\/DTM_STLS_2-300x300.png",300,300,true],"large":["https:\/\/meeplendice.net\/wp-content\/uploads\/2024\/10\/DTM_STLS_2.png",350,350,false],"ug_big":["https:\/\/meeplendice.net\/wp-content\/uploads\/2024\/10\/DTM_STLS_2.png",350,350,false],"1536x1536":["https:\/\/meeplendice.net\/wp-content\/uploads\/2024\/10\/DTM_STLS_2.png",350,350,false],"2048x2048":["https:\/\/meeplendice.net\/wp-content\/uploads\/2024\/10\/DTM_STLS_2.png",350,350,false],"ashe-slider-grid-thumbnail":["https:\/\/meeplendice.net\/wp-content\/uploads\/2024\/10\/DTM_STLS_2.png",350,350,false],"ashe-full-thumbnail":["https:\/\/meeplendice.net\/wp-content\/uploads\/2024\/10\/DTM_STLS_2.png",350,350,false],"ashe-grid-thumbnail":["https:\/\/meeplendice.net\/wp-content\/uploads\/2024\/10\/DTM_STLS_2-350x330.png",350,330,true],"ashe-list-thumbnail":["https:\/\/meeplendice.net\/wp-content\/uploads\/2024\/10\/DTM_STLS_2-300x300.png",300,300,true],"ashe-single-navigation":["https:\/\/meeplendice.net\/wp-content\/uploads\/2024\/10\/DTM_STLS_2-75x75.png",75,75,true],"mailpoet_newsletter_max":["https:\/\/meeplendice.net\/wp-content\/uploads\/2024\/10\/DTM_STLS_2.png",350,350,false],"rpwe-thumbnail":["https:\/\/meeplendice.net\/wp-content\/uploads\/2024\/10\/DTM_STLS_2-45x45.png",45,45,true],"sow-carousel-default":["https:\/\/meeplendice.net\/wp-content\/uploads\/2024\/10\/DTM_STLS_2-272x182.png",272,182,true],"rt_custom":["https:\/\/meeplendice.net\/wp-content\/uploads\/2024\/10\/DTM_STLS_2.png",350,350,false]},"rttpg_author":{"display_name":"Karnby","author_link":"https:\/\/meeplendice.net\/?author=2"},"rttpg_comment":0,"rttpg_category":null,"rttpg_excerpt":"Dans cette boite vous incarnerez Scarlet Witch, Thor, Loki ou Spiderman Miles Morales dans un combat \u00e9pique ! Scarlet Witch est pass\u00e9e ma\u00eetre dans l&rsquo;art de manipuler les possibles. La magicienne est pr\u00eate \u00e0 soumettre ses adversaires en leur faisant vivre leurs pires cauchemars dans une r\u00e9alit\u00e9 alternative. Lorsqu&rsquo;elle conjure des sortil\u00e8ges qui d\u00e9fient les\u2026","_links":{"self":[{"href":"https:\/\/meeplendice.net\/index.php?rest_route=\/wp\/v2\/pages\/12594","targetHints":{"allow":["GET"]}}],"collection":[{"href":"https:\/\/meeplendice.net\/index.php?rest_route=\/wp\/v2\/pages"}],"about":[{"href":"https:\/\/meeplendice.net\/index.php?rest_route=\/wp\/v2\/types\/page"}],"author":[{"embeddable":true,"href":"https:\/\/meeplendice.net\/index.php?rest_route=\/wp\/v2\/users\/2"}],"replies":[{"embeddable":true,"href":"https:\/\/meeplendice.net\/index.php?rest_route=%2Fwp%2Fv2%2Fcomments&post=12594"}],"version-history":[{"count":2,"href":"https:\/\/meeplendice.net\/index.php?rest_route=\/wp\/v2\/pages\/12594\/revisions"}],"predecessor-version":[{"id":12650,"href":"https:\/\/meeplendice.net\/index.php?rest_route=\/wp\/v2\/pages\/12594\/revisions\/12650"}],"up":[{"embeddable":true,"href":"https:\/\/meeplendice.net\/index.php?rest_route=\/wp\/v2\/pages\/12583"}],"wp:featuredmedia":[{"embeddable":true,"href":"https:\/\/meeplendice.net\/index.php?rest_route=\/wp\/v2\/media\/12646"}],"wp:attachment":[{"href":"https:\/\/meeplendice.net\/index.php?rest_route=%2Fwp%2Fv2%2Fmedia&parent=12594"}],"curies":[{"name":"wp","href":"https:\/\/api.w.org\/{rel}","templated":true}]}}