{"id":12662,"date":"2024-10-01T22:48:45","date_gmt":"2024-10-01T20:48:45","guid":{"rendered":"https:\/\/meeplendice.net\/?page_id=12662"},"modified":"2024-10-01T22:52:25","modified_gmt":"2024-10-01T20:52:25","slug":"fan-art-pack","status":"publish","type":"page","link":"https:\/\/meeplendice.net\/?page_id=12662","title":{"rendered":"Fan Art Pack"},"content":{"rendered":"<p>Plus de 300 fans de Wingspan ont envoy\u00e9 les illustrations de leurs oiseaux favoris du jeu pour pour le Wingspan Fan Art Challenge. Nous en avons s\u00e9lectionn\u00e9 255 de styles divers et vari\u00e9s.<\/p>\n<p>Vous trouvez dans ce Pack Fan Art un grand nombre de cartes oiseaux (m\u00e9caniquement identiques \u00e0 leurs version du jeu de base de Wingspan et de ses extension Europe, Oc\u00e9anie et Asie) pour ajouter une nouvelle saveur \u00e0 votre tableau de jeux.<\/p>\n<p>Nous somme ravis de pouvoir c\u00e9l\u00e9brer ainsi la cr\u00e9ativit\u00e9 des fans de Wingspan !<\/p>\n","protected":false},"excerpt":{"rendered":"<p>Plus de 300 fans de Wingspan ont envoy\u00e9 les illustrations de leurs oiseaux favoris du jeu pour pour le Wingspan Fan Art Challenge. Nous en avons s\u00e9lectionn\u00e9 255 de styles divers et vari\u00e9s. Vous trouvez dans ce Pack Fan Art un grand nombre de cartes oiseaux (m\u00e9caniquement identiques \u00e0 leurs version du jeu de base de Wingspan et de ses extension Europe, Oc\u00e9anie et Asie) pour ajouter une nouvelle saveur \u00e0 votre tableau de jeux. Nous somme ravis de pouvoir c\u00e9l\u00e9brer ainsi la cr\u00e9ativit\u00e9 des fans de Wingspan !<\/p>\n","protected":false},"author":2,"featured_media":12648,"parent":10219,"menu_order":4,"comment_status":"closed","ping_status":"closed","template":"","meta":{"footnotes":""},"class_list":["post-12662","page","type-page","status-publish","has-post-thumbnail","hentry"],"acf":[],"rttpg_featured_image_url":{"full":["https:\/\/meeplendice.net\/wp-content\/uploads\/2024\/10\/Wingspan_FanArt.png",350,350,false],"landscape":["https:\/\/meeplendice.net\/wp-content\/uploads\/2024\/10\/Wingspan_FanArt.png",350,350,false],"portraits":["https:\/\/meeplendice.net\/wp-content\/uploads\/2024\/10\/Wingspan_FanArt.png",350,350,false],"thumbnail":["https:\/\/meeplendice.net\/wp-content\/uploads\/2024\/10\/Wingspan_FanArt-150x150.png",150,150,true],"medium":["https:\/\/meeplendice.net\/wp-content\/uploads\/2024\/10\/Wingspan_FanArt-300x300.png",300,300,true],"large":["https:\/\/meeplendice.net\/wp-content\/uploads\/2024\/10\/Wingspan_FanArt.png",350,350,false],"ug_big":["https:\/\/meeplendice.net\/wp-content\/uploads\/2024\/10\/Wingspan_FanArt.png",350,350,false],"1536x1536":["https:\/\/meeplendice.net\/wp-content\/uploads\/2024\/10\/Wingspan_FanArt.png",350,350,false],"2048x2048":["https:\/\/meeplendice.net\/wp-content\/uploads\/2024\/10\/Wingspan_FanArt.png",350,350,false],"ashe-slider-grid-thumbnail":["https:\/\/meeplendice.net\/wp-content\/uploads\/2024\/10\/Wingspan_FanArt.png",350,350,false],"ashe-full-thumbnail":["https:\/\/meeplendice.net\/wp-content\/uploads\/2024\/10\/Wingspan_FanArt.png",350,350,false],"ashe-grid-thumbnail":["https:\/\/meeplendice.net\/wp-content\/uploads\/2024\/10\/Wingspan_FanArt-350x330.png",350,330,true],"ashe-list-thumbnail":["https:\/\/meeplendice.net\/wp-content\/uploads\/2024\/10\/Wingspan_FanArt-300x300.png",300,300,true],"ashe-single-navigation":["https:\/\/meeplendice.net\/wp-content\/uploads\/2024\/10\/Wingspan_FanArt-75x75.png",75,75,true],"mailpoet_newsletter_max":["https:\/\/meeplendice.net\/wp-content\/uploads\/2024\/10\/Wingspan_FanArt.png",350,350,false],"rpwe-thumbnail":["https:\/\/meeplendice.net\/wp-content\/uploads\/2024\/10\/Wingspan_FanArt-45x45.png",45,45,true],"sow-carousel-default":["https:\/\/meeplendice.net\/wp-content\/uploads\/2024\/10\/Wingspan_FanArt-272x182.png",272,182,true],"rt_custom":["https:\/\/meeplendice.net\/wp-content\/uploads\/2024\/10\/Wingspan_FanArt.png",350,350,false]},"rttpg_author":{"display_name":"Karnby","author_link":"https:\/\/meeplendice.net\/?author=2"},"rttpg_comment":0,"rttpg_category":null,"rttpg_excerpt":"Plus de 300 fans de Wingspan ont envoy\u00e9 les illustrations de leurs oiseaux favoris du jeu pour pour le Wingspan Fan Art Challenge. Nous en avons s\u00e9lectionn\u00e9 255 de styles divers et vari\u00e9s. Vous trouvez dans ce Pack Fan Art un grand nombre de cartes oiseaux (m\u00e9caniquement identiques \u00e0 leurs version du jeu de base\u2026","_links":{"self":[{"href":"https:\/\/meeplendice.net\/index.php?rest_route=\/wp\/v2\/pages\/12662","targetHints":{"allow":["GET"]}}],"collection":[{"href":"https:\/\/meeplendice.net\/index.php?rest_route=\/wp\/v2\/pages"}],"about":[{"href":"https:\/\/meeplendice.net\/index.php?rest_route=\/wp\/v2\/types\/page"}],"author":[{"embeddable":true,"href":"https:\/\/meeplendice.net\/index.php?rest_route=\/wp\/v2\/users\/2"}],"replies":[{"embeddable":true,"href":"https:\/\/meeplendice.net\/index.php?rest_route=%2Fwp%2Fv2%2Fcomments&post=12662"}],"version-history":[{"count":4,"href":"https:\/\/meeplendice.net\/index.php?rest_route=\/wp\/v2\/pages\/12662\/revisions"}],"predecessor-version":[{"id":12666,"href":"https:\/\/meeplendice.net\/index.php?rest_route=\/wp\/v2\/pages\/12662\/revisions\/12666"}],"up":[{"embeddable":true,"href":"https:\/\/meeplendice.net\/index.php?rest_route=\/wp\/v2\/pages\/10219"}],"wp:featuredmedia":[{"embeddable":true,"href":"https:\/\/meeplendice.net\/index.php?rest_route=\/wp\/v2\/media\/12648"}],"wp:attachment":[{"href":"https:\/\/meeplendice.net\/index.php?rest_route=%2Fwp%2Fv2%2Fmedia&parent=12662"}],"curies":[{"name":"wp","href":"https:\/\/api.w.org\/{rel}","templated":true}]}}