{"id":12699,"date":"2024-10-02T22:38:00","date_gmt":"2024-10-02T20:38:00","guid":{"rendered":"https:\/\/meeplendice.net\/?page_id=12699"},"modified":"2024-10-02T22:40:52","modified_gmt":"2024-10-02T20:40:52","slug":"into-the-wild","status":"publish","type":"page","link":"https:\/\/meeplendice.net\/?page_id=12699","title":{"rendered":"Into the Wild"},"content":{"rendered":"<p><em>Into the Wild<\/em> introduit de nouveaux challenges dans l&rsquo;univers de <em>Redwood<\/em>.<br \/>\nLacez vos chaussures de marche et retournez \u00e9pier la faune et la flore dans ce qu&rsquo;elles ont de plus sauvage. Avec un peu de chance, vous pourriez peut-\u00eatre m\u00eame r\u00e9ussir \u00e0 photographier un puma&#8230;.<\/p>\n<div>Cette extension ajoute de nouvelles fonctionnalit\u00e9s de jeu :<\/div>\n<div>\n<ul>\n<li>Le Puma: Ce module ajoute une carte \u00e0 chaque paquet de cartes Panorama. Chaque carte repr\u00e9sente un puma qui utilise un emplacement. Le nombre d&rsquo;\u00e9l\u00e9ments pouvant \u00eatre plac\u00e9s sur la carte est r\u00e9duit de 1.<\/li>\n<li>7 nouveaux animaux: Chaque animal poss\u00e8de son propre trait de caract\u00e8re qui influencera votre fa\u00e7on de jouer.<\/li>\n<li>Cartes personnages: Au d\u00e9but de la partie, chaque joueur re\u00e7oit une carte Personnage au hasard. Chaque personnage a deux capacit\u00e9s uniques et le joueur peut en utiliser une pendant la partie.<\/li>\n<li>3 nouveaux mod\u00e8les de mouvement originaux: Deltaplane, v\u00e9lo et cano\u00eb.<\/li>\n<li>Module de lieux: S\u00e9quoia g\u00e9ant et tente.<span id=\"result_box\" class=\"\" lang=\"fr\"><span class=\"\"><br \/>\n<\/span><\/span><\/li>\n<\/ul>\n<\/div>\n","protected":false},"excerpt":{"rendered":"<p>Into the Wild introduit de nouveaux challenges dans l&rsquo;univers de Redwood. Lacez vos chaussures de marche et retournez \u00e9pier la faune et la flore dans ce qu&rsquo;elles ont de plus sauvage. Avec un peu de chance, vous pourriez peut-\u00eatre m\u00eame r\u00e9ussir \u00e0 photographier un puma&#8230;. Cette extension ajoute de nouvelles fonctionnalit\u00e9s de jeu : Le Puma: Ce module ajoute une carte \u00e0 chaque paquet de cartes Panorama. Chaque carte repr\u00e9sente un puma qui utilise un emplacement. Le nombre d&rsquo;\u00e9l\u00e9ments pouvant \u00eatre plac\u00e9s sur la carte est r\u00e9duit de 1. 7 nouveaux animaux: Chaque animal poss\u00e8de son propre trait de caract\u00e8re qui influencera votre fa\u00e7on de jouer. Cartes personnages: Au d\u00e9but de la partie, chaque joueur re\u00e7oit une carte Personnage au hasard. Chaque personnage a deux capacit\u00e9s uniques et le joueur peut en utiliser une pendant la partie. 3 nouveaux mod\u00e8les de mouvement originaux: Deltaplane, v\u00e9lo et cano\u00eb. Module de lieux: S\u00e9quoia g\u00e9ant et tente.<\/p>\n","protected":false},"author":2,"featured_media":12656,"parent":11649,"menu_order":1,"comment_status":"closed","ping_status":"closed","template":"","meta":{"footnotes":""},"class_list":["post-12699","page","type-page","status-publish","has-post-thumbnail","hentry"],"acf":[],"rttpg_featured_image_url":{"full":["https:\/\/meeplendice.net\/wp-content\/uploads\/2024\/10\/Redwood_Into.png",350,350,false],"landscape":["https:\/\/meeplendice.net\/wp-content\/uploads\/2024\/10\/Redwood_Into.png",350,350,false],"portraits":["https:\/\/meeplendice.net\/wp-content\/uploads\/2024\/10\/Redwood_Into.png",350,350,false],"thumbnail":["https:\/\/meeplendice.net\/wp-content\/uploads\/2024\/10\/Redwood_Into-150x150.png",150,150,true],"medium":["https:\/\/meeplendice.net\/wp-content\/uploads\/2024\/10\/Redwood_Into-300x300.png",300,300,true],"large":["https:\/\/meeplendice.net\/wp-content\/uploads\/2024\/10\/Redwood_Into.png",350,350,false],"ug_big":["https:\/\/meeplendice.net\/wp-content\/uploads\/2024\/10\/Redwood_Into.png",350,350,false],"1536x1536":["https:\/\/meeplendice.net\/wp-content\/uploads\/2024\/10\/Redwood_Into.png",350,350,false],"2048x2048":["https:\/\/meeplendice.net\/wp-content\/uploads\/2024\/10\/Redwood_Into.png",350,350,false],"ashe-slider-grid-thumbnail":["https:\/\/meeplendice.net\/wp-content\/uploads\/2024\/10\/Redwood_Into.png",350,350,false],"ashe-full-thumbnail":["https:\/\/meeplendice.net\/wp-content\/uploads\/2024\/10\/Redwood_Into.png",350,350,false],"ashe-grid-thumbnail":["https:\/\/meeplendice.net\/wp-content\/uploads\/2024\/10\/Redwood_Into-350x330.png",350,330,true],"ashe-list-thumbnail":["https:\/\/meeplendice.net\/wp-content\/uploads\/2024\/10\/Redwood_Into-300x300.png",300,300,true],"ashe-single-navigation":["https:\/\/meeplendice.net\/wp-content\/uploads\/2024\/10\/Redwood_Into-75x75.png",75,75,true],"mailpoet_newsletter_max":["https:\/\/meeplendice.net\/wp-content\/uploads\/2024\/10\/Redwood_Into.png",350,350,false],"rpwe-thumbnail":["https:\/\/meeplendice.net\/wp-content\/uploads\/2024\/10\/Redwood_Into-45x45.png",45,45,true],"sow-carousel-default":["https:\/\/meeplendice.net\/wp-content\/uploads\/2024\/10\/Redwood_Into-272x182.png",272,182,true],"rt_custom":["https:\/\/meeplendice.net\/wp-content\/uploads\/2024\/10\/Redwood_Into.png",350,350,false]},"rttpg_author":{"display_name":"Karnby","author_link":"https:\/\/meeplendice.net\/?author=2"},"rttpg_comment":0,"rttpg_category":null,"rttpg_excerpt":"Into the Wild introduit de nouveaux challenges dans l&rsquo;univers de Redwood. Lacez vos chaussures de marche et retournez \u00e9pier la faune et la flore dans ce qu&rsquo;elles ont de plus sauvage. Avec un peu de chance, vous pourriez peut-\u00eatre m\u00eame r\u00e9ussir \u00e0 photographier un puma&#8230;. Cette extension ajoute de nouvelles fonctionnalit\u00e9s de jeu : Le\u2026","_links":{"self":[{"href":"https:\/\/meeplendice.net\/index.php?rest_route=\/wp\/v2\/pages\/12699","targetHints":{"allow":["GET"]}}],"collection":[{"href":"https:\/\/meeplendice.net\/index.php?rest_route=\/wp\/v2\/pages"}],"about":[{"href":"https:\/\/meeplendice.net\/index.php?rest_route=\/wp\/v2\/types\/page"}],"author":[{"embeddable":true,"href":"https:\/\/meeplendice.net\/index.php?rest_route=\/wp\/v2\/users\/2"}],"replies":[{"embeddable":true,"href":"https:\/\/meeplendice.net\/index.php?rest_route=%2Fwp%2Fv2%2Fcomments&post=12699"}],"version-history":[{"count":3,"href":"https:\/\/meeplendice.net\/index.php?rest_route=\/wp\/v2\/pages\/12699\/revisions"}],"predecessor-version":[{"id":12702,"href":"https:\/\/meeplendice.net\/index.php?rest_route=\/wp\/v2\/pages\/12699\/revisions\/12702"}],"up":[{"embeddable":true,"href":"https:\/\/meeplendice.net\/index.php?rest_route=\/wp\/v2\/pages\/11649"}],"wp:featuredmedia":[{"embeddable":true,"href":"https:\/\/meeplendice.net\/index.php?rest_route=\/wp\/v2\/media\/12656"}],"wp:attachment":[{"href":"https:\/\/meeplendice.net\/index.php?rest_route=%2Fwp%2Fv2%2Fmedia&parent=12699"}],"curies":[{"name":"wp","href":"https:\/\/api.w.org\/{rel}","templated":true}]}}