{"id":12706,"date":"2024-10-02T22:47:39","date_gmt":"2024-10-02T20:47:39","guid":{"rendered":"https:\/\/meeplendice.net\/?page_id=12706"},"modified":"2024-10-02T23:08:40","modified_gmt":"2024-10-02T21:08:40","slug":"wild-tiled-west","status":"publish","type":"page","link":"https:\/\/meeplendice.net\/?page_id=12706","title":{"rendered":"Wild Tiled West"},"content":{"rendered":"<div id=\"pl-12706\"  class=\"panel-layout\" ><div id=\"pg-12706-0\"  class=\"panel-grid panel-no-style\" ><div id=\"pgc-12706-0-0\"  class=\"panel-grid-cell\" ><div id=\"panel-12706-0-0-0\" class=\"so-panel widget widget_sow-editor panel-first-child panel-last-child\" data-index=\"0\" ><div\n\t\t\t\n\t\t\tclass=\"so-widget-sow-editor so-widget-sow-editor-base\"\n\t\t\t\n\t\t>\n<div class=\"siteorigin-widget-tinymce textwidget\">\n\t<p style=\"text-align: center;\"><strong>Nombre de joueurs :<\/strong><br \/>\n1 - 5<\/p>\n<\/div>\n<\/div><\/div><\/div><div id=\"pgc-12706-0-1\"  class=\"panel-grid-cell\" ><div id=\"panel-12706-0-1-0\" class=\"so-panel widget widget_sow-editor panel-first-child panel-last-child\" data-index=\"1\" ><div\n\t\t\t\n\t\t\tclass=\"so-widget-sow-editor so-widget-sow-editor-base\"\n\t\t\t\n\t\t>\n<div class=\"siteorigin-widget-tinymce textwidget\">\n\t<p style=\"text-align: center;\"><strong>Dur\u00e9e moyenne :<\/strong><br \/>\n90 min<\/p>\n<\/div>\n<\/div><\/div><\/div><div id=\"pgc-12706-0-2\"  class=\"panel-grid-cell\" ><div id=\"panel-12706-0-2-0\" class=\"so-panel widget widget_sow-editor panel-first-child panel-last-child\" data-index=\"2\" ><div\n\t\t\t\n\t\t\tclass=\"so-widget-sow-editor so-widget-sow-editor-base\"\n\t\t\t\n\t\t>\n<div class=\"siteorigin-widget-tinymce textwidget\">\n\t<p style=\"text-align: center;\"><strong>Age :<\/strong><br \/>\n13 ans et plus<\/p>\n<\/div>\n<\/div><\/div><\/div><\/div><div id=\"pg-12706-1\"  class=\"panel-grid panel-no-style\" ><div id=\"pgc-12706-1-0\"  class=\"panel-grid-cell\" ><div id=\"panel-12706-1-0-0\" class=\"so-panel widget widget_sow-editor panel-first-child panel-last-child\" data-index=\"3\" ><div\n\t\t\t\n\t\t\tclass=\"so-widget-sow-editor so-widget-sow-editor-base\"\n\t\t\t\n\t\t>\n<div class=\"siteorigin-widget-tinymce textwidget\">\n\t<p style=\"text-align: center;\"><strong>Auteur(s) :<br \/>\n<\/strong><span class=\"data-siloing\" title=\"D\u00e9couvrez tous ces jeux\" data-siloing=\"https:\/\/www.philibertnet.com\/fr\/recherche?feature=31&amp;feature_value=Th\u00e9o Riviere\">Paul Dennen<br \/>\n<\/span><\/p>\n<\/div>\n<\/div><\/div><\/div><div id=\"pgc-12706-1-1\"  class=\"panel-grid-cell\" ><div id=\"panel-12706-1-1-0\" class=\"so-panel widget widget_sow-editor panel-first-child panel-last-child\" data-index=\"4\" ><div\n\t\t\t\n\t\t\tclass=\"so-widget-sow-editor so-widget-sow-editor-base\"\n\t\t\t\n\t\t>\n<div class=\"siteorigin-widget-tinymce textwidget\">\n\t<p style=\"text-align: center;\"><strong>Illustrations :<\/strong><br \/>\nClay Brooks<br \/>\nAnika Burrell<br \/>\nRaul Ramos<br \/>\nNate Storm<\/p>\n<\/div>\n<\/div><\/div><\/div><div id=\"pgc-12706-1-2\"  class=\"panel-grid-cell\" ><div id=\"panel-12706-1-2-0\" class=\"so-panel widget widget_sow-editor panel-first-child panel-last-child\" data-index=\"5\" ><div\n\t\t\t\n\t\t\tclass=\"so-widget-sow-editor so-widget-sow-editor-base\"\n\t\t\t\n\t\t>\n<div class=\"siteorigin-widget-tinymce textwidget\">\n\t<p style=\"text-align: center;\"><strong>\u00c9dition :<\/strong><br \/>\nLucky Duck Games<br \/>\n2023<\/p>\n<\/div>\n<\/div><\/div><\/div><div id=\"pgc-12706-1-3\"  class=\"panel-grid-cell\" ><div id=\"panel-12706-1-3-0\" class=\"so-panel widget widget_sow-editor panel-first-child panel-last-child\" data-index=\"6\" ><div\n\t\t\t\n\t\t\tclass=\"so-widget-sow-editor so-widget-sow-editor-base\"\n\t\t\t\n\t\t>\n<div class=\"siteorigin-widget-tinymce textwidget\">\n\t<p style=\"text-align: center;\"><strong>Version :<\/strong><br \/>\nFran\u00e7aise<\/p>\n<\/div>\n<\/div><\/div><\/div><\/div><div id=\"pg-12706-2\"  class=\"panel-grid panel-no-style\" ><div id=\"pgc-12706-2-0\"  class=\"panel-grid-cell\" ><div id=\"panel-12706-2-0-0\" class=\"so-panel widget widget_sow-editor panel-first-child panel-last-child\" data-index=\"7\" ><div\n\t\t\t\n\t\t\tclass=\"so-widget-sow-editor so-widget-sow-editor-base\"\n\t\t\t\n\t\t>\n<div class=\"siteorigin-widget-tinymce textwidget\">\n\t<hr \/>\n<p><em>Salut l'\u00e9tranger ! Bienvenue au Far West ! Bon, pour l'instant, y a pas grand-chose \u00e0 voir par ici.<br \/>\nMais vous allez nous transformer \u00e7a en un rien de temps ! Para\u00eet qu'on est pas les seuls \u00e0 s'installer sur la fronti\u00e8re, alors faudra faire vite pour gagner la conqu\u00eate de l'Ouest.<br \/>\n<\/em><\/p>\n<p><em>Y a de quoi faire ! Construire de nouveaux b\u00e2timents, attrouper le b\u00e9tail, chasser les bandits... et miner de l'or pardi ! C'est \u00e0 vous d'imbriquer tout \u00e7a pour finir plein aux as<\/em> !<\/p>\n<p>Une fronti\u00e8re peupl\u00e9e de cr\u00e9atures travailleuses et de vermines d\u00e9loyales vous attend dans<em> Wild Tiled West !<\/em> Drafter des tuiles pour fonder de nouvelles villes sur la prairie et faire grandir votre colonie.<br \/>\nProt\u00e9gez vos citoyens des bandits sans foi ni loi. Faites fortune en exploitant vos mines, ou risquez le tout \u00e0 la table de jeux !<\/p>\n<p>L'Ouest est plus sauvage que jamais ! C'est avec une bonne strat\u00e9gie - et un peu de chance - que vous finirez en t\u00eate.<br \/>\nAlors en selle cowboy : bienvenue dans <em>Wild Tiled West<\/em> !<\/p>\n<\/div>\n<\/div><\/div><\/div><\/div><div id=\"pg-12706-3\"  class=\"panel-grid panel-no-style\" ><div id=\"pgc-12706-3-0\"  class=\"panel-grid-cell\" ><div id=\"panel-12706-3-0-0\" class=\"so-panel widget widget_sow-editor panel-first-child panel-last-child\" data-index=\"8\" ><div\n\t\t\t\n\t\t\tclass=\"so-widget-sow-editor so-widget-sow-editor-base\"\n\t\t\t\n\t\t>\n<div class=\"siteorigin-widget-tinymce textwidget\">\n\t<hr \/>\n<h3 style=\"text-align: center;\">En vid\u00e9o<\/h3>\n<p><a href=\"https:\/\/www.youtube.com\/watch?v=sBP18PFg8pM&amp;ab_channel=NoTimeNoGame\" target=\"_blank\" rel=\"noopener\"><img loading=\"lazy\" decoding=\"async\" class=\"alignnone size-full wp-image-9090\" src=\"https:\/\/meeplendice.net\/wp-content\/uploads\/2022\/01\/Link_CJ_v2.png\" alt=\"\" width=\"200\" height=\"170\" \/><\/a><\/p>\n<\/div>\n<\/div><\/div><\/div><\/div><div id=\"pg-12706-4\"  class=\"panel-grid panel-no-style\" ><div id=\"pgc-12706-4-0\"  class=\"panel-grid-cell\" ><div id=\"panel-12706-4-0-0\" class=\"so-panel widget widget_sow-editor panel-first-child panel-last-child\" data-index=\"9\" ><div\n\t\t\t\n\t\t\tclass=\"so-widget-sow-editor so-widget-sow-editor-base\"\n\t\t\t\n\t\t>\n<div class=\"siteorigin-widget-tinymce textwidget\">\n\t<hr \/>\n<h3 style=\"text-align: center;\">Pour aller plus loin<\/h3>\n<\/div>\n<\/div><\/div><\/div><\/div><\/div>","protected":false},"excerpt":{"rendered":"<p>Nombre de joueurs : 1 &#8211; 5 Dur\u00e9e moyenne : 90 min Age : 13 ans et plus Auteur(s) : Paul Dennen Illustrations : Clay Brooks Anika Burrell Raul Ramos Nate Storm \u00c9dition : Lucky Duck Games 2023 Version : Fran\u00e7aise<\/p>\n","protected":false},"author":2,"featured_media":12635,"parent":0,"menu_order":0,"comment_status":"closed","ping_status":"closed","template":"","meta":{"footnotes":""},"class_list":["post-12706","page","type-page","status-publish","has-post-thumbnail","hentry"],"acf":[],"rttpg_featured_image_url":{"full":["https:\/\/meeplendice.net\/wp-content\/uploads\/2024\/09\/WTW.png",350,350,false],"landscape":["https:\/\/meeplendice.net\/wp-content\/uploads\/2024\/09\/WTW.png",350,350,false],"portraits":["https:\/\/meeplendice.net\/wp-content\/uploads\/2024\/09\/WTW.png",350,350,false],"thumbnail":["https:\/\/meeplendice.net\/wp-content\/uploads\/2024\/09\/WTW-150x150.png",150,150,true],"medium":["https:\/\/meeplendice.net\/wp-content\/uploads\/2024\/09\/WTW-300x300.png",300,300,true],"large":["https:\/\/meeplendice.net\/wp-content\/uploads\/2024\/09\/WTW.png",350,350,false],"ug_big":["https:\/\/meeplendice.net\/wp-content\/uploads\/2024\/09\/WTW.png",350,350,false],"1536x1536":["https:\/\/meeplendice.net\/wp-content\/uploads\/2024\/09\/WTW.png",350,350,false],"2048x2048":["https:\/\/meeplendice.net\/wp-content\/uploads\/2024\/09\/WTW.png",350,350,false],"ashe-slider-grid-thumbnail":["https:\/\/meeplendice.net\/wp-content\/uploads\/2024\/09\/WTW.png",350,350,false],"ashe-full-thumbnail":["https:\/\/meeplendice.net\/wp-content\/uploads\/2024\/09\/WTW.png",350,350,false],"ashe-grid-thumbnail":["https:\/\/meeplendice.net\/wp-content\/uploads\/2024\/09\/WTW-350x330.png",350,330,true],"ashe-list-thumbnail":["https:\/\/meeplendice.net\/wp-content\/uploads\/2024\/09\/WTW-300x300.png",300,300,true],"ashe-single-navigation":["https:\/\/meeplendice.net\/wp-content\/uploads\/2024\/09\/WTW-75x75.png",75,75,true],"mailpoet_newsletter_max":["https:\/\/meeplendice.net\/wp-content\/uploads\/2024\/09\/WTW.png",350,350,false],"rpwe-thumbnail":["https:\/\/meeplendice.net\/wp-content\/uploads\/2024\/09\/WTW-45x45.png",45,45,true],"sow-carousel-default":["https:\/\/meeplendice.net\/wp-content\/uploads\/2024\/09\/WTW-272x182.png",272,182,true],"rt_custom":["https:\/\/meeplendice.net\/wp-content\/uploads\/2024\/09\/WTW.png",350,350,false]},"rttpg_author":{"display_name":"Karnby","author_link":"https:\/\/meeplendice.net\/?author=2"},"rttpg_comment":0,"rttpg_category":null,"rttpg_excerpt":"Nombre de joueurs : 1 - 5 Dur\u00e9e moyenne : 90 min Age : 13 ans et plus Auteur(s) : Paul Dennen Illustrations : Clay Brooks Anika Burrell Raul Ramos Nate Storm \u00c9dition : Lucky Duck Games 2023 Version : Fran\u00e7aise","_links":{"self":[{"href":"https:\/\/meeplendice.net\/index.php?rest_route=\/wp\/v2\/pages\/12706","targetHints":{"allow":["GET"]}}],"collection":[{"href":"https:\/\/meeplendice.net\/index.php?rest_route=\/wp\/v2\/pages"}],"about":[{"href":"https:\/\/meeplendice.net\/index.php?rest_route=\/wp\/v2\/types\/page"}],"author":[{"embeddable":true,"href":"https:\/\/meeplendice.net\/index.php?rest_route=\/wp\/v2\/users\/2"}],"replies":[{"embeddable":true,"href":"https:\/\/meeplendice.net\/index.php?rest_route=%2Fwp%2Fv2%2Fcomments&post=12706"}],"version-history":[{"count":3,"href":"https:\/\/meeplendice.net\/index.php?rest_route=\/wp\/v2\/pages\/12706\/revisions"}],"predecessor-version":[{"id":12709,"href":"https:\/\/meeplendice.net\/index.php?rest_route=\/wp\/v2\/pages\/12706\/revisions\/12709"}],"wp:featuredmedia":[{"embeddable":true,"href":"https:\/\/meeplendice.net\/index.php?rest_route=\/wp\/v2\/media\/12635"}],"wp:attachment":[{"href":"https:\/\/meeplendice.net\/index.php?rest_route=%2Fwp%2Fv2%2Fmedia&parent=12706"}],"curies":[{"name":"wp","href":"https:\/\/api.w.org\/{rel}","templated":true}]}}