{"id":12711,"date":"2024-10-02T23:22:56","date_gmt":"2024-10-02T21:22:56","guid":{"rendered":"https:\/\/meeplendice.net\/?page_id=12711"},"modified":"2024-10-02T23:35:19","modified_gmt":"2024-10-02T21:35:19","slug":"aube","status":"publish","type":"page","link":"https:\/\/meeplendice.net\/?page_id=12711","title":{"rendered":"Aube"},"content":{"rendered":"<p><em>Tandis que les couleurs disparaissent inexorablement, l&rsquo;existence du clan de l&rsquo;Aube est enfin r\u00e9v\u00e9l\u00e9e !<\/em><\/p>\n<p><em>Les trois aventuriers qui constituent ce groupe entrain\u00e9 dans le plus grand secret, sont en route pour rejoindre les sept d\u00e9j\u00e0 connus. Dans leur sillage, se dessinent les silhouettes de compagnons incroyables venus en renfort : les El\u00e9mentaires, les Anifleurs et les Draconiques.<\/em><\/p>\n<p>Cette extension rajoute au jeu de base :<\/p>\n<ul>\n<li>3 aventuriers.<\/li>\n<li>24 compagnons r\u00e9partis en 3 modules \u00e0 int\u00e9grer pour plus de jouabilit\u00e9.<\/li>\n<li>Le mat\u00e9riel n\u00e9cessaire pour jouer de 1 \u00e0 6 personnes.<span id=\"result_box\" class=\"\" lang=\"fr\"><span class=\"\"><br \/>\n<\/span><\/span><\/li>\n<\/ul>\n","protected":false},"excerpt":{"rendered":"<p>Tandis que les couleurs disparaissent inexorablement, l&rsquo;existence du clan de l&rsquo;Aube est enfin r\u00e9v\u00e9l\u00e9e ! Les trois aventuriers qui constituent ce groupe entrain\u00e9 dans le plus grand secret, sont en route pour rejoindre les sept d\u00e9j\u00e0 connus. Dans leur sillage, se dessinent les silhouettes de compagnons incroyables venus en renfort : les El\u00e9mentaires, les Anifleurs et les Draconiques. Cette extension rajoute au jeu de base : 3 aventuriers. 24 compagnons r\u00e9partis en 3 modules \u00e0 int\u00e9grer pour plus de jouabilit\u00e9. Le mat\u00e9riel n\u00e9cessaire pour jouer de 1 \u00e0 6 personnes.<\/p>\n","protected":false},"author":2,"featured_media":12655,"parent":8010,"menu_order":1,"comment_status":"closed","ping_status":"closed","template":"","meta":{"footnotes":""},"class_list":["post-12711","page","type-page","status-publish","has-post-thumbnail","hentry"],"acf":[],"rttpg_featured_image_url":{"full":["https:\/\/meeplendice.net\/wp-content\/uploads\/2024\/10\/Lueur_Aube.png",350,350,false],"landscape":["https:\/\/meeplendice.net\/wp-content\/uploads\/2024\/10\/Lueur_Aube.png",350,350,false],"portraits":["https:\/\/meeplendice.net\/wp-content\/uploads\/2024\/10\/Lueur_Aube.png",350,350,false],"thumbnail":["https:\/\/meeplendice.net\/wp-content\/uploads\/2024\/10\/Lueur_Aube-150x150.png",150,150,true],"medium":["https:\/\/meeplendice.net\/wp-content\/uploads\/2024\/10\/Lueur_Aube-300x300.png",300,300,true],"large":["https:\/\/meeplendice.net\/wp-content\/uploads\/2024\/10\/Lueur_Aube.png",350,350,false],"ug_big":["https:\/\/meeplendice.net\/wp-content\/uploads\/2024\/10\/Lueur_Aube.png",350,350,false],"1536x1536":["https:\/\/meeplendice.net\/wp-content\/uploads\/2024\/10\/Lueur_Aube.png",350,350,false],"2048x2048":["https:\/\/meeplendice.net\/wp-content\/uploads\/2024\/10\/Lueur_Aube.png",350,350,false],"ashe-slider-grid-thumbnail":["https:\/\/meeplendice.net\/wp-content\/uploads\/2024\/10\/Lueur_Aube.png",350,350,false],"ashe-full-thumbnail":["https:\/\/meeplendice.net\/wp-content\/uploads\/2024\/10\/Lueur_Aube.png",350,350,false],"ashe-grid-thumbnail":["https:\/\/meeplendice.net\/wp-content\/uploads\/2024\/10\/Lueur_Aube-350x330.png",350,330,true],"ashe-list-thumbnail":["https:\/\/meeplendice.net\/wp-content\/uploads\/2024\/10\/Lueur_Aube-300x300.png",300,300,true],"ashe-single-navigation":["https:\/\/meeplendice.net\/wp-content\/uploads\/2024\/10\/Lueur_Aube-75x75.png",75,75,true],"mailpoet_newsletter_max":["https:\/\/meeplendice.net\/wp-content\/uploads\/2024\/10\/Lueur_Aube.png",350,350,false],"rpwe-thumbnail":["https:\/\/meeplendice.net\/wp-content\/uploads\/2024\/10\/Lueur_Aube-45x45.png",45,45,true],"sow-carousel-default":["https:\/\/meeplendice.net\/wp-content\/uploads\/2024\/10\/Lueur_Aube-272x182.png",272,182,true],"rt_custom":["https:\/\/meeplendice.net\/wp-content\/uploads\/2024\/10\/Lueur_Aube.png",350,350,false]},"rttpg_author":{"display_name":"Karnby","author_link":"https:\/\/meeplendice.net\/?author=2"},"rttpg_comment":0,"rttpg_category":null,"rttpg_excerpt":"Tandis que les couleurs disparaissent inexorablement, l&rsquo;existence du clan de l&rsquo;Aube est enfin r\u00e9v\u00e9l\u00e9e ! Les trois aventuriers qui constituent ce groupe entrain\u00e9 dans le plus grand secret, sont en route pour rejoindre les sept d\u00e9j\u00e0 connus. Dans leur sillage, se dessinent les silhouettes de compagnons incroyables venus en renfort : les El\u00e9mentaires, les Anifleurs\u2026","_links":{"self":[{"href":"https:\/\/meeplendice.net\/index.php?rest_route=\/wp\/v2\/pages\/12711","targetHints":{"allow":["GET"]}}],"collection":[{"href":"https:\/\/meeplendice.net\/index.php?rest_route=\/wp\/v2\/pages"}],"about":[{"href":"https:\/\/meeplendice.net\/index.php?rest_route=\/wp\/v2\/types\/page"}],"author":[{"embeddable":true,"href":"https:\/\/meeplendice.net\/index.php?rest_route=\/wp\/v2\/users\/2"}],"replies":[{"embeddable":true,"href":"https:\/\/meeplendice.net\/index.php?rest_route=%2Fwp%2Fv2%2Fcomments&post=12711"}],"version-history":[{"count":3,"href":"https:\/\/meeplendice.net\/index.php?rest_route=\/wp\/v2\/pages\/12711\/revisions"}],"predecessor-version":[{"id":12717,"href":"https:\/\/meeplendice.net\/index.php?rest_route=\/wp\/v2\/pages\/12711\/revisions\/12717"}],"up":[{"embeddable":true,"href":"https:\/\/meeplendice.net\/index.php?rest_route=\/wp\/v2\/pages\/8010"}],"wp:featuredmedia":[{"embeddable":true,"href":"https:\/\/meeplendice.net\/index.php?rest_route=\/wp\/v2\/media\/12655"}],"wp:attachment":[{"href":"https:\/\/meeplendice.net\/index.php?rest_route=%2Fwp%2Fv2%2Fmedia&parent=12711"}],"curies":[{"name":"wp","href":"https:\/\/api.w.org\/{rel}","templated":true}]}}