{"id":12718,"date":"2024-10-02T23:45:32","date_gmt":"2024-10-02T21:45:32","guid":{"rendered":"https:\/\/meeplendice.net\/?page_id=12718"},"modified":"2024-10-02T23:56:06","modified_gmt":"2024-10-02T21:56:06","slug":"surgi-des-abysses","status":"publish","type":"page","link":"https:\/\/meeplendice.net\/?page_id=12718","title":{"rendered":"Surgi des Abysses"},"content":{"rendered":"<p><em>\u00a0\u00bb Je ne peux imaginer les profondeurs de la mer sans trembler, aux choses sans nom qui \u00e0 ce moment pr\u00e9cis peuvent y ramper et patauger dans leur lit de base&#8230; \u00a0\u00bb <\/em><\/p>\n<p><em>&#8211; H.P. Lovecraft.<\/em><\/p>\n<p>Ce voyage est devenu bien plus dangereux qu&rsquo;il ne l&rsquo;\u00e9tait d\u00e9j\u00e0.<\/p>\n<p>Dans <em>Surgi des Abysses<\/em>, une nouvelle extension de pour <em>L&rsquo;Insondable<\/em>, le SS Atlantica, en route pour Boston, se retrouve confront\u00e9 \u00e0 un nouveau p\u00e9ril innommable. De nouveaux monstres terrifiants \u00e9mergent des profondeurs de l\u2019oc\u00e9an Atlantique pour attaque le navire, tandis que les vagues d\u00e9chain\u00e9es menacent d&#8217;emporter les passagers pour-dessus bord. Le b\u00e2timent est \u00e0 la merci de nouvelles trahisons et, avec un paquet Mythe qui double de taille,\u00a0 des dangers insoup\u00e7onn\u00e9s quettent l&rsquo;Atlantica \u00e0 chaque instant.<\/p>\n<p>Fort heureusement, les humains \u00e0 bord ont acc\u00e8s \u00e0 de nouveaux outils pour combattre le mal. En plus des 8 nouveaux personnages jouables, les joueurs disposent d\u00e9sormais d&rsquo;alli\u00e9s qui vont se d\u00e9placer individuellement sur le navire et aider \u00e0 le maintenir \u00e0 flot. Les cartes Pr\u00e9lude viennent modifier les conditions de d\u00e9but de partie, apportant une plus grande vari\u00e9t\u00e9 de jeu afin qu&rsquo;aucune partie ne ressemble aux pr\u00e9c\u00e9dentes.<br \/>\nGr\u00e2ce aux comp\u00e9tences et objets suppl\u00e9mentaires, ainsi qu&rsquo;aux toutes nouvelles cartes Avantage, le combat pour le SS Atlantica n&rsquo;a jamais \u00e9t\u00e9 aussi acharn\u00e9 !<\/p>\n","protected":false},"excerpt":{"rendered":"<p>\u00a0\u00bb Je ne peux imaginer les profondeurs de la mer sans trembler, aux choses sans nom qui \u00e0 ce moment pr\u00e9cis peuvent y ramper et patauger dans leur lit de base&#8230; \u00a0\u00bb &#8211; H.P. Lovecraft. Ce voyage est devenu bien plus dangereux qu&rsquo;il ne l&rsquo;\u00e9tait d\u00e9j\u00e0. Dans Surgi des Abysses, une nouvelle extension de pour L&rsquo;Insondable, le SS Atlantica, en route pour Boston, se retrouve confront\u00e9 \u00e0 un nouveau p\u00e9ril innommable. De nouveaux monstres terrifiants \u00e9mergent des profondeurs de l\u2019oc\u00e9an Atlantique pour attaque le navire, tandis que les vagues d\u00e9chain\u00e9es menacent d&#8217;emporter les passagers pour-dessus bord. Le b\u00e2timent est \u00e0 la merci de nouvelles trahisons et, avec un paquet Mythe qui double de taille,\u00a0 des dangers insoup\u00e7onn\u00e9s quettent l&rsquo;Atlantica \u00e0 chaque instant. Fort heureusement, les humains \u00e0 bord ont acc\u00e8s \u00e0 de nouveaux outils pour combattre le mal. En plus des 8 nouveaux personnages jouables, les joueurs disposent d\u00e9sormais d&rsquo;alli\u00e9s qui vont se d\u00e9placer individuellement sur le navire et aider \u00e0 le maintenir \u00e0 flot. Les cartes Pr\u00e9lude viennent modifier les conditions de d\u00e9but de partie, apportant une plus grande vari\u00e9t\u00e9 de jeu afin qu&rsquo;aucune partie ne ressemble aux pr\u00e9c\u00e9dentes. Gr\u00e2ce aux comp\u00e9tences et objets suppl\u00e9mentaires, ainsi qu&rsquo;aux toutes nouvelles cartes Avantage, le combat pour le SS Atlantica n&rsquo;a jamais \u00e9t\u00e9 aussi acharn\u00e9 !<\/p>\n","protected":false},"author":2,"featured_media":12652,"parent":9285,"menu_order":1,"comment_status":"closed","ping_status":"closed","template":"","meta":{"footnotes":""},"class_list":["post-12718","page","type-page","status-publish","has-post-thumbnail","hentry"],"acf":[],"rttpg_featured_image_url":{"full":["https:\/\/meeplendice.net\/wp-content\/uploads\/2024\/10\/Insondable_Abysses.png",350,350,false],"landscape":["https:\/\/meeplendice.net\/wp-content\/uploads\/2024\/10\/Insondable_Abysses.png",350,350,false],"portraits":["https:\/\/meeplendice.net\/wp-content\/uploads\/2024\/10\/Insondable_Abysses.png",350,350,false],"thumbnail":["https:\/\/meeplendice.net\/wp-content\/uploads\/2024\/10\/Insondable_Abysses-150x150.png",150,150,true],"medium":["https:\/\/meeplendice.net\/wp-content\/uploads\/2024\/10\/Insondable_Abysses-300x300.png",300,300,true],"large":["https:\/\/meeplendice.net\/wp-content\/uploads\/2024\/10\/Insondable_Abysses.png",350,350,false],"ug_big":["https:\/\/meeplendice.net\/wp-content\/uploads\/2024\/10\/Insondable_Abysses.png",350,350,false],"1536x1536":["https:\/\/meeplendice.net\/wp-content\/uploads\/2024\/10\/Insondable_Abysses.png",350,350,false],"2048x2048":["https:\/\/meeplendice.net\/wp-content\/uploads\/2024\/10\/Insondable_Abysses.png",350,350,false],"ashe-slider-grid-thumbnail":["https:\/\/meeplendice.net\/wp-content\/uploads\/2024\/10\/Insondable_Abysses.png",350,350,false],"ashe-full-thumbnail":["https:\/\/meeplendice.net\/wp-content\/uploads\/2024\/10\/Insondable_Abysses.png",350,350,false],"ashe-grid-thumbnail":["https:\/\/meeplendice.net\/wp-content\/uploads\/2024\/10\/Insondable_Abysses-350x330.png",350,330,true],"ashe-list-thumbnail":["https:\/\/meeplendice.net\/wp-content\/uploads\/2024\/10\/Insondable_Abysses-300x300.png",300,300,true],"ashe-single-navigation":["https:\/\/meeplendice.net\/wp-content\/uploads\/2024\/10\/Insondable_Abysses-75x75.png",75,75,true],"mailpoet_newsletter_max":["https:\/\/meeplendice.net\/wp-content\/uploads\/2024\/10\/Insondable_Abysses.png",350,350,false],"rpwe-thumbnail":["https:\/\/meeplendice.net\/wp-content\/uploads\/2024\/10\/Insondable_Abysses-45x45.png",45,45,true],"sow-carousel-default":["https:\/\/meeplendice.net\/wp-content\/uploads\/2024\/10\/Insondable_Abysses-272x182.png",272,182,true],"rt_custom":["https:\/\/meeplendice.net\/wp-content\/uploads\/2024\/10\/Insondable_Abysses.png",350,350,false]},"rttpg_author":{"display_name":"Karnby","author_link":"https:\/\/meeplendice.net\/?author=2"},"rttpg_comment":0,"rttpg_category":null,"rttpg_excerpt":"\u00a0\u00bb Je ne peux imaginer les profondeurs de la mer sans trembler, aux choses sans nom qui \u00e0 ce moment pr\u00e9cis peuvent y ramper et patauger dans leur lit de base&#8230; \u00a0\u00bb &#8211; H.P. Lovecraft. Ce voyage est devenu bien plus dangereux qu&rsquo;il ne l&rsquo;\u00e9tait d\u00e9j\u00e0. Dans Surgi des Abysses, une nouvelle extension de pour\u2026","_links":{"self":[{"href":"https:\/\/meeplendice.net\/index.php?rest_route=\/wp\/v2\/pages\/12718","targetHints":{"allow":["GET"]}}],"collection":[{"href":"https:\/\/meeplendice.net\/index.php?rest_route=\/wp\/v2\/pages"}],"about":[{"href":"https:\/\/meeplendice.net\/index.php?rest_route=\/wp\/v2\/types\/page"}],"author":[{"embeddable":true,"href":"https:\/\/meeplendice.net\/index.php?rest_route=\/wp\/v2\/users\/2"}],"replies":[{"embeddable":true,"href":"https:\/\/meeplendice.net\/index.php?rest_route=%2Fwp%2Fv2%2Fcomments&post=12718"}],"version-history":[{"count":3,"href":"https:\/\/meeplendice.net\/index.php?rest_route=\/wp\/v2\/pages\/12718\/revisions"}],"predecessor-version":[{"id":12723,"href":"https:\/\/meeplendice.net\/index.php?rest_route=\/wp\/v2\/pages\/12718\/revisions\/12723"}],"up":[{"embeddable":true,"href":"https:\/\/meeplendice.net\/index.php?rest_route=\/wp\/v2\/pages\/9285"}],"wp:featuredmedia":[{"embeddable":true,"href":"https:\/\/meeplendice.net\/index.php?rest_route=\/wp\/v2\/media\/12652"}],"wp:attachment":[{"href":"https:\/\/meeplendice.net\/index.php?rest_route=%2Fwp%2Fv2%2Fmedia&parent=12718"}],"curies":[{"name":"wp","href":"https:\/\/api.w.org\/{rel}","templated":true}]}}