{"id":12724,"date":"2024-10-03T10:43:05","date_gmt":"2024-10-03T08:43:05","guid":{"rendered":"https:\/\/meeplendice.net\/?page_id=12724"},"modified":"2024-10-10T15:31:14","modified_gmt":"2024-10-10T13:31:14","slug":"eat-zem-all","status":"publish","type":"page","link":"https:\/\/meeplendice.net\/?page_id=12724","title":{"rendered":"Eat Zem All"},"content":{"rendered":"<div id=\"pl-12724\"  class=\"panel-layout\" ><div id=\"pg-12724-0\"  class=\"panel-grid panel-no-style\" ><div id=\"pgc-12724-0-0\"  class=\"panel-grid-cell\" ><div id=\"panel-12724-0-0-0\" class=\"so-panel widget widget_sow-editor panel-first-child panel-last-child\" data-index=\"0\" ><div\n\t\t\t\n\t\t\tclass=\"so-widget-sow-editor so-widget-sow-editor-base\"\n\t\t\t\n\t\t>\n<div class=\"siteorigin-widget-tinymce textwidget\">\n\t<p style=\"text-align: center;\"><strong>Nombre de joueurs :<\/strong><br \/>\n2 - 4<\/p>\n<\/div>\n<\/div><\/div><\/div><div id=\"pgc-12724-0-1\"  class=\"panel-grid-cell\" ><div id=\"panel-12724-0-1-0\" class=\"so-panel widget widget_sow-editor panel-first-child panel-last-child\" data-index=\"1\" ><div\n\t\t\t\n\t\t\tclass=\"so-widget-sow-editor so-widget-sow-editor-base\"\n\t\t\t\n\t\t>\n<div class=\"siteorigin-widget-tinymce textwidget\">\n\t<p style=\"text-align: center;\"><strong>Dur\u00e9e moyenne :<\/strong><br \/>\n60 min<\/p>\n<\/div>\n<\/div><\/div><\/div><div id=\"pgc-12724-0-2\"  class=\"panel-grid-cell\" ><div id=\"panel-12724-0-2-0\" class=\"so-panel widget widget_sow-editor panel-first-child panel-last-child\" data-index=\"2\" ><div\n\t\t\t\n\t\t\tclass=\"so-widget-sow-editor so-widget-sow-editor-base\"\n\t\t\t\n\t\t>\n<div class=\"siteorigin-widget-tinymce textwidget\">\n\t<p style=\"text-align: center;\"><strong>Age :<\/strong><br \/>\n14 ans et plus<\/p>\n<\/div>\n<\/div><\/div><\/div><\/div><div id=\"pg-12724-1\"  class=\"panel-grid panel-no-style\" ><div id=\"pgc-12724-1-0\"  class=\"panel-grid-cell\" ><div id=\"panel-12724-1-0-0\" class=\"so-panel widget widget_sow-editor panel-first-child panel-last-child\" data-index=\"3\" ><div\n\t\t\t\n\t\t\tclass=\"so-widget-sow-editor so-widget-sow-editor-base\"\n\t\t\t\n\t\t>\n<div class=\"siteorigin-widget-tinymce textwidget\">\n\t<p style=\"text-align: center;\"><strong>Auteur(s) :<br \/>\n<\/strong><span class=\"data-siloing\" title=\"D\u00e9couvrez tous ces jeux\" data-siloing=\"https:\/\/www.philibertnet.com\/fr\/recherche?feature=31&amp;feature_value=Lo\u00efc Lamy\">Lo\u00efc Lamy<\/span><\/p>\n<\/div>\n<\/div><\/div><\/div><div id=\"pgc-12724-1-1\"  class=\"panel-grid-cell\" ><div id=\"panel-12724-1-1-0\" class=\"so-panel widget widget_sow-editor panel-first-child panel-last-child\" data-index=\"4\" ><div\n\t\t\t\n\t\t\tclass=\"so-widget-sow-editor so-widget-sow-editor-base\"\n\t\t\t\n\t\t>\n<div class=\"siteorigin-widget-tinymce textwidget\">\n\t<p style=\"text-align: center;\"><strong>Illustrations :<\/strong><br \/>\n<span class=\"data-siloing\" title=\"Voir tous les jeux\" data-siloing=\"https:\/\/www.philibertnet.com\/fr\/recherche?feature=41&amp;feature_value=Vipin Alex Jacob\"><span class=\"data-siloing\" title=\"D\u00e9couvrez tous ces jeux\" data-siloing=\"https:\/\/www.philibertnet.com\/fr\/recherche?feature=41&amp;feature_value=Tyron Gearing\">Tyron Gearing<br \/>\n<\/span>Ludo Lullabi<br \/>\nYann Valeani<\/span><\/p>\n<\/div>\n<\/div><\/div><\/div><div id=\"pgc-12724-1-2\"  class=\"panel-grid-cell\" ><div id=\"panel-12724-1-2-0\" class=\"so-panel widget widget_sow-editor panel-first-child panel-last-child\" data-index=\"5\" ><div\n\t\t\t\n\t\t\tclass=\"so-widget-sow-editor so-widget-sow-editor-base\"\n\t\t\t\n\t\t>\n<div class=\"siteorigin-widget-tinymce textwidget\">\n\t<p style=\"text-align: center;\"><strong>\u00c9dition :<\/strong><br \/>\n<span class=\"data-siloing\" data-siloing=\"                                    https:\/\/www.philibertnet.com\/fr\/1226_origames\n                                \">Origames<\/span><br \/>\n2024<\/p>\n<\/div>\n<\/div><\/div><\/div><div id=\"pgc-12724-1-3\"  class=\"panel-grid-cell\" ><div id=\"panel-12724-1-3-0\" class=\"so-panel widget widget_sow-editor panel-first-child panel-last-child\" data-index=\"6\" ><div\n\t\t\t\n\t\t\tclass=\"so-widget-sow-editor so-widget-sow-editor-base\"\n\t\t\t\n\t\t>\n<div class=\"siteorigin-widget-tinymce textwidget\">\n\t<p style=\"text-align: center;\"><strong>Version :<\/strong><br \/>\nFran\u00e7aise<\/p>\n<\/div>\n<\/div><\/div><\/div><\/div><div id=\"pg-12724-2\"  class=\"panel-grid panel-no-style\" ><div id=\"pgc-12724-2-0\"  class=\"panel-grid-cell\" ><div id=\"panel-12724-2-0-0\" class=\"so-panel widget widget_sow-editor panel-first-child panel-last-child\" data-index=\"7\" ><div\n\t\t\t\n\t\t\tclass=\"so-widget-sow-editor so-widget-sow-editor-base\"\n\t\t\t\n\t\t>\n<div class=\"siteorigin-widget-tinymce textwidget\">\n\t<hr \/>\n<div class=\"hide_info_annexe row small-collapse medium-uncollapse\">\n<div class=\"column small-12\">\n<p><em>Cette fois, c'est vous les zombies !<br \/>\nEt le Festin est servi ! L'odeur de la peur et de la chaire Fraiche vous a attir\u00e9s jusqu'\u00e0 cette maison. D'autres hordes sont d\u00e9j\u00e0 dans les parages et les humains sont pr\u00eats \u00e0 riposter, mais pour vous, c'est l'heure de passer \u00e0 table !<\/em><\/p>\n<p>Dans le jeu <em><span class=\"style-client-colored-text\">Eat Zem All<\/span> <\/em>vous \u00eates en comp\u00e9tition avec les autres Hordes mais \u00e9galement contre le jeu. Les humains poss\u00e8dent une personnalit\u00e9 et une mani\u00e8re de se d\u00e9fendre pour vous surprendre et cr\u00e9er des sc\u00e8nes dignes de vos s\u00e9ries pr\u00e9f\u00e9r\u00e9es.<\/p>\n<p>Ils tentent de vous \u00e9chapper, voire de vous buter ! Intol\u00e9rable ! Mangez-les tous !<\/p>\n<\/div>\n<\/div>\n<\/div>\n<\/div><\/div><\/div><\/div><div id=\"pg-12724-3\"  class=\"panel-grid panel-no-style\" ><div id=\"pgc-12724-3-0\"  class=\"panel-grid-cell\" ><div id=\"panel-12724-3-0-0\" class=\"so-panel widget widget_sow-editor panel-first-child panel-last-child\" data-index=\"8\" ><div\n\t\t\t\n\t\t\tclass=\"so-widget-sow-editor so-widget-sow-editor-base\"\n\t\t\t\n\t\t>\n<div class=\"siteorigin-widget-tinymce textwidget\">\n\t<hr \/>\n<h3 style=\"text-align: center;\">En vid\u00e9o<\/h3>\n<p><a href=\"https:\/\/www.youtube.com\/watch?v=im3BelkzlD0\" target=\"_blank\" rel=\"noopener\"><img loading=\"lazy\" decoding=\"async\" class=\"alignnone size-full wp-image-9090\" src=\"https:\/\/meeplendice.net\/wp-content\/uploads\/2022\/01\/Link_CJ_v2.png\" alt=\"\" width=\"200\" height=\"170\" \/><\/a><\/p>\n<\/div>\n<\/div><\/div><\/div><\/div><div id=\"pg-12724-4\"  class=\"panel-grid panel-no-style\" ><div id=\"pgc-12724-4-0\"  class=\"panel-grid-cell\" ><div id=\"panel-12724-4-0-0\" class=\"so-panel widget widget_sow-editor panel-first-child panel-last-child\" data-index=\"9\" ><div\n\t\t\t\n\t\t\tclass=\"so-widget-sow-editor so-widget-sow-editor-base\"\n\t\t\t\n\t\t>\n<div class=\"siteorigin-widget-tinymce textwidget\">\n\t<hr \/>\n<h3 style=\"text-align: center;\">Extension(s)<\/h3>\n<style type='text\/css' media='all'>#rt-tpg-container-3913268816 .read-more a{border-radius:px;}#rt-tpg-container-3913268816 .rt-img-holder img.rt-img-responsive,#rt-tpg-container-3913268816 .rt-img-holder,\n\t\t\t\t\t#rt-tpg-container-3913268816 .rt-post-overlay .post-img,\n\t\t\t\t\t#rt-tpg-container-3913268816 .post-sm .post-img,\n\t\t\t\t\t#rt-tpg-container-3913268816 .rt-post-grid .post-img,\n\t\t\t\t\t#rt-tpg-container-3913268816 .post-img img {border-radius:px;}#rt-tpg-container-3913268816 .layout9 .rt-holder h2.entry-title,\n\t\t\t\t\t#rt-tpg-container-3913268816 .layout9 .rt-holder h3.entry-title,\n\t\t\t\t\t#rt-tpg-container-3913268816 .layout9 .rt-holder h4.entry-title,\n\t\t\t\t\t#rt-tpg-container-3913268816 .layout9 .rt-holder h2.entry-title a,\n\t\t\t\t\t#rt-tpg-container-3913268816 .layout9 .rt-holder h3.entry-title a,\n\t\t\t\t\t#rt-tpg-container-3913268816 .layout9 .rt-holder h4.entry-title a,\n\t\t\t\t\t#rt-tpg-container-3913268816 .rt-holder .rt-woo-info h2 a,\n\t\t\t\t\t#rt-tpg-container-3913268816 .rt-holder .rt-woo-info h3 a,\n\t\t\t\t\t#rt-tpg-container-3913268816 .rt-holder .rt-woo-info h4 a,\n\t\t\t\t\t#rt-tpg-container-3913268816 .post-content .post-title,\n\t\t\t\t\t#rt-tpg-container-3913268816 .rt-post-grid .post-title,\n\t\t\t\t\t#rt-tpg-container-3913268816 .rt-post-grid .post-title a,\n\t\t\t\t\t#rt-tpg-container-3913268816 .post-content .post-title a,\n\t\t\t\t\t#rt-tpg-container-3913268816 .rt-holder .rt-woo-info h2,\n\t\t\t\t\t#rt-tpg-container-3913268816 .rt-holder .rt-woo-info h3,\n\t\t\t\t\t#rt-tpg-container-3913268816 .rt-holder .rt-woo-info h4{font-size:16px;line-height:26px;font-weight:normal;text-align:center;}#rt-tpg-container-3913268816 .post-grid-lg-style-1 .post-title,\n\t\t\t\t\t\t#rt-tpg-container-3913268816 .post-grid-lg-style-1 .post-title a,\n\t\t\t\t\t\t#rt-tpg-container-3913268816 .big-layout .post-title,\n\t\t\t\t\t\t#rt-tpg-container-3913268816 .big-layout .post-title a,\n\t\t\t\t\t\t#rt-tpg-container-3913268816 .post-grid-lg-style-1 .post-title,\n\t\t\t\t\t\t#rt-tpg-container-3913268816 .post-grid-lg-style-1 .post-title a {font-size:24px;line-height:34px;}<\/style><div class='rt-container-fluid rt-tpg-container tpg-shortcode-main-wrapper ' id='rt-tpg-container-3913268816'   data-layout='layout9' data-grid-style='masonry' data-desktop-col='3'  data-tab-col='2'  data-mobile-col='1' data-sc-id='12798'><div data-title='Loading ...' class='rt-row rt-content-loader   layout9 tpg-masonry '><div class=\"rt-col-md-4 rt-col-sm-6 rt-col-xs-12 masonry-grid-item rt-grid-item img_zoom_in\" data-id=\"12794\"><div class=\"rt-holder\"><div class='overlay'><a data-id='12794' class=' tpg-single-popup' href='https:\/\/meeplendice.net\/?page_id=12794'><img loading=\"lazy\" decoding=\"async\" width=\"350\" height=\"350\" src=\"https:\/\/meeplendice.net\/wp-content\/uploads\/2024\/10\/EZA_Dylan.png\" class=\"rt-img-responsive \" alt=\"\" \/><\/a><\/div><div class='post-info'><h3 class=\"entry-title\"><a data-id=\"12794\" class=\" tpg-single-popup\" href=\"https:\/\/meeplendice.net\/?page_id=12794\">Ze Pack 01 : Dylan<\/a><\/h3><div class='post-meta-user '><\/div><\/div><\/div><\/div><\/div><div class='rt-pagination-wrap' data-total-pages='1' data-posts-per-page='3' data-type='pagination_ajax'  ><div class='rt-page-numbers'><\/div><\/div><\/div>\n<\/div>\n<\/div><\/div><\/div><\/div><div id=\"pg-12724-5\"  class=\"panel-grid panel-no-style\" ><div id=\"pgc-12724-5-0\"  class=\"panel-grid-cell\" ><div id=\"panel-12724-5-0-0\" class=\"so-panel widget widget_sow-editor panel-first-child panel-last-child\" data-index=\"10\" ><div\n\t\t\t\n\t\t\tclass=\"so-widget-sow-editor so-widget-sow-editor-base\"\n\t\t\t\n\t\t>\n<div class=\"siteorigin-widget-tinymce textwidget\">\n\t<hr \/>\n<h3 style=\"text-align: center;\">Pour aller plus loin<\/h3>\n<\/div>\n<\/div><\/div><\/div><\/div><\/div>","protected":false},"excerpt":{"rendered":"<p>Nombre de joueurs : 2 &#8211; 4 Dur\u00e9e moyenne : 60 min Age : 14 ans et plus Auteur(s) : Lo\u00efc Lamy Illustrations : Tyron Gearing Ludo Lullabi Yann Valeani \u00c9dition : Origames 2024 Version : Fran\u00e7aise<\/p>\n","protected":false},"author":2,"featured_media":12726,"parent":0,"menu_order":0,"comment_status":"closed","ping_status":"closed","template":"","meta":{"footnotes":""},"class_list":["post-12724","page","type-page","status-publish","has-post-thumbnail","hentry"],"acf":[],"rttpg_featured_image_url":{"full":["https:\/\/meeplendice.net\/wp-content\/uploads\/2024\/10\/Eat_Zem_All.png",350,350,false],"landscape":["https:\/\/meeplendice.net\/wp-content\/uploads\/2024\/10\/Eat_Zem_All.png",350,350,false],"portraits":["https:\/\/meeplendice.net\/wp-content\/uploads\/2024\/10\/Eat_Zem_All.png",350,350,false],"thumbnail":["https:\/\/meeplendice.net\/wp-content\/uploads\/2024\/10\/Eat_Zem_All-150x150.png",150,150,true],"medium":["https:\/\/meeplendice.net\/wp-content\/uploads\/2024\/10\/Eat_Zem_All-300x300.png",300,300,true],"large":["https:\/\/meeplendice.net\/wp-content\/uploads\/2024\/10\/Eat_Zem_All.png",350,350,false],"ug_big":["https:\/\/meeplendice.net\/wp-content\/uploads\/2024\/10\/Eat_Zem_All.png",350,350,false],"1536x1536":["https:\/\/meeplendice.net\/wp-content\/uploads\/2024\/10\/Eat_Zem_All.png",350,350,false],"2048x2048":["https:\/\/meeplendice.net\/wp-content\/uploads\/2024\/10\/Eat_Zem_All.png",350,350,false],"ashe-slider-grid-thumbnail":["https:\/\/meeplendice.net\/wp-content\/uploads\/2024\/10\/Eat_Zem_All.png",350,350,false],"ashe-full-thumbnail":["https:\/\/meeplendice.net\/wp-content\/uploads\/2024\/10\/Eat_Zem_All.png",350,350,false],"ashe-grid-thumbnail":["https:\/\/meeplendice.net\/wp-content\/uploads\/2024\/10\/Eat_Zem_All-350x330.png",350,330,true],"ashe-list-thumbnail":["https:\/\/meeplendice.net\/wp-content\/uploads\/2024\/10\/Eat_Zem_All-300x300.png",300,300,true],"ashe-single-navigation":["https:\/\/meeplendice.net\/wp-content\/uploads\/2024\/10\/Eat_Zem_All-75x75.png",75,75,true],"mailpoet_newsletter_max":["https:\/\/meeplendice.net\/wp-content\/uploads\/2024\/10\/Eat_Zem_All.png",350,350,false],"rpwe-thumbnail":["https:\/\/meeplendice.net\/wp-content\/uploads\/2024\/10\/Eat_Zem_All-45x45.png",45,45,true],"sow-carousel-default":["https:\/\/meeplendice.net\/wp-content\/uploads\/2024\/10\/Eat_Zem_All-272x182.png",272,182,true],"rt_custom":["https:\/\/meeplendice.net\/wp-content\/uploads\/2024\/10\/Eat_Zem_All.png",350,350,false]},"rttpg_author":{"display_name":"Karnby","author_link":"https:\/\/meeplendice.net\/?author=2"},"rttpg_comment":0,"rttpg_category":null,"rttpg_excerpt":"Nombre de joueurs : 2 - 4 Dur\u00e9e moyenne : 60 min Age : 14 ans et plus Auteur(s) : Lo\u00efc Lamy Illustrations : Tyron Gearing Ludo Lullabi Yann Valeani \u00c9dition : Origames 2024 Version : Fran\u00e7aise","_links":{"self":[{"href":"https:\/\/meeplendice.net\/index.php?rest_route=\/wp\/v2\/pages\/12724","targetHints":{"allow":["GET"]}}],"collection":[{"href":"https:\/\/meeplendice.net\/index.php?rest_route=\/wp\/v2\/pages"}],"about":[{"href":"https:\/\/meeplendice.net\/index.php?rest_route=\/wp\/v2\/types\/page"}],"author":[{"embeddable":true,"href":"https:\/\/meeplendice.net\/index.php?rest_route=\/wp\/v2\/users\/2"}],"replies":[{"embeddable":true,"href":"https:\/\/meeplendice.net\/index.php?rest_route=%2Fwp%2Fv2%2Fcomments&post=12724"}],"version-history":[{"count":6,"href":"https:\/\/meeplendice.net\/index.php?rest_route=\/wp\/v2\/pages\/12724\/revisions"}],"predecessor-version":[{"id":12799,"href":"https:\/\/meeplendice.net\/index.php?rest_route=\/wp\/v2\/pages\/12724\/revisions\/12799"}],"wp:featuredmedia":[{"embeddable":true,"href":"https:\/\/meeplendice.net\/index.php?rest_route=\/wp\/v2\/media\/12726"}],"wp:attachment":[{"href":"https:\/\/meeplendice.net\/index.php?rest_route=%2Fwp%2Fv2%2Fmedia&parent=12724"}],"curies":[{"name":"wp","href":"https:\/\/api.w.org\/{rel}","templated":true}]}}