{"id":12745,"date":"2024-10-06T20:51:51","date_gmt":"2024-10-06T18:51:51","guid":{"rendered":"https:\/\/meeplendice.net\/?page_id=12745"},"modified":"2024-10-13T17:26:39","modified_gmt":"2024-10-13T15:26:39","slug":"lockdown","status":"publish","type":"page","link":"https:\/\/meeplendice.net\/?page_id=12745","title":{"rendered":"Lockdown"},"content":{"rendered":"<div id=\"pl-12745\"  class=\"panel-layout\" ><div id=\"pg-12745-0\"  class=\"panel-grid panel-no-style\" ><div id=\"pgc-12745-0-0\"  class=\"panel-grid-cell\" ><div id=\"panel-12745-0-0-0\" class=\"so-panel widget widget_sow-editor panel-first-child panel-last-child\" data-index=\"0\" ><div\n\t\t\t\n\t\t\tclass=\"so-widget-sow-editor so-widget-sow-editor-base\"\n\t\t\t\n\t\t>\n<div class=\"siteorigin-widget-tinymce textwidget\">\n\t<p style=\"text-align: center;\"><strong>Nombre de joueurs :<\/strong><br \/>\n3 - 6<\/p>\n<\/div>\n<\/div><\/div><\/div><div id=\"pgc-12745-0-1\"  class=\"panel-grid-cell\" ><div id=\"panel-12745-0-1-0\" class=\"so-panel widget widget_sow-editor panel-first-child panel-last-child\" data-index=\"1\" ><div\n\t\t\t\n\t\t\tclass=\"so-widget-sow-editor so-widget-sow-editor-base\"\n\t\t\t\n\t\t>\n<div class=\"siteorigin-widget-tinymce textwidget\">\n\t<p style=\"text-align: center;\"><strong>Dur\u00e9e moyenne :<\/strong><br \/>\n45 min<\/p>\n<\/div>\n<\/div><\/div><\/div><div id=\"pgc-12745-0-2\"  class=\"panel-grid-cell\" ><div id=\"panel-12745-0-2-0\" class=\"so-panel widget widget_sow-editor panel-first-child panel-last-child\" data-index=\"2\" ><div\n\t\t\t\n\t\t\tclass=\"so-widget-sow-editor so-widget-sow-editor-base\"\n\t\t\t\n\t\t>\n<div class=\"siteorigin-widget-tinymce textwidget\">\n\t<p style=\"text-align: center;\"><strong>Age :<\/strong><br \/>\n14 ans et plus<\/p>\n<\/div>\n<\/div><\/div><\/div><\/div><div id=\"pg-12745-1\"  class=\"panel-grid panel-no-style\" ><div id=\"pgc-12745-1-0\"  class=\"panel-grid-cell\" ><div id=\"panel-12745-1-0-0\" class=\"so-panel widget widget_sow-editor panel-first-child panel-last-child\" data-index=\"3\" ><div\n\t\t\t\n\t\t\tclass=\"so-widget-sow-editor so-widget-sow-editor-base\"\n\t\t\t\n\t\t>\n<div class=\"siteorigin-widget-tinymce textwidget\">\n\t<p style=\"text-align: center;\"><strong>Auteur(s) :<br \/>\n<\/strong>Nicolas Normandon<\/p>\n<\/div>\n<\/div><\/div><\/div><div id=\"pgc-12745-1-1\"  class=\"panel-grid-cell\" ><div id=\"panel-12745-1-1-0\" class=\"so-panel widget widget_sow-editor panel-first-child panel-last-child\" data-index=\"4\" ><div\n\t\t\t\n\t\t\tclass=\"so-widget-sow-editor so-widget-sow-editor-base\"\n\t\t\t\n\t\t>\n<div class=\"siteorigin-widget-tinymce textwidget\">\n\t<p style=\"text-align: center;\"><strong>Illustrations :<\/strong><br \/>\n<span class=\"data-siloing\" title=\"D\u00e9couvrez tous ces jeux\" data-siloing=\"https:\/\/www.philibertnet.com\/fr\/recherche?feature=41&amp;feature_value=Vincent Lef\u00e8vre\">Vincent Lef\u00e8vre<\/span><\/p>\n<\/div>\n<\/div><\/div><\/div><div id=\"pgc-12745-1-2\"  class=\"panel-grid-cell\" ><div id=\"panel-12745-1-2-0\" class=\"so-panel widget widget_sow-editor panel-first-child panel-last-child\" data-index=\"5\" ><div\n\t\t\t\n\t\t\tclass=\"so-widget-sow-editor so-widget-sow-editor-base\"\n\t\t\t\n\t\t>\n<div class=\"siteorigin-widget-tinymce textwidget\">\n\t<p style=\"text-align: center;\"><strong>\u00c9dition :<\/strong><br \/>\n<span class=\"data-siloing\" data-siloing=\"                                    https:\/\/www.philibertnet.com\/fr\/2063_grrre-games\n                                \">Grrre Games<\/span><br \/>\n2022<\/p>\n<\/div>\n<\/div><\/div><\/div><div id=\"pgc-12745-1-3\"  class=\"panel-grid-cell\" ><div id=\"panel-12745-1-3-0\" class=\"so-panel widget widget_sow-editor panel-first-child panel-last-child\" data-index=\"6\" ><div\n\t\t\t\n\t\t\tclass=\"so-widget-sow-editor so-widget-sow-editor-base\"\n\t\t\t\n\t\t>\n<div class=\"siteorigin-widget-tinymce textwidget\">\n\t<p style=\"text-align: center;\"><strong>Version :<\/strong><br \/>\nFran\u00e7aise<\/p>\n<\/div>\n<\/div><\/div><\/div><\/div><div id=\"pg-12745-2\"  class=\"panel-grid panel-no-style\" ><div id=\"pgc-12745-2-0\"  class=\"panel-grid-cell\" ><div id=\"panel-12745-2-0-0\" class=\"so-panel widget widget_sow-editor panel-first-child panel-last-child\" data-index=\"7\" ><div\n\t\t\t\n\t\t\tclass=\"so-widget-sow-editor so-widget-sow-editor-base\"\n\t\t\t\n\t\t>\n<div class=\"siteorigin-widget-tinymce textwidget\">\n\t<hr \/>\n<p><em>Et\u00e9 2023, sud des Etats-Unis.<\/em><\/p>\n<p><em>Personne ne sait au juste comment les choses ont commenc\u00e9. Rien \u00e0 voir, en tout cas, avec la banalit\u00e9 des sc\u00e9narios hollywoodiens : pas de catastrophe nucl\u00e9aire, pas de virus cr\u00e9e en secret dans un laboratoire, pas d'arme chimique.<\/em><\/p>\n<p><em>C'est la nature, plut\u00f4t, qui semble avoir chant\u00e9 d'elle-m\u00eame, sans raison. Cette fin d'\u00e9t\u00e9, les nuits ont commenc\u00e9 \u00e0 durer longtemps, premier signal \u00e0 avoir alert\u00e9 les scientifiques. Puis les feuilles des arbres se sont assombries et de longs filets de mousse noir\u00e2tre ont ramp\u00e9 comme une peste vers les villes, contaminant les parcs et les bosquets, laissant derri\u00e8re uex une odeur \u00e2cre de pourriture, s'insinuant dans nos maisons.<\/em><\/p>\n<p><em>Apr\u00e8s, tout est all\u00e9 tr\u00e8s vite : les cadavres qu'on a retrouv\u00e9s d\u00e9membr\u00e9s et d\u00e9vor\u00e9s dans les terrains vagues, les messages hyst\u00e9riques sur les r\u00e9seaux sociaux, l'apparition des premiers Monstres, de plus en plus nombreux, le d\u00e9ploiement inutile de l'arm\u00e9e, l\u2019\u00e9puisement des r\u00e9serves, les bunkers et les cachettes inutiles, les hurlements partout et \u00e0 tout heure... l\u2019effondrement du monde.<\/em><\/p>\n<p><em>Par chance, vous avez r\u00e9ussi \u00e0 sauver vos proches et \u00e0 vous r\u00e9fugier dans un centre commercial \u00e9pargn\u00e9 par la file : les rideaux de fer vous prot\u00e8gent encore et il reste quelques bo\u00eetes de conserve dans les rayons. Pourtant, le combat va bient\u00f4t reprendre : vous entez parfois ce froissement de feuilles craquel\u00e9es qui signale la proximit\u00e9 des cr\u00e9atures - le lieu est cern\u00e9, la puanteur r\u00f4de, et les Monstres ne tarderont pas \u00e0 trouver le moyen d'entrer. Mais le danger est aussi \u00e0 l'int\u00e9rieur, parmi ces familles qui se sont install\u00e9es l\u00e0 en temps que vous, pr\u00eates \u00e0 piller et \u00e0 trahir s'il le faut. Comment survivrez-vous ?<\/em><\/p>\n<p>Lockdown vous plonge dans un avenir sombre et oppressant. Plusieurs familles, enferm\u00e9es dans un centre commercial, se battent contre des cr\u00e9atures dont personne ne sait rien. Dans ce jeu semi-coop\u00e9ratif, vous devrez tout faire pour sauver votre famille, quitte \u00e0 trahir vos partenaires de jeu et \u00eatre vous-m\u00eame le monstre. \u00c2mes sensibles s'abstenir.<\/p>\n<\/div>\n<\/div><\/div><\/div><\/div><div id=\"pg-12745-3\"  class=\"panel-grid panel-no-style\" ><div id=\"pgc-12745-3-0\"  class=\"panel-grid-cell\" ><div id=\"panel-12745-3-0-0\" class=\"so-panel widget widget_sow-editor panel-first-child panel-last-child\" data-index=\"8\" ><div\n\t\t\t\n\t\t\tclass=\"so-widget-sow-editor so-widget-sow-editor-base\"\n\t\t\t\n\t\t>\n<div class=\"siteorigin-widget-tinymce textwidget\">\n\t<hr \/>\n<h3 style=\"text-align: center;\">En vid\u00e9o<\/h3>\n<p><a href=\"https:\/\/www.youtube.com\/watch?v=earLFP55yJg&amp;ab_channel=GRRREGames\" target=\"_blank\" rel=\"noopener\"><img loading=\"lazy\" decoding=\"async\" class=\"alignnone size-full wp-image-9090\" src=\"https:\/\/meeplendice.net\/wp-content\/uploads\/2022\/01\/Link_CJ_v2.png\" alt=\"\" width=\"200\" height=\"170\" \/><\/a><\/p>\n<\/div>\n<\/div><\/div><\/div><\/div><div id=\"pg-12745-4\"  class=\"panel-grid panel-no-style\" ><div id=\"pgc-12745-4-0\"  class=\"panel-grid-cell\" ><div id=\"panel-12745-4-0-0\" class=\"so-panel widget widget_sow-editor panel-first-child panel-last-child\" data-index=\"9\" ><div\n\t\t\t\n\t\t\tclass=\"so-widget-sow-editor so-widget-sow-editor-base\"\n\t\t\t\n\t\t>\n<div class=\"siteorigin-widget-tinymce textwidget\">\n\t<hr \/>\n<h3 style=\"text-align: center;\">Pour aller plus loin<\/h3>\n<\/div>\n<\/div><\/div><\/div><\/div><\/div>","protected":false},"excerpt":{"rendered":"<p>Nombre de joueurs : 3 &#8211; 6 Dur\u00e9e moyenne : 45 min Age : 14 ans et plus Auteur(s) : Nicolas Normandon Illustrations : Vincent Lef\u00e8vre \u00c9dition : Grrre Games 2022 Version : Fran\u00e7aise<\/p>\n","protected":false},"author":2,"featured_media":12746,"parent":0,"menu_order":0,"comment_status":"closed","ping_status":"closed","template":"","meta":{"footnotes":""},"class_list":["post-12745","page","type-page","status-publish","has-post-thumbnail","hentry"],"acf":[],"rttpg_featured_image_url":{"full":["https:\/\/meeplendice.net\/wp-content\/uploads\/2024\/10\/Lockdown.png",350,350,false],"landscape":["https:\/\/meeplendice.net\/wp-content\/uploads\/2024\/10\/Lockdown.png",350,350,false],"portraits":["https:\/\/meeplendice.net\/wp-content\/uploads\/2024\/10\/Lockdown.png",350,350,false],"thumbnail":["https:\/\/meeplendice.net\/wp-content\/uploads\/2024\/10\/Lockdown-150x150.png",150,150,true],"medium":["https:\/\/meeplendice.net\/wp-content\/uploads\/2024\/10\/Lockdown-300x300.png",300,300,true],"large":["https:\/\/meeplendice.net\/wp-content\/uploads\/2024\/10\/Lockdown.png",350,350,false],"ug_big":["https:\/\/meeplendice.net\/wp-content\/uploads\/2024\/10\/Lockdown.png",350,350,false],"1536x1536":["https:\/\/meeplendice.net\/wp-content\/uploads\/2024\/10\/Lockdown.png",350,350,false],"2048x2048":["https:\/\/meeplendice.net\/wp-content\/uploads\/2024\/10\/Lockdown.png",350,350,false],"ashe-slider-grid-thumbnail":["https:\/\/meeplendice.net\/wp-content\/uploads\/2024\/10\/Lockdown.png",350,350,false],"ashe-full-thumbnail":["https:\/\/meeplendice.net\/wp-content\/uploads\/2024\/10\/Lockdown.png",350,350,false],"ashe-grid-thumbnail":["https:\/\/meeplendice.net\/wp-content\/uploads\/2024\/10\/Lockdown-350x330.png",350,330,true],"ashe-list-thumbnail":["https:\/\/meeplendice.net\/wp-content\/uploads\/2024\/10\/Lockdown-300x300.png",300,300,true],"ashe-single-navigation":["https:\/\/meeplendice.net\/wp-content\/uploads\/2024\/10\/Lockdown-75x75.png",75,75,true],"mailpoet_newsletter_max":["https:\/\/meeplendice.net\/wp-content\/uploads\/2024\/10\/Lockdown.png",350,350,false],"rpwe-thumbnail":["https:\/\/meeplendice.net\/wp-content\/uploads\/2024\/10\/Lockdown-45x45.png",45,45,true],"sow-carousel-default":["https:\/\/meeplendice.net\/wp-content\/uploads\/2024\/10\/Lockdown-272x182.png",272,182,true],"rt_custom":["https:\/\/meeplendice.net\/wp-content\/uploads\/2024\/10\/Lockdown.png",350,350,false]},"rttpg_author":{"display_name":"Karnby","author_link":"https:\/\/meeplendice.net\/?author=2"},"rttpg_comment":0,"rttpg_category":null,"rttpg_excerpt":"Nombre de joueurs : 3 - 6 Dur\u00e9e moyenne : 45 min Age : 14 ans et plus Auteur(s) : Nicolas Normandon Illustrations : Vincent Lef\u00e8vre \u00c9dition : Grrre Games 2022 Version : Fran\u00e7aise","_links":{"self":[{"href":"https:\/\/meeplendice.net\/index.php?rest_route=\/wp\/v2\/pages\/12745","targetHints":{"allow":["GET"]}}],"collection":[{"href":"https:\/\/meeplendice.net\/index.php?rest_route=\/wp\/v2\/pages"}],"about":[{"href":"https:\/\/meeplendice.net\/index.php?rest_route=\/wp\/v2\/types\/page"}],"author":[{"embeddable":true,"href":"https:\/\/meeplendice.net\/index.php?rest_route=\/wp\/v2\/users\/2"}],"replies":[{"embeddable":true,"href":"https:\/\/meeplendice.net\/index.php?rest_route=%2Fwp%2Fv2%2Fcomments&post=12745"}],"version-history":[{"count":8,"href":"https:\/\/meeplendice.net\/index.php?rest_route=\/wp\/v2\/pages\/12745\/revisions"}],"predecessor-version":[{"id":12812,"href":"https:\/\/meeplendice.net\/index.php?rest_route=\/wp\/v2\/pages\/12745\/revisions\/12812"}],"wp:featuredmedia":[{"embeddable":true,"href":"https:\/\/meeplendice.net\/index.php?rest_route=\/wp\/v2\/media\/12746"}],"wp:attachment":[{"href":"https:\/\/meeplendice.net\/index.php?rest_route=%2Fwp%2Fv2%2Fmedia&parent=12745"}],"curies":[{"name":"wp","href":"https:\/\/api.w.org\/{rel}","templated":true}]}}