{"id":12750,"date":"2024-10-06T20:52:39","date_gmt":"2024-10-06T18:52:39","guid":{"rendered":"https:\/\/meeplendice.net\/?page_id=12750"},"modified":"2024-10-13T17:14:56","modified_gmt":"2024-10-13T15:14:56","slug":"au-coeur-des-tenebres","status":"publish","type":"page","link":"https:\/\/meeplendice.net\/?page_id=12750","title":{"rendered":"Au Coeur des T\u00e9n\u00e8bres"},"content":{"rendered":"<div id=\"pl-12750\"  class=\"panel-layout\" ><div id=\"pg-12750-0\"  class=\"panel-grid panel-no-style\" ><div id=\"pgc-12750-0-0\"  class=\"panel-grid-cell\" ><div id=\"panel-12750-0-0-0\" class=\"so-panel widget widget_sow-editor panel-first-child panel-last-child\" data-index=\"0\" ><div\n\t\t\t\n\t\t\tclass=\"so-widget-sow-editor so-widget-sow-editor-base\"\n\t\t\t\n\t\t>\n<div class=\"siteorigin-widget-tinymce textwidget\">\n\t<p style=\"text-align: center;\"><strong>Nombre de joueurs :<\/strong><br \/>\n2 - 5<\/p>\n<\/div>\n<\/div><\/div><\/div><div id=\"pgc-12750-0-1\"  class=\"panel-grid-cell\" ><div id=\"panel-12750-0-1-0\" class=\"so-panel widget widget_sow-editor panel-first-child panel-last-child\" data-index=\"1\" ><div\n\t\t\t\n\t\t\tclass=\"so-widget-sow-editor so-widget-sow-editor-base\"\n\t\t\t\n\t\t>\n<div class=\"siteorigin-widget-tinymce textwidget\">\n\t<p style=\"text-align: center;\"><strong>Dur\u00e9e moyenne :<\/strong><br \/>\n45 min<\/p>\n<\/div>\n<\/div><\/div><\/div><div id=\"pgc-12750-0-2\"  class=\"panel-grid-cell\" ><div id=\"panel-12750-0-2-0\" class=\"so-panel widget widget_sow-editor panel-first-child panel-last-child\" data-index=\"2\" ><div\n\t\t\t\n\t\t\tclass=\"so-widget-sow-editor so-widget-sow-editor-base\"\n\t\t\t\n\t\t>\n<div class=\"siteorigin-widget-tinymce textwidget\">\n\t<p style=\"text-align: center;\"><strong>Age :<\/strong><br \/>\n14 ans et plus<\/p>\n<\/div>\n<\/div><\/div><\/div><\/div><div id=\"pg-12750-1\"  class=\"panel-grid panel-no-style\" ><div id=\"pgc-12750-1-0\"  class=\"panel-grid-cell\" ><div id=\"panel-12750-1-0-0\" class=\"so-panel widget widget_sow-editor panel-first-child panel-last-child\" data-index=\"3\" ><div\n\t\t\t\n\t\t\tclass=\"so-widget-sow-editor so-widget-sow-editor-base\"\n\t\t\t\n\t\t>\n<div class=\"siteorigin-widget-tinymce textwidget\">\n\t<p style=\"text-align: center;\"><strong>Auteur(s) :<br \/>\n<\/strong>The Moongrel<\/p>\n<\/div>\n<\/div><\/div><\/div><div id=\"pgc-12750-1-1\"  class=\"panel-grid-cell\" ><div id=\"panel-12750-1-1-0\" class=\"so-panel widget widget_sow-editor panel-first-child panel-last-child\" data-index=\"4\" ><div\n\t\t\t\n\t\t\tclass=\"so-widget-sow-editor so-widget-sow-editor-base\"\n\t\t\t\n\t\t>\n<div class=\"siteorigin-widget-tinymce textwidget\">\n\t<p style=\"text-align: center;\"><strong>Illustrations :<br \/>\n<\/strong>Neri<br \/>\nAlexander Vasilyev<br \/>\nPutra Kristiawan<\/p>\n<\/div>\n<\/div><\/div><\/div><div id=\"pgc-12750-1-2\"  class=\"panel-grid-cell\" ><div id=\"panel-12750-1-2-0\" class=\"so-panel widget widget_sow-editor panel-first-child panel-last-child\" data-index=\"5\" ><div\n\t\t\t\n\t\t\tclass=\"so-widget-sow-editor so-widget-sow-editor-base\"\n\t\t\t\n\t\t>\n<div class=\"siteorigin-widget-tinymce textwidget\">\n\t<p style=\"text-align: center;\"><strong>\u00c9dition :<\/strong><br \/>\n<span class=\"data-siloing\" data-siloing=\"                                    https:\/\/www.philibertnet.com\/fr\/1411_don-t-panic-games\n                                \">Don't Panic Games<\/span><br \/>\n2023<\/p>\n<\/div>\n<\/div><\/div><\/div><div id=\"pgc-12750-1-3\"  class=\"panel-grid-cell\" ><div id=\"panel-12750-1-3-0\" class=\"so-panel widget widget_sow-editor panel-first-child panel-last-child\" data-index=\"6\" ><div\n\t\t\t\n\t\t\tclass=\"so-widget-sow-editor so-widget-sow-editor-base\"\n\t\t\t\n\t\t>\n<div class=\"siteorigin-widget-tinymce textwidget\">\n\t<p style=\"text-align: center;\"><strong>Version :<\/strong><br \/>\nFran\u00e7aise<\/p>\n<\/div>\n<\/div><\/div><\/div><\/div><div id=\"pg-12750-2\"  class=\"panel-grid panel-no-style\" ><div id=\"pgc-12750-2-0\"  class=\"panel-grid-cell\" ><div id=\"panel-12750-2-0-0\" class=\"so-panel widget widget_sow-editor panel-first-child panel-last-child\" data-index=\"7\" ><div\n\t\t\t\n\t\t\tclass=\"so-widget-sow-editor so-widget-sow-editor-base\"\n\t\t\t\n\t\t>\n<div class=\"siteorigin-widget-tinymce textwidget\">\n\t<hr \/>\n<p><em>Au d\u00e9but du XIXeme si\u00e8cle, le riche industriel Cornelius Rasslear ferme sa lucrative exploitation mini\u00e8re sur l'\u00eele de Mora \u00e0 la suite d'une s\u00e9rie de disparitions \u00e9tranges. L'\u00eele devient rapidement le sujet de l\u00e9gendes urbaines et d'histoires de fant\u00f4mes.<\/em><\/p>\n<p><em>Alors que vous \u00e9tiez venus sur cette \u00eele myst\u00e9rieuse pour chercher la gloire, la fortune et peut-\u00eatre le salut, votre bateau s\u2019est \u00e9chou\u00e9 sur les rochers d\u00e8s son arriv\u00e9e. Vous voil\u00e0 prisonniers de cet endroit lugubre. La malchance \u00e0 elle seule ne saurait cependant pas expliquer vos d\u00e9sagr\u00e9ments. Une force \u00e9trange vous emp\u00eache de partir... <\/em><\/p>\n<p>Dans ce jeu de survival horror coop\u00e9ratif dynamique, strat\u00e9gique et rythm\u00e9, explorez les nombreux lieux de l'\u00eele macabre de Mora. Affrontez ses cr\u00e9atures d\u00e9moniaques, d\u00e9couvrez ses secrets et tentez de vous en sortir vivant !<\/p>\n<p><em>Au C\u0153ur des T\u00e9n\u00e8bres<\/em> est un jeu au gameplay rapide, dynamique et plein de suspense. Il est rapide et facile \u00e0 apprendre, mais repr\u00e9sente un d\u00e9fi pour les joueurs exp\u00e9riment\u00e9s.<\/p>\n<p>Le jeu est plein de choix tactiques et de d\u00e9cisions difficiles qui peuvent vous punir ou vous tuer si vous ne jouez pas avec sagesse.<\/p>\n<\/div>\n<\/div><\/div><\/div><\/div><div id=\"pg-12750-3\"  class=\"panel-grid panel-no-style\" ><div id=\"pgc-12750-3-0\"  class=\"panel-grid-cell\" ><div id=\"panel-12750-3-0-0\" class=\"so-panel widget widget_sow-editor panel-first-child panel-last-child\" data-index=\"8\" ><div\n\t\t\t\n\t\t\tclass=\"so-widget-sow-editor so-widget-sow-editor-base\"\n\t\t\t\n\t\t>\n<div class=\"siteorigin-widget-tinymce textwidget\">\n\t<hr \/>\n<h3 style=\"text-align: center;\">En vid\u00e9o<\/h3>\n<p><a href=\"https:\/\/www.youtube.com\/watch?v=fhHdOR3-0rQ&amp;ab_channel=Don%27tPanicGames\" target=\"_blank\" rel=\"noopener\"><img loading=\"lazy\" decoding=\"async\" class=\"alignnone size-full wp-image-9090\" src=\"https:\/\/meeplendice.net\/wp-content\/uploads\/2022\/01\/Link_CJ_v2.png\" alt=\"\" width=\"200\" height=\"170\" \/><\/a><\/p>\n<\/div>\n<\/div><\/div><\/div><\/div><div id=\"pg-12750-4\"  class=\"panel-grid panel-no-style\" ><div id=\"pgc-12750-4-0\"  class=\"panel-grid-cell\" ><div id=\"panel-12750-4-0-0\" class=\"so-panel widget widget_sow-editor panel-first-child panel-last-child\" data-index=\"9\" ><div\n\t\t\t\n\t\t\tclass=\"so-widget-sow-editor so-widget-sow-editor-base\"\n\t\t\t\n\t\t>\n<div class=\"siteorigin-widget-tinymce textwidget\">\n\t<hr \/>\n<h3 style=\"text-align: center;\">Pour aller plus loin<\/h3>\n<\/div>\n<\/div><\/div><\/div><\/div><\/div>","protected":false},"excerpt":{"rendered":"<p>Nombre de joueurs : 2 &#8211; 5 Dur\u00e9e moyenne : 45 min Age : 14 ans et plus Auteur(s) : The Moongrel Illustrations : Neri Alexander Vasilyev Putra Kristiawan \u00c9dition : Don&rsquo;t Panic Games 2023 Version : Fran\u00e7aise<\/p>\n","protected":false},"author":2,"featured_media":12751,"parent":0,"menu_order":0,"comment_status":"closed","ping_status":"closed","template":"","meta":{"footnotes":""},"class_list":["post-12750","page","type-page","status-publish","has-post-thumbnail","hentry"],"acf":[],"rttpg_featured_image_url":{"full":["https:\/\/meeplendice.net\/wp-content\/uploads\/2024\/10\/Au_Coeur_des_Tenebres.png",350,350,false],"landscape":["https:\/\/meeplendice.net\/wp-content\/uploads\/2024\/10\/Au_Coeur_des_Tenebres.png",350,350,false],"portraits":["https:\/\/meeplendice.net\/wp-content\/uploads\/2024\/10\/Au_Coeur_des_Tenebres.png",350,350,false],"thumbnail":["https:\/\/meeplendice.net\/wp-content\/uploads\/2024\/10\/Au_Coeur_des_Tenebres-150x150.png",150,150,true],"medium":["https:\/\/meeplendice.net\/wp-content\/uploads\/2024\/10\/Au_Coeur_des_Tenebres-300x300.png",300,300,true],"large":["https:\/\/meeplendice.net\/wp-content\/uploads\/2024\/10\/Au_Coeur_des_Tenebres.png",350,350,false],"ug_big":["https:\/\/meeplendice.net\/wp-content\/uploads\/2024\/10\/Au_Coeur_des_Tenebres.png",350,350,false],"1536x1536":["https:\/\/meeplendice.net\/wp-content\/uploads\/2024\/10\/Au_Coeur_des_Tenebres.png",350,350,false],"2048x2048":["https:\/\/meeplendice.net\/wp-content\/uploads\/2024\/10\/Au_Coeur_des_Tenebres.png",350,350,false],"ashe-slider-grid-thumbnail":["https:\/\/meeplendice.net\/wp-content\/uploads\/2024\/10\/Au_Coeur_des_Tenebres.png",350,350,false],"ashe-full-thumbnail":["https:\/\/meeplendice.net\/wp-content\/uploads\/2024\/10\/Au_Coeur_des_Tenebres.png",350,350,false],"ashe-grid-thumbnail":["https:\/\/meeplendice.net\/wp-content\/uploads\/2024\/10\/Au_Coeur_des_Tenebres-350x330.png",350,330,true],"ashe-list-thumbnail":["https:\/\/meeplendice.net\/wp-content\/uploads\/2024\/10\/Au_Coeur_des_Tenebres-300x300.png",300,300,true],"ashe-single-navigation":["https:\/\/meeplendice.net\/wp-content\/uploads\/2024\/10\/Au_Coeur_des_Tenebres-75x75.png",75,75,true],"mailpoet_newsletter_max":["https:\/\/meeplendice.net\/wp-content\/uploads\/2024\/10\/Au_Coeur_des_Tenebres.png",350,350,false],"rpwe-thumbnail":["https:\/\/meeplendice.net\/wp-content\/uploads\/2024\/10\/Au_Coeur_des_Tenebres-45x45.png",45,45,true],"sow-carousel-default":["https:\/\/meeplendice.net\/wp-content\/uploads\/2024\/10\/Au_Coeur_des_Tenebres-272x182.png",272,182,true],"rt_custom":["https:\/\/meeplendice.net\/wp-content\/uploads\/2024\/10\/Au_Coeur_des_Tenebres.png",350,350,false]},"rttpg_author":{"display_name":"Karnby","author_link":"https:\/\/meeplendice.net\/?author=2"},"rttpg_comment":0,"rttpg_category":null,"rttpg_excerpt":"Nombre de joueurs : 2 - 5 Dur\u00e9e moyenne : 45 min Age : 14 ans et plus Auteur(s) : The Moongrel Illustrations : Neri Alexander Vasilyev Putra Kristiawan \u00c9dition : Don't Panic Games 2023 Version : Fran\u00e7aise","_links":{"self":[{"href":"https:\/\/meeplendice.net\/index.php?rest_route=\/wp\/v2\/pages\/12750","targetHints":{"allow":["GET"]}}],"collection":[{"href":"https:\/\/meeplendice.net\/index.php?rest_route=\/wp\/v2\/pages"}],"about":[{"href":"https:\/\/meeplendice.net\/index.php?rest_route=\/wp\/v2\/types\/page"}],"author":[{"embeddable":true,"href":"https:\/\/meeplendice.net\/index.php?rest_route=\/wp\/v2\/users\/2"}],"replies":[{"embeddable":true,"href":"https:\/\/meeplendice.net\/index.php?rest_route=%2Fwp%2Fv2%2Fcomments&post=12750"}],"version-history":[{"count":8,"href":"https:\/\/meeplendice.net\/index.php?rest_route=\/wp\/v2\/pages\/12750\/revisions"}],"predecessor-version":[{"id":12811,"href":"https:\/\/meeplendice.net\/index.php?rest_route=\/wp\/v2\/pages\/12750\/revisions\/12811"}],"wp:featuredmedia":[{"embeddable":true,"href":"https:\/\/meeplendice.net\/index.php?rest_route=\/wp\/v2\/media\/12751"}],"wp:attachment":[{"href":"https:\/\/meeplendice.net\/index.php?rest_route=%2Fwp%2Fv2%2Fmedia&parent=12750"}],"curies":[{"name":"wp","href":"https:\/\/api.w.org\/{rel}","templated":true}]}}