{"id":12769,"date":"2024-10-08T15:31:11","date_gmt":"2024-10-08T13:31:11","guid":{"rendered":"https:\/\/meeplendice.net\/?page_id=12769"},"modified":"2024-10-09T22:00:19","modified_gmt":"2024-10-09T20:00:19","slug":"inori-2","status":"publish","type":"page","link":"https:\/\/meeplendice.net\/?page_id=12769","title":{"rendered":"Inori"},"content":{"rendered":"<div id=\"pl-12769\"  class=\"panel-layout\" ><div id=\"pg-12769-0\"  class=\"panel-grid panel-no-style\" ><div id=\"pgc-12769-0-0\"  class=\"panel-grid-cell\" ><div id=\"panel-12769-0-0-0\" class=\"so-panel widget widget_sow-editor panel-first-child panel-last-child\" data-index=\"0\" ><div\n\t\t\t\n\t\t\tclass=\"so-widget-sow-editor so-widget-sow-editor-base\"\n\t\t\t\n\t\t>\n<div class=\"siteorigin-widget-tinymce textwidget\">\n\t<p style=\"text-align: center;\"><strong>Nombre de joueurs :<\/strong><br \/>\n2 - 4<\/p>\n<\/div>\n<\/div><\/div><\/div><div id=\"pgc-12769-0-1\"  class=\"panel-grid-cell\" ><div id=\"panel-12769-0-1-0\" class=\"so-panel widget widget_sow-editor panel-first-child panel-last-child\" data-index=\"1\" ><div\n\t\t\t\n\t\t\tclass=\"so-widget-sow-editor so-widget-sow-editor-base\"\n\t\t\t\n\t\t>\n<div class=\"siteorigin-widget-tinymce textwidget\">\n\t<p style=\"text-align: center;\"><strong>Dur\u00e9e moyenne :<\/strong><br \/>\n40 min<\/p>\n<\/div>\n<\/div><\/div><\/div><div id=\"pgc-12769-0-2\"  class=\"panel-grid-cell\" ><div id=\"panel-12769-0-2-0\" class=\"so-panel widget widget_sow-editor panel-first-child panel-last-child\" data-index=\"2\" ><div\n\t\t\t\n\t\t\tclass=\"so-widget-sow-editor so-widget-sow-editor-base\"\n\t\t\t\n\t\t>\n<div class=\"siteorigin-widget-tinymce textwidget\">\n\t<p style=\"text-align: center;\"><strong>Age :<\/strong><br \/>\n10 ans et plus<\/p>\n<\/div>\n<\/div><\/div><\/div><\/div><div id=\"pg-12769-1\"  class=\"panel-grid panel-no-style\" ><div id=\"pgc-12769-1-0\"  class=\"panel-grid-cell\" ><div id=\"panel-12769-1-0-0\" class=\"so-panel widget widget_sow-editor panel-first-child panel-last-child\" data-index=\"3\" ><div\n\t\t\t\n\t\t\tclass=\"so-widget-sow-editor so-widget-sow-editor-base\"\n\t\t\t\n\t\t>\n<div class=\"siteorigin-widget-tinymce textwidget\">\n\t<p style=\"text-align: center;\"><strong>Auteur(s) :<br \/>\n<\/strong><span class=\"data-siloing\" title=\"Voir tous les jeux\" data-siloing=\"https:\/\/www.philibertnet.com\/fr\/recherche?feature=31&amp;feature_value=Corentin Lebrat\"><span class=\"data-siloing\" title=\"D\u00e9couvrez tous ces jeux\" data-siloing=\"https:\/\/www.philibertnet.com\/fr\/recherche?feature=31&amp;feature_value=Th\u00e9o Riviere\">Th\u00e9o Riviere<br \/>\n<\/span>Mathieu Aubert<\/span><\/p>\n<\/div>\n<\/div><\/div><\/div><div id=\"pgc-12769-1-1\"  class=\"panel-grid-cell\" ><div id=\"panel-12769-1-1-0\" class=\"so-panel widget widget_sow-editor panel-first-child panel-last-child\" data-index=\"4\" ><div\n\t\t\t\n\t\t\tclass=\"so-widget-sow-editor so-widget-sow-editor-base\"\n\t\t\t\n\t\t>\n<div class=\"siteorigin-widget-tinymce textwidget\">\n\t<p style=\"text-align: center;\"><strong>Illustrations :<\/strong><br \/>\n<span class=\"data-siloing\" title=\"D\u00e9couvrez tous ces jeux\" data-siloing=\"https:\/\/www.philibertnet.com\/fr\/recherche?feature=41&amp;feature_value=Suzanne Demontrond\">Suzanne Demontrond<\/span><\/p>\n<\/div>\n<\/div><\/div><\/div><div id=\"pgc-12769-1-2\"  class=\"panel-grid-cell\" ><div id=\"panel-12769-1-2-0\" class=\"so-panel widget widget_sow-editor panel-first-child panel-last-child\" data-index=\"5\" ><div\n\t\t\t\n\t\t\tclass=\"so-widget-sow-editor so-widget-sow-editor-base\"\n\t\t\t\n\t\t>\n<div class=\"siteorigin-widget-tinymce textwidget\">\n\t<p style=\"text-align: center;\"><strong>\u00c9dition :<\/strong><br \/>\n<span class=\"data-siloing\" data-siloing=\"                                    https:\/\/www.philibertnet.com\/fr\/1012_space-cowboys\n                                \">Space Cowboys <\/span><br \/>\n2024<\/p>\n<\/div>\n<\/div><\/div><\/div><div id=\"pgc-12769-1-3\"  class=\"panel-grid-cell\" ><div id=\"panel-12769-1-3-0\" class=\"so-panel widget widget_sow-editor panel-first-child panel-last-child\" data-index=\"6\" ><div\n\t\t\t\n\t\t\tclass=\"so-widget-sow-editor so-widget-sow-editor-base\"\n\t\t\t\n\t\t>\n<div class=\"siteorigin-widget-tinymce textwidget\">\n\t<p style=\"text-align: center;\"><strong>Version :<\/strong><br \/>\nFran\u00e7aise<\/p>\n<\/div>\n<\/div><\/div><\/div><\/div><div id=\"pg-12769-2\"  class=\"panel-grid panel-no-style\" ><div id=\"pgc-12769-2-0\"  class=\"panel-grid-cell\" ><div id=\"panel-12769-2-0-0\" class=\"so-panel widget widget_sow-editor panel-first-child panel-last-child\" data-index=\"7\" ><div\n\t\t\t\n\t\t\tclass=\"so-widget-sow-editor so-widget-sow-editor-base\"\n\t\t\t\n\t\t>\n<div class=\"siteorigin-widget-tinymce textwidget\">\n\t<hr \/>\n<p><em>Dans la vall\u00e9e d'Inori, des villages construits sous les frondaisons d'un immense arbre sacr\u00e9 cohabitent avec des esprits bienveillants, mais jaloux. <\/em><em>Chaque ann\u00e9e, les chefs de village font des offrandes aux esprits et \u00e9l\u00e8vent des autels en leur honneurs dans le Grand Arbre. <\/em><\/p>\n<p><em>Accumulez le plus de faveurs des esprits pour \u00eatre d\u00e9sign\u00e9 Gardien du Grand Arbre \u00e0 la fin de l'ann\u00e9e.<\/em><\/p>\n<p><em>Dans Inori, <\/em>durant chacune des 4 saisons que dure la partie, les joueurs placent leurs marqueurs Offrande sur les cartes Esprit ou sur les autels du Grand Arbre. Ceci permet d\u2019activer des capacit\u00e9s, de gagner des points de victoire, de recevoir des pions Faveur. \u00c0 l\u2019issue d\u2019une saison, les cartes Esprit dont tous les emplacements ont \u00e9t\u00e9 remplis rapportent des points suppl\u00e9mentaires et sont remplac\u00e9es par de nouvelles cartes, offrant d\u2019autres possibilit\u00e9s.<\/p>\n<p>\u00c0 la fin de la partie, ce sont les offrandes plac\u00e9es sur l\u2019arbre et leur couleur qui offre un gain de points, en fonction des joueurs ayant le plus de faveurs de chaque couleur.<\/p>\n<p>Le gardien de l\u2019ann\u00e9e suivante est le joueur ayant le meilleur score.<\/p>\n<\/div>\n<\/div><\/div><\/div><\/div><div id=\"pg-12769-3\"  class=\"panel-grid panel-no-style\" ><div id=\"pgc-12769-3-0\"  class=\"panel-grid-cell\" ><div id=\"panel-12769-3-0-0\" class=\"so-panel widget widget_sow-editor panel-first-child panel-last-child\" data-index=\"8\" ><div\n\t\t\t\n\t\t\tclass=\"so-widget-sow-editor so-widget-sow-editor-base\"\n\t\t\t\n\t\t>\n<div class=\"siteorigin-widget-tinymce textwidget\">\n\t<hr \/>\n<h3 style=\"text-align: center;\">En vid\u00e9o<\/h3>\n<p><a href=\"https:\/\/www.youtube.com\/embed\/aOP34ZG4m4k\" target=\"_blank\" rel=\"noopener\"><img loading=\"lazy\" decoding=\"async\" class=\"alignnone size-full wp-image-9090\" src=\"https:\/\/meeplendice.net\/wp-content\/uploads\/2022\/01\/Link_CJ_v2.png\" alt=\"\" width=\"200\" height=\"170\" \/><\/a><\/p>\n<\/div>\n<\/div><\/div><\/div><\/div><div id=\"pg-12769-4\"  class=\"panel-grid panel-no-style\" ><div id=\"pgc-12769-4-0\"  class=\"panel-grid-cell\" ><div id=\"panel-12769-4-0-0\" class=\"so-panel widget widget_sow-editor panel-first-child panel-last-child\" data-index=\"9\" ><div\n\t\t\t\n\t\t\tclass=\"so-widget-sow-editor so-widget-sow-editor-base\"\n\t\t\t\n\t\t>\n<div class=\"siteorigin-widget-tinymce textwidget\">\n\t<hr \/>\n<h3 style=\"text-align: center;\">Pour aller plus loin<\/h3>\n<\/div>\n<\/div><\/div><\/div><\/div><\/div>","protected":false},"excerpt":{"rendered":"<p>Nombre de joueurs : 2 &#8211; 4 Dur\u00e9e moyenne : 40 min Age : 10 ans et plus Auteur(s) : Th\u00e9o Riviere Mathieu Aubert Illustrations : Suzanne Demontrond \u00c9dition : Space Cowboys 2024 Version : Fran\u00e7aise<\/p>\n","protected":false},"author":2,"featured_media":12767,"parent":0,"menu_order":0,"comment_status":"closed","ping_status":"closed","template":"","meta":{"footnotes":""},"class_list":["post-12769","page","type-page","status-publish","has-post-thumbnail","hentry"],"acf":[],"rttpg_featured_image_url":{"full":["https:\/\/meeplendice.net\/wp-content\/uploads\/2024\/10\/Inori.png",350,350,false],"landscape":["https:\/\/meeplendice.net\/wp-content\/uploads\/2024\/10\/Inori.png",350,350,false],"portraits":["https:\/\/meeplendice.net\/wp-content\/uploads\/2024\/10\/Inori.png",350,350,false],"thumbnail":["https:\/\/meeplendice.net\/wp-content\/uploads\/2024\/10\/Inori-150x150.png",150,150,true],"medium":["https:\/\/meeplendice.net\/wp-content\/uploads\/2024\/10\/Inori-300x300.png",300,300,true],"large":["https:\/\/meeplendice.net\/wp-content\/uploads\/2024\/10\/Inori.png",350,350,false],"ug_big":["https:\/\/meeplendice.net\/wp-content\/uploads\/2024\/10\/Inori.png",350,350,false],"1536x1536":["https:\/\/meeplendice.net\/wp-content\/uploads\/2024\/10\/Inori.png",350,350,false],"2048x2048":["https:\/\/meeplendice.net\/wp-content\/uploads\/2024\/10\/Inori.png",350,350,false],"ashe-slider-grid-thumbnail":["https:\/\/meeplendice.net\/wp-content\/uploads\/2024\/10\/Inori.png",350,350,false],"ashe-full-thumbnail":["https:\/\/meeplendice.net\/wp-content\/uploads\/2024\/10\/Inori.png",350,350,false],"ashe-grid-thumbnail":["https:\/\/meeplendice.net\/wp-content\/uploads\/2024\/10\/Inori-350x330.png",350,330,true],"ashe-list-thumbnail":["https:\/\/meeplendice.net\/wp-content\/uploads\/2024\/10\/Inori-300x300.png",300,300,true],"ashe-single-navigation":["https:\/\/meeplendice.net\/wp-content\/uploads\/2024\/10\/Inori-75x75.png",75,75,true],"mailpoet_newsletter_max":["https:\/\/meeplendice.net\/wp-content\/uploads\/2024\/10\/Inori.png",350,350,false],"rpwe-thumbnail":["https:\/\/meeplendice.net\/wp-content\/uploads\/2024\/10\/Inori-45x45.png",45,45,true],"sow-carousel-default":["https:\/\/meeplendice.net\/wp-content\/uploads\/2024\/10\/Inori-272x182.png",272,182,true],"rt_custom":["https:\/\/meeplendice.net\/wp-content\/uploads\/2024\/10\/Inori.png",350,350,false]},"rttpg_author":{"display_name":"Karnby","author_link":"https:\/\/meeplendice.net\/?author=2"},"rttpg_comment":0,"rttpg_category":null,"rttpg_excerpt":"Nombre de joueurs : 2 - 4 Dur\u00e9e moyenne : 40 min Age : 10 ans et plus Auteur(s) : Th\u00e9o Riviere Mathieu Aubert Illustrations : Suzanne Demontrond \u00c9dition : Space Cowboys 2024 Version : Fran\u00e7aise","_links":{"self":[{"href":"https:\/\/meeplendice.net\/index.php?rest_route=\/wp\/v2\/pages\/12769","targetHints":{"allow":["GET"]}}],"collection":[{"href":"https:\/\/meeplendice.net\/index.php?rest_route=\/wp\/v2\/pages"}],"about":[{"href":"https:\/\/meeplendice.net\/index.php?rest_route=\/wp\/v2\/types\/page"}],"author":[{"embeddable":true,"href":"https:\/\/meeplendice.net\/index.php?rest_route=\/wp\/v2\/users\/2"}],"replies":[{"embeddable":true,"href":"https:\/\/meeplendice.net\/index.php?rest_route=%2Fwp%2Fv2%2Fcomments&post=12769"}],"version-history":[{"count":4,"href":"https:\/\/meeplendice.net\/index.php?rest_route=\/wp\/v2\/pages\/12769\/revisions"}],"predecessor-version":[{"id":12781,"href":"https:\/\/meeplendice.net\/index.php?rest_route=\/wp\/v2\/pages\/12769\/revisions\/12781"}],"wp:featuredmedia":[{"embeddable":true,"href":"https:\/\/meeplendice.net\/index.php?rest_route=\/wp\/v2\/media\/12767"}],"wp:attachment":[{"href":"https:\/\/meeplendice.net\/index.php?rest_route=%2Fwp%2Fv2%2Fmedia&parent=12769"}],"curies":[{"name":"wp","href":"https:\/\/api.w.org\/{rel}","templated":true}]}}