{"id":12772,"date":"2024-10-08T15:42:02","date_gmt":"2024-10-08T13:42:02","guid":{"rendered":"https:\/\/meeplendice.net\/?page_id=12772"},"modified":"2024-10-09T22:08:10","modified_gmt":"2024-10-09T20:08:10","slug":"pyramido-2","status":"publish","type":"page","link":"https:\/\/meeplendice.net\/?page_id=12772","title":{"rendered":"Pyramido"},"content":{"rendered":"<div id=\"pl-12772\"  class=\"panel-layout\" ><div id=\"pg-12772-0\"  class=\"panel-grid panel-no-style\" ><div id=\"pgc-12772-0-0\"  class=\"panel-grid-cell\" ><div id=\"panel-12772-0-0-0\" class=\"so-panel widget widget_sow-editor panel-first-child panel-last-child\" data-index=\"0\" ><div\n\t\t\t\n\t\t\tclass=\"so-widget-sow-editor so-widget-sow-editor-base\"\n\t\t\t\n\t\t>\n<div class=\"siteorigin-widget-tinymce textwidget\">\n\t<p style=\"text-align: center;\"><strong>Nombre de joueurs :<\/strong><br \/>\n2 - 4<\/p>\n<\/div>\n<\/div><\/div><\/div><div id=\"pgc-12772-0-1\"  class=\"panel-grid-cell\" ><div id=\"panel-12772-0-1-0\" class=\"so-panel widget widget_sow-editor panel-first-child panel-last-child\" data-index=\"1\" ><div\n\t\t\t\n\t\t\tclass=\"so-widget-sow-editor so-widget-sow-editor-base\"\n\t\t\t\n\t\t>\n<div class=\"siteorigin-widget-tinymce textwidget\">\n\t<p style=\"text-align: center;\"><strong>Dur\u00e9e moyenne :<\/strong><br \/>\n45 min<\/p>\n<\/div>\n<\/div><\/div><\/div><div id=\"pgc-12772-0-2\"  class=\"panel-grid-cell\" ><div id=\"panel-12772-0-2-0\" class=\"so-panel widget widget_sow-editor panel-first-child panel-last-child\" data-index=\"2\" ><div\n\t\t\t\n\t\t\tclass=\"so-widget-sow-editor so-widget-sow-editor-base\"\n\t\t\t\n\t\t>\n<div class=\"siteorigin-widget-tinymce textwidget\">\n\t<p style=\"text-align: center;\"><strong>Age :<\/strong><br \/>\n8 ans et plus<\/p>\n<\/div>\n<\/div><\/div><\/div><\/div><div id=\"pg-12772-1\"  class=\"panel-grid panel-no-style\" ><div id=\"pgc-12772-1-0\"  class=\"panel-grid-cell\" ><div id=\"panel-12772-1-0-0\" class=\"so-panel widget widget_sow-editor panel-first-child panel-last-child\" data-index=\"3\" ><div\n\t\t\t\n\t\t\tclass=\"so-widget-sow-editor so-widget-sow-editor-base\"\n\t\t\t\n\t\t>\n<div class=\"siteorigin-widget-tinymce textwidget\">\n\t<p style=\"text-align: center;\"><strong>Auteur(s) :<br \/>\n<\/strong><span class=\"data-siloing\" title=\"D\u00e9couvrez tous ces jeux\" data-siloing=\"https:\/\/www.philibertnet.com\/fr\/recherche?feature=31&amp;feature_value=Ikwan Kwon\">Ikwan Kwon<\/span><\/p>\n<\/div>\n<\/div><\/div><\/div><div id=\"pgc-12772-1-1\"  class=\"panel-grid-cell\" ><div id=\"panel-12772-1-1-0\" class=\"so-panel widget widget_sow-editor panel-first-child panel-last-child\" data-index=\"4\" ><div\n\t\t\t\n\t\t\tclass=\"so-widget-sow-editor so-widget-sow-editor-base\"\n\t\t\t\n\t\t>\n<div class=\"siteorigin-widget-tinymce textwidget\">\n\t<p style=\"text-align: center;\"><strong>Illustrations :<\/strong><br \/>\n<span class=\"data-siloing\" title=\"D\u00e9couvrez tous ces jeux\" data-siloing=\"https:\/\/www.philibertnet.com\/fr\/recherche?feature=41&amp;feature_value=The Creation Studio\">The Creation Studio<\/span><\/p>\n<\/div>\n<\/div><\/div><\/div><div id=\"pgc-12772-1-2\"  class=\"panel-grid-cell\" ><div id=\"panel-12772-1-2-0\" class=\"so-panel widget widget_sow-editor panel-first-child panel-last-child\" data-index=\"5\" ><div\n\t\t\t\n\t\t\tclass=\"so-widget-sow-editor so-widget-sow-editor-base\"\n\t\t\t\n\t\t>\n<div class=\"siteorigin-widget-tinymce textwidget\">\n\t<p style=\"text-align: center;\"><strong>\u00c9dition :<\/strong><br \/>\n<span class=\"data-siloing\" data-siloing=\"                                    https:\/\/www.philibertnet.com\/fr\/2182_synapses-games\n                                \">Synapses Games<\/span><br \/>\n2023<\/p>\n<\/div>\n<\/div><\/div><\/div><div id=\"pgc-12772-1-3\"  class=\"panel-grid-cell\" ><div id=\"panel-12772-1-3-0\" class=\"so-panel widget widget_sow-editor panel-first-child panel-last-child\" data-index=\"6\" ><div\n\t\t\t\n\t\t\tclass=\"so-widget-sow-editor so-widget-sow-editor-base\"\n\t\t\t\n\t\t>\n<div class=\"siteorigin-widget-tinymce textwidget\">\n\t<p style=\"text-align: center;\"><strong>Version :<\/strong><br \/>\nFran\u00e7aise<\/p>\n<\/div>\n<\/div><\/div><\/div><\/div><div id=\"pg-12772-2\"  class=\"panel-grid panel-no-style\" ><div id=\"pgc-12772-2-0\"  class=\"panel-grid-cell\" ><div id=\"panel-12772-2-0-0\" class=\"so-panel widget widget_sow-editor panel-first-child panel-last-child\" data-index=\"7\" ><div\n\t\t\t\n\t\t\tclass=\"so-widget-sow-editor so-widget-sow-editor-base\"\n\t\t\t\n\t\t>\n<div class=\"siteorigin-widget-tinymce textwidget\">\n\t<hr \/>\n<p><em>Construisez la plus belle pyramide avec des dominos !<\/em><\/p>\n<p><em>Le grand pharaon Mino est mort et le tr\u00f4ne revient \u00e0 son fils ain\u00e9 : le pharaon Mido. Mido, insatisfait de l\u2019apparence simpliste de la pyramide dans laquelle son p\u00e8re a \u00e9t\u00e9 enterr\u00e9, se soucie de son propre h\u00e9ritage. Il souhaite que son tombeau refl\u00e8te parfaitement sa majest\u00e9 et a d\u00e9cr\u00e9t\u00e9 que architectes doivent construire des pyramides incrust\u00e9es de bijoux.<\/em><\/p>\n<p><em>L'architecte qui construira la pyramide la plus impressionnante sera nomm\u00e9 Vizir et disposera de richesse et de pouvoir inimaginable.<\/em><\/p>\n<p>Dans <em><span class=\"style-client-colored-text\">Pyramido<\/span><\/em>, chaque joueur utilise des tuiles\/dominos pour constituer sa propre pyramide. Elle sera compos\u00e9e de 20 dominos r\u00e9partis sur 4 \u00e9tages et les marqueurs Bijou qui seront plac\u00e9s rapporte des Points de Prestige qui d\u00e9termineront l'architecte gagnant.<br \/>\nLes tuiles\/dominos sont choisis \u00e0 chaque tour parmi un tirage de tuiles propos\u00e9 \u00e0 chaque joueur dans la zone Carri\u00e8re. Soyez malin pour choisir les dominos qui valorisent votre pyramide et peut-\u00eatre m\u00eame que vous les choisirez au d\u00e9triment de vos adversaires.<\/p>\n<\/div>\n<\/div><\/div><\/div><\/div><div id=\"pg-12772-3\"  class=\"panel-grid panel-no-style\" ><div id=\"pgc-12772-3-0\"  class=\"panel-grid-cell\" ><div id=\"panel-12772-3-0-0\" class=\"so-panel widget widget_sow-editor panel-first-child panel-last-child\" data-index=\"8\" ><div\n\t\t\t\n\t\t\tclass=\"so-widget-sow-editor so-widget-sow-editor-base\"\n\t\t\t\n\t\t>\n<div class=\"siteorigin-widget-tinymce textwidget\">\n\t<hr \/>\n<h3 style=\"text-align: center;\">En vid\u00e9o<\/h3>\n<p><a href=\"https:\/\/www.youtube.com\/watch?v=hcU7zySQ--M\" target=\"_blank\" rel=\"noopener\"><img loading=\"lazy\" decoding=\"async\" class=\"alignnone size-full wp-image-9090\" src=\"https:\/\/meeplendice.net\/wp-content\/uploads\/2022\/01\/Link_CJ_v2.png\" alt=\"\" width=\"200\" height=\"170\" \/><\/a><\/p>\n<\/div>\n<\/div><\/div><\/div><\/div><div id=\"pg-12772-4\"  class=\"panel-grid panel-no-style\" ><div id=\"pgc-12772-4-0\"  class=\"panel-grid-cell\" ><div id=\"panel-12772-4-0-0\" class=\"so-panel widget widget_sow-editor panel-first-child panel-last-child\" data-index=\"9\" ><div\n\t\t\t\n\t\t\tclass=\"so-widget-sow-editor so-widget-sow-editor-base\"\n\t\t\t\n\t\t>\n<div class=\"siteorigin-widget-tinymce textwidget\">\n\t<hr \/>\n<h3 style=\"text-align: center;\">Pour aller plus loin<\/h3>\n<\/div>\n<\/div><\/div><\/div><\/div><\/div>","protected":false},"excerpt":{"rendered":"<p>Nombre de joueurs : 2 &#8211; 4 Dur\u00e9e moyenne : 45 min Age : 8 ans et plus Auteur(s) : Ikwan Kwon Illustrations : The Creation Studio \u00c9dition : Synapses Games 2023 Version : Fran\u00e7aise<\/p>\n","protected":false},"author":2,"featured_media":12766,"parent":0,"menu_order":0,"comment_status":"closed","ping_status":"closed","template":"","meta":{"footnotes":""},"class_list":["post-12772","page","type-page","status-publish","has-post-thumbnail","hentry"],"acf":[],"rttpg_featured_image_url":{"full":["https:\/\/meeplendice.net\/wp-content\/uploads\/2024\/10\/Pyramido.png",350,350,false],"landscape":["https:\/\/meeplendice.net\/wp-content\/uploads\/2024\/10\/Pyramido.png",350,350,false],"portraits":["https:\/\/meeplendice.net\/wp-content\/uploads\/2024\/10\/Pyramido.png",350,350,false],"thumbnail":["https:\/\/meeplendice.net\/wp-content\/uploads\/2024\/10\/Pyramido-150x150.png",150,150,true],"medium":["https:\/\/meeplendice.net\/wp-content\/uploads\/2024\/10\/Pyramido-300x300.png",300,300,true],"large":["https:\/\/meeplendice.net\/wp-content\/uploads\/2024\/10\/Pyramido.png",350,350,false],"ug_big":["https:\/\/meeplendice.net\/wp-content\/uploads\/2024\/10\/Pyramido.png",350,350,false],"1536x1536":["https:\/\/meeplendice.net\/wp-content\/uploads\/2024\/10\/Pyramido.png",350,350,false],"2048x2048":["https:\/\/meeplendice.net\/wp-content\/uploads\/2024\/10\/Pyramido.png",350,350,false],"ashe-slider-grid-thumbnail":["https:\/\/meeplendice.net\/wp-content\/uploads\/2024\/10\/Pyramido.png",350,350,false],"ashe-full-thumbnail":["https:\/\/meeplendice.net\/wp-content\/uploads\/2024\/10\/Pyramido.png",350,350,false],"ashe-grid-thumbnail":["https:\/\/meeplendice.net\/wp-content\/uploads\/2024\/10\/Pyramido-350x330.png",350,330,true],"ashe-list-thumbnail":["https:\/\/meeplendice.net\/wp-content\/uploads\/2024\/10\/Pyramido-300x300.png",300,300,true],"ashe-single-navigation":["https:\/\/meeplendice.net\/wp-content\/uploads\/2024\/10\/Pyramido-75x75.png",75,75,true],"mailpoet_newsletter_max":["https:\/\/meeplendice.net\/wp-content\/uploads\/2024\/10\/Pyramido.png",350,350,false],"rpwe-thumbnail":["https:\/\/meeplendice.net\/wp-content\/uploads\/2024\/10\/Pyramido-45x45.png",45,45,true],"sow-carousel-default":["https:\/\/meeplendice.net\/wp-content\/uploads\/2024\/10\/Pyramido-272x182.png",272,182,true],"rt_custom":["https:\/\/meeplendice.net\/wp-content\/uploads\/2024\/10\/Pyramido.png",350,350,false]},"rttpg_author":{"display_name":"Karnby","author_link":"https:\/\/meeplendice.net\/?author=2"},"rttpg_comment":0,"rttpg_category":null,"rttpg_excerpt":"Nombre de joueurs : 2 - 4 Dur\u00e9e moyenne : 45 min Age : 8 ans et plus Auteur(s) : Ikwan Kwon Illustrations : The Creation Studio \u00c9dition : Synapses Games 2023 Version : Fran\u00e7aise","_links":{"self":[{"href":"https:\/\/meeplendice.net\/index.php?rest_route=\/wp\/v2\/pages\/12772","targetHints":{"allow":["GET"]}}],"collection":[{"href":"https:\/\/meeplendice.net\/index.php?rest_route=\/wp\/v2\/pages"}],"about":[{"href":"https:\/\/meeplendice.net\/index.php?rest_route=\/wp\/v2\/types\/page"}],"author":[{"embeddable":true,"href":"https:\/\/meeplendice.net\/index.php?rest_route=\/wp\/v2\/users\/2"}],"replies":[{"embeddable":true,"href":"https:\/\/meeplendice.net\/index.php?rest_route=%2Fwp%2Fv2%2Fcomments&post=12772"}],"version-history":[{"count":5,"href":"https:\/\/meeplendice.net\/index.php?rest_route=\/wp\/v2\/pages\/12772\/revisions"}],"predecessor-version":[{"id":12782,"href":"https:\/\/meeplendice.net\/index.php?rest_route=\/wp\/v2\/pages\/12772\/revisions\/12782"}],"wp:featuredmedia":[{"embeddable":true,"href":"https:\/\/meeplendice.net\/index.php?rest_route=\/wp\/v2\/media\/12766"}],"wp:attachment":[{"href":"https:\/\/meeplendice.net\/index.php?rest_route=%2Fwp%2Fv2%2Fmedia&parent=12772"}],"curies":[{"name":"wp","href":"https:\/\/api.w.org\/{rel}","templated":true}]}}