{"id":12783,"date":"2024-10-09T22:14:38","date_gmt":"2024-10-09T20:14:38","guid":{"rendered":"https:\/\/meeplendice.net\/?page_id=12783"},"modified":"2025-12-06T01:37:16","modified_gmt":"2025-12-05T23:37:16","slug":"le-seigneur-des-anneaux-duel-pour-la-terre-du-milieu","status":"publish","type":"page","link":"https:\/\/meeplendice.net\/?page_id=12783","title":{"rendered":"Le Seigneur des Anneaux : Duel pour la Terre du Milieu"},"content":{"rendered":"<div id=\"pl-12783\"  class=\"panel-layout\" ><div id=\"pg-12783-0\"  class=\"panel-grid panel-no-style\" ><div id=\"pgc-12783-0-0\"  class=\"panel-grid-cell\" ><div id=\"panel-12783-0-0-0\" class=\"so-panel widget widget_sow-editor panel-first-child panel-last-child\" data-index=\"0\" ><div\n\t\t\t\n\t\t\tclass=\"so-widget-sow-editor so-widget-sow-editor-base\"\n\t\t\t\n\t\t>\n<div class=\"siteorigin-widget-tinymce textwidget\">\n\t<p style=\"text-align: center;\"><strong>Nombre de joueurs :<\/strong><br \/>\n2 - 2<\/p>\n<\/div>\n<\/div><\/div><\/div><div id=\"pgc-12783-0-1\"  class=\"panel-grid-cell\" ><div id=\"panel-12783-0-1-0\" class=\"so-panel widget widget_sow-editor panel-first-child panel-last-child\" data-index=\"1\" ><div\n\t\t\t\n\t\t\tclass=\"so-widget-sow-editor so-widget-sow-editor-base\"\n\t\t\t\n\t\t>\n<div class=\"siteorigin-widget-tinymce textwidget\">\n\t<p style=\"text-align: center;\"><strong>Dur\u00e9e moyenne :<\/strong><br \/>\n30 min<\/p>\n<\/div>\n<\/div><\/div><\/div><div id=\"pgc-12783-0-2\"  class=\"panel-grid-cell\" ><div id=\"panel-12783-0-2-0\" class=\"so-panel widget widget_sow-editor panel-first-child panel-last-child\" data-index=\"2\" ><div\n\t\t\t\n\t\t\tclass=\"so-widget-sow-editor so-widget-sow-editor-base\"\n\t\t\t\n\t\t>\n<div class=\"siteorigin-widget-tinymce textwidget\">\n\t<p style=\"text-align: center;\"><strong>Age :<\/strong><br \/>\n10 ans et plus<\/p>\n<\/div>\n<\/div><\/div><\/div><\/div><div id=\"pg-12783-1\"  class=\"panel-grid panel-no-style\" ><div id=\"pgc-12783-1-0\"  class=\"panel-grid-cell\" ><div id=\"panel-12783-1-0-0\" class=\"so-panel widget widget_sow-editor panel-first-child panel-last-child\" data-index=\"3\" ><div\n\t\t\t\n\t\t\tclass=\"so-widget-sow-editor so-widget-sow-editor-base\"\n\t\t\t\n\t\t>\n<div class=\"siteorigin-widget-tinymce textwidget\">\n\t<p style=\"text-align: center;\"><strong>Auteur(s) :<br \/>\n<\/strong><span class=\"data-siloing\" title=\"Voir tous les jeux\" data-siloing=\"https:\/\/www.philibertnet.com\/fr\/recherche?feature=31&amp;feature_value=Antoine Bauza\">Antoine Bauza<br \/>\nBruno Cathala<br \/>\n<\/span><\/p>\n<\/div>\n<\/div><\/div><\/div><div id=\"pgc-12783-1-1\"  class=\"panel-grid-cell\" ><div id=\"panel-12783-1-1-0\" class=\"so-panel widget widget_sow-editor panel-first-child panel-last-child\" data-index=\"4\" ><div\n\t\t\t\n\t\t\tclass=\"so-widget-sow-editor so-widget-sow-editor-base\"\n\t\t\t\n\t\t>\n<div class=\"siteorigin-widget-tinymce textwidget\">\n\t<p style=\"text-align: center;\"><strong>Illustrations :<\/strong><br \/>\n<span class=\"data-siloing\" title=\"D\u00e9couvrez tous ces jeux\" data-siloing=\"https:\/\/www.philibertnet.com\/fr\/recherche?feature=41&amp;feature_value=Jiahui Eva Gao\">Vincent Dutrait<\/span><\/p>\n<\/div>\n<\/div><\/div><\/div><div id=\"pgc-12783-1-2\"  class=\"panel-grid-cell\" ><div id=\"panel-12783-1-2-0\" class=\"so-panel widget widget_sow-editor panel-first-child panel-last-child\" data-index=\"5\" ><div\n\t\t\t\n\t\t\tclass=\"so-widget-sow-editor so-widget-sow-editor-base\"\n\t\t\t\n\t\t>\n<div class=\"siteorigin-widget-tinymce textwidget\">\n\t<p style=\"text-align: center;\"><strong>\u00c9dition :<\/strong><br \/>\n<span class=\"data-siloing\" data-siloing=\"                                    https:\/\/www.philibertnet.com\/fr\/88_repos-production\n                                \">Repos Production<\/span><br \/>\n2024<\/p>\n<\/div>\n<\/div><\/div><\/div><div id=\"pgc-12783-1-3\"  class=\"panel-grid-cell\" ><div id=\"panel-12783-1-3-0\" class=\"so-panel widget widget_sow-editor panel-first-child panel-last-child\" data-index=\"6\" ><div\n\t\t\t\n\t\t\tclass=\"so-widget-sow-editor so-widget-sow-editor-base\"\n\t\t\t\n\t\t>\n<div class=\"siteorigin-widget-tinymce textwidget\">\n\t<p style=\"text-align: center;\"><strong>Version :<\/strong><br \/>\nFran\u00e7aise<\/p>\n<\/div>\n<\/div><\/div><\/div><\/div><div id=\"pg-12783-2\"  class=\"panel-grid panel-no-style\" ><div id=\"pgc-12783-2-0\"  class=\"panel-grid-cell\" ><div id=\"panel-12783-2-0-0\" class=\"so-panel widget widget_sow-editor panel-first-child panel-last-child\" data-index=\"7\" ><div\n\t\t\t\n\t\t\tclass=\"so-widget-sow-editor so-widget-sow-editor-base\"\n\t\t\t\n\t\t>\n<div class=\"siteorigin-widget-tinymce textwidget\">\n\t<hr \/>\n<p><em>Incarnerez-vous la Communaut\u00e9 de l'Anneau, pour d\u00e9fendre les peuples libres et d\u00e9truire l'Anneau ? Ou incarnerez-vous Sauron, pour partir \u00e0 la poursuite de Frodon et Sam, tout en d\u00e9versant vos hordes aux portes des cit\u00e9s adverses ?<\/em><\/p>\n<p><em>Le destin de la Terre du Milieu est entre vos mains !<\/em><\/p>\n<p>Dans <em><span class=\"style-client-colored-text\">Le Seigneur des Anneaux : Duel pour la Terre du Milieu<\/span><\/em>, vous devrez choisir votre camp : incarnez la Communaut\u00e9 de l'Anneau, rassemblez vous \u00e0 Fondcombe, emp\u00eachez l'Ennemi de gagner du terrain et d\u00e9truisez l'Anneau Unique, ou incarnez Sauron et envoyez vos Nazg\u00fbls apr\u00e8s Sam et Frodon, r\u00e9partissant vos hordes sur les villes ennemies.<\/p>\n<p>Inspir\u00e9 du <em>7 Wonders Duel<\/em>, ce jeu b\u00e9n\u00e9ficie d'une v\u00e9ritable refonte du concept, avec des m\u00e9caniques et des cartes uniques.<\/p>\n<p>Le destin de la Terre du Milieu est entre vos mains ! Choisirez-vous le camp des Peuples Libres ou celui des Arm\u00e9es du Mordor ? Quel r\u00f4le jouerez-vous dans le destin des Hommes ?<\/p>\n<\/div>\n<\/div><\/div><\/div><\/div><div id=\"pg-12783-3\"  class=\"panel-grid panel-no-style\" ><div id=\"pgc-12783-3-0\"  class=\"panel-grid-cell\" ><div id=\"panel-12783-3-0-0\" class=\"so-panel widget widget_sow-editor panel-first-child panel-last-child\" data-index=\"8\" ><div\n\t\t\t\n\t\t\tclass=\"so-widget-sow-editor so-widget-sow-editor-base\"\n\t\t\t\n\t\t>\n<div class=\"siteorigin-widget-tinymce textwidget\">\n\t<hr \/>\n<h3 style=\"text-align: center;\">En vid\u00e9o<\/h3>\n<p><a href=\"https:\/\/www.youtube.com\/watch?v=RrSHg19mg-8&amp;ab_channel=Jevousexpliquelesr%C3%A8gles\" target=\"_blank\" rel=\"noopener\"><img loading=\"lazy\" decoding=\"async\" class=\"alignnone size-full wp-image-9090\" src=\"https:\/\/meeplendice.net\/wp-content\/uploads\/2022\/01\/Link_CJ_v2.png\" alt=\"\" width=\"200\" height=\"170\" \/><\/a><\/p>\n<\/div>\n<\/div><\/div><\/div><\/div><div id=\"pg-12783-4\"  class=\"panel-grid panel-no-style\" ><div id=\"pgc-12783-4-0\"  class=\"panel-grid-cell\" ><div id=\"panel-12783-4-0-0\" class=\"so-panel widget widget_sow-editor panel-first-child panel-last-child\" data-index=\"9\" ><div\n\t\t\t\n\t\t\tclass=\"so-widget-sow-editor so-widget-sow-editor-base\"\n\t\t\t\n\t\t>\n<div class=\"siteorigin-widget-tinymce textwidget\">\n\t<hr \/>\n<h3 style=\"text-align: center;\">Extension(s)<\/h3>\n<style type='text\/css' media='all'>#rt-tpg-container-546552166 .read-more a{border-radius:px;}#rt-tpg-container-546552166 .rt-img-holder img.rt-img-responsive,#rt-tpg-container-546552166 .rt-img-holder,\n\t\t\t\t\t#rt-tpg-container-546552166 .rt-post-overlay .post-img,\n\t\t\t\t\t#rt-tpg-container-546552166 .post-sm .post-img,\n\t\t\t\t\t#rt-tpg-container-546552166 .rt-post-grid .post-img,\n\t\t\t\t\t#rt-tpg-container-546552166 .post-img img {border-radius:px;}#rt-tpg-container-546552166 .layout9 .rt-holder h2.entry-title,\n\t\t\t\t\t#rt-tpg-container-546552166 .layout9 .rt-holder h3.entry-title,\n\t\t\t\t\t#rt-tpg-container-546552166 .layout9 .rt-holder h4.entry-title,\n\t\t\t\t\t#rt-tpg-container-546552166 .layout9 .rt-holder h2.entry-title a,\n\t\t\t\t\t#rt-tpg-container-546552166 .layout9 .rt-holder h3.entry-title a,\n\t\t\t\t\t#rt-tpg-container-546552166 .layout9 .rt-holder h4.entry-title a,\n\t\t\t\t\t#rt-tpg-container-546552166 .rt-holder .rt-woo-info h2 a,\n\t\t\t\t\t#rt-tpg-container-546552166 .rt-holder .rt-woo-info h3 a,\n\t\t\t\t\t#rt-tpg-container-546552166 .rt-holder .rt-woo-info h4 a,\n\t\t\t\t\t#rt-tpg-container-546552166 .post-content .post-title,\n\t\t\t\t\t#rt-tpg-container-546552166 .rt-post-grid .post-title,\n\t\t\t\t\t#rt-tpg-container-546552166 .rt-post-grid .post-title a,\n\t\t\t\t\t#rt-tpg-container-546552166 .post-content .post-title a,\n\t\t\t\t\t#rt-tpg-container-546552166 .rt-holder .rt-woo-info h2,\n\t\t\t\t\t#rt-tpg-container-546552166 .rt-holder .rt-woo-info h3,\n\t\t\t\t\t#rt-tpg-container-546552166 .rt-holder .rt-woo-info h4{font-size:16px;line-height:26px;font-weight:normal;text-align:center;}#rt-tpg-container-546552166 .post-grid-lg-style-1 .post-title,\n\t\t\t\t\t\t#rt-tpg-container-546552166 .post-grid-lg-style-1 .post-title a,\n\t\t\t\t\t\t#rt-tpg-container-546552166 .big-layout .post-title,\n\t\t\t\t\t\t#rt-tpg-container-546552166 .big-layout .post-title a,\n\t\t\t\t\t\t#rt-tpg-container-546552166 .post-grid-lg-style-1 .post-title,\n\t\t\t\t\t\t#rt-tpg-container-546552166 .post-grid-lg-style-1 .post-title a {font-size:24px;line-height:34px;}<\/style><div class='rt-container-fluid rt-tpg-container tpg-shortcode-main-wrapper ' id='rt-tpg-container-546552166'   data-layout='layout9' data-grid-style='masonry' data-desktop-col='3'  data-tab-col='2'  data-mobile-col='1' data-sc-id='13665'><div data-title='Loading ...' class='rt-row rt-content-loader   layout9 tpg-masonry '><div class=\"rt-col-md-4 rt-col-sm-6 rt-col-xs-12 masonry-grid-item rt-grid-item img_zoom_in\" data-id=\"13662\"><div class=\"rt-holder\"><div class='overlay'><a data-id='13662' class=' tpg-single-popup' href='https:\/\/meeplendice.net\/?page_id=13662'><img loading=\"lazy\" decoding=\"async\" width=\"350\" height=\"350\" src=\"https:\/\/meeplendice.net\/wp-content\/uploads\/2025\/12\/SDA_Duel_Allies.png\" class=\"rt-img-responsive \" alt=\"\" \/><\/a><\/div><div class='post-info'><h3 class=\"entry-title\"><a data-id=\"13662\" class=\" tpg-single-popup\" href=\"https:\/\/meeplendice.net\/?page_id=13662\">Alli\u00e9s<\/a><\/h3><div class='post-meta-user '><\/div><\/div><\/div><\/div><\/div><div class='rt-pagination-wrap' data-total-pages='1' data-posts-per-page='3' data-type='pagination_ajax'  ><div class='rt-page-numbers'><\/div><\/div><\/div>\n<\/div>\n<\/div><\/div><\/div><\/div><div id=\"pg-12783-5\"  class=\"panel-grid panel-no-style\" ><div id=\"pgc-12783-5-0\"  class=\"panel-grid-cell\" ><div id=\"panel-12783-5-0-0\" class=\"so-panel widget widget_sow-editor panel-first-child panel-last-child\" data-index=\"10\" ><div\n\t\t\t\n\t\t\tclass=\"so-widget-sow-editor so-widget-sow-editor-base\"\n\t\t\t\n\t\t>\n<div class=\"siteorigin-widget-tinymce textwidget\">\n\t<hr \/>\n<h3 style=\"text-align: center;\">Pour aller plus loin<\/h3>\n<\/div>\n<\/div><\/div><\/div><\/div><\/div>","protected":false},"excerpt":{"rendered":"<p>Nombre de joueurs : 2 &#8211; 2 Dur\u00e9e moyenne : 30 min Age : 10 ans et plus Auteur(s) : Antoine Bauza Bruno Cathala Illustrations : Vincent Dutrait \u00c9dition : Repos Production 2024 Version : Fran\u00e7aise<\/p>\n","protected":false},"author":2,"featured_media":12765,"parent":0,"menu_order":0,"comment_status":"closed","ping_status":"closed","template":"","meta":{"footnotes":""},"class_list":["post-12783","page","type-page","status-publish","has-post-thumbnail","hentry"],"acf":[],"rttpg_featured_image_url":{"full":["https:\/\/meeplendice.net\/wp-content\/uploads\/2024\/10\/LotR_Duel.png",350,350,false],"landscape":["https:\/\/meeplendice.net\/wp-content\/uploads\/2024\/10\/LotR_Duel.png",350,350,false],"portraits":["https:\/\/meeplendice.net\/wp-content\/uploads\/2024\/10\/LotR_Duel.png",350,350,false],"thumbnail":["https:\/\/meeplendice.net\/wp-content\/uploads\/2024\/10\/LotR_Duel-150x150.png",150,150,true],"medium":["https:\/\/meeplendice.net\/wp-content\/uploads\/2024\/10\/LotR_Duel-300x300.png",300,300,true],"large":["https:\/\/meeplendice.net\/wp-content\/uploads\/2024\/10\/LotR_Duel.png",350,350,false],"ug_big":["https:\/\/meeplendice.net\/wp-content\/uploads\/2024\/10\/LotR_Duel.png",350,350,false],"1536x1536":["https:\/\/meeplendice.net\/wp-content\/uploads\/2024\/10\/LotR_Duel.png",350,350,false],"2048x2048":["https:\/\/meeplendice.net\/wp-content\/uploads\/2024\/10\/LotR_Duel.png",350,350,false],"ashe-slider-grid-thumbnail":["https:\/\/meeplendice.net\/wp-content\/uploads\/2024\/10\/LotR_Duel.png",350,350,false],"ashe-full-thumbnail":["https:\/\/meeplendice.net\/wp-content\/uploads\/2024\/10\/LotR_Duel.png",350,350,false],"ashe-grid-thumbnail":["https:\/\/meeplendice.net\/wp-content\/uploads\/2024\/10\/LotR_Duel-350x330.png",350,330,true],"ashe-list-thumbnail":["https:\/\/meeplendice.net\/wp-content\/uploads\/2024\/10\/LotR_Duel-300x300.png",300,300,true],"ashe-single-navigation":["https:\/\/meeplendice.net\/wp-content\/uploads\/2024\/10\/LotR_Duel-75x75.png",75,75,true],"mailpoet_newsletter_max":["https:\/\/meeplendice.net\/wp-content\/uploads\/2024\/10\/LotR_Duel.png",350,350,false],"rpwe-thumbnail":["https:\/\/meeplendice.net\/wp-content\/uploads\/2024\/10\/LotR_Duel-45x45.png",45,45,true],"sow-carousel-default":["https:\/\/meeplendice.net\/wp-content\/uploads\/2024\/10\/LotR_Duel-272x182.png",272,182,true],"rt_custom":["https:\/\/meeplendice.net\/wp-content\/uploads\/2024\/10\/LotR_Duel.png",350,350,false]},"rttpg_author":{"display_name":"Karnby","author_link":"https:\/\/meeplendice.net\/?author=2"},"rttpg_comment":0,"rttpg_category":null,"rttpg_excerpt":"Nombre de joueurs : 2 - 2 Dur\u00e9e moyenne : 30 min Age : 10 ans et plus Auteur(s) : Antoine Bauza Bruno Cathala Illustrations : Vincent Dutrait \u00c9dition : Repos Production 2024 Version : Fran\u00e7aise","_links":{"self":[{"href":"https:\/\/meeplendice.net\/index.php?rest_route=\/wp\/v2\/pages\/12783","targetHints":{"allow":["GET"]}}],"collection":[{"href":"https:\/\/meeplendice.net\/index.php?rest_route=\/wp\/v2\/pages"}],"about":[{"href":"https:\/\/meeplendice.net\/index.php?rest_route=\/wp\/v2\/types\/page"}],"author":[{"embeddable":true,"href":"https:\/\/meeplendice.net\/index.php?rest_route=\/wp\/v2\/users\/2"}],"replies":[{"embeddable":true,"href":"https:\/\/meeplendice.net\/index.php?rest_route=%2Fwp%2Fv2%2Fcomments&post=12783"}],"version-history":[{"count":4,"href":"https:\/\/meeplendice.net\/index.php?rest_route=\/wp\/v2\/pages\/12783\/revisions"}],"predecessor-version":[{"id":13666,"href":"https:\/\/meeplendice.net\/index.php?rest_route=\/wp\/v2\/pages\/12783\/revisions\/13666"}],"wp:featuredmedia":[{"embeddable":true,"href":"https:\/\/meeplendice.net\/index.php?rest_route=\/wp\/v2\/media\/12765"}],"wp:attachment":[{"href":"https:\/\/meeplendice.net\/index.php?rest_route=%2Fwp%2Fv2%2Fmedia&parent=12783"}],"curies":[{"name":"wp","href":"https:\/\/api.w.org\/{rel}","templated":true}]}}