{"id":12794,"date":"2024-10-10T15:23:38","date_gmt":"2024-10-10T13:23:38","guid":{"rendered":"https:\/\/meeplendice.net\/?page_id=12794"},"modified":"2024-10-10T15:32:33","modified_gmt":"2024-10-10T13:32:33","slug":"ze-pack-01","status":"publish","type":"page","link":"https:\/\/meeplendice.net\/?page_id=12794","title":{"rendered":"Ze Pack 01 : Dylan"},"content":{"rendered":"<p><em>Chasseur de zombies qualifi\u00e9 !<\/em><\/p>\n<p>Derri\u00e8re ses airs de bad boy aux v\u00eatement d\u00e9chir\u00e9s, Dylan cache un grand c\u0153ur. Il est toujours volontaire et efficace, m\u00eame dans les situations les plus difficiles. Mais sera-t-il aussi h\u00e9ro\u00efque face \u00e0 votre horde ?<span id=\"result_box\" class=\"\" lang=\"fr\"><span class=\"\">\u00a0<\/span><\/span><\/p>\n","protected":false},"excerpt":{"rendered":"<p>Chasseur de zombies qualifi\u00e9 ! Derri\u00e8re ses airs de bad boy aux v\u00eatement d\u00e9chir\u00e9s, Dylan cache un grand c\u0153ur. Il est toujours volontaire et efficace, m\u00eame dans les situations les plus difficiles. Mais sera-t-il aussi h\u00e9ro\u00efque face \u00e0 votre horde ?\u00a0<\/p>\n","protected":false},"author":2,"featured_media":12797,"parent":12724,"menu_order":1,"comment_status":"closed","ping_status":"closed","template":"","meta":{"footnotes":""},"class_list":["post-12794","page","type-page","status-publish","has-post-thumbnail","hentry"],"acf":[],"rttpg_featured_image_url":{"full":["https:\/\/meeplendice.net\/wp-content\/uploads\/2024\/10\/EZA_Dylan.png",350,350,false],"landscape":["https:\/\/meeplendice.net\/wp-content\/uploads\/2024\/10\/EZA_Dylan.png",350,350,false],"portraits":["https:\/\/meeplendice.net\/wp-content\/uploads\/2024\/10\/EZA_Dylan.png",350,350,false],"thumbnail":["https:\/\/meeplendice.net\/wp-content\/uploads\/2024\/10\/EZA_Dylan-150x150.png",150,150,true],"medium":["https:\/\/meeplendice.net\/wp-content\/uploads\/2024\/10\/EZA_Dylan-300x300.png",300,300,true],"large":["https:\/\/meeplendice.net\/wp-content\/uploads\/2024\/10\/EZA_Dylan.png",350,350,false],"ug_big":["https:\/\/meeplendice.net\/wp-content\/uploads\/2024\/10\/EZA_Dylan.png",350,350,false],"1536x1536":["https:\/\/meeplendice.net\/wp-content\/uploads\/2024\/10\/EZA_Dylan.png",350,350,false],"2048x2048":["https:\/\/meeplendice.net\/wp-content\/uploads\/2024\/10\/EZA_Dylan.png",350,350,false],"ashe-slider-grid-thumbnail":["https:\/\/meeplendice.net\/wp-content\/uploads\/2024\/10\/EZA_Dylan.png",350,350,false],"ashe-full-thumbnail":["https:\/\/meeplendice.net\/wp-content\/uploads\/2024\/10\/EZA_Dylan.png",350,350,false],"ashe-grid-thumbnail":["https:\/\/meeplendice.net\/wp-content\/uploads\/2024\/10\/EZA_Dylan-350x330.png",350,330,true],"ashe-list-thumbnail":["https:\/\/meeplendice.net\/wp-content\/uploads\/2024\/10\/EZA_Dylan-300x300.png",300,300,true],"ashe-single-navigation":["https:\/\/meeplendice.net\/wp-content\/uploads\/2024\/10\/EZA_Dylan-75x75.png",75,75,true],"mailpoet_newsletter_max":["https:\/\/meeplendice.net\/wp-content\/uploads\/2024\/10\/EZA_Dylan.png",350,350,false],"rpwe-thumbnail":["https:\/\/meeplendice.net\/wp-content\/uploads\/2024\/10\/EZA_Dylan-45x45.png",45,45,true],"sow-carousel-default":["https:\/\/meeplendice.net\/wp-content\/uploads\/2024\/10\/EZA_Dylan-272x182.png",272,182,true],"rt_custom":["https:\/\/meeplendice.net\/wp-content\/uploads\/2024\/10\/EZA_Dylan.png",350,350,false]},"rttpg_author":{"display_name":"Karnby","author_link":"https:\/\/meeplendice.net\/?author=2"},"rttpg_comment":0,"rttpg_category":null,"rttpg_excerpt":"Chasseur de zombies qualifi\u00e9 ! Derri\u00e8re ses airs de bad boy aux v\u00eatement d\u00e9chir\u00e9s, Dylan cache un grand c\u0153ur. Il est toujours volontaire et efficace, m\u00eame dans les situations les plus difficiles. Mais sera-t-il aussi h\u00e9ro\u00efque face \u00e0 votre horde ?\u00a0","_links":{"self":[{"href":"https:\/\/meeplendice.net\/index.php?rest_route=\/wp\/v2\/pages\/12794","targetHints":{"allow":["GET"]}}],"collection":[{"href":"https:\/\/meeplendice.net\/index.php?rest_route=\/wp\/v2\/pages"}],"about":[{"href":"https:\/\/meeplendice.net\/index.php?rest_route=\/wp\/v2\/types\/page"}],"author":[{"embeddable":true,"href":"https:\/\/meeplendice.net\/index.php?rest_route=\/wp\/v2\/users\/2"}],"replies":[{"embeddable":true,"href":"https:\/\/meeplendice.net\/index.php?rest_route=%2Fwp%2Fv2%2Fcomments&post=12794"}],"version-history":[{"count":2,"href":"https:\/\/meeplendice.net\/index.php?rest_route=\/wp\/v2\/pages\/12794\/revisions"}],"predecessor-version":[{"id":12800,"href":"https:\/\/meeplendice.net\/index.php?rest_route=\/wp\/v2\/pages\/12794\/revisions\/12800"}],"up":[{"embeddable":true,"href":"https:\/\/meeplendice.net\/index.php?rest_route=\/wp\/v2\/pages\/12724"}],"wp:featuredmedia":[{"embeddable":true,"href":"https:\/\/meeplendice.net\/index.php?rest_route=\/wp\/v2\/media\/12797"}],"wp:attachment":[{"href":"https:\/\/meeplendice.net\/index.php?rest_route=%2Fwp%2Fv2%2Fmedia&parent=12794"}],"curies":[{"name":"wp","href":"https:\/\/api.w.org\/{rel}","templated":true}]}}