{"id":12801,"date":"2024-10-10T15:33:13","date_gmt":"2024-10-10T13:33:13","guid":{"rendered":"https:\/\/meeplendice.net\/?page_id=12801"},"modified":"2024-10-10T15:38:02","modified_gmt":"2024-10-10T13:38:02","slug":"hurlements","status":"publish","type":"page","link":"https:\/\/meeplendice.net\/?page_id=12801","title":{"rendered":"Hurlements !"},"content":{"rendered":"<p><em>Ses v\u00eatements se changent en poils, ses bras en jambes, devenu un loup il conserve encore des vestiges de son ancienne forme. Il a toujours le m\u00eame poil gris, le m\u00eame air farouche, les m\u00eames yeux ardents ; il est toujours l&rsquo;image de la f\u00e9rocit\u00e9.<\/em><\/p>\n<p><em>Ovide, Livres des M\u00e9tamorphoses<\/em>.<\/p>\n<p>L&rsquo;extension <em>Hurlements !<\/em> compl\u00e8te et enrichit votre jeu <em>La B\u00eate<\/em>.<br \/>\nD\u00e9couvrez une nouvelle exp\u00e9rience de jeu, de nouvelles possibilit\u00e9s et sensations, rendant le jeu plus saillant et haletant.<\/p>\n<p>La Naturaliste, disciple du grand Buffon et sp\u00e9cialiste en Cryptozoologie, rejoint l\u00a0\u00bb\u00e9quipe des Enqu\u00eateurs. Elle doit faire taire les rumeurs de pr\u00e9sence d&rsquo;un Loup-Garou en G\u00e9vaudan.<\/p>\n","protected":false},"excerpt":{"rendered":"<p>Ses v\u00eatements se changent en poils, ses bras en jambes, devenu un loup il conserve encore des vestiges de son ancienne forme. Il a toujours le m\u00eame poil gris, le m\u00eame air farouche, les m\u00eames yeux ardents ; il est toujours l&rsquo;image de la f\u00e9rocit\u00e9. Ovide, Livres des M\u00e9tamorphoses. L&rsquo;extension Hurlements ! compl\u00e8te et enrichit votre jeu La B\u00eate. D\u00e9couvrez une nouvelle exp\u00e9rience de jeu, de nouvelles possibilit\u00e9s et sensations, rendant le jeu plus saillant et haletant. La Naturaliste, disciple du grand Buffon et sp\u00e9cialiste en Cryptozoologie, rejoint l\u00a0\u00bb\u00e9quipe des Enqu\u00eateurs. Elle doit faire taire les rumeurs de pr\u00e9sence d&rsquo;un Loup-Garou en G\u00e9vaudan.<\/p>\n","protected":false},"author":2,"featured_media":12796,"parent":11552,"menu_order":1,"comment_status":"closed","ping_status":"closed","template":"","meta":{"footnotes":""},"class_list":["post-12801","page","type-page","status-publish","has-post-thumbnail","hentry"],"acf":[],"rttpg_featured_image_url":{"full":["https:\/\/meeplendice.net\/wp-content\/uploads\/2024\/10\/La_bete_hurlement.png",350,350,false],"landscape":["https:\/\/meeplendice.net\/wp-content\/uploads\/2024\/10\/La_bete_hurlement.png",350,350,false],"portraits":["https:\/\/meeplendice.net\/wp-content\/uploads\/2024\/10\/La_bete_hurlement.png",350,350,false],"thumbnail":["https:\/\/meeplendice.net\/wp-content\/uploads\/2024\/10\/La_bete_hurlement-150x150.png",150,150,true],"medium":["https:\/\/meeplendice.net\/wp-content\/uploads\/2024\/10\/La_bete_hurlement-300x300.png",300,300,true],"large":["https:\/\/meeplendice.net\/wp-content\/uploads\/2024\/10\/La_bete_hurlement.png",350,350,false],"ug_big":["https:\/\/meeplendice.net\/wp-content\/uploads\/2024\/10\/La_bete_hurlement.png",350,350,false],"1536x1536":["https:\/\/meeplendice.net\/wp-content\/uploads\/2024\/10\/La_bete_hurlement.png",350,350,false],"2048x2048":["https:\/\/meeplendice.net\/wp-content\/uploads\/2024\/10\/La_bete_hurlement.png",350,350,false],"ashe-slider-grid-thumbnail":["https:\/\/meeplendice.net\/wp-content\/uploads\/2024\/10\/La_bete_hurlement.png",350,350,false],"ashe-full-thumbnail":["https:\/\/meeplendice.net\/wp-content\/uploads\/2024\/10\/La_bete_hurlement.png",350,350,false],"ashe-grid-thumbnail":["https:\/\/meeplendice.net\/wp-content\/uploads\/2024\/10\/La_bete_hurlement-350x330.png",350,330,true],"ashe-list-thumbnail":["https:\/\/meeplendice.net\/wp-content\/uploads\/2024\/10\/La_bete_hurlement-300x300.png",300,300,true],"ashe-single-navigation":["https:\/\/meeplendice.net\/wp-content\/uploads\/2024\/10\/La_bete_hurlement-75x75.png",75,75,true],"mailpoet_newsletter_max":["https:\/\/meeplendice.net\/wp-content\/uploads\/2024\/10\/La_bete_hurlement.png",350,350,false],"rpwe-thumbnail":["https:\/\/meeplendice.net\/wp-content\/uploads\/2024\/10\/La_bete_hurlement-45x45.png",45,45,true],"sow-carousel-default":["https:\/\/meeplendice.net\/wp-content\/uploads\/2024\/10\/La_bete_hurlement-272x182.png",272,182,true],"rt_custom":["https:\/\/meeplendice.net\/wp-content\/uploads\/2024\/10\/La_bete_hurlement.png",350,350,false]},"rttpg_author":{"display_name":"Karnby","author_link":"https:\/\/meeplendice.net\/?author=2"},"rttpg_comment":0,"rttpg_category":null,"rttpg_excerpt":"Ses v\u00eatements se changent en poils, ses bras en jambes, devenu un loup il conserve encore des vestiges de son ancienne forme. Il a toujours le m\u00eame poil gris, le m\u00eame air farouche, les m\u00eames yeux ardents ; il est toujours l&rsquo;image de la f\u00e9rocit\u00e9. Ovide, Livres des M\u00e9tamorphoses. L&rsquo;extension Hurlements ! compl\u00e8te et enrichit\u2026","_links":{"self":[{"href":"https:\/\/meeplendice.net\/index.php?rest_route=\/wp\/v2\/pages\/12801","targetHints":{"allow":["GET"]}}],"collection":[{"href":"https:\/\/meeplendice.net\/index.php?rest_route=\/wp\/v2\/pages"}],"about":[{"href":"https:\/\/meeplendice.net\/index.php?rest_route=\/wp\/v2\/types\/page"}],"author":[{"embeddable":true,"href":"https:\/\/meeplendice.net\/index.php?rest_route=\/wp\/v2\/users\/2"}],"replies":[{"embeddable":true,"href":"https:\/\/meeplendice.net\/index.php?rest_route=%2Fwp%2Fv2%2Fcomments&post=12801"}],"version-history":[{"count":3,"href":"https:\/\/meeplendice.net\/index.php?rest_route=\/wp\/v2\/pages\/12801\/revisions"}],"predecessor-version":[{"id":12804,"href":"https:\/\/meeplendice.net\/index.php?rest_route=\/wp\/v2\/pages\/12801\/revisions\/12804"}],"up":[{"embeddable":true,"href":"https:\/\/meeplendice.net\/index.php?rest_route=\/wp\/v2\/pages\/11552"}],"wp:featuredmedia":[{"embeddable":true,"href":"https:\/\/meeplendice.net\/index.php?rest_route=\/wp\/v2\/media\/12796"}],"wp:attachment":[{"href":"https:\/\/meeplendice.net\/index.php?rest_route=%2Fwp%2Fv2%2Fmedia&parent=12801"}],"curies":[{"name":"wp","href":"https:\/\/api.w.org\/{rel}","templated":true}]}}