{"id":12931,"date":"2024-11-20T14:21:35","date_gmt":"2024-11-20T12:21:35","guid":{"rendered":"https:\/\/meeplendice.net\/?page_id=12931"},"modified":"2025-11-30T13:02:07","modified_gmt":"2025-11-30T11:02:07","slug":"unmatched-soleil-levant","status":"publish","type":"page","link":"https:\/\/meeplendice.net\/?page_id=12931","title":{"rendered":"Unmatched : Soleil Levant"},"content":{"rendered":"<div id=\"pl-12931\"  class=\"panel-layout\" ><div id=\"pg-12931-0\"  class=\"panel-grid panel-no-style\" ><div id=\"pgc-12931-0-0\"  class=\"panel-grid-cell\" ><div id=\"panel-12931-0-0-0\" class=\"so-panel widget widget_sow-editor panel-first-child panel-last-child\" data-index=\"0\" ><div\n\t\t\t\n\t\t\tclass=\"so-widget-sow-editor so-widget-sow-editor-base\"\n\t\t\t\n\t\t>\n<div class=\"siteorigin-widget-tinymce textwidget\">\n\t<p style=\"text-align: center;\"><strong>Nombre de joueurs :<\/strong><br \/>\n2 - 2<\/p>\n<\/div>\n<\/div><\/div><\/div><div id=\"pgc-12931-0-1\"  class=\"panel-grid-cell\" ><div id=\"panel-12931-0-1-0\" class=\"so-panel widget widget_sow-editor panel-first-child panel-last-child\" data-index=\"1\" ><div\n\t\t\t\n\t\t\tclass=\"so-widget-sow-editor so-widget-sow-editor-base\"\n\t\t\t\n\t\t>\n<div class=\"siteorigin-widget-tinymce textwidget\">\n\t<p style=\"text-align: center;\"><strong>Auteur(s) :<br \/>\n<\/strong><span class=\"data-siloing\" title=\"D\u00e9couvrez tous ces jeux\" data-siloing=\"https:\/\/www.philibertnet.com\/fr\/recherche?feature=41&amp;feature_value=Yuta Onoda\">Rob Daviau<br \/>\n<span class=\"data-siloing\" title=\"Voir tous les jeux\" data-siloing=\"https:\/\/www.philibertnet.com\/fr\/recherche?feature=31&amp;feature_value=Jason Viddal\">Jason Viddal<\/span><br \/>\n<span class=\"data-siloing\" title=\"Voir tous les jeux\" data-siloing=\"https:\/\/www.philibertnet.com\/fr\/recherche?feature=31&amp;feature_value=Zack Mader\">Zack Mader<\/span><\/span><\/p>\n<\/div>\n<\/div><\/div><\/div><div id=\"pgc-12931-0-2\"  class=\"panel-grid-cell\" ><div id=\"panel-12931-0-2-0\" class=\"so-panel widget widget_sow-editor panel-first-child panel-last-child\" data-index=\"2\" ><div\n\t\t\t\n\t\t\tclass=\"so-widget-sow-editor so-widget-sow-editor-base\"\n\t\t\t\n\t\t>\n<div class=\"siteorigin-widget-tinymce textwidget\">\n\t<p style=\"text-align: center;\"><strong>Illustrations :<br \/>\n<\/strong><span class=\"data-siloing\" title=\"Voir tous les jeux\" data-siloing=\"https:\/\/www.philibertnet.com\/fr\/recherche?feature=41&amp;feature_value=Jason Taylor\"><span class=\"data-siloing\" title=\"D\u00e9couvrez tous ces jeux\" data-siloing=\"https:\/\/www.philibertnet.com\/fr\/recherche?feature=41&amp;feature_value=Yuta Onoda\">Yuta Onoda<\/span><\/span><\/p>\n<\/div>\n<\/div><\/div><\/div><div id=\"pgc-12931-0-3\"  class=\"panel-grid-cell\" ><div id=\"panel-12931-0-3-0\" class=\"so-panel widget widget_sow-editor panel-first-child panel-last-child\" data-index=\"3\" ><div\n\t\t\t\n\t\t\tclass=\"so-widget-sow-editor so-widget-sow-editor-base\"\n\t\t\t\n\t\t>\n<div class=\"siteorigin-widget-tinymce textwidget\">\n\t<p style=\"text-align: center;\"><strong>\u00c9dition :<\/strong><br \/>\nIello<br \/>\n2024<\/p>\n<\/div>\n<\/div><\/div><\/div><div id=\"pgc-12931-0-4\"  class=\"panel-grid-cell\" ><div id=\"panel-12931-0-4-0\" class=\"so-panel widget widget_sow-editor panel-first-child panel-last-child\" data-index=\"4\" ><div\n\t\t\t\n\t\t\tclass=\"so-widget-sow-editor so-widget-sow-editor-base\"\n\t\t\t\n\t\t>\n<div class=\"siteorigin-widget-tinymce textwidget\">\n\t<p style=\"text-align: center;\"><strong>Version :<\/strong><br \/>\nFran\u00e7aise<\/p>\n<\/div>\n<\/div><\/div><\/div><\/div><div id=\"pg-12931-1\"  class=\"panel-grid panel-no-style\" ><div id=\"pgc-12931-1-0\"  class=\"panel-grid-cell\" ><div id=\"panel-12931-1-0-0\" class=\"so-panel widget widget_sow-editor panel-first-child panel-last-child\" data-index=\"5\" ><div\n\t\t\t\n\t\t\tclass=\"so-widget-sow-editor so-widget-sow-editor-base\"\n\t\t\t\n\t\t>\n<div class=\"siteorigin-widget-tinymce textwidget\">\n\t<hr \/>\n<p><em>Unmatched : Soleil Levant<\/em> vous permet d\u2019incarner Oda Nobunaga ou encore Tomoe Gozen.<\/p>\n<ul>\n<li>Oda Nobunaga - Acolytes Gardes d'Honneur<br \/>\n<em>Figure de proue du clan Oda, ce guerrier hors pair fit preuve de tant de strat\u00e9gie, de patience et d'audace qu'il parvint \u00e0 rallier \u00e0 sa cause les autres daimyos de la p\u00e9riode Sengoku. Son caract\u00e8re impitoyable lui valut le titre honorifique de \"Roi D\u00e9mon du Sixi\u00e8me Ciel\".<\/em><em><br \/>\n<\/em><\/li>\n<\/ul>\n<p>&nbsp;<\/p>\n<ul>\n<li>Tomoe Gozen<br \/>\n<em>La l\u00e9gendaire onna-musha a toujours refus\u00e9 de battre en retraite face \u00e0 l'adversit\u00e9 et fauchait dans un \u00e9clair d'acier tous ceux qui osaient se dresser sur son chemin. Aujourd'hui encore, les r\u00e9cits de sa force redoutable et de ses actes de bravoure survivent et se perp\u00e9tuent, bien au-del\u00e0 de ceux ayant \u00e9t\u00e9 t\u00e9moins de sa derni\u00e8re bataille.<\/em><\/li>\n<\/ul>\n<\/div>\n<\/div><\/div><\/div><\/div><\/div>","protected":false},"excerpt":{"rendered":"<p>Nombre de joueurs : 2 &#8211; 2 Auteur(s) : Rob Daviau Jason Viddal Zack Mader Illustrations : Yuta Onoda \u00c9dition : Iello 2024 Version : Fran\u00e7aise Unmatched : Soleil Levant vous permet d\u2019incarner Oda Nobunaga ou encore Tomoe Gozen. Oda Nobunaga &#8211; Acolytes Gardes d&rsquo;Honneur Figure de proue du clan Oda, ce guerrier hors pair fit preuve de tant de strat\u00e9gie, de patience et d&rsquo;audace qu&rsquo;il parvint \u00e0 rallier \u00e0 sa cause les autres daimyos de la p\u00e9riode Sengoku. Son caract\u00e8re impitoyable lui valut le titre honorifique de \u00ab\u00a0Roi D\u00e9mon du Sixi\u00e8me Ciel\u00a0\u00bb. &nbsp; Tomoe Gozen La l\u00e9gendaire onna-musha a toujours refus\u00e9 de battre en retraite face \u00e0 l&rsquo;adversit\u00e9 et fauchait dans un \u00e9clair d&rsquo;acier tous ceux qui osaient se dresser sur son chemin. Aujourd&rsquo;hui encore, les r\u00e9cits de sa force redoutable et de ses actes de bravoure survivent et se perp\u00e9tuent, bien au-del\u00e0 de ceux ayant \u00e9t\u00e9 t\u00e9moins de sa derni\u00e8re bataille.<\/p>\n","protected":false},"author":2,"featured_media":12912,"parent":12879,"menu_order":4,"comment_status":"closed","ping_status":"closed","template":"","meta":{"footnotes":""},"class_list":["post-12931","page","type-page","status-publish","has-post-thumbnail","hentry"],"acf":[],"rttpg_featured_image_url":{"full":["https:\/\/meeplendice.net\/wp-content\/uploads\/2024\/11\/Unmatched_Soleil_ex.png",350,350,false],"landscape":["https:\/\/meeplendice.net\/wp-content\/uploads\/2024\/11\/Unmatched_Soleil_ex.png",350,350,false],"portraits":["https:\/\/meeplendice.net\/wp-content\/uploads\/2024\/11\/Unmatched_Soleil_ex.png",350,350,false],"thumbnail":["https:\/\/meeplendice.net\/wp-content\/uploads\/2024\/11\/Unmatched_Soleil_ex-150x150.png",150,150,true],"medium":["https:\/\/meeplendice.net\/wp-content\/uploads\/2024\/11\/Unmatched_Soleil_ex-300x300.png",300,300,true],"large":["https:\/\/meeplendice.net\/wp-content\/uploads\/2024\/11\/Unmatched_Soleil_ex.png",350,350,false],"ug_big":["https:\/\/meeplendice.net\/wp-content\/uploads\/2024\/11\/Unmatched_Soleil_ex.png",350,350,false],"1536x1536":["https:\/\/meeplendice.net\/wp-content\/uploads\/2024\/11\/Unmatched_Soleil_ex.png",350,350,false],"2048x2048":["https:\/\/meeplendice.net\/wp-content\/uploads\/2024\/11\/Unmatched_Soleil_ex.png",350,350,false],"ashe-slider-grid-thumbnail":["https:\/\/meeplendice.net\/wp-content\/uploads\/2024\/11\/Unmatched_Soleil_ex.png",350,350,false],"ashe-full-thumbnail":["https:\/\/meeplendice.net\/wp-content\/uploads\/2024\/11\/Unmatched_Soleil_ex.png",350,350,false],"ashe-grid-thumbnail":["https:\/\/meeplendice.net\/wp-content\/uploads\/2024\/11\/Unmatched_Soleil_ex-350x330.png",350,330,true],"ashe-list-thumbnail":["https:\/\/meeplendice.net\/wp-content\/uploads\/2024\/11\/Unmatched_Soleil_ex-300x300.png",300,300,true],"ashe-single-navigation":["https:\/\/meeplendice.net\/wp-content\/uploads\/2024\/11\/Unmatched_Soleil_ex-75x75.png",75,75,true],"mailpoet_newsletter_max":["https:\/\/meeplendice.net\/wp-content\/uploads\/2024\/11\/Unmatched_Soleil_ex.png",350,350,false],"rpwe-thumbnail":["https:\/\/meeplendice.net\/wp-content\/uploads\/2024\/11\/Unmatched_Soleil_ex-45x45.png",45,45,true],"sow-carousel-default":["https:\/\/meeplendice.net\/wp-content\/uploads\/2024\/11\/Unmatched_Soleil_ex-272x182.png",272,182,true],"rt_custom":["https:\/\/meeplendice.net\/wp-content\/uploads\/2024\/11\/Unmatched_Soleil_ex.png",350,350,false]},"rttpg_author":{"display_name":"Karnby","author_link":"https:\/\/meeplendice.net\/?author=2"},"rttpg_comment":0,"rttpg_category":null,"rttpg_excerpt":"Nombre de joueurs : 2 - 2 Auteur(s) : Rob Daviau Jason Viddal Zack Mader Illustrations : Yuta Onoda \u00c9dition : Iello 2024 Version : Fran\u00e7aise Unmatched : Soleil Levant vous permet d\u2019incarner Oda Nobunaga ou encore Tomoe Gozen. Oda Nobunaga - Acolytes Gardes d'Honneur Figure de proue du clan Oda, ce guerrier hors pair\u2026","_links":{"self":[{"href":"https:\/\/meeplendice.net\/index.php?rest_route=\/wp\/v2\/pages\/12931","targetHints":{"allow":["GET"]}}],"collection":[{"href":"https:\/\/meeplendice.net\/index.php?rest_route=\/wp\/v2\/pages"}],"about":[{"href":"https:\/\/meeplendice.net\/index.php?rest_route=\/wp\/v2\/types\/page"}],"author":[{"embeddable":true,"href":"https:\/\/meeplendice.net\/index.php?rest_route=\/wp\/v2\/users\/2"}],"replies":[{"embeddable":true,"href":"https:\/\/meeplendice.net\/index.php?rest_route=%2Fwp%2Fv2%2Fcomments&post=12931"}],"version-history":[{"count":5,"href":"https:\/\/meeplendice.net\/index.php?rest_route=\/wp\/v2\/pages\/12931\/revisions"}],"predecessor-version":[{"id":13513,"href":"https:\/\/meeplendice.net\/index.php?rest_route=\/wp\/v2\/pages\/12931\/revisions\/13513"}],"up":[{"embeddable":true,"href":"https:\/\/meeplendice.net\/index.php?rest_route=\/wp\/v2\/pages\/12879"}],"wp:featuredmedia":[{"embeddable":true,"href":"https:\/\/meeplendice.net\/index.php?rest_route=\/wp\/v2\/media\/12912"}],"wp:attachment":[{"href":"https:\/\/meeplendice.net\/index.php?rest_route=%2Fwp%2Fv2%2Fmedia&parent=12931"}],"curies":[{"name":"wp","href":"https:\/\/api.w.org\/{rel}","templated":true}]}}