{"id":12950,"date":"2024-11-21T16:51:51","date_gmt":"2024-11-21T14:51:51","guid":{"rendered":"https:\/\/meeplendice.net\/?page_id=12950"},"modified":"2024-11-24T22:01:07","modified_gmt":"2024-11-24T20:01:07","slug":"amazonis-vastitas","status":"publish","type":"page","link":"https:\/\/meeplendice.net\/?page_id=12950","title":{"rendered":"Amazonis &#038; Vastitas"},"content":{"rendered":"<p><em>Explorez la mer disparue de Vastitas Borealis ou arpentez la vaste plaine d&rsquo;Amazonis, une carte plus grande avec des param\u00e8tres globaux plus longs \u00e0 atteindre ! Chaque plateau repr\u00e9sente une nouvelle r\u00e9gion de Mars, avec de nouveaux bonus de placement, de nouvelles zones oc\u00e9aniques, de nouveaux objectifs et de nouvelles r\u00e9compenses..<\/em><\/p>\n<p><strong>Amazonis Planitia<br \/>\n<\/strong>Cette carte tire son nom des plaines de lave situ\u00e9es \u00e0 l&rsquo;ouest de l&rsquo;imposant Olympus Mons. Cette zone est soulign\u00e9e par des bonus d&rsquo;\u00e9nergie et est extr\u00eamement plate et lisse compar\u00e9e aux montagnes et aux crat\u00e8res qui couvrent la majeure partie de Mars. Cette carte plus grande dispose de param\u00e8tres globaux plus longs \u00e0 atteindre pour une meilleure exp\u00e9rience de jeu \u00e0 4 ou 5 joueurs. Elle vous permet aussi de simplement disposer de plus d&rsquo;espace pour vous implanter et terraformer davantage. Vous y trouverez \u00e9galement quelques bonus Ressource Joker qui vous permettent d&rsquo;obtenir la ressource standard de votre choix. Les bonus \u00ab\u00a0D\u00e9l\u00e9gu\u00e9\u00a0\u00bb vous permettent de placer gratuitement des d\u00e9l\u00e9gu\u00e9s de la r\u00e9serve (ignorez-les si vous ne jouez pas avec l&rsquo;extension Turmoil).<br \/>\nLa carte d&rsquo;Amazonis ne dispose pas de la r\u00e9gion de Noctis: Noctis Ville peut donc \u00eatre plac\u00e9e sans restriction. Ses zones volcaniques sont indiqu\u00e9es en gras: Olympus Mons, Ascreaus Mons, Paronis Mons, Arsia Mons et Hecates Tholus.<\/p>\n<div><strong><em>Objectifs :<\/em><\/strong><\/div>\n<div><strong>Terrien<\/strong> &#8211; avoir au moins 5 badges Terre.<\/div>\n<div><strong>Terrassier<\/strong> &#8211; poss\u00e9der au moins 1 tuile For\u00eat, 1 tuile sp\u00e9ciale et 1 tuile Cit\u00e9 (il n&rsquo;est pas n\u00e9cessaire que ces tuiles soient adjacentes entre elles).<\/div>\n<div><strong>Marchand<\/strong> &#8211; avoir au moins 3 ressources standards de chaque type.<\/div>\n<div><strong>M\u00e9c\u00e8ne<\/strong> &#8211; avoir au moins 3 cartes co\u00fbtant 20 m\u00e9gacr\u00e9dits ou plus en jeu.<\/div>\n<div><strong>Lobbyiste<\/strong> &#8211; avoir les 7 d\u00e9l\u00e9gu\u00e9s en jeu (aucun d\u00e9l\u00e9gu\u00e9 dans le Hall ni dans la R\u00e9serve).<\/div>\n<div><\/div>\n<div><strong><em>R\u00e9compenses :<\/em><\/strong><\/div>\n<div><strong>Collectionneur<\/strong> &#8211; avoir le plus grand nombre de types de ressources diff\u00e9rents, \u00e0 la fois sur le plateau joueur et sur les cartes (remarque: diff\u00e9rentes sortes de microbes comptent seulement comme 1 type de ressource).<\/div>\n<div><strong>Innovateur<\/strong> &#8211; poss\u00e9der le plus grand nombre de cartes jou\u00e9es (incluant les \u00c9v\u00e9nements !):<\/div>\n<div><strong>Constructeur<\/strong> &#8211; poss\u00e9der le plus grand nombre de colonies et de tuiles Cit\u00e9.<\/div>\n<div><strong>Fabricant<\/strong> &#8211; avoir le plus grand nombre de ressources Acier et Chaleur.<\/div>\n<div><strong>Physicien<\/strong> &#8211; avoir le plus grand nombre de badges Science et Espace.<\/div>\n<div><\/div>\n<div><strong>Vastitas Borealis<\/strong><\/div>\n<div>Vastitas Borealis est une plaine recouvrant une grande partie de l&rsquo;h\u00e9misph\u00e8re nord de Mars.<br \/>\nJadis, il s&rsquo;agissait d&rsquo;un oc\u00e9an ! La carte est centr\u00e9e sur le p\u00f4le Nord, principalement constitu\u00e9 de glace d&rsquo;eau. Elle est recouverte d&rsquo;une couche de dioxyde de carbone gel\u00e9. Celui-ci est lib\u00e9r\u00e9 lorsque vous y placez une tuile. Cela permet d&rsquo;augmenter la temp\u00e9rature de 1, mais vous co\u00fbte 4 M\u20ac. Les premiers sites d&rsquo;atterrissage sur Mars, Viking 1<br \/>\net Viking 2, vous permettent de placer gratuitement un d\u00e9l\u00e9gu\u00e9 de la r\u00e9serve (ignorez-les si vous ne jouez pas avec l&rsquo;extension Turmoil). La carte de Vastitas ne dispose pas de la r\u00e9gion de Noctis: Noctis Ville peut donc \u00eatre plac\u00e9e sans restriction.\u00a0 Ses zones volcaniques sont indiqu\u00e9es en gras : Alba Mons, Uranius Tholus. Hecates Tholus et Elysium &#8211; Mons.<\/div>\n<div><\/div>\n<div>\n<div><em><strong>Objectifs :<\/strong><\/em><\/div>\n<div><strong>Ing\u00e9nieur<\/strong> &#8211; avoir une production combin\u00e9e d&rsquo;\u00e9nergie et de chaleur dau moins 10, ANGENNOME \u2022 avoir au moins 4 badges Plante<\/div>\n<div><strong>Astronaute<\/strong> &#8211; avoir au moins 4 badges Espace.<\/div>\n<div><strong>G\u00e9ologue<\/strong> &#8211; poss\u00e9der au moins 3 tuiles sur ou adjacentes \u00e0 une zone volcanique (vous pouvez placer un cube dor\u00e9 sur les tuiles recouvrant une zone volcanique jusqu&rsquo;\u00e0 ce que cet objectif soit valid\u00e9).<\/div>\n<div><strong>Fermier<\/strong> &#8211; avoir au moins 5 ressources Animal et Microbe combin\u00e9es.<\/div>\n<div><\/div>\n<div><em><strong>R\u00e9compense :<\/strong><\/em><\/div>\n<div><strong>Voyageur<\/strong> &#8211; avoir le plus grand nombre de badges Jovien et Terre.<\/div>\n<div><strong>Paysagiste<\/strong> &#8211; poss\u00e9der le plus grand nombre de tuiles connect\u00e9es entre elles (chaque joueur d\u00e9compte son plus grand groupe de tuiles).<\/div>\n<div><strong>Montagnard<\/strong> &#8211; poss\u00e9der le plus grand nombre de tuiles non adjacentes \u00e0 l&rsquo;oc\u00e9an.<\/div>\n<div><strong>Organisateur<\/strong> &#8211; poss\u00e9der le plus grand nombre de cartes \u00c9v\u00e9nement jou\u00e9es.<\/div>\n<div><strong>Forgeron<\/strong> &#8211; avoir la production combin\u00e9e d&rsquo;acier et de titane la plus \u00e9lev\u00e9e.<\/div>\n<\/div>\n","protected":false},"excerpt":{"rendered":"<p>Explorez la mer disparue de Vastitas Borealis ou arpentez la vaste plaine d&rsquo;Amazonis, une carte plus grande avec des param\u00e8tres globaux plus longs \u00e0 atteindre ! Chaque plateau repr\u00e9sente une nouvelle r\u00e9gion de Mars, avec de nouveaux bonus de placement, de nouvelles zones oc\u00e9aniques, de nouveaux objectifs et de nouvelles r\u00e9compenses.. Amazonis Planitia Cette carte tire son nom des plaines de lave situ\u00e9es \u00e0 l&rsquo;ouest de l&rsquo;imposant Olympus Mons. Cette zone est soulign\u00e9e par des bonus d&rsquo;\u00e9nergie et est extr\u00eamement plate et lisse compar\u00e9e aux montagnes et aux crat\u00e8res qui couvrent la majeure partie de Mars. Cette carte plus grande dispose de param\u00e8tres globaux plus longs \u00e0 atteindre pour une meilleure exp\u00e9rience de jeu \u00e0 4 ou 5 joueurs. Elle vous permet aussi de simplement disposer de plus d&rsquo;espace pour vous implanter et terraformer davantage. Vous y trouverez \u00e9galement quelques bonus Ressource Joker qui vous permettent d&rsquo;obtenir la ressource standard de votre choix. Les bonus \u00ab\u00a0D\u00e9l\u00e9gu\u00e9\u00a0\u00bb vous permettent de placer gratuitement des d\u00e9l\u00e9gu\u00e9s de la r\u00e9serve (ignorez-les si vous ne jouez pas avec l&rsquo;extension Turmoil). La carte d&rsquo;Amazonis ne dispose pas de la r\u00e9gion de Noctis: Noctis Ville peut donc \u00eatre plac\u00e9e sans restriction. Ses zones volcaniques sont indiqu\u00e9es en gras: Olympus Mons, Ascreaus Mons, Paronis Mons, Arsia Mons et Hecates Tholus. Objectifs : Terrien &#8211; avoir au moins 5 badges Terre. Terrassier &#8211; poss\u00e9der au moins 1 tuile For\u00eat, 1 tuile sp\u00e9ciale et 1 tuile Cit\u00e9 (il n&rsquo;est pas n\u00e9cessaire que ces tuiles soient adjacentes entre elles). Marchand &#8211; avoir au moins 3 ressources standards de chaque type. M\u00e9c\u00e8ne &#8211; avoir au moins 3 cartes co\u00fbtant 20 m\u00e9gacr\u00e9dits ou plus en jeu. Lobbyiste &#8211; avoir les 7 d\u00e9l\u00e9gu\u00e9s en jeu (aucun d\u00e9l\u00e9gu\u00e9 dans le Hall ni dans la R\u00e9serve). R\u00e9compenses : Collectionneur &#8211; avoir le plus grand nombre de types de ressources diff\u00e9rents, \u00e0 la fois sur le plateau joueur et sur les cartes (remarque: diff\u00e9rentes sortes de microbes comptent seulement comme 1 type de ressource). Innovateur &#8211; poss\u00e9der le plus grand nombre de cartes jou\u00e9es (incluant les \u00c9v\u00e9nements !): Constructeur &#8211; poss\u00e9der le plus grand nombre de colonies et de tuiles Cit\u00e9. Fabricant &#8211; avoir le plus grand nombre de ressources Acier et Chaleur. Physicien &#8211; avoir le plus grand nombre de badges Science et Espace. Vastitas Borealis Vastitas Borealis est une plaine recouvrant une grande partie de l&rsquo;h\u00e9misph\u00e8re nord de Mars. Jadis, il s&rsquo;agissait d&rsquo;un oc\u00e9an ! La carte est centr\u00e9e sur le p\u00f4le Nord, principalement constitu\u00e9 de glace d&rsquo;eau. Elle est recouverte d&rsquo;une couche de dioxyde de carbone gel\u00e9. Celui-ci est lib\u00e9r\u00e9 lorsque vous y placez une tuile. Cela permet d&rsquo;augmenter la temp\u00e9rature de 1, mais vous co\u00fbte 4 M\u20ac. Les premiers sites d&rsquo;atterrissage sur Mars, Viking 1 et Viking 2, vous permettent de placer gratuitement un d\u00e9l\u00e9gu\u00e9 de la r\u00e9serve (ignorez-les si vous ne jouez pas avec l&rsquo;extension Turmoil). La carte de Vastitas ne dispose pas de la r\u00e9gion de Noctis: Noctis Ville peut donc \u00eatre plac\u00e9e sans restriction.\u00a0 Ses zones volcaniques sont indiqu\u00e9es en gras : Alba Mons, Uranius Tholus. Hecates Tholus et Elysium &#8211; Mons. Objectifs : Ing\u00e9nieur &#8211; avoir une production combin\u00e9e d&rsquo;\u00e9nergie et de chaleur dau moins 10, ANGENNOME \u2022 avoir au moins 4 badges Plante Astronaute &#8211; avoir au moins 4 badges Espace. G\u00e9ologue &#8211; poss\u00e9der au moins 3 tuiles sur ou adjacentes \u00e0 une zone volcanique (vous pouvez placer un cube dor\u00e9 sur les tuiles recouvrant une zone volcanique jusqu&rsquo;\u00e0 ce que cet objectif soit valid\u00e9). Fermier &#8211; avoir au moins 5 ressources Animal et Microbe combin\u00e9es. R\u00e9compense : Voyageur &#8211; avoir le plus grand nombre de badges Jovien et Terre. Paysagiste &#8211; poss\u00e9der le plus grand nombre de tuiles connect\u00e9es entre elles (chaque joueur d\u00e9compte son plus grand groupe de tuiles). Montagnard &#8211; poss\u00e9der le plus grand nombre de tuiles non adjacentes \u00e0 l&rsquo;oc\u00e9an. Organisateur &#8211; poss\u00e9der le plus grand nombre de cartes \u00c9v\u00e9nement jou\u00e9es. Forgeron &#8211; avoir la production combin\u00e9e d&rsquo;acier et de titane la plus \u00e9lev\u00e9e.<\/p>\n","protected":false},"author":2,"featured_media":12908,"parent":3120,"menu_order":6,"comment_status":"closed","ping_status":"closed","template":"","meta":{"footnotes":""},"class_list":["post-12950","page","type-page","status-publish","has-post-thumbnail","hentry"],"acf":[],"rttpg_featured_image_url":{"full":["https:\/\/meeplendice.net\/wp-content\/uploads\/2024\/11\/Terraformingmars_AV.png",350,350,false],"landscape":["https:\/\/meeplendice.net\/wp-content\/uploads\/2024\/11\/Terraformingmars_AV.png",350,350,false],"portraits":["https:\/\/meeplendice.net\/wp-content\/uploads\/2024\/11\/Terraformingmars_AV.png",350,350,false],"thumbnail":["https:\/\/meeplendice.net\/wp-content\/uploads\/2024\/11\/Terraformingmars_AV-150x150.png",150,150,true],"medium":["https:\/\/meeplendice.net\/wp-content\/uploads\/2024\/11\/Terraformingmars_AV-300x300.png",300,300,true],"large":["https:\/\/meeplendice.net\/wp-content\/uploads\/2024\/11\/Terraformingmars_AV.png",350,350,false],"ug_big":["https:\/\/meeplendice.net\/wp-content\/uploads\/2024\/11\/Terraformingmars_AV.png",350,350,false],"1536x1536":["https:\/\/meeplendice.net\/wp-content\/uploads\/2024\/11\/Terraformingmars_AV.png",350,350,false],"2048x2048":["https:\/\/meeplendice.net\/wp-content\/uploads\/2024\/11\/Terraformingmars_AV.png",350,350,false],"ashe-slider-grid-thumbnail":["https:\/\/meeplendice.net\/wp-content\/uploads\/2024\/11\/Terraformingmars_AV.png",350,350,false],"ashe-full-thumbnail":["https:\/\/meeplendice.net\/wp-content\/uploads\/2024\/11\/Terraformingmars_AV.png",350,350,false],"ashe-grid-thumbnail":["https:\/\/meeplendice.net\/wp-content\/uploads\/2024\/11\/Terraformingmars_AV-350x330.png",350,330,true],"ashe-list-thumbnail":["https:\/\/meeplendice.net\/wp-content\/uploads\/2024\/11\/Terraformingmars_AV-300x300.png",300,300,true],"ashe-single-navigation":["https:\/\/meeplendice.net\/wp-content\/uploads\/2024\/11\/Terraformingmars_AV-75x75.png",75,75,true],"mailpoet_newsletter_max":["https:\/\/meeplendice.net\/wp-content\/uploads\/2024\/11\/Terraformingmars_AV.png",350,350,false],"rpwe-thumbnail":["https:\/\/meeplendice.net\/wp-content\/uploads\/2024\/11\/Terraformingmars_AV-45x45.png",45,45,true],"sow-carousel-default":["https:\/\/meeplendice.net\/wp-content\/uploads\/2024\/11\/Terraformingmars_AV-272x182.png",272,182,true],"rt_custom":["https:\/\/meeplendice.net\/wp-content\/uploads\/2024\/11\/Terraformingmars_AV.png",350,350,false]},"rttpg_author":{"display_name":"Karnby","author_link":"https:\/\/meeplendice.net\/?author=2"},"rttpg_comment":0,"rttpg_category":null,"rttpg_excerpt":"Explorez la mer disparue de Vastitas Borealis ou arpentez la vaste plaine d&rsquo;Amazonis, une carte plus grande avec des param\u00e8tres globaux plus longs \u00e0 atteindre ! Chaque plateau repr\u00e9sente une nouvelle r\u00e9gion de Mars, avec de nouveaux bonus de placement, de nouvelles zones oc\u00e9aniques, de nouveaux objectifs et de nouvelles r\u00e9compenses.. Amazonis Planitia Cette carte\u2026","_links":{"self":[{"href":"https:\/\/meeplendice.net\/index.php?rest_route=\/wp\/v2\/pages\/12950","targetHints":{"allow":["GET"]}}],"collection":[{"href":"https:\/\/meeplendice.net\/index.php?rest_route=\/wp\/v2\/pages"}],"about":[{"href":"https:\/\/meeplendice.net\/index.php?rest_route=\/wp\/v2\/types\/page"}],"author":[{"embeddable":true,"href":"https:\/\/meeplendice.net\/index.php?rest_route=\/wp\/v2\/users\/2"}],"replies":[{"embeddable":true,"href":"https:\/\/meeplendice.net\/index.php?rest_route=%2Fwp%2Fv2%2Fcomments&post=12950"}],"version-history":[{"count":3,"href":"https:\/\/meeplendice.net\/index.php?rest_route=\/wp\/v2\/pages\/12950\/revisions"}],"predecessor-version":[{"id":12964,"href":"https:\/\/meeplendice.net\/index.php?rest_route=\/wp\/v2\/pages\/12950\/revisions\/12964"}],"up":[{"embeddable":true,"href":"https:\/\/meeplendice.net\/index.php?rest_route=\/wp\/v2\/pages\/3120"}],"wp:featuredmedia":[{"embeddable":true,"href":"https:\/\/meeplendice.net\/index.php?rest_route=\/wp\/v2\/media\/12908"}],"wp:attachment":[{"href":"https:\/\/meeplendice.net\/index.php?rest_route=%2Fwp%2Fv2%2Fmedia&parent=12950"}],"curies":[{"name":"wp","href":"https:\/\/api.w.org\/{rel}","templated":true}]}}