{"id":12952,"date":"2024-11-21T16:52:26","date_gmt":"2024-11-21T14:52:26","guid":{"rendered":"https:\/\/meeplendice.net\/?page_id=12952"},"modified":"2024-11-24T22:12:33","modified_gmt":"2024-11-24T20:12:33","slug":"utopia-cimmeria","status":"publish","type":"page","link":"https:\/\/meeplendice.net\/?page_id=12952","title":{"rendered":"Utopia &#038; Cimmeria"},"content":{"rendered":"<p><em>Partez \u00e0 l&rsquo;aventure dans les plaines de lave du Nord ou sur les hauts plateaux du Sud! Chaque carte repr\u00e9sente une nouvelle r\u00e9gion de Mars, avec de nouveaux bonus de placement, de nouvelles zones oc\u00e9aniques, de nouveaux objectifs et de nouvelles r\u00e9compenses.<\/em><\/p>\n<p><strong>Utopia Planitia<br \/>\n<\/strong>Utopia est une plaine de lave situ\u00e9e au nord-ouest d&rsquo;Elys\u00e9um et appartenant aux plaines du nord. C&rsquo;est aussi le plus grand crat\u00e8re d&rsquo;impact identifi\u00e9 dans tout le syst\u00e8me solaire ! La lave, riche en min\u00e9raux, peut \u00eatre transform\u00e9e en sol fertile, ce qui favorise l&rsquo;abondance de bonus de plantes loin de l&rsquo;\u00e9quateur. Au sud, elle est bord\u00e9e par le Grand Escarpement, \u00e0 la limite des hauts plateaux m\u00e9ridionaux. La fine cro\u00fbte \u00e0 proximit\u00e9 du p\u00f4le Nord pourrait \u00eatre un endroit propice \u00e0 l&rsquo;installation de centrales g\u00e9othermiques.<br \/>\nGagnez 2 cartes suppl\u00e9mentaires en vous installant sur les prestigieux sites d&rsquo;atterrissage de Viking 2 ou de Beagle 2 !La carte d&rsquo;Utopia ne dispose ni de la r\u00e9gion de Noctis ni d&rsquo;aucune zone volcanique. Noctis Ville et les cartes pla\u00e7ant des tulles sur des zones volcaniques (ex: Fleuves de lave) peuvent donc \u00eatre plac\u00e9es sans restriction sur n&rsquo;importe quelle zone non r\u00e9serv\u00e9e.<\/p>\n<div><strong><em>Objectifs :<\/em><br \/>\nDirigeant<\/strong> &#8211; avoir au moins 3 \u00e9tudes sp\u00e9ciales en jeu.<br \/>\n<strong>Pionnier<\/strong> &#8211; avoir au moins 3 colonies en jeu.<br \/>\n<strong>Commer\u00e7ant<\/strong> &#8211; avoir au moins 3 types de ressources diff\u00e9rents sur les cartes (remarque: diff\u00e9rentes sortes de microbes comptent seulement comme 1 type de ressource).<br \/>\n<strong>M\u00e9tallurgiste<\/strong> &#8211; avoir une production combin\u00e9e d&rsquo;acier et de titane d&rsquo;au moins 6.<br \/>\n<strong>Chercheur<\/strong> &#8211; avoir au moins 4 badges Science.<\/div>\n<div><\/div>\n<div><strong><em>R\u00e9compenses :<\/em><br \/>\nBanlieusard<\/strong> &#8211; poss\u00e9der le plus grand nombre de tuiles en bordure du plateau.<br \/>\n<strong>Investisseur<\/strong> : avoir le plus grand nombre de badges Terre.<br \/>\n<strong>Botaniste<\/strong> : avoir la production de plantes la plus \u00e9lev\u00e9e.<br \/>\n<strong>Incubateur<\/strong> : poss\u00e9der le plus grand nombre de cartes jou\u00e9es ayant un co\u00fbt de 10M\u20ac ou moins.<br \/>\n<strong>M\u00e9tropoliste<\/strong> : poss\u00e9der le plus grand nombre de tulles Cit\u00e9.<\/div>\n<p><strong>Terra Cimmeria<br \/>\n<\/strong>Terra Cimmeria est une r\u00e9gion de hauts plateaux cibl\u00e9e de crat\u00e8res et situ\u00e9e dans l&rsquo;h\u00e9misph\u00e8re sud de Mars, \u00e0 mi-chemin du p\u00f4le Sud, \u00e0 l&rsquo;est du bassin d&rsquo;Hellas. C&rsquo;est la zone de la plan\u00e8te la plus riche en acier et en titane ! Toute la r\u00e9gion pr\u00e9sente des signes de littoraux et d&rsquo;\u00e9rosion due \u00e0 de l&rsquo;eau sous forme liquide qui s&rsquo;\u00e9coulait autrefois en abondance dans les hauts plateaux du sud. D\u00e9sormais, les plaines les plus propices \u00e0 la formation d&rsquo;oc\u00e9ans sont situ\u00e9es en bordure de cette r\u00e9gion. Lorsque vous placez une tuile l\u00e0 o\u00f9 le rover Curiosky a explor\u00e9 la zone voisine du crat\u00e8re Gale, vous pouvez construire une colonie pour 5 M\u20ac (ignorez cela si vous jouez sans l&rsquo;extension Colonies).<\/p>\n<div>La carte de Cimmeria ne dispose pas de la r\u00e9gion de Noctis: Noctis Ville peut donc \u00eatre plac\u00e9e sans restriction. Ses zones volcaniques sont indiqu\u00e9es en gras : Albor Tholus, Tyrrhenus Mons, Hadriacus Mons et Apollinaris Mons.<\/div>\n<div><\/div>\n<div>\n<p><strong><em>Objectifs<\/em> :<br \/>\nPlan\u00e9otologue<\/strong> &#8211; avoir au moins 2 badges Terre, 2 badges Venus et 2 badges Joviens.<br \/>\n<strong>Architecte<\/strong> &#8211; avoir au moins 5 badges Cit\u00e9.<br \/>\n<strong>Garde-cote<\/strong> &#8211; avoir au moins 3 tuiles adjacentes \u00e0 l&rsquo;oc\u00e9an.<br \/>\n<strong>Garde forestier<\/strong> &#8211; avoir une production de plantes d&rsquo;au moins 3.<br \/>\n<strong>Collecteur de fonds<\/strong> &#8211; avoir une production de M\u20ac d&rsquo;au moins 12.<\/p>\n<p><strong><em>R\u00e9compenses<\/em> :<br \/>\n\u00c9lectricien <\/strong><em>&#8211; <\/em>avoir le plus grand nombre de badges \u00c9nergie.<br \/>\n<strong>Fondateur<\/strong> &#8211; poss\u00e9der le plus grand nombre de tuiles adjacentes \u00e0 des tuiles sp\u00e9ciales.<br \/>\n<strong>Ponts<\/strong> &#8211; avoir la production combin\u00e9e de toutes les ressources autre que les M\u20ac la plus \u00e9lev\u00e9.<br \/>\n<strong>Zoologiste<\/strong> &#8211; avoir le plus grand nombre de ressources Animal et Microbe combin\u00e9es.<br \/>\n<strong>Pr\u00e9visionniste<\/strong> &#8211; poss\u00e9der le plus grand nombre de cartes avec des pr\u00e9requis.<\/p>\n<\/div>\n","protected":false},"excerpt":{"rendered":"<p>Partez \u00e0 l&rsquo;aventure dans les plaines de lave du Nord ou sur les hauts plateaux du Sud! Chaque carte repr\u00e9sente une nouvelle r\u00e9gion de Mars, avec de nouveaux bonus de placement, de nouvelles zones oc\u00e9aniques, de nouveaux objectifs et de nouvelles r\u00e9compenses. Utopia Planitia Utopia est une plaine de lave situ\u00e9e au nord-ouest d&rsquo;Elys\u00e9um et appartenant aux plaines du nord. C&rsquo;est aussi le plus grand crat\u00e8re d&rsquo;impact identifi\u00e9 dans tout le syst\u00e8me solaire ! La lave, riche en min\u00e9raux, peut \u00eatre transform\u00e9e en sol fertile, ce qui favorise l&rsquo;abondance de bonus de plantes loin de l&rsquo;\u00e9quateur. Au sud, elle est bord\u00e9e par le Grand Escarpement, \u00e0 la limite des hauts plateaux m\u00e9ridionaux. La fine cro\u00fbte \u00e0 proximit\u00e9 du p\u00f4le Nord pourrait \u00eatre un endroit propice \u00e0 l&rsquo;installation de centrales g\u00e9othermiques. Gagnez 2 cartes suppl\u00e9mentaires en vous installant sur les prestigieux sites d&rsquo;atterrissage de Viking 2 ou de Beagle 2 !La carte d&rsquo;Utopia ne dispose ni de la r\u00e9gion de Noctis ni d&rsquo;aucune zone volcanique. Noctis Ville et les cartes pla\u00e7ant des tulles sur des zones volcaniques (ex: Fleuves de lave) peuvent donc \u00eatre plac\u00e9es sans restriction sur n&rsquo;importe quelle zone non r\u00e9serv\u00e9e. Objectifs : Dirigeant &#8211; avoir au moins 3 \u00e9tudes sp\u00e9ciales en jeu. Pionnier &#8211; avoir au moins 3 colonies en jeu. Commer\u00e7ant &#8211; avoir au moins 3 types de ressources diff\u00e9rents sur les cartes (remarque: diff\u00e9rentes sortes de microbes comptent seulement comme 1 type de ressource). M\u00e9tallurgiste &#8211; avoir une production combin\u00e9e d&rsquo;acier et de titane d&rsquo;au moins 6. Chercheur &#8211; avoir au moins 4 badges Science. R\u00e9compenses : Banlieusard &#8211; poss\u00e9der le plus grand nombre de tuiles en bordure du plateau. Investisseur : avoir le plus grand nombre de badges Terre. Botaniste : avoir la production de plantes la plus \u00e9lev\u00e9e. Incubateur : poss\u00e9der le plus grand nombre de cartes jou\u00e9es ayant un co\u00fbt de 10M\u20ac ou moins. M\u00e9tropoliste : poss\u00e9der le plus grand nombre de tulles Cit\u00e9. Terra Cimmeria Terra Cimmeria est une r\u00e9gion de hauts plateaux cibl\u00e9e de crat\u00e8res et situ\u00e9e dans l&rsquo;h\u00e9misph\u00e8re sud de Mars, \u00e0 mi-chemin du p\u00f4le Sud, \u00e0 l&rsquo;est du bassin d&rsquo;Hellas. C&rsquo;est la zone de la plan\u00e8te la plus riche en acier et en titane ! Toute la r\u00e9gion pr\u00e9sente des signes de littoraux et d&rsquo;\u00e9rosion due \u00e0 de l&rsquo;eau sous forme liquide qui s&rsquo;\u00e9coulait autrefois en abondance dans les hauts plateaux du sud. D\u00e9sormais, les plaines les plus propices \u00e0 la formation d&rsquo;oc\u00e9ans sont situ\u00e9es en bordure de cette r\u00e9gion. Lorsque vous placez une tuile l\u00e0 o\u00f9 le rover Curiosky a explor\u00e9 la zone voisine du crat\u00e8re Gale, vous pouvez construire une colonie pour 5 M\u20ac (ignorez cela si vous jouez sans l&rsquo;extension Colonies). La carte de Cimmeria ne dispose pas de la r\u00e9gion de Noctis: Noctis Ville peut donc \u00eatre plac\u00e9e sans restriction. Ses zones volcaniques sont indiqu\u00e9es en gras : Albor Tholus, Tyrrhenus Mons, Hadriacus Mons et Apollinaris Mons. Objectifs : Plan\u00e9otologue &#8211; avoir au moins 2 badges Terre, 2 badges Venus et 2 badges Joviens. Architecte &#8211; avoir au moins 5 badges Cit\u00e9. Garde-cote &#8211; avoir au moins 3 tuiles adjacentes \u00e0 l&rsquo;oc\u00e9an. Garde forestier &#8211; avoir une production de plantes d&rsquo;au moins 3. Collecteur de fonds &#8211; avoir une production de M\u20ac d&rsquo;au moins 12. R\u00e9compenses : \u00c9lectricien &#8211; avoir le plus grand nombre de badges \u00c9nergie. Fondateur &#8211; poss\u00e9der le plus grand nombre de tuiles adjacentes \u00e0 des tuiles sp\u00e9ciales. Ponts &#8211; avoir la production combin\u00e9e de toutes les ressources autre que les M\u20ac la plus \u00e9lev\u00e9. Zoologiste &#8211; avoir le plus grand nombre de ressources Animal et Microbe combin\u00e9es. Pr\u00e9visionniste &#8211; poss\u00e9der le plus grand nombre de cartes avec des pr\u00e9requis.<\/p>\n","protected":false},"author":2,"featured_media":12904,"parent":3120,"menu_order":7,"comment_status":"closed","ping_status":"closed","template":"","meta":{"footnotes":""},"class_list":["post-12952","page","type-page","status-publish","has-post-thumbnail","hentry"],"acf":[],"rttpg_featured_image_url":{"full":["https:\/\/meeplendice.net\/wp-content\/uploads\/2024\/11\/Terraformingmars_UC.png",350,350,false],"landscape":["https:\/\/meeplendice.net\/wp-content\/uploads\/2024\/11\/Terraformingmars_UC.png",350,350,false],"portraits":["https:\/\/meeplendice.net\/wp-content\/uploads\/2024\/11\/Terraformingmars_UC.png",350,350,false],"thumbnail":["https:\/\/meeplendice.net\/wp-content\/uploads\/2024\/11\/Terraformingmars_UC-150x150.png",150,150,true],"medium":["https:\/\/meeplendice.net\/wp-content\/uploads\/2024\/11\/Terraformingmars_UC-300x300.png",300,300,true],"large":["https:\/\/meeplendice.net\/wp-content\/uploads\/2024\/11\/Terraformingmars_UC.png",350,350,false],"ug_big":["https:\/\/meeplendice.net\/wp-content\/uploads\/2024\/11\/Terraformingmars_UC.png",350,350,false],"1536x1536":["https:\/\/meeplendice.net\/wp-content\/uploads\/2024\/11\/Terraformingmars_UC.png",350,350,false],"2048x2048":["https:\/\/meeplendice.net\/wp-content\/uploads\/2024\/11\/Terraformingmars_UC.png",350,350,false],"ashe-slider-grid-thumbnail":["https:\/\/meeplendice.net\/wp-content\/uploads\/2024\/11\/Terraformingmars_UC.png",350,350,false],"ashe-full-thumbnail":["https:\/\/meeplendice.net\/wp-content\/uploads\/2024\/11\/Terraformingmars_UC.png",350,350,false],"ashe-grid-thumbnail":["https:\/\/meeplendice.net\/wp-content\/uploads\/2024\/11\/Terraformingmars_UC-350x330.png",350,330,true],"ashe-list-thumbnail":["https:\/\/meeplendice.net\/wp-content\/uploads\/2024\/11\/Terraformingmars_UC-300x300.png",300,300,true],"ashe-single-navigation":["https:\/\/meeplendice.net\/wp-content\/uploads\/2024\/11\/Terraformingmars_UC-75x75.png",75,75,true],"mailpoet_newsletter_max":["https:\/\/meeplendice.net\/wp-content\/uploads\/2024\/11\/Terraformingmars_UC.png",350,350,false],"rpwe-thumbnail":["https:\/\/meeplendice.net\/wp-content\/uploads\/2024\/11\/Terraformingmars_UC-45x45.png",45,45,true],"sow-carousel-default":["https:\/\/meeplendice.net\/wp-content\/uploads\/2024\/11\/Terraformingmars_UC-272x182.png",272,182,true],"rt_custom":["https:\/\/meeplendice.net\/wp-content\/uploads\/2024\/11\/Terraformingmars_UC.png",350,350,false]},"rttpg_author":{"display_name":"Karnby","author_link":"https:\/\/meeplendice.net\/?author=2"},"rttpg_comment":0,"rttpg_category":null,"rttpg_excerpt":"Partez \u00e0 l&rsquo;aventure dans les plaines de lave du Nord ou sur les hauts plateaux du Sud! Chaque carte repr\u00e9sente une nouvelle r\u00e9gion de Mars, avec de nouveaux bonus de placement, de nouvelles zones oc\u00e9aniques, de nouveaux objectifs et de nouvelles r\u00e9compenses. Utopia Planitia Utopia est une plaine de lave situ\u00e9e au nord-ouest d&rsquo;Elys\u00e9um et\u2026","_links":{"self":[{"href":"https:\/\/meeplendice.net\/index.php?rest_route=\/wp\/v2\/pages\/12952","targetHints":{"allow":["GET"]}}],"collection":[{"href":"https:\/\/meeplendice.net\/index.php?rest_route=\/wp\/v2\/pages"}],"about":[{"href":"https:\/\/meeplendice.net\/index.php?rest_route=\/wp\/v2\/types\/page"}],"author":[{"embeddable":true,"href":"https:\/\/meeplendice.net\/index.php?rest_route=\/wp\/v2\/users\/2"}],"replies":[{"embeddable":true,"href":"https:\/\/meeplendice.net\/index.php?rest_route=%2Fwp%2Fv2%2Fcomments&post=12952"}],"version-history":[{"count":6,"href":"https:\/\/meeplendice.net\/index.php?rest_route=\/wp\/v2\/pages\/12952\/revisions"}],"predecessor-version":[{"id":12969,"href":"https:\/\/meeplendice.net\/index.php?rest_route=\/wp\/v2\/pages\/12952\/revisions\/12969"}],"up":[{"embeddable":true,"href":"https:\/\/meeplendice.net\/index.php?rest_route=\/wp\/v2\/pages\/3120"}],"wp:featuredmedia":[{"embeddable":true,"href":"https:\/\/meeplendice.net\/index.php?rest_route=\/wp\/v2\/media\/12904"}],"wp:attachment":[{"href":"https:\/\/meeplendice.net\/index.php?rest_route=%2Fwp%2Fv2%2Fmedia&parent=12952"}],"curies":[{"name":"wp","href":"https:\/\/api.w.org\/{rel}","templated":true}]}}