{"id":12958,"date":"2024-11-21T16:56:10","date_gmt":"2024-11-21T14:56:10","guid":{"rendered":"https:\/\/meeplendice.net\/?page_id=12958"},"modified":"2024-11-24T22:20:09","modified_gmt":"2024-11-24T20:20:09","slug":"prelude-2-pack-promo","status":"publish","type":"page","link":"https:\/\/meeplendice.net\/?page_id=12958","title":{"rendered":"Pr\u00e9lude 2 Pack Promo"},"content":{"rendered":"<p><em>Terraforming Mars : Pr\u00e9lude 2 Pack Promo<\/em> contient 20 cartes suppl\u00e9mentaires pour Pr\u00e9lude 2.<\/p>\n","protected":false},"excerpt":{"rendered":"<p>Terraforming Mars : Pr\u00e9lude 2 Pack Promo contient 20 cartes suppl\u00e9mentaires pour Pr\u00e9lude 2.<\/p>\n","protected":false},"author":2,"featured_media":12901,"parent":3120,"menu_order":10,"comment_status":"closed","ping_status":"closed","template":"","meta":{"footnotes":""},"class_list":["post-12958","page","type-page","status-publish","has-post-thumbnail","hentry"],"acf":[],"rttpg_featured_image_url":{"full":["https:\/\/meeplendice.net\/wp-content\/uploads\/2024\/11\/Terraformingmars_Prelude2_PC.png",350,350,false],"landscape":["https:\/\/meeplendice.net\/wp-content\/uploads\/2024\/11\/Terraformingmars_Prelude2_PC.png",350,350,false],"portraits":["https:\/\/meeplendice.net\/wp-content\/uploads\/2024\/11\/Terraformingmars_Prelude2_PC.png",350,350,false],"thumbnail":["https:\/\/meeplendice.net\/wp-content\/uploads\/2024\/11\/Terraformingmars_Prelude2_PC-150x150.png",150,150,true],"medium":["https:\/\/meeplendice.net\/wp-content\/uploads\/2024\/11\/Terraformingmars_Prelude2_PC-300x300.png",300,300,true],"large":["https:\/\/meeplendice.net\/wp-content\/uploads\/2024\/11\/Terraformingmars_Prelude2_PC.png",350,350,false],"ug_big":["https:\/\/meeplendice.net\/wp-content\/uploads\/2024\/11\/Terraformingmars_Prelude2_PC.png",350,350,false],"1536x1536":["https:\/\/meeplendice.net\/wp-content\/uploads\/2024\/11\/Terraformingmars_Prelude2_PC.png",350,350,false],"2048x2048":["https:\/\/meeplendice.net\/wp-content\/uploads\/2024\/11\/Terraformingmars_Prelude2_PC.png",350,350,false],"ashe-slider-grid-thumbnail":["https:\/\/meeplendice.net\/wp-content\/uploads\/2024\/11\/Terraformingmars_Prelude2_PC.png",350,350,false],"ashe-full-thumbnail":["https:\/\/meeplendice.net\/wp-content\/uploads\/2024\/11\/Terraformingmars_Prelude2_PC.png",350,350,false],"ashe-grid-thumbnail":["https:\/\/meeplendice.net\/wp-content\/uploads\/2024\/11\/Terraformingmars_Prelude2_PC-350x330.png",350,330,true],"ashe-list-thumbnail":["https:\/\/meeplendice.net\/wp-content\/uploads\/2024\/11\/Terraformingmars_Prelude2_PC-300x300.png",300,300,true],"ashe-single-navigation":["https:\/\/meeplendice.net\/wp-content\/uploads\/2024\/11\/Terraformingmars_Prelude2_PC-75x75.png",75,75,true],"mailpoet_newsletter_max":["https:\/\/meeplendice.net\/wp-content\/uploads\/2024\/11\/Terraformingmars_Prelude2_PC.png",350,350,false],"rpwe-thumbnail":["https:\/\/meeplendice.net\/wp-content\/uploads\/2024\/11\/Terraformingmars_Prelude2_PC-45x45.png",45,45,true],"sow-carousel-default":["https:\/\/meeplendice.net\/wp-content\/uploads\/2024\/11\/Terraformingmars_Prelude2_PC-272x182.png",272,182,true],"rt_custom":["https:\/\/meeplendice.net\/wp-content\/uploads\/2024\/11\/Terraformingmars_Prelude2_PC.png",350,350,false]},"rttpg_author":{"display_name":"Karnby","author_link":"https:\/\/meeplendice.net\/?author=2"},"rttpg_comment":0,"rttpg_category":null,"rttpg_excerpt":"Terraforming Mars : Pr\u00e9lude 2 Pack Promo contient 20 cartes suppl\u00e9mentaires pour Pr\u00e9lude 2.","_links":{"self":[{"href":"https:\/\/meeplendice.net\/index.php?rest_route=\/wp\/v2\/pages\/12958","targetHints":{"allow":["GET"]}}],"collection":[{"href":"https:\/\/meeplendice.net\/index.php?rest_route=\/wp\/v2\/pages"}],"about":[{"href":"https:\/\/meeplendice.net\/index.php?rest_route=\/wp\/v2\/types\/page"}],"author":[{"embeddable":true,"href":"https:\/\/meeplendice.net\/index.php?rest_route=\/wp\/v2\/users\/2"}],"replies":[{"embeddable":true,"href":"https:\/\/meeplendice.net\/index.php?rest_route=%2Fwp%2Fv2%2Fcomments&post=12958"}],"version-history":[{"count":2,"href":"https:\/\/meeplendice.net\/index.php?rest_route=\/wp\/v2\/pages\/12958\/revisions"}],"predecessor-version":[{"id":12974,"href":"https:\/\/meeplendice.net\/index.php?rest_route=\/wp\/v2\/pages\/12958\/revisions\/12974"}],"up":[{"embeddable":true,"href":"https:\/\/meeplendice.net\/index.php?rest_route=\/wp\/v2\/pages\/3120"}],"wp:featuredmedia":[{"embeddable":true,"href":"https:\/\/meeplendice.net\/index.php?rest_route=\/wp\/v2\/media\/12901"}],"wp:attachment":[{"href":"https:\/\/meeplendice.net\/index.php?rest_route=%2Fwp%2Fv2%2Fmedia&parent=12958"}],"curies":[{"name":"wp","href":"https:\/\/api.w.org\/{rel}","templated":true}]}}