{"id":12960,"date":"2024-11-21T16:56:52","date_gmt":"2024-11-21T14:56:52","guid":{"rendered":"https:\/\/meeplendice.net\/?page_id=12960"},"modified":"2024-11-24T23:15:19","modified_gmt":"2024-11-24T21:15:19","slug":"automa","status":"publish","type":"page","link":"https:\/\/meeplendice.net\/?page_id=12960","title":{"rendered":"Automa"},"content":{"rendered":"<p><em>M\u00e9content du rythme actuel des avanc\u00e9es sur Mars, le Gouvernement Mondial a lanc\u00e9 un projet exp\u00e9rimental. Nom de code : MarsBot.<br \/>\nIl s&rsquo;agit de la toute premier intelligence artificielle automatis\u00e9e et ind\u00e9pendante, con\u00e7ue sp\u00e9cifiquement pour piloter les activit\u00e9s de terraformation sur la plan\u00e8te rouge. Votre corporation est cens\u00e9e travailler sous sa direction et suivre ses ordres&#8230; mais ce n&rsquo;est pas cela qui vous permettra de tirer votre \u00e9pingle du jeu ! <\/em><\/p>\n<p><em>Si vous voulez obtenir la subvention gouvernementale que vous convoitez, vous allez devoir vous surpasser, surpasser ce superordinateur et prouver aux Nations Unies que seul un humain est \u00e0 m\u00eame de concevoir ce nouveau foyer pour l&rsquo;humanit\u00e9.<\/em><\/p>\n<p><em>Terraforming Mars: Automa<\/em> vous offre une nouvelle exp\u00e9rience solo pour vos parties de <em>Terraforming mars<\/em>. Au lieu d&rsquo;une \u00a0\u00bb simple\u00a0\u00bb course contre la montre, l&rsquo;Automa, pr\u00e9nomm\u00e9 Marsbot, vous permet d&rsquo;affronter des corporations dirig\u00e9es par des algorithmes et des cartes sp\u00e9ciales, et vous offre la possibilit\u00e9 d&rsquo;ajouter librement les extensions dont vous avez besoin pour cr\u00e9er le d\u00e9fi auquel vous aspirez.<\/p>\n","protected":false},"excerpt":{"rendered":"<p>M\u00e9content du rythme actuel des avanc\u00e9es sur Mars, le Gouvernement Mondial a lanc\u00e9 un projet exp\u00e9rimental. Nom de code : MarsBot. Il s&rsquo;agit de la toute premier intelligence artificielle automatis\u00e9e et ind\u00e9pendante, con\u00e7ue sp\u00e9cifiquement pour piloter les activit\u00e9s de terraformation sur la plan\u00e8te rouge. Votre corporation est cens\u00e9e travailler sous sa direction et suivre ses ordres&#8230; mais ce n&rsquo;est pas cela qui vous permettra de tirer votre \u00e9pingle du jeu ! Si vous voulez obtenir la subvention gouvernementale que vous convoitez, vous allez devoir vous surpasser, surpasser ce superordinateur et prouver aux Nations Unies que seul un humain est \u00e0 m\u00eame de concevoir ce nouveau foyer pour l&rsquo;humanit\u00e9. Terraforming Mars: Automa vous offre une nouvelle exp\u00e9rience solo pour vos parties de Terraforming mars. Au lieu d&rsquo;une \u00a0\u00bb simple\u00a0\u00bb course contre la montre, l&rsquo;Automa, pr\u00e9nomm\u00e9 Marsbot, vous permet d&rsquo;affronter des corporations dirig\u00e9es par des algorithmes et des cartes sp\u00e9ciales, et vous offre la possibilit\u00e9 d&rsquo;ajouter librement les extensions dont vous avez besoin pour cr\u00e9er le d\u00e9fi auquel vous aspirez.<\/p>\n","protected":false},"author":2,"featured_media":12907,"parent":3120,"menu_order":11,"comment_status":"closed","ping_status":"closed","template":"","meta":{"footnotes":""},"class_list":["post-12960","page","type-page","status-publish","has-post-thumbnail","hentry"],"acf":[],"rttpg_featured_image_url":{"full":["https:\/\/meeplendice.net\/wp-content\/uploads\/2024\/11\/Terraformingmars_Automata.png",350,350,false],"landscape":["https:\/\/meeplendice.net\/wp-content\/uploads\/2024\/11\/Terraformingmars_Automata.png",350,350,false],"portraits":["https:\/\/meeplendice.net\/wp-content\/uploads\/2024\/11\/Terraformingmars_Automata.png",350,350,false],"thumbnail":["https:\/\/meeplendice.net\/wp-content\/uploads\/2024\/11\/Terraformingmars_Automata-150x150.png",150,150,true],"medium":["https:\/\/meeplendice.net\/wp-content\/uploads\/2024\/11\/Terraformingmars_Automata-300x300.png",300,300,true],"large":["https:\/\/meeplendice.net\/wp-content\/uploads\/2024\/11\/Terraformingmars_Automata.png",350,350,false],"ug_big":["https:\/\/meeplendice.net\/wp-content\/uploads\/2024\/11\/Terraformingmars_Automata.png",350,350,false],"1536x1536":["https:\/\/meeplendice.net\/wp-content\/uploads\/2024\/11\/Terraformingmars_Automata.png",350,350,false],"2048x2048":["https:\/\/meeplendice.net\/wp-content\/uploads\/2024\/11\/Terraformingmars_Automata.png",350,350,false],"ashe-slider-grid-thumbnail":["https:\/\/meeplendice.net\/wp-content\/uploads\/2024\/11\/Terraformingmars_Automata.png",350,350,false],"ashe-full-thumbnail":["https:\/\/meeplendice.net\/wp-content\/uploads\/2024\/11\/Terraformingmars_Automata.png",350,350,false],"ashe-grid-thumbnail":["https:\/\/meeplendice.net\/wp-content\/uploads\/2024\/11\/Terraformingmars_Automata-350x330.png",350,330,true],"ashe-list-thumbnail":["https:\/\/meeplendice.net\/wp-content\/uploads\/2024\/11\/Terraformingmars_Automata-300x300.png",300,300,true],"ashe-single-navigation":["https:\/\/meeplendice.net\/wp-content\/uploads\/2024\/11\/Terraformingmars_Automata-75x75.png",75,75,true],"mailpoet_newsletter_max":["https:\/\/meeplendice.net\/wp-content\/uploads\/2024\/11\/Terraformingmars_Automata.png",350,350,false],"rpwe-thumbnail":["https:\/\/meeplendice.net\/wp-content\/uploads\/2024\/11\/Terraformingmars_Automata-45x45.png",45,45,true],"sow-carousel-default":["https:\/\/meeplendice.net\/wp-content\/uploads\/2024\/11\/Terraformingmars_Automata-272x182.png",272,182,true],"rt_custom":["https:\/\/meeplendice.net\/wp-content\/uploads\/2024\/11\/Terraformingmars_Automata.png",350,350,false]},"rttpg_author":{"display_name":"Karnby","author_link":"https:\/\/meeplendice.net\/?author=2"},"rttpg_comment":0,"rttpg_category":null,"rttpg_excerpt":"M\u00e9content du rythme actuel des avanc\u00e9es sur Mars, le Gouvernement Mondial a lanc\u00e9 un projet exp\u00e9rimental. Nom de code : MarsBot. Il s&rsquo;agit de la toute premier intelligence artificielle automatis\u00e9e et ind\u00e9pendante, con\u00e7ue sp\u00e9cifiquement pour piloter les activit\u00e9s de terraformation sur la plan\u00e8te rouge. Votre corporation est cens\u00e9e travailler sous sa direction et suivre ses\u2026","_links":{"self":[{"href":"https:\/\/meeplendice.net\/index.php?rest_route=\/wp\/v2\/pages\/12960","targetHints":{"allow":["GET"]}}],"collection":[{"href":"https:\/\/meeplendice.net\/index.php?rest_route=\/wp\/v2\/pages"}],"about":[{"href":"https:\/\/meeplendice.net\/index.php?rest_route=\/wp\/v2\/types\/page"}],"author":[{"embeddable":true,"href":"https:\/\/meeplendice.net\/index.php?rest_route=\/wp\/v2\/users\/2"}],"replies":[{"embeddable":true,"href":"https:\/\/meeplendice.net\/index.php?rest_route=%2Fwp%2Fv2%2Fcomments&post=12960"}],"version-history":[{"count":3,"href":"https:\/\/meeplendice.net\/index.php?rest_route=\/wp\/v2\/pages\/12960\/revisions"}],"predecessor-version":[{"id":12976,"href":"https:\/\/meeplendice.net\/index.php?rest_route=\/wp\/v2\/pages\/12960\/revisions\/12976"}],"up":[{"embeddable":true,"href":"https:\/\/meeplendice.net\/index.php?rest_route=\/wp\/v2\/pages\/3120"}],"wp:featuredmedia":[{"embeddable":true,"href":"https:\/\/meeplendice.net\/index.php?rest_route=\/wp\/v2\/media\/12907"}],"wp:attachment":[{"href":"https:\/\/meeplendice.net\/index.php?rest_route=%2Fwp%2Fv2%2Fmedia&parent=12960"}],"curies":[{"name":"wp","href":"https:\/\/api.w.org\/{rel}","templated":true}]}}