{"id":12978,"date":"2024-11-24T23:22:36","date_gmt":"2024-11-24T21:22:36","guid":{"rendered":"https:\/\/meeplendice.net\/?page_id=12978"},"modified":"2024-11-25T00:00:07","modified_gmt":"2024-11-24T22:00:07","slug":"de-pronfundis","status":"publish","type":"page","link":"https:\/\/meeplendice.net\/?page_id=12978","title":{"rendered":"De Profundis"},"content":{"rendered":"<p><em>Il y a longtemps, une soci\u00e9t\u00e9 secr\u00e9t\u00e9 constitu\u00e9e de puissants Seigneur fomenta un coup d\u2019\u00c9tat qui tourna court. Beaucoup furent condamn\u00e9s au supplice des mur\u00e8nes, mais l&rsquo;on raconte que dix d&rsquo;entre eux surv\u00e9curent. D\u00e9chus de leur statut de Seigneur et bannis pour l&rsquo;\u00e9ternit\u00e9, ils se r\u00e9fugi\u00e8rent aux confins des failles abyssales.<\/em><\/p>\n<p><em>Comment ont-ils r\u00e9sist\u00e9 \u00e0 ces conditions extr\u00eames\u00a0 ? Sans doute ont-ils fait corps avec leur environnement, puisant chez les cr\u00e9atures des profondeurs la force n\u00e9cessaire \u00e0 leur survie&#8230;<\/em><\/p>\n<p><em>A pr\u00e9sent les Bannis approchent et ces cr\u00e9atures mi-abyssales mi-seigneuriales ont d\u00e9cid\u00e9 de reprendre possession de leurs biens.<\/em><\/p>\n<p>&nbsp;<\/p>\n<p>Il y a longtemps, 10 Seigneurs furent d\u00e9chus de leur statut et bannis pour l\u2019\u00e9ternit\u00e9. Ils reviennent \u00e0 pr\u00e9sent d\u00e9cid\u00e9s \u00e0 reprendre possession de leurs biens. Associ\u00e9s \u00e0 de puissants pouvoirs, la combinaison de ces personnages vous permettra de d\u00e9poss\u00e9der directement vos adversaires de leurs lieux durement acquis et conf\u00e8rera \u00e0 vos parties une nouvelle tension !<\/p>\n","protected":false},"excerpt":{"rendered":"<p>Il y a longtemps, une soci\u00e9t\u00e9 secr\u00e9t\u00e9 constitu\u00e9e de puissants Seigneur fomenta un coup d\u2019\u00c9tat qui tourna court. Beaucoup furent condamn\u00e9s au supplice des mur\u00e8nes, mais l&rsquo;on raconte que dix d&rsquo;entre eux surv\u00e9curent. D\u00e9chus de leur statut de Seigneur et bannis pour l&rsquo;\u00e9ternit\u00e9, ils se r\u00e9fugi\u00e8rent aux confins des failles abyssales. Comment ont-ils r\u00e9sist\u00e9 \u00e0 ces conditions extr\u00eames\u00a0 ? Sans doute ont-ils fait corps avec leur environnement, puisant chez les cr\u00e9atures des profondeurs la force n\u00e9cessaire \u00e0 leur survie&#8230; A pr\u00e9sent les Bannis approchent et ces cr\u00e9atures mi-abyssales mi-seigneuriales ont d\u00e9cid\u00e9 de reprendre possession de leurs biens. &nbsp; Il y a longtemps, 10 Seigneurs furent d\u00e9chus de leur statut et bannis pour l\u2019\u00e9ternit\u00e9. Ils reviennent \u00e0 pr\u00e9sent d\u00e9cid\u00e9s \u00e0 reprendre possession de leurs biens. Associ\u00e9s \u00e0 de puissants pouvoirs, la combinaison de ces personnages vous permettra de d\u00e9poss\u00e9der directement vos adversaires de leurs lieux durement acquis et conf\u00e8rera \u00e0 vos parties une nouvelle tension !<\/p>\n","protected":false},"author":2,"featured_media":12980,"parent":55,"menu_order":3,"comment_status":"closed","ping_status":"closed","template":"","meta":{"footnotes":""},"class_list":["post-12978","page","type-page","status-publish","has-post-thumbnail","hentry"],"acf":[],"rttpg_featured_image_url":{"full":["https:\/\/meeplendice.net\/wp-content\/uploads\/2024\/11\/Abyss_DeProfundis.png",350,350,false],"landscape":["https:\/\/meeplendice.net\/wp-content\/uploads\/2024\/11\/Abyss_DeProfundis.png",350,350,false],"portraits":["https:\/\/meeplendice.net\/wp-content\/uploads\/2024\/11\/Abyss_DeProfundis.png",350,350,false],"thumbnail":["https:\/\/meeplendice.net\/wp-content\/uploads\/2024\/11\/Abyss_DeProfundis-150x150.png",150,150,true],"medium":["https:\/\/meeplendice.net\/wp-content\/uploads\/2024\/11\/Abyss_DeProfundis-300x300.png",300,300,true],"large":["https:\/\/meeplendice.net\/wp-content\/uploads\/2024\/11\/Abyss_DeProfundis.png",350,350,false],"ug_big":["https:\/\/meeplendice.net\/wp-content\/uploads\/2024\/11\/Abyss_DeProfundis.png",350,350,false],"1536x1536":["https:\/\/meeplendice.net\/wp-content\/uploads\/2024\/11\/Abyss_DeProfundis.png",350,350,false],"2048x2048":["https:\/\/meeplendice.net\/wp-content\/uploads\/2024\/11\/Abyss_DeProfundis.png",350,350,false],"ashe-slider-grid-thumbnail":["https:\/\/meeplendice.net\/wp-content\/uploads\/2024\/11\/Abyss_DeProfundis.png",350,350,false],"ashe-full-thumbnail":["https:\/\/meeplendice.net\/wp-content\/uploads\/2024\/11\/Abyss_DeProfundis.png",350,350,false],"ashe-grid-thumbnail":["https:\/\/meeplendice.net\/wp-content\/uploads\/2024\/11\/Abyss_DeProfundis-350x330.png",350,330,true],"ashe-list-thumbnail":["https:\/\/meeplendice.net\/wp-content\/uploads\/2024\/11\/Abyss_DeProfundis-300x300.png",300,300,true],"ashe-single-navigation":["https:\/\/meeplendice.net\/wp-content\/uploads\/2024\/11\/Abyss_DeProfundis-75x75.png",75,75,true],"mailpoet_newsletter_max":["https:\/\/meeplendice.net\/wp-content\/uploads\/2024\/11\/Abyss_DeProfundis.png",350,350,false],"rpwe-thumbnail":["https:\/\/meeplendice.net\/wp-content\/uploads\/2024\/11\/Abyss_DeProfundis-45x45.png",45,45,true],"sow-carousel-default":["https:\/\/meeplendice.net\/wp-content\/uploads\/2024\/11\/Abyss_DeProfundis-272x182.png",272,182,true],"rt_custom":["https:\/\/meeplendice.net\/wp-content\/uploads\/2024\/11\/Abyss_DeProfundis.png",350,350,false]},"rttpg_author":{"display_name":"Karnby","author_link":"https:\/\/meeplendice.net\/?author=2"},"rttpg_comment":0,"rttpg_category":null,"rttpg_excerpt":"Il y a longtemps, une soci\u00e9t\u00e9 secr\u00e9t\u00e9 constitu\u00e9e de puissants Seigneur fomenta un coup d\u2019\u00c9tat qui tourna court. Beaucoup furent condamn\u00e9s au supplice des mur\u00e8nes, mais l&rsquo;on raconte que dix d&rsquo;entre eux surv\u00e9curent. D\u00e9chus de leur statut de Seigneur et bannis pour l&rsquo;\u00e9ternit\u00e9, ils se r\u00e9fugi\u00e8rent aux confins des failles abyssales. Comment ont-ils r\u00e9sist\u00e9 \u00e0\u2026","_links":{"self":[{"href":"https:\/\/meeplendice.net\/index.php?rest_route=\/wp\/v2\/pages\/12978","targetHints":{"allow":["GET"]}}],"collection":[{"href":"https:\/\/meeplendice.net\/index.php?rest_route=\/wp\/v2\/pages"}],"about":[{"href":"https:\/\/meeplendice.net\/index.php?rest_route=\/wp\/v2\/types\/page"}],"author":[{"embeddable":true,"href":"https:\/\/meeplendice.net\/index.php?rest_route=\/wp\/v2\/users\/2"}],"replies":[{"embeddable":true,"href":"https:\/\/meeplendice.net\/index.php?rest_route=%2Fwp%2Fv2%2Fcomments&post=12978"}],"version-history":[{"count":4,"href":"https:\/\/meeplendice.net\/index.php?rest_route=\/wp\/v2\/pages\/12978\/revisions"}],"predecessor-version":[{"id":12992,"href":"https:\/\/meeplendice.net\/index.php?rest_route=\/wp\/v2\/pages\/12978\/revisions\/12992"}],"up":[{"embeddable":true,"href":"https:\/\/meeplendice.net\/index.php?rest_route=\/wp\/v2\/pages\/55"}],"wp:featuredmedia":[{"embeddable":true,"href":"https:\/\/meeplendice.net\/index.php?rest_route=\/wp\/v2\/media\/12980"}],"wp:attachment":[{"href":"https:\/\/meeplendice.net\/index.php?rest_route=%2Fwp%2Fv2%2Fmedia&parent=12978"}],"curies":[{"name":"wp","href":"https:\/\/api.w.org\/{rel}","templated":true}]}}