{"id":12983,"date":"2024-11-24T23:28:23","date_gmt":"2024-11-24T21:28:23","guid":{"rendered":"https:\/\/meeplendice.net\/?page_id=12983"},"modified":"2024-11-24T23:29:53","modified_gmt":"2024-11-24T21:29:53","slug":"le-peuple-du-dessous","status":"publish","type":"page","link":"https:\/\/meeplendice.net\/?page_id=12983","title":{"rendered":"Le Peuple du Dessous"},"content":{"rendered":"<p><em>Le continent Alula n&rsquo;a pas fini de livrer ses richesses. Deux anciens peuples se r\u00e9v\u00e8lent \u00e0 vous : les Guides et les Triclopes. Et avec eux, de nouveaux moyen de gagner de la renomm\u00e9e.<\/em><\/p>\n<p>En ajoutant cette extension au jeu de base, vous pouvez d\u00e9sormais jouer \u00e0 <em>Faraway<\/em> jusqu&rsquo;a 7 joueurs.<\/p>\n","protected":false},"excerpt":{"rendered":"<p>Le continent Alula n&rsquo;a pas fini de livrer ses richesses. Deux anciens peuples se r\u00e9v\u00e8lent \u00e0 vous : les Guides et les Triclopes. Et avec eux, de nouveaux moyen de gagner de la renomm\u00e9e. En ajoutant cette extension au jeu de base, vous pouvez d\u00e9sormais jouer \u00e0 Faraway jusqu&rsquo;a 7 joueurs.<\/p>\n","protected":false},"author":2,"featured_media":12905,"parent":11609,"menu_order":1,"comment_status":"closed","ping_status":"closed","template":"","meta":{"footnotes":""},"class_list":["post-12983","page","type-page","status-publish","has-post-thumbnail","hentry"],"acf":[],"rttpg_featured_image_url":{"full":["https:\/\/meeplendice.net\/wp-content\/uploads\/2024\/11\/Faraway_Peupledessous.png",350,350,false],"landscape":["https:\/\/meeplendice.net\/wp-content\/uploads\/2024\/11\/Faraway_Peupledessous.png",350,350,false],"portraits":["https:\/\/meeplendice.net\/wp-content\/uploads\/2024\/11\/Faraway_Peupledessous.png",350,350,false],"thumbnail":["https:\/\/meeplendice.net\/wp-content\/uploads\/2024\/11\/Faraway_Peupledessous-150x150.png",150,150,true],"medium":["https:\/\/meeplendice.net\/wp-content\/uploads\/2024\/11\/Faraway_Peupledessous-300x300.png",300,300,true],"large":["https:\/\/meeplendice.net\/wp-content\/uploads\/2024\/11\/Faraway_Peupledessous.png",350,350,false],"ug_big":["https:\/\/meeplendice.net\/wp-content\/uploads\/2024\/11\/Faraway_Peupledessous.png",350,350,false],"1536x1536":["https:\/\/meeplendice.net\/wp-content\/uploads\/2024\/11\/Faraway_Peupledessous.png",350,350,false],"2048x2048":["https:\/\/meeplendice.net\/wp-content\/uploads\/2024\/11\/Faraway_Peupledessous.png",350,350,false],"ashe-slider-grid-thumbnail":["https:\/\/meeplendice.net\/wp-content\/uploads\/2024\/11\/Faraway_Peupledessous.png",350,350,false],"ashe-full-thumbnail":["https:\/\/meeplendice.net\/wp-content\/uploads\/2024\/11\/Faraway_Peupledessous.png",350,350,false],"ashe-grid-thumbnail":["https:\/\/meeplendice.net\/wp-content\/uploads\/2024\/11\/Faraway_Peupledessous-350x330.png",350,330,true],"ashe-list-thumbnail":["https:\/\/meeplendice.net\/wp-content\/uploads\/2024\/11\/Faraway_Peupledessous-300x300.png",300,300,true],"ashe-single-navigation":["https:\/\/meeplendice.net\/wp-content\/uploads\/2024\/11\/Faraway_Peupledessous-75x75.png",75,75,true],"mailpoet_newsletter_max":["https:\/\/meeplendice.net\/wp-content\/uploads\/2024\/11\/Faraway_Peupledessous.png",350,350,false],"rpwe-thumbnail":["https:\/\/meeplendice.net\/wp-content\/uploads\/2024\/11\/Faraway_Peupledessous-45x45.png",45,45,true],"sow-carousel-default":["https:\/\/meeplendice.net\/wp-content\/uploads\/2024\/11\/Faraway_Peupledessous-272x182.png",272,182,true],"rt_custom":["https:\/\/meeplendice.net\/wp-content\/uploads\/2024\/11\/Faraway_Peupledessous.png",350,350,false]},"rttpg_author":{"display_name":"Karnby","author_link":"https:\/\/meeplendice.net\/?author=2"},"rttpg_comment":0,"rttpg_category":null,"rttpg_excerpt":"Le continent Alula n&rsquo;a pas fini de livrer ses richesses. Deux anciens peuples se r\u00e9v\u00e8lent \u00e0 vous : les Guides et les Triclopes. Et avec eux, de nouveaux moyen de gagner de la renomm\u00e9e. En ajoutant cette extension au jeu de base, vous pouvez d\u00e9sormais jouer \u00e0 Faraway jusqu&rsquo;a 7 joueurs.","_links":{"self":[{"href":"https:\/\/meeplendice.net\/index.php?rest_route=\/wp\/v2\/pages\/12983","targetHints":{"allow":["GET"]}}],"collection":[{"href":"https:\/\/meeplendice.net\/index.php?rest_route=\/wp\/v2\/pages"}],"about":[{"href":"https:\/\/meeplendice.net\/index.php?rest_route=\/wp\/v2\/types\/page"}],"author":[{"embeddable":true,"href":"https:\/\/meeplendice.net\/index.php?rest_route=\/wp\/v2\/users\/2"}],"replies":[{"embeddable":true,"href":"https:\/\/meeplendice.net\/index.php?rest_route=%2Fwp%2Fv2%2Fcomments&post=12983"}],"version-history":[{"count":1,"href":"https:\/\/meeplendice.net\/index.php?rest_route=\/wp\/v2\/pages\/12983\/revisions"}],"predecessor-version":[{"id":12985,"href":"https:\/\/meeplendice.net\/index.php?rest_route=\/wp\/v2\/pages\/12983\/revisions\/12985"}],"up":[{"embeddable":true,"href":"https:\/\/meeplendice.net\/index.php?rest_route=\/wp\/v2\/pages\/11609"}],"wp:featuredmedia":[{"embeddable":true,"href":"https:\/\/meeplendice.net\/index.php?rest_route=\/wp\/v2\/media\/12905"}],"wp:attachment":[{"href":"https:\/\/meeplendice.net\/index.php?rest_route=%2Fwp%2Fv2%2Fmedia&parent=12983"}],"curies":[{"name":"wp","href":"https:\/\/api.w.org\/{rel}","templated":true}]}}