{"id":12987,"date":"2024-11-24T23:33:26","date_gmt":"2024-11-24T21:33:26","guid":{"rendered":"https:\/\/meeplendice.net\/?page_id=12987"},"modified":"2024-11-24T23:33:26","modified_gmt":"2024-11-24T21:33:26","slug":"athena","status":"publish","type":"page","link":"https:\/\/meeplendice.net\/?page_id=12987","title":{"rendered":"Athena"},"content":{"rendered":"<p><em>Dans l&rsquo;antique M\u00e9diterran\u00e9e, les cit\u00e9s naissantes doivent rivaliser d&rsquo;ing\u00e9niosit\u00e9 architecturale afin de surpasser leurs voisines en prestige.<br \/>\n<\/em><\/p>\n<p><em>Toutes cherchent \u00e0 s&rsquo;attirer les faveurs d&rsquo;Ath\u00e9na, d\u00e9esse de la sagesse, de la guerre et des artisans, dans l&rsquo;espoir de jouir des richesse et des honneurs qu&rsquo;elle peut prodiguer. <\/em><\/p>\n<p><em>C&rsquo;est ici que vous intervenez en tant qu&rsquo;Architecte ! Gardez \u00e0 l&rsquo;esprit que votre talent va d\u00e9terminer la renomm\u00e9e de votre cit\u00e9 pour la prosp\u00e9rit\u00e9 !<\/em><\/p>\n<p><em>Athena<\/em> est une extension pour le jeu \u00e0 succ\u00e8s <em>Akropolis<\/em>. Construisez la plus belle des cit\u00e9s pour plaire \u00e0 la d\u00e9esse Athena et b\u00e9n\u00e9ficier de ses bienfaits.<\/p>\n","protected":false},"excerpt":{"rendered":"<p>Dans l&rsquo;antique M\u00e9diterran\u00e9e, les cit\u00e9s naissantes doivent rivaliser d&rsquo;ing\u00e9niosit\u00e9 architecturale afin de surpasser leurs voisines en prestige. Toutes cherchent \u00e0 s&rsquo;attirer les faveurs d&rsquo;Ath\u00e9na, d\u00e9esse de la sagesse, de la guerre et des artisans, dans l&rsquo;espoir de jouir des richesse et des honneurs qu&rsquo;elle peut prodiguer. C&rsquo;est ici que vous intervenez en tant qu&rsquo;Architecte ! Gardez \u00e0 l&rsquo;esprit que votre talent va d\u00e9terminer la renomm\u00e9e de votre cit\u00e9 pour la prosp\u00e9rit\u00e9 ! Athena est une extension pour le jeu \u00e0 succ\u00e8s Akropolis. Construisez la plus belle des cit\u00e9s pour plaire \u00e0 la d\u00e9esse Athena et b\u00e9n\u00e9ficier de ses bienfaits.<\/p>\n","protected":false},"author":2,"featured_media":12906,"parent":10886,"menu_order":1,"comment_status":"closed","ping_status":"closed","template":"","meta":{"footnotes":""},"class_list":["post-12987","page","type-page","status-publish","has-post-thumbnail","hentry"],"acf":[],"rttpg_featured_image_url":{"full":["https:\/\/meeplendice.net\/wp-content\/uploads\/2024\/11\/Akropolis_Athena.png",350,350,false],"landscape":["https:\/\/meeplendice.net\/wp-content\/uploads\/2024\/11\/Akropolis_Athena.png",350,350,false],"portraits":["https:\/\/meeplendice.net\/wp-content\/uploads\/2024\/11\/Akropolis_Athena.png",350,350,false],"thumbnail":["https:\/\/meeplendice.net\/wp-content\/uploads\/2024\/11\/Akropolis_Athena-150x150.png",150,150,true],"medium":["https:\/\/meeplendice.net\/wp-content\/uploads\/2024\/11\/Akropolis_Athena-300x300.png",300,300,true],"large":["https:\/\/meeplendice.net\/wp-content\/uploads\/2024\/11\/Akropolis_Athena.png",350,350,false],"ug_big":["https:\/\/meeplendice.net\/wp-content\/uploads\/2024\/11\/Akropolis_Athena.png",350,350,false],"1536x1536":["https:\/\/meeplendice.net\/wp-content\/uploads\/2024\/11\/Akropolis_Athena.png",350,350,false],"2048x2048":["https:\/\/meeplendice.net\/wp-content\/uploads\/2024\/11\/Akropolis_Athena.png",350,350,false],"ashe-slider-grid-thumbnail":["https:\/\/meeplendice.net\/wp-content\/uploads\/2024\/11\/Akropolis_Athena.png",350,350,false],"ashe-full-thumbnail":["https:\/\/meeplendice.net\/wp-content\/uploads\/2024\/11\/Akropolis_Athena.png",350,350,false],"ashe-grid-thumbnail":["https:\/\/meeplendice.net\/wp-content\/uploads\/2024\/11\/Akropolis_Athena-350x330.png",350,330,true],"ashe-list-thumbnail":["https:\/\/meeplendice.net\/wp-content\/uploads\/2024\/11\/Akropolis_Athena-300x300.png",300,300,true],"ashe-single-navigation":["https:\/\/meeplendice.net\/wp-content\/uploads\/2024\/11\/Akropolis_Athena-75x75.png",75,75,true],"mailpoet_newsletter_max":["https:\/\/meeplendice.net\/wp-content\/uploads\/2024\/11\/Akropolis_Athena.png",350,350,false],"rpwe-thumbnail":["https:\/\/meeplendice.net\/wp-content\/uploads\/2024\/11\/Akropolis_Athena-45x45.png",45,45,true],"sow-carousel-default":["https:\/\/meeplendice.net\/wp-content\/uploads\/2024\/11\/Akropolis_Athena-272x182.png",272,182,true],"rt_custom":["https:\/\/meeplendice.net\/wp-content\/uploads\/2024\/11\/Akropolis_Athena.png",350,350,false]},"rttpg_author":{"display_name":"Karnby","author_link":"https:\/\/meeplendice.net\/?author=2"},"rttpg_comment":0,"rttpg_category":null,"rttpg_excerpt":"Dans l&rsquo;antique M\u00e9diterran\u00e9e, les cit\u00e9s naissantes doivent rivaliser d&rsquo;ing\u00e9niosit\u00e9 architecturale afin de surpasser leurs voisines en prestige. Toutes cherchent \u00e0 s&rsquo;attirer les faveurs d&rsquo;Ath\u00e9na, d\u00e9esse de la sagesse, de la guerre et des artisans, dans l&rsquo;espoir de jouir des richesse et des honneurs qu&rsquo;elle peut prodiguer. C&rsquo;est ici que vous intervenez en tant qu&rsquo;Architecte !\u2026","_links":{"self":[{"href":"https:\/\/meeplendice.net\/index.php?rest_route=\/wp\/v2\/pages\/12987","targetHints":{"allow":["GET"]}}],"collection":[{"href":"https:\/\/meeplendice.net\/index.php?rest_route=\/wp\/v2\/pages"}],"about":[{"href":"https:\/\/meeplendice.net\/index.php?rest_route=\/wp\/v2\/types\/page"}],"author":[{"embeddable":true,"href":"https:\/\/meeplendice.net\/index.php?rest_route=\/wp\/v2\/users\/2"}],"replies":[{"embeddable":true,"href":"https:\/\/meeplendice.net\/index.php?rest_route=%2Fwp%2Fv2%2Fcomments&post=12987"}],"version-history":[{"count":1,"href":"https:\/\/meeplendice.net\/index.php?rest_route=\/wp\/v2\/pages\/12987\/revisions"}],"predecessor-version":[{"id":12988,"href":"https:\/\/meeplendice.net\/index.php?rest_route=\/wp\/v2\/pages\/12987\/revisions\/12988"}],"up":[{"embeddable":true,"href":"https:\/\/meeplendice.net\/index.php?rest_route=\/wp\/v2\/pages\/10886"}],"wp:featuredmedia":[{"embeddable":true,"href":"https:\/\/meeplendice.net\/index.php?rest_route=\/wp\/v2\/media\/12906"}],"wp:attachment":[{"href":"https:\/\/meeplendice.net\/index.php?rest_route=%2Fwp%2Fv2%2Fmedia&parent=12987"}],"curies":[{"name":"wp","href":"https:\/\/api.w.org\/{rel}","templated":true}]}}